{"id":9241,"date":"2021-02-04T11:52:15","date_gmt":"2021-02-04T10:52:15","guid":{"rendered":"https:\/\/oreretaikastola.eus\/familias\/covid19\/covid-19-protocolo-de-sintomatologia-y-diagnostico\/kontaktu-estuak-neurriak\/"},"modified":"2022-01-14T13:03:08","modified_gmt":"2022-01-14T12:03:08","slug":"medidas-contactos-estrechos","status":"publish","type":"page","link":"https:\/\/oreretaikastola.eus\/es\/familias\/covid19\/covid-19-protocolo-de-sintomatologia-y-diagnostico\/medidas-contactos-estrechos\/","title":{"rendered":"COVID-19: en el aula no habr\u00e1 contactos estrechos"},"content":{"rendered":"\n<p>(Fuente: Osakidetza)<\/p>\n\n\n\n<p>De acuerdo con los protocolos vigentes no se considerar\u00e1 contacto estrecho al alumnado del aula, salvo a aquellos\/as que pertenezcan al colectivo de personas con alguna vulnerabilidad. Con el fin de evitar contagios, la persona identificada como contacto estrecho debe tomar las siguientes medidas:<\/p>\n\n\n\n<p><strong>Y, si mi hijo\/a entra dentro de ese colectivo de vulnerabilidad, \u00bfqu\u00e9 debo hacer?<\/strong><br>Tu hijo\/a estar\u00e1 dentro de este grupo si tiene alguna enfermedad que reduzca la capacidad de hacer frente a<br>infecciones (c\u00e1ncer, diabetes mal controlada, desnutrici\u00f3n, enfermedades renales, algunos tratamientos contra el<br>c\u00e1ncer, trasplantes, etc.).<\/p>\n\n\n\n<ul><li>Si es as\u00ed, deb\u00e9is rellenar el siguiente formulario (en caso de no tener acceso a la opci\u00f3n telem\u00e1tica, llamar al<br>Centro de Salud): <a href=\"https:\/\/inkestagune.osakidetza.eus\/index.php\/773151?newtest=Y&amp;lang=es\">https:\/\/inkestagune.osakidetza.eus\/index.php\/773151?newtest=Y&amp;lang=es<\/a><br>En este formulario deb\u00e9is especificar que se trata de una persona con una inmunodepresi\u00f3n (Pregunta: \u00bfEs<br>usted una persona con una inmunodepresi\u00f3n? \uf0e0 SI)<\/li><li>Recibir\u00e9is una cita para una prueba y tu hijo\/a deber\u00e1 realizar cuarentena de 7 d\u00edas desde el \u00faltimo contacto<br>con el caso confirmado (\u00faltimo d\u00eda que haya acudido a clase)<\/li><\/ul>\n","protected":false},"excerpt":{"rendered":"<p>(Fuente: Osakidetza) De acuerdo con los protocolos vigentes no se considerar\u00e1 contacto estrecho al alumnado del aula, salvo a aquellos\/as que pertenezcan al colectivo de personas con alguna vulnerabilidad. Con el fin de evitar contagios, la persona identificada como contacto estrecho debe tomar las siguientes medidas: Y, si mi hijo\/a entra dentro de ese colectivo &hellip; <a href=\"https:\/\/oreretaikastola.eus\/es\/familias\/covid19\/covid-19-protocolo-de-sintomatologia-y-diagnostico\/medidas-contactos-estrechos\/\">Continued<\/a><\/p>\n","protected":false},"author":2,"featured_media":0,"parent":3629,"menu_order":0,"comment_status":"closed","ping_status":"closed","template":"","meta":[],"acf":[],"_links":{"self":[{"href":"https:\/\/oreretaikastola.eus\/es\/wp-json\/wp\/v2\/pages\/9241"}],"collection":[{"href":"https:\/\/oreretaikastola.eus\/es\/wp-json\/wp\/v2\/pages"}],"about":[{"href":"https:\/\/oreretaikastola.eus\/es\/wp-json\/wp\/v2\/types\/page"}],"author":[{"embeddable":true,"href":"https:\/\/oreretaikastola.eus\/es\/wp-json\/wp\/v2\/users\/2"}],"replies":[{"embeddable":true,"href":"https:\/\/oreretaikastola.eus\/es\/wp-json\/wp\/v2\/comments?post=9241"}],"version-history":[{"count":5,"href":"https:\/\/oreretaikastola.eus\/es\/wp-json\/wp\/v2\/pages\/9241\/revisions"}],"predecessor-version":[{"id":21613,"href":"https:\/\/oreretaikastola.eus\/es\/wp-json\/wp\/v2\/pages\/9241\/revisions\/21613"}],"up":[{"embeddable":true,"href":"https:\/\/oreretaikastola.eus\/es\/wp-json\/wp\/v2\/pages\/3629"}],"wp:attachment":[{"href":"https:\/\/oreretaikastola.eus\/es\/wp-json\/wp\/v2\/media?parent=9241"}],"curies":[{"name":"wp","href":"https:\/\/api.w.org\/{rel}","templated":true}]}}