{"id":8185,"date":"2020-12-30T17:59:17","date_gmt":"2020-12-30T16:59:17","guid":{"rendered":"https:\/\/oreretaikastola.eus\/beharrezko-dokumentazioa-eta-araudia\/"},"modified":"2026-01-09T17:56:10","modified_gmt":"2026-01-09T16:56:10","slug":"matriculacion-2026-27-pormenores-y-normativa","status":"publish","type":"page","link":"https:\/\/oreretaikastola.eus\/es\/conocenos\/matriculacion-2026-27-pormenores-y-normativa\/","title":{"rendered":"Matriculaci\u00f3n 2026-27: pormenores y normativa"},"content":{"rendered":"\n<p id=\"h.p_nn4xK67ZtViG\">Ha llegado la campa\u00f1a de matriculaci\u00f3n para el curso 2026-27 y desde Orereta Ikastola queremos informaros al respecto de la manera m\u00e1s directa y pr\u00e1ctica posible.<\/p>\n\n\n\n<hr class=\"wp-block-separator has-css-opacity\"\/>\n\n\n\n<h3 class=\"wp-block-heading\" id=\"h.p_jNjrHX5btViK\"><strong>Modos de realizaci\u00f3n de matr\u00edcula y documentaci\u00f3n a entregar<\/strong><\/h3>\n\n\n\n<hr class=\"wp-block-separator has-css-opacity\"\/>\n\n\n\n<p id=\"h.p_aL5bc_C3tViG\"><strong>En la Ikastola<\/strong><br><strong>(Esmalteria: 09:30-12:15 \/ 15:30-18:30. A\u00f1abitarte: 08:00-16:30)<\/strong> <\/p>\n\n\n\n<p id=\"h.p_gZcD2WODKo-m\">Del 2 al 13 de febrero. Se puede tramitar la solicitud de dos formas:<\/p>\n\n\n\n<ul>\n<li>Pasando por alguna de las oficinas de la Ikastola a recoger el formulario de solicitud.<\/li>\n\n\n\n<li>Descargando <a href=\"\/app\/uploads\/2026\/01\/Matrikula-orria_2026-27-osorik-azkena-cas.pdf\">desde aqu\u00ed<\/a> el formulario de solicitud, rellen\u00e1ndolo y entreg\u00e1ndolo en alguna de las oficinas de la Ikastola.<\/li>\n<\/ul>\n\n\n\n<p id=\"h.p_gZcD2WODKo-m\">La documentaci\u00f3n a entregar junto al formulario de solicitud es:<\/p>\n\n\n\n<ul>\n<li>Fotocopia del libro de familia<\/li>\n\n\n\n<li>Documento de empadronamiento (documento de convivencia) del ayuntamiento<\/li>\n\n\n\n<li>Fotocopia del carn\u00e9 de identidad del tutor\/a o tutores\/as de la ni\u00f1a o del ni\u00f1o<\/li>\n\n\n\n<li>Una foto de la ni\u00f1a o del ni\u00f1o<\/li>\n\n\n\n<li>Relaci\u00f3n de los centros educativos elegidos<\/li>\n\n\n\n<li>N\u00famero de la cuenta corriente<\/li>\n\n\n\n<li>NOTA: A fin de establecer el \u00cdndice de Complejidad&nbsp;Educativa del centro y poder&nbsp;realizar una&nbsp;correcta&nbsp;planificaci\u00f3n de los recursos para atender&nbsp;las&nbsp;Necesidades&nbsp;Espec\u00edficas de Apoyo&nbsp;Educativo&nbsp;desde el momento de la matriculaci\u00f3n del alumnado, a lo largo de este&nbsp;proceso de admisi\u00f3n&nbsp;se le solicitar\u00e1 a cada familia la cumplimentaci\u00f3n de una encuesta&nbsp;personal.<\/li>\n<\/ul>\n\n\n\n<p id=\"h.p_NVKIAzDTtViI\"><strong>Online<\/strong><\/p>\n\n\n\n<p id=\"h.p__kNHDrU_t8uY\">Del 2 al 13 de febrero. Pod\u00e9is realizar la matr\u00edcula online en la siguiente direcci\u00f3n: <a rel=\"noreferrer noopener\" href=\"https:\/\/ikasgunea.euskadi.eus\/es\/inicio\" target=\"_blank\">ikasgunea.euskadi.eus<\/a> En caso de elegir la opci\u00f3n online, deb\u00e9is rellenar el formulario, escanearlo y adjuntar los documentos a trav\u00e9s de la plataforma del Gobierno Vasco.<\/p>\n\n\n\n<hr class=\"wp-block-separator has-css-opacity\"\/>\n\n\n\n<h3 class=\"wp-block-heading\"><strong>Calendario<\/strong><\/h3>\n\n\n\n<hr class=\"wp-block-separator has-css-opacity\"\/>\n\n\n\n<ul>\n<li>Presentaci\u00f3n de solicitudes y documentaci\u00f3n: entre el 2 y el 13 de febrero<\/li>\n\n\n\n<li>Publicaci\u00f3n de la lista de solicitantes: 4 de marzo de 2026. Consulta y presentaci\u00f3n de reclamaciones: hasta el 12 de marzo de 2026<\/li>\n\n\n\n<li>Publicaci\u00f3n de listas&nbsp;provisionales: 24 de marzo de 2026. Consulta y presentaci\u00f3n de reclamaciones ante el Consejo Rector del centro:&nbsp;hasta el 13 de abril de 2026<\/li>\n\n\n\n<li>Desistimiento de la solicitud: hasta el 13 de abril de 2026<\/li>\n\n\n\n<li>Publicaci\u00f3n de listas&nbsp;definitivas: 21 de abril de 2026. Consulta:&nbsp;hasta el 25 de mayo de 2026<\/li>\n\n\n\n<li>Publicaci\u00f3n de las listas de las plazas adjudicadas por los Delegados y Delegadas Territoriales: 24 de abril de 2026<\/li>\n\n\n\n<li>Recursos de alzada a las&nbsp;listas&nbsp;definitivas: hasta el 25 de mayo de 2026<\/li>\n\n\n\n<li>Vigencia de la lista de espera: hasta el 11 de septiembre de 2026<\/li>\n\n\n\n<li>Vigencia de la reserva de plazas: hasta el 11 de septiembre de 2026<\/li>\n<\/ul>\n\n\n\n<hr class=\"wp-block-separator has-css-opacity\"\/>\n\n\n\n<h3 class=\"wp-block-heading\"><strong>Normativa<\/strong><\/h3>\n\n\n\n<hr class=\"wp-block-separator has-css-opacity\"\/>\n\n\n\n<p><a rel=\"noreferrer noopener\" href=\"https:\/\/www.euskadi.eus\/web01-bopv\/es\/bopv2\/datos\/2026\/01\/2600050a.pdf\" target=\"_blank\">Ver la orden del Departamento de Educaci\u00f3n del Gobierno Vasco<\/a> por la que se establece el calendario com\u00fan y el plazo de admisi\u00f3n de solicitudes de inscripci\u00f3n para el curso 2026-2027 en los centros p\u00fablicos de Educaci\u00f3n Infantil, Educaci\u00f3n Primaria y Educaci\u00f3n Secundaria Obligatoria y centros concertados dependientes del Departamento de Educaci\u00f3n de la CAPV, as\u00ed como las instrucciones para la admisi\u00f3n de alumnos y alumnas en dichos centros.<\/p>\n\n\n\n<p>Para m\u00e1s informaci\u00f3n: <a href=\"https:\/\/www.euskadi.eus\/admision-educacion-infantil-primaria-y-secundaria-obligatoria\/web01-a2hikast\/es\/\" target=\"_blank\" rel=\"noreferrer noopener\">euskadi.eus\/eusko-jaurlaritza\/hezkuntza-saila\/<\/a><\/p>\n\n\n\n<p id=\"h.p_Nur_nobKx0IB\"><strong>Ser socio o socia de Orereta Ikastola<\/strong><\/p>\n\n\n\n<p id=\"h.p_7l1Ee1N6x3Fo\">Ser\u00e1 socia de la Ikastola toda familia que matricule a sus hijos o hijas en la Ikastola. As\u00ed, la familia que se hace socia realiza una aportaci\u00f3n al capital de Orereta Ikastola Koop. E. de 60\u20ac. La cuota anual asciende a 47,30\u20ac.<\/p>\n\n\n\n<hr class=\"wp-block-separator has-css-opacity\"\/>\n\n\n\n<h3 class=\"wp-block-heading\"><strong>Preguntas frecuentes<\/strong><\/h3>\n\n\n\n<hr class=\"wp-block-separator has-css-opacity\"\/>\n\n\n\n<p><a href=\"https:\/\/www.euskadi.eus\/admision-educacion-infantil-primaria-y-secundaria-obligatoria\/web01-a2hikast\/es\/\" target=\"_blank\" rel=\"noreferrer noopener\">Ver aqu\u00ed<\/a> las preguntas frecuentes sobre el proceso de admisi\u00f3n.<\/p>\n","protected":false},"excerpt":{"rendered":"<p>Ha llegado la campa\u00f1a de matriculaci\u00f3n para el curso 2026-27 y desde Orereta Ikastola queremos informaros al respecto de la manera m\u00e1s directa y pr\u00e1ctica posible. Modos de realizaci\u00f3n de matr\u00edcula y documentaci\u00f3n a entregar En la Ikastola(Esmalteria: 09:30-12:15 \/ 15:30-18:30. A\u00f1abitarte: 08:00-16:30) Del 2 al 13 de febrero. Se puede tramitar la solicitud de &hellip; <a href=\"https:\/\/oreretaikastola.eus\/es\/conocenos\/matriculacion-2026-27-pormenores-y-normativa\/\">Continued<\/a><\/p>\n","protected":false},"author":2,"featured_media":0,"parent":33642,"menu_order":0,"comment_status":"closed","ping_status":"closed","template":"","meta":[],"acf":[],"_links":{"self":[{"href":"https:\/\/oreretaikastola.eus\/es\/wp-json\/wp\/v2\/pages\/8185"}],"collection":[{"href":"https:\/\/oreretaikastola.eus\/es\/wp-json\/wp\/v2\/pages"}],"about":[{"href":"https:\/\/oreretaikastola.eus\/es\/wp-json\/wp\/v2\/types\/page"}],"author":[{"embeddable":true,"href":"https:\/\/oreretaikastola.eus\/es\/wp-json\/wp\/v2\/users\/2"}],"replies":[{"embeddable":true,"href":"https:\/\/oreretaikastola.eus\/es\/wp-json\/wp\/v2\/comments?post=8185"}],"version-history":[{"count":29,"href":"https:\/\/oreretaikastola.eus\/es\/wp-json\/wp\/v2\/pages\/8185\/revisions"}],"predecessor-version":[{"id":77537,"href":"https:\/\/oreretaikastola.eus\/es\/wp-json\/wp\/v2\/pages\/8185\/revisions\/77537"}],"up":[{"embeddable":true,"href":"https:\/\/oreretaikastola.eus\/es\/wp-json\/wp\/v2\/pages\/33642"}],"wp:attachment":[{"href":"https:\/\/oreretaikastola.eus\/es\/wp-json\/wp\/v2\/media?parent=8185"}],"curies":[{"name":"wp","href":"https:\/\/api.w.org\/{rel}","templated":true}]}}