{"id":78704,"date":"2026-05-11T11:09:10","date_gmt":"2026-05-11T10:09:10","guid":{"rendered":"https:\/\/oreretaikastola.eus\/zerbitzu-osagarriak-2026-27-eskaintza-kontratazio-baldintzak-eta-prezioak\/"},"modified":"2026-05-11T12:24:23","modified_gmt":"2026-05-11T11:24:23","slug":"zerbitzu-osagarriak-2026-27-eskaintza-kontratazio-baldintzak-eta-prezioak","status":"publish","type":"page","link":"https:\/\/oreretaikastola.eus\/es\/zerbitzu-osagarriak-2026-27-eskaintza-kontratazio-baldintzak-eta-prezioak\/","title":{"rendered":"Servicios complementarios 2026-27: oferta, condiciones de contrataci\u00f3n y precios"},"content":{"rendered":"<div\nclass=\"orbit\"\nrole=\"region\"\naria-label=\"\"\ndata-orbit\ndata-options=\"pauseOnHover:false; animInFromLeft:fade-in; animInFromRight:fade-in; animOutToLeft:fade-out; animOutToRight:fade-out;\"\ndata-auto-play=\"true\"\ndata-use-m-u-i=\"true\"\n>\n\n  <div class=\"orbit-wrapper\">\n    <ul class=\"orbit-container slider-header fullwidth\">\n      <li class=\"is-active orbit-slide\" style=\"background-image:url(\/app\/uploads\/2020\/07\/ORERETA-2018-MATRIKULAZIOAK-11-scaled.jpg);\">\n        <figcaption class=\"orbit-caption\">\n           <h1>Servicios complementarios 2026-27<\/h1>            <h4>Oferta, condiciones de contrataci\u00f3n y precios<\/h4>         <\/figcaption>\n      <\/li>\n    <\/ul>\n  <\/div>\n\n<\/div>\n\n\n\n<div style=\"height:50px\" aria-hidden=\"true\" class=\"wp-block-spacer\"><\/div>\n\n\n\n<p>He aqu\u00ed la oferta de servicios complementarios para el curso 2026-27, junto a sus condiciones de contrataci\u00f3n y precios.  <\/p>\n\n\n\n<ul>\n<li><strong>Lee la informaci\u00f3n con atenci\u00f3n, por favor, antes de solicitar nuevas contrataciones o cambios<\/strong> en las actuales para el pr\u00f3ximo curso.<\/li>\n\n\n\n<li><strong>Las contrataciones de servicios (transporte, comedor y txoko de custodia) para el curso 2026-27 se renovar\u00e1n autom\u00e1ticamente<\/strong> teniendo&nbsp;en&nbsp;cuenta&nbsp;las contrataciones de a d\u00eda de hoy del presente curso. Quien quiera <strong>seguir con las contrataciones vigentes a d\u00eda de hoy del presente curso no tiene que hacer nada<\/strong>. Quien desee realizar <strong>cambios o nuevas solicitudes debe ponerse en contacto con la responsable de servicios a trav\u00e9s de Inika.<\/strong><\/li>\n\n\n\n<li><strong>El plazo de contrataci\u00f3n o solicitudes de cambio de los servicios finaliza el 27 de mayo<\/strong>.<\/li>\n\n\n\n<li>Los servicios complementarios se ofrecen<strong> al alumnado de entre HH2 y DBH4.<\/strong><\/li>\n\n\n\n<li>Los servicios complementarios <strong><strong>se ofrecen desde septiembre hasta junio, desde el primer d\u00eda hasta el \u00faltimo d\u00eda del curso.<\/strong><\/strong><\/li>\n\n\n\n<li>Antes de las vacaciones de verano, podr\u00e9is ver en Inika el resumen provisional de todos los servicios contratados para el curso 2026-27, para dar vuestra aprobaci\u00f3n final.<\/li>\n\n\n\n<li>Somos conscientes de que para el inicio del nuevo curso, o a lo largo del curso, <strong>puede haber cambios sobre lo ahora contratado<\/strong>, ya que las necesidades pueden variar. Dichos cambios <strong>se gestionar\u00e1n en el momento que les corresponda<\/strong>.<\/li>\n<\/ul>\n\n\n\n<div style=\"height:25px\" aria-hidden=\"true\" class=\"wp-block-spacer\"><\/div>\n\n\n\n<hr class=\"wp-block-separator has-alpha-channel-opacity\"\/>\n\n\n\n<div class=\"wp-block-cover\" style=\"min-height:50px\"><span aria-hidden=\"true\" class=\"wp-block-cover__background has-background-dim-100 has-background-dim\" style=\"background-color:#a91836\"><\/span><div class=\"wp-block-cover__inner-container is-layout-constrained wp-block-cover-is-layout-constrained\">\n<p class=\"has-text-align-center has-large-font-size\">Servicios 2026-27: oferta<\/p>\n<\/div><\/div>\n\n\n<ul class=\"accordion\" data-accordion data-allow-all-closed=\"true\">\n          \n      <li class=\"accordion-item\" data-accordion-item>\n      <a href=\"#\" class=\"accordion-title\">\n          <h3>Transporte<\/h3>\n        <\/a>\n\n        <div class=\"accordion-content\" data-tab-content>\n          <h4><strong>Para qui\u00e9n<\/strong><\/h4>\n<p>Alumnado de LH y DBH<\/p>\n<h6>Horario escolar:<br \/>\nLH: 09:00-13:00 \/ 15:00-16:30<br \/>\nDBH: 08:00-14:00<\/h6>\n<hr \/>\n<h4><strong>Precio<\/strong><\/h4>\n<ul>\n<li>1-2 viajes al d\u00eda: 62\u20ac\/mes<\/li>\n<li>3-4 viajes al d\u00eda: 82\u20ac\/mes<br \/>\n(durante 10 meses: septiembre-junio)<\/li>\n<\/ul>\n<hr \/>\n<h4><strong>Condiciones de contrataci\u00f3n<\/strong><\/h4>\n<ul>\n<li>Si alg\u00fan d\u00eda de la semana (aunque sea s\u00f3lo una vez) la o el alumno realizar\u00e1 tres o m\u00e1s viajes, se debe elegir la opci\u00f3n \u00ab3-4 viajes\u00bb; ya que se debe reservar el asiento.<\/li>\n<li>Adem\u00e1s de las paradas habituales, cabe la posibilidad de solicitar permisos espec\u00edficos (para todo el curso) para alg\u00fan d\u00eda de la semana o viaje en concreto.<\/li>\n<li><span style=\"color: #a91836;\"><strong>Las solicitudes de alta, baja o modificaci\u00f3n en el uso habitual del servicio deber\u00e1n realizarse antes de que finalice el mes anterior a la fecha de inicio o cese en la utilizaci\u00f3n del servicio. En el mismo mes no se admitir\u00e1n cambios y solicitudes.<\/strong><\/span><\/li>\n<li><span style=\"color: #a91836;\"><strong>El plazo para solicitar cambios para viajes y fechas concretas para todo el curso escolar finalizar\u00e1 antes de que comience el curso para el cual estamos realizando la contrataci\u00f3n (en este caso, antes de que se inicie el curso 2026-27). Una vez iniciado el curso escolar no se admitir\u00e1n modificaciones.<\/strong><\/span><\/li>\n<li>Existe la posibilidad de contratar el servicio de transporte para d\u00edas sueltos (4\u20ac\/trayecto). Servicio ofrecido en situaciones imprevistas y excepcionales muy ocasionales.<\/li>\n<li><span style=\"color: #a91836;\"><strong>No se admitir\u00e1n altas o bajas de un solo mes, ni estar solicitando cambios continuamente.<\/strong><\/span><\/li>\n<\/ul>\n<hr \/>\n<h4><strong>Notas<\/strong><\/h4>\n<ol>\n<li>Ser\u00e1 de obligado cumplimiento respetar durante todo el curso los autobuses y paradas que se asignar\u00e1n a principio de curso. TODOS los cambios ser\u00e1n gestionados por la responsable de servicios.<\/li>\n<li>Aunque la Ikastola intentar\u00e1 tener en cuenta todas las solicitudes de las familias, no puede garantizar el cumplimiento de todas ellas.<\/li>\n<\/ol>\n<hr \/>\n<h4><strong>Para m\u00e1s informaci\u00f3n&#8230;<\/strong><\/h4>\n<ul>\n<li><a href=\"https:\/\/oreretaikastola.inika.net\/einika\/login.aspx?ReturnUrl=%2feinika\" target=\"_blank\" rel=\"noopener\">Inika (responsable de servicios)<\/a><\/li>\n<li><a href=\"tel:943520397\">943 52 03 97<\/a> (extensi\u00f3n: 224)<\/li>\n<\/ul>\n\n        <\/div>\n      <\/li>\n          \n      <li class=\"accordion-item\" data-accordion-item>\n      <a href=\"#\" class=\"accordion-title\">\n          <h3>Comedor<\/h3>\n        <\/a>\n\n        <div class=\"accordion-content\" data-tab-content>\n          <h4><strong>Para qui\u00e9n<\/strong><\/h4>\n<p>Todo el alumnado de la Ikastola<\/p>\n<h6><strong>Horario escolar:<\/strong><br data-rich-text-line-break=\"true\" \/>HH2 y HH3 &#8211; Esmalteria: 09:00-12:15 \/ 14:45-16:30<br \/>\nHH4 y HH5 &#8211; Lino: 09:00-12:30 \/ 14:45-16:15<br \/>\nLH: 09:00-13:00 \/ 15:00-16:30<br \/>\nDBH: 08:00-14:00<\/h6>\n<hr \/>\n<h4><strong>Precio<\/strong><\/h4>\n<ul>\n<li>Uso habitual:<br \/>\n5 d\u00edas a la semana: 139\u20ac\/mes<br \/>\n4 d\u00edas a la semana: 113\u20ac\/mes<br \/>\n3 d\u00edas a la semana: 87\u20ac\/mes<br \/>\n2 d\u00edas a la semana: 64\u20ac\/mes<br \/>\n1 d\u00eda a la semana: 36\u20ac\/mes<\/li>\n<li>D\u00eda suelto: 13\u20ac\/comida<\/li>\n<\/ul>\n<hr \/>\n<h4><strong>Condiciones de contrataci\u00f3n<\/strong><\/h4>\n<ul>\n<li><span style=\"color: #a91836;\"><strong>Los plazos de contrataci\u00f3n para uso habitual son dos:<\/strong><\/span>\n<ul>\n<li><span style=\"color: #a91836;\"><strong>De septiembre a junio (Desde el primer d\u00eda hasta el \u00faltimo d\u00eda del curso. No existe la posibilidad de contratar el comedor solamente para los d\u00edas de jornada de ma\u00f1ana y tarde)<\/strong><\/span><\/li>\n<li><span style=\"color: #a91836;\"><strong>De octubre a mayo (durante los meses de las actividades extraescolares)<\/strong><\/span><\/li>\n<li><span style=\"color: #a91836;\"><strong>Todas las casuisticas que no sean las mencionadas se deben gestionar contratando d\u00edas sueltos a trav\u00e9s de Inika. <\/strong><\/span><\/li>\n<\/ul>\n<\/li>\n<li>La contrataci\u00f3n de los d\u00edas sueltos se gestionar\u00e1 por Inika; a m\u00e1s tardar, a las 10:00 horas de la ma\u00f1ana del mismo d\u00eda.<\/li>\n<li><strong><span style=\"color: #a91836;\">Las solicitudes de alta, baja o modificaci\u00f3n en el uso habitual del servicio deber\u00e1n realizarse antes de que finalice el mes anterior a la fecha de inicio o cese en la utilizaci\u00f3n del servicio. En el mismo mes no se admitir\u00e1n cambios y solicitudes.<\/span><\/strong><\/li>\n<li><strong><span style=\"color: #a91836;\">No se admitir\u00e1n altas o bajas de un solo mes, ni estar solicitando cambios continuamente.<\/span><\/strong><\/li>\n<li><strong><span style=\"color: #a91836;\">En junio NO se admitir\u00e1n solicitudes de baja.<\/span><\/strong><\/li>\n<li>Por motivos de seguimiento, si el alumno o alumna no asistir\u00e1 al comedor se debe avisar a trav\u00e9s de Inika (apartado seguimiento).<\/li>\n<\/ul>\n<hr \/>\n<h4><strong>Notas<\/strong><\/h4>\n<p>En caso de necesitar dietas especiales, la contrataci\u00f3n del servicio de comedor debe hacerse ahora y enviar el informe m\u00e9dico a trav\u00e9s de Inika, a m\u00e1s tardar, para el inicio del pr\u00f3ximo curso.<\/p>\n<hr \/>\n<h4><strong>Para m\u00e1s informaci\u00f3n&#8230;<\/strong><\/h4>\n<ul>\n<li><a href=\"https:\/\/oreretaikastola.inika.net\/einika\/login.aspx?ReturnUrl=%2feinika\" target=\"_blank\" rel=\"noopener\">Inika (responsable de servicios)<\/a><\/li>\n<li><a href=\"tel:943520397\">943 52 03 97<\/a> (extensi\u00f3n: 224)<\/li>\n<\/ul>\n\n        <\/div>\n      <\/li>\n          \n      <li class=\"accordion-item\" data-accordion-item>\n      <a href=\"#\" class=\"accordion-title\">\n          <h3>Txoko de custodia<\/h3>\n        <\/a>\n\n        <div class=\"accordion-content\" data-tab-content>\n          <h4><strong>Para qui\u00e9n<\/strong><\/h4>\n<p>Alumnado de HH y LH<\/p>\n<h6><strong>Horario de custodia:<\/strong><br \/>\nHH2 y HH3 &#8211; Esmalteria: 07:30-09:00<br \/>\nHH4 y HH5 &#8211; Lino: 07:30-09:00<br \/>\nLH &#8211; A\u00f1abitarte: 07:30-09:00<br \/>\nLH &#8211; Lino: 07:30-08:30 (nota: las y los alumnos que se quedan en Lino deben contratar el servicio de transporte para subir a A\u00f1abitarte)<\/h6>\n<h6><strong>Horario escolar:<\/strong><br \/>\nHH2 y HH3 &#8211; Esmalteria: 09:00-12:15 \/ 14:45-16:30<br \/>\nHH4 y HH5 &#8211; Lino: 09:00-12:30 \/ 14:45-16:15<br data-rich-text-line-break=\"true\" \/>LH: 09:00-13:00 \/ 15:00-16:30<\/h6>\n<hr \/>\n<h4><strong>Precio<\/strong><\/h4>\n<ul>\n<li>Uso habitual: 34\u20ac\/mes<br \/>\n(HH2: durante 9 meses, de octubre a junio)<br \/>\n(Dem\u00e1s alumnado: durante 10 meses, de septiembre a junio)<\/li>\n<li>D\u00edas sueltos: 6,5\u20ac\/d\u00eda<\/li>\n<\/ul>\n<hr \/>\n<h4><strong>Condiciones de contrataci\u00f3n<\/strong><\/h4>\n<ul>\n<li><strong><span style=\"color: #a91836;\">Las solicitudes de alta, baja o modificaci\u00f3n en el uso habitual del servicio deber\u00e1n realizarse antes de que finalice el mes anterior a la fecha de inicio o cese en la utilizaci\u00f3n del servicio. En el mismo mes no se admitir\u00e1n cambios y solicitudes.<\/span><\/strong><\/li>\n<\/ul>\n<hr \/>\n<h4><strong>Notas<\/strong><\/h4>\n<p>En el caso del alumnado de dos a\u00f1os, el servicio comienza cuando termina la fase de adaptaci\u00f3n, por lo que en estos casos se cobran nueve cuotas.<\/p>\n<ol id=\"block-4d716d5a-7a36-4955-b7c3-a140779460d7\" class=\"block-editor-block-list__block wp-block is-selected rich-text block-editor-rich-text__editable is-hovered wp-block\" tabindex=\"0\" role=\"textbox\" contenteditable=\"false\" aria-label=\"Write list\u2026\" aria-multiline=\"true\" data-block=\"4d716d5a-7a36-4955-b7c3-a140779460d7\" data-type=\"core\/list\" data-title=\"List\"><\/ol>\n<hr \/>\n<h4><strong>Para m\u00e1s informaci\u00f3n&#8230;<\/strong><\/h4>\n<ul>\n<li><a href=\"https:\/\/oreretaikastola.inika.net\/einika\/login.aspx?ReturnUrl=%2feinika\" target=\"_blank\" rel=\"noopener\">Inika (responsable de servicios)<\/a><\/li>\n<li><a href=\"tel:943520397\">943 52 03 97<\/a> (extensi\u00f3n: 224)<\/li>\n<\/ul>\n\n        <\/div>\n      <\/li>\n      <\/ul>\n","protected":false},"excerpt":{"rendered":"<p>He aqu\u00ed la oferta de servicios complementarios para el curso 2026-27, junto a sus condiciones de contrataci\u00f3n y precios.<\/p>\n","protected":false},"author":130,"featured_media":0,"parent":0,"menu_order":0,"comment_status":"closed","ping_status":"closed","template":"","meta":[],"acf":[],"_links":{"self":[{"href":"https:\/\/oreretaikastola.eus\/es\/wp-json\/wp\/v2\/pages\/78704"}],"collection":[{"href":"https:\/\/oreretaikastola.eus\/es\/wp-json\/wp\/v2\/pages"}],"about":[{"href":"https:\/\/oreretaikastola.eus\/es\/wp-json\/wp\/v2\/types\/page"}],"author":[{"embeddable":true,"href":"https:\/\/oreretaikastola.eus\/es\/wp-json\/wp\/v2\/users\/130"}],"replies":[{"embeddable":true,"href":"https:\/\/oreretaikastola.eus\/es\/wp-json\/wp\/v2\/comments?post=78704"}],"version-history":[{"count":19,"href":"https:\/\/oreretaikastola.eus\/es\/wp-json\/wp\/v2\/pages\/78704\/revisions"}],"predecessor-version":[{"id":78727,"href":"https:\/\/oreretaikastola.eus\/es\/wp-json\/wp\/v2\/pages\/78704\/revisions\/78727"}],"wp:attachment":[{"href":"https:\/\/oreretaikastola.eus\/es\/wp-json\/wp\/v2\/media?parent=78704"}],"curies":[{"name":"wp","href":"https:\/\/api.w.org\/{rel}","templated":true}]}}