{"id":78227,"date":"2026-03-11T13:40:02","date_gmt":"2026-03-11T12:40:02","guid":{"rendered":"https:\/\/oreretaikastola.eus\/?page_id=78227"},"modified":"2026-03-11T13:40:03","modified_gmt":"2026-03-11T12:40:03","slug":"udatxiki-2026-inscripcion","status":"publish","type":"page","link":"https:\/\/oreretaikastola.eus\/es\/udalekuak-2026\/udatxiki-2026-inscripcion\/","title":{"rendered":"Udatxiki 2026: inscripci\u00f3n"},"content":{"rendered":"<div\nclass=\"orbit\"\nrole=\"region\"\naria-label=\"\"\ndata-orbit\ndata-options=\"pauseOnHover:false; animInFromLeft:fade-in; animInFromRight:fade-in; animOutToLeft:fade-out; animOutToRight:fade-out;\"\ndata-auto-play=\"true\"\ndata-use-m-u-i=\"true\"\n>\n\n  <div class=\"orbit-wrapper\">\n    <ul class=\"orbit-container slider-header fullwidth\">\n      <li class=\"is-active orbit-slide\" style=\"background-image:url(\/app\/uploads\/2024\/04\/Orereta-Ikastola-udalekuak-udatxiki-2023-scaled.jpg);\">\n        <figcaption class=\"orbit-caption\">\n           <h1>Udalekuak-Udatxiki 2025 (HH2)<\/h1>            <h4>Inscripci\u00f3n<\/h4>         <\/figcaption>\n      <\/li>\n    <\/ul>\n  <\/div>\n\n<\/div>\n\n\n\n<h3 class=\"wp-block-heading\"><strong>Observaciones sobre el pago y las solicitudes de baja:<\/strong> <\/h3>\n\n\n\n<p>Orereta Ikastola tendr\u00e1 en cuenta las matr\u00edculas tramitadas a 14 de mayo de 2026. De acuerdo a ello, se aplicar\u00e1n los siguientes criterios de cobro y\/o baja: <\/p>\n\n\n\n<ul>\n<li>A las familias de la Ikastola se les cobrar\u00e1 el 60% del importe correspondiente a Udalekuak el 19 de mayo de 2026. El 40% restante, el 17 de junio. Con las familias de las y los menores que no sean alumnos de la Ikastola se pondr\u00e1 en contacto la propia Ikastola (por correo electr\u00f3nico) para gestionar el pago.<\/li>\n\n\n\n<li>Si a partir del 17 de junio hubiera solicitudes de baja, en los casos debidamente justificados se devolver\u00e1 el 90% del importe. En el resto de los casos, el 10%. Se devolver\u00e1 el 90% del importe, previa justificaci\u00f3n documental, en los siguientes casos:\n<ul>\n<li>En caso de enfermedad o accidente (se requiere justificante m\u00e9dico)<\/li>\n\n\n\n<li>En caso de imprevisto o necesidad urgente y de \u00faltima hora (justificado)<\/li>\n<\/ul>\n<\/li>\n\n\n\n<li>Una vez en marcha Udalekuak, no se devolver\u00e1 el dinero.&nbsp; <\/li>\n<\/ul>\n\n\n\n<div style=\"height:50px\" aria-hidden=\"true\" class=\"wp-block-spacer\"><\/div>\n\n\n\n<hr class=\"wp-block-separator has-css-opacity\"\/>\n\n\n<script type=\"text\/javascript\">if(!gform){document.addEventListener(\"gform_main_scripts_loaded\",function(){gform.scriptsLoaded=!0}),window.addEventListener(\"DOMContentLoaded\",function(){gform.domLoaded=!0});var gform={domLoaded:!1,scriptsLoaded:!1,initializeOnLoaded:function(o){gform.domLoaded&&gform.scriptsLoaded?o():!gform.domLoaded&&gform.scriptsLoaded?window.addEventListener(\"DOMContentLoaded\",o):document.addEventListener(\"gform_main_scripts_loaded\",o)},hooks:{action:{},filter:{}},addAction:function(o,n,r,t){gform.addHook(\"action\",o,n,r,t)},addFilter:function(o,n,r,t){gform.addHook(\"filter\",o,n,r,t)},doAction:function(o){gform.doHook(\"action\",o,arguments)},applyFilters:function(o){return gform.doHook(\"filter\",o,arguments)},removeAction:function(o,n){gform.removeHook(\"action\",o,n)},removeFilter:function(o,n,r){gform.removeHook(\"filter\",o,n,r)},addHook:function(o,n,r,t,i){null==gform.hooks[o][n]&&(gform.hooks[o][n]=[]);var e=gform.hooks[o][n];null==i&&(i=n+\"_\"+e.length),null==t&&(t=10),gform.hooks[o][n].push({tag:i,callable:r,priority:t})},doHook:function(o,n,r){if(r=Array.prototype.slice.call(r,1),null!=gform.hooks[o][n]){var t,i=gform.hooks[o][n];i.sort(function(o,n){return o.priority-n.priority});for(var e=0;e<i.length;e++)\"function\"!=typeof(t=i[e].callable)&#038;&#038;(t=window[t]),\"action\"==o?t.apply(null,r):r[0]=t.apply(null,r)}if(\"filter\"==o)return r[0]},removeHook:function(o,n,r,t){if(null!=gform.hooks[o][n])for(var i=gform.hooks[o][n],e=i.length-1;0<=e;e--)null!=t&#038;&#038;t!=i[e].tag||null!=r&#038;&#038;r!=i[e].priority||i.splice(e,1)}}}<\/script>\n                <div class='gf_browser_gecko gform_wrapper gform_legacy_markup_wrapper' id='gform_wrapper_456' style='display:none'>\n                        <div class='gform_heading'>\n                            <span class='gform_description'><\/span>\n                        <\/div><form method='post' enctype='multipart\/form-data'  id='gform_456'  action='\/es\/wp-json\/wp\/v2\/pages\/78227' >\n                        <div class='gform_body gform-body'><ul id='gform_fields_456' class='gform_fields top_label form_sublabel_below description_above'><li id=\"field_456_5\" class=\"gfield gfield_contains_required field_sublabel_below field_description_above gfield_visibility_visible\" ><label class='gfield_label' for='input_456_5' >Zure helbide elektronikoa \/ Tu correo electr\u00f3nico<span class=\"gfield_required\"><span class=\"gfield_required gfield_required_asterisk\">*<\/span><\/span><\/label><div class='gfield_description' id='gfield_description_456_5'>Helbide elektroniko honetara iritsiko zaizu egindako eskaeraren laburpena. \/ Te llegar\u00e1 a esta direcci\u00f3n de correo electr\u00f3nico el resumen de la solicitud realizada.<\/div><div class='ginput_container ginput_container_email'>\n                            <input name='input_5' id='input_456_5' type='text' value='' class='medium'    aria-required=\"true\" aria-invalid=\"false\" aria-describedby=\"gfield_description_456_5\" \/>\n                        <\/div><\/li><li id=\"field_456_69\" class=\"gfield gfield_contains_required field_sublabel_below field_description_above gfield_visibility_visible\" ><label class='gfield_label gfield_label_before_complex'  >Zein txandatan eman nahi duzue izena? \/ \u00bfEn qu\u00e9 semanas os quer\u00e9is inscribir?<span class=\"gfield_required\"><span class=\"gfield_required gfield_required_asterisk\">*<\/span><\/span><\/label><div class='ginput_container ginput_container_checkbox'><ul class='gfield_checkbox' id='input_456_69'><li class='gchoice gchoice_456_69_1'>\n\t\t\t\t\t\t\t\t<input class='gfield-choice-input' name='input_69.1' type='checkbox'  value='Ekainak 22-26 \/ 22-26 de junio'  id='choice_456_69_1'   \/>\n\t\t\t\t\t\t\t\t<label for='choice_456_69_1' id='label_456_69_1'>Ekainak 22-26 \/ 22-26 de junio<\/label>\n\t\t\t\t\t\t\t<\/li><li class='gchoice gchoice_456_69_2'>\n\t\t\t\t\t\t\t\t<input class='gfield-choice-input' name='input_69.2' type='checkbox'  value='Ekainak 29 - uztailak 3 \/ 29 de junio - 3 de julio'  id='choice_456_69_2'   \/>\n\t\t\t\t\t\t\t\t<label for='choice_456_69_2' id='label_456_69_2'>Ekainak 29 - uztailak 3 \/ 29 de junio - 3 de julio<\/label>\n\t\t\t\t\t\t\t<\/li><li class='gchoice gchoice_456_69_3'>\n\t\t\t\t\t\t\t\t<input class='gfield-choice-input' name='input_69.3' type='checkbox'  value='Uztailak 6-10 \/ 6-10 de julio'  id='choice_456_69_3'   \/>\n\t\t\t\t\t\t\t\t<label for='choice_456_69_3' id='label_456_69_3'>Uztailak 6-10 \/ 6-10 de julio<\/label>\n\t\t\t\t\t\t\t<\/li><li class='gchoice gchoice_456_69_4'>\n\t\t\t\t\t\t\t\t<input class='gfield-choice-input' name='input_69.4' type='checkbox'  value='Uztailak 13-17 \/ 13-17 de julio'  id='choice_456_69_4'   \/>\n\t\t\t\t\t\t\t\t<label for='choice_456_69_4' id='label_456_69_4'>Uztailak 13-17 \/ 13-17 de julio<\/label>\n\t\t\t\t\t\t\t<\/li><\/ul><\/div><\/li><li id=\"field_456_4\" class=\"gfield gfield_contains_required field_sublabel_below field_description_above gfield_visibility_visible\" ><label class='gfield_label gfield_label_before_complex'  >Ikaslearen izen-abizenak \/ Nombre y apellidos del alumno o alumna<span class=\"gfield_required\"><span class=\"gfield_required gfield_required_asterisk\">*<\/span><\/span><\/label><div class='ginput_complex ginput_container no_prefix has_first_name no_middle_name has_last_name no_suffix gf_name_has_2 ginput_container_name' id='input_456_4'>\n                            \n                            <span id='input_456_4_3_container' class='name_first' >\n                                                    <input type='text' name='input_4.3' id='input_456_4_3' value='' aria-label='First name'   aria-required='true'     \/>\n                                                    <label for='input_456_4_3' >Izena \/ Nombre<\/label>\n                                                <\/span>\n                            \n                            <span id='input_456_4_6_container' class='name_last' >\n                                                    <input type='text' name='input_4.6' id='input_456_4_6' value='' aria-label='Last name'   aria-required='true'     \/>\n                                                    <label for='input_456_4_6' >Abizenak \/ Apellidos<\/label>\n                                                <\/span>\n                            \n                        <\/div><\/li><li id=\"field_456_63\" class=\"gfield gfield_contains_required field_sublabel_below field_description_above gfield_visibility_visible\" ><label class='gfield_label gfield_label_before_complex'  >Haurra jasoko duenaren izen-abizenak \/ Nombre y apellidos de la persona que recoger\u00e1 al menor<span class=\"gfield_required\"><span class=\"gfield_required gfield_required_asterisk\">*<\/span><\/span><\/label><div class='ginput_complex ginput_container no_prefix has_first_name no_middle_name has_last_name no_suffix gf_name_has_2 ginput_container_name' id='input_456_63'>\n                            \n                            <span id='input_456_63_3_container' class='name_first' >\n                                                    <input type='text' name='input_63.3' id='input_456_63_3' value='' aria-label='First name'   aria-required='true'     \/>\n                                                    <label for='input_456_63_3' >Izena \/ Nombre<\/label>\n                                                <\/span>\n                            \n                            <span id='input_456_63_6_container' class='name_last' >\n                                                    <input type='text' name='input_63.6' id='input_456_63_6' value='' aria-label='Last name'   aria-required='true'     \/>\n                                                    <label for='input_456_63_6' >Abizenak \/ Apellidos<\/label>\n                                                <\/span>\n                            \n                        <\/div><\/li><li id=\"field_456_67\" class=\"gfield gfield_contains_required field_sublabel_below field_description_above gfield_visibility_visible\" ><label class='gfield_label' for='input_456_67' >Haurra jasoko duenak harekin duen harremana (ama, aitona...) \/ Parentesco de la persona que recoger\u00e1 al menor (madre, abuelo...)<span class=\"gfield_required\"><span class=\"gfield_required gfield_required_asterisk\">*<\/span><\/span><\/label><div class='ginput_container ginput_container_text'><input name='input_67' id='input_456_67' type='text' value='' class='medium'     aria-required=\"true\" aria-invalid=\"false\"   \/> <\/div><\/li><li id=\"field_456_64\" class=\"gfield gfield_contains_required field_sublabel_below field_description_above gfield_visibility_visible\" ><label class='gfield_label' for='input_456_64' >Harremanetarako telefonoa 1<span class=\"gfield_required\"><span class=\"gfield_required gfield_required_asterisk\">*<\/span><\/span><\/label><div class='ginput_container ginput_container_phone'><input name='input_64' id='input_456_64' type='text' value='' class='medium'   aria-required=\"true\" aria-invalid=\"false\"   \/><\/div><\/li><li id=\"field_456_65\" class=\"gfield field_sublabel_below field_description_above gfield_visibility_visible\" ><label class='gfield_label' for='input_456_65' >Harremanetarako telefonoa 2<\/label><div class='ginput_container ginput_container_phone'><input name='input_65' id='input_456_65' type='text' value='' class='medium'    aria-invalid=\"false\"   \/><\/div><\/li><li id=\"field_456_74\" class=\"gfield gfield--width-full gfield_contains_required field_sublabel_below field_description_above gfield_visibility_visible\" ><label class='gfield_label' for='input_456_74' >Ikasleak badu gaixotasun, alergia edo premia bereziren bat? \/ \u00bfEl o la alumna padece alguna enfermedad o alergia?<span class=\"gfield_required\"><span class=\"gfield_required gfield_required_asterisk\">*<\/span><\/span><\/label><div class='ginput_container ginput_container_select'><select name='input_74' id='input_456_74' class='large gfield_select'    aria-required=\"true\" aria-invalid=\"false\" ><option value='Bai \/ S\u00ed' >Bai \/ S\u00ed<\/option><option value='Ez \/ No' >Ez \/ No<\/option><\/select><\/div><\/li><li id=\"field_456_71\" class=\"gfield gfield_contains_required field_sublabel_below field_description_above gfield_visibility_visible\" ><label class='gfield_label' for='input_456_71' >Zein? \/ \u00bfC\u00faal?<span class=\"gfield_required\"><span class=\"gfield_required gfield_required_asterisk\">*<\/span><\/span><\/label><div class='ginput_container ginput_container_textarea'><textarea name='input_71' id='input_456_71' class='textarea medium'     aria-required=\"true\" aria-invalid=\"false\"   rows='10' cols='50'><\/textarea><\/div><\/li><li id=\"field_456_72\" class=\"gfield field_sublabel_below field_description_above gfield_visibility_visible\" ><label class='gfield_label' for='input_456_72' >Bestelako oharrik gehitu nahi duzu? \/ \u00bfAlguna observaci\u00f3n que a\u00f1adir?<\/label><div class='ginput_container ginput_container_textarea'><textarea name='input_72' id='input_456_72' class='textarea medium'      aria-invalid=\"false\"   rows='10' cols='50'><\/textarea><\/div><\/li><li id=\"field_456_73\" class=\"gfield gfield--width-full gfield_contains_required field_sublabel_below field_description_above gfield_visibility_visible\" ><label class='gfield_label gfield_label_before_complex'  >Irudien erabilera eskubidea \/ Derechos de uso de imagen<span class=\"gfield_required\"><span class=\"gfield_required gfield_required_asterisk\">*<\/span><\/span><\/label><div class='ginput_container ginput_container_checkbox'><ul class='gfield_checkbox' id='input_456_73'><li class='gchoice gchoice_456_73_1'>\n\t\t\t\t\t\t\t\t<input class='gfield-choice-input' name='input_73.1' type='checkbox'  value='&lt;a href=&quot;https:\/\/oreretaikastola.eus\/irudien-erabilera-eskubidea\/&quot; target=&quot;_blank&quot;&gt;Irudien erabilera eskubidea&lt;\/a&gt; irakurri eta onartzen dut. \/ He le\u00eddo y acepto &lt;a href=&quot;https:\/\/oreretaikastola.eus\/es\/derecho-de-uso-de-imagen\/&quot; target=&quot;_blank&quot;&gt;los derechos de uso de imagen&lt;\/a&gt;.'  id='choice_456_73_1'   \/>\n\t\t\t\t\t\t\t\t<label for='choice_456_73_1' id='label_456_73_1'><a href=\"https:\/\/oreretaikastola.eus\/irudien-erabilera-eskubidea\/\" target=\"_blank\">Irudien erabilera eskubidea<\/a> irakurri eta onartzen dut. \/ He le\u00eddo y acepto <a href=\"https:\/\/oreretaikastola.eus\/es\/derecho-de-uso-de-imagen\/\" target=\"_blank\">los derechos de uso de imagen<\/a>.<\/label>\n\t\t\t\t\t\t\t<\/li><li class='gchoice gchoice_456_73_2'>\n\t\t\t\t\t\t\t\t<input class='gfield-choice-input' name='input_73.2' type='checkbox'  value='&lt;a href=&quot;https:\/\/oreretaikastola.eus\/irudien-erabilera-eskubidea\/&quot; target=&quot;_blank&quot;&gt;Irudien erabilera eskubidea&lt;\/a&gt; irakurri dut eta EZ dut onartzen. \/ He le\u00eddo y NO acepto &lt;a href=&quot;https:\/\/oreretaikastola.eus\/es\/derecho-de-uso-de-imagen\/&quot; target=&quot;_blank&quot;&gt;los derechos de uso de imagen&lt;\/a&gt;.'  id='choice_456_73_2'   \/>\n\t\t\t\t\t\t\t\t<label for='choice_456_73_2' id='label_456_73_2'><a href=\"https:\/\/oreretaikastola.eus\/irudien-erabilera-eskubidea\/\" target=\"_blank\">Irudien erabilera eskubidea<\/a> irakurri dut eta EZ dut onartzen. \/ He le\u00eddo y NO acepto <a href=\"https:\/\/oreretaikastola.eus\/es\/derecho-de-uso-de-imagen\/\" target=\"_blank\">los derechos de uso de imagen<\/a>.<\/label>\n\t\t\t\t\t\t\t<\/li><\/ul><\/div><\/li><li id=\"field_456_75\" class=\"gfield gfield--width-full gfield_contains_required field_sublabel_below field_description_above gfield_visibility_visible\" ><label class='gfield_label gfield_label_before_complex'  >Pribatutasun politika \/ Pol\u00edtica de privacidad<span class=\"gfield_required\"><span class=\"gfield_required gfield_required_asterisk\">*<\/span><\/span><\/label><div class='gfield_description' id='gfield_description_456_75'>Erraztutako datu pertsonalak A\u00d1ABITARTE GURASO ELKARTEAk tratatuko ditu, tratamenduaren arduradun bezala, Urdaburuko irteeretan izena ematea kudeatzeko helburuarekin. Zure datuen tratamendurako legezko oinarria kontratu-harremana da. Zure datu pertsonalak ez zaizkie hirugarrenei lagako, legezko betebeharrik ezean. Datu pertsonalak beharrezkoak diren bitartean gordeko dira, kontratuzko harremanak irauten duen bitartean, egindako eskakizunei erantzuna emateko eta edozein kasutan, haien ezabapena eskatzen ez den bitartean, baita datu bakoitzaren tipologiaren arabera legezko betebeharrei erantzuna emateko behar den denboran ere. Zure datu pertsonalei dagokienez, nahi izanez gero eskubidea duzu eskolazkanpokoak@oreretaikastola.eus helbidera zuzenduz pribatutasun politikan zehazten diren datuak babesteko araudiak jasotzen dituen edozein eskubide egikaritzeko, betiere zure nortasuna egiaztatuta. Informazio gehigarria nahi izanez gero jo ezazu Ikastolaren webguneko pribatutasun politikara. \/ Los datos personales facilitados ser\u00e1n tratados por la asociaci\u00f3n  A\u00d1ABITARTE GURASO ELKARTEA, como responsable del tratamiento, con el fin de gestionar la inscripci\u00f3n en las excursiones de Urdaburu. La base legal para el tratamiento de tus datos es la relaci\u00f3n contractual. Tus datos personales no ser\u00e1n cedidos a terceros, salvo obligaci\u00f3n legal. Los datos personales se conservar\u00e1n mientras sean necesarios, mientras dure la relaci\u00f3n contractual, para dar respuesta a los requerimientos formulados y, en todo caso, mientras no se solicite su supresi\u00f3n, as\u00ed como durante el tiempo necesario para dar respuesta a las obligaciones legales en funci\u00f3n de la tipolog\u00eda de cada dato. En cuanto a tus datos personales, si lo deseas, puedes dirigirte a la direcci\u00f3n eskolazkanpokoak@oreretaikastola.eus para ejercitar cualquier derecho recogido en la normativa de protecci\u00f3n de datos que se especifique en la pol\u00edtica de privacidad, siempre que acredites tu identidad. Si deseas m\u00e1s informaci\u00f3n acude a la pol\u00edtica de privacidad de la web de Orereta Ikastola.<\/div><div class='ginput_container ginput_container_checkbox'><ul class='gfield_checkbox' id='input_456_75'><li class='gchoice gchoice_456_75_1'>\n\t\t\t\t\t\t\t\t<input class='gfield-choice-input' name='input_75.1' type='checkbox'  value='&lt;a href=&quot;https:\/\/oreretaikastola.eus\/pribatutasun-politika\/&quot; target=&quot;_blank&quot;&gt;Pribatutasun politika&lt;\/a&gt; irakurri eta onartzen dut. \/ He le\u00eddo y acepto &lt;a href=&quot;https:\/\/oreretaikastola.eus\/es\/politica-de-privacidad\/&quot; target=&quot;_blank&quot;&gt;la pol\u00edtica de privacidad&lt;\/a&gt;.'  id='choice_456_75_1'   aria-describedby=\"gfield_description_456_75\"\/>\n\t\t\t\t\t\t\t\t<label for='choice_456_75_1' id='label_456_75_1'><a href=\"https:\/\/oreretaikastola.eus\/pribatutasun-politika\/\" target=\"_blank\">Pribatutasun politika<\/a> irakurri eta onartzen dut. \/ He le\u00eddo y acepto <a href=\"https:\/\/oreretaikastola.eus\/es\/politica-de-privacidad\/\" target=\"_blank\">la pol\u00edtica de privacidad<\/a>.<\/label>\n\t\t\t\t\t\t\t<\/li><\/ul><\/div><\/li><\/ul><\/div>\n        <div class='gform_footer top_label'> <input type='submit' id='gform_submit_button_456' class='gform_button button' value='Izena eman'  onclick='if(window[\"gf_submitting_456\"]){return false;}  window[\"gf_submitting_456\"]=true;  ' onkeypress='if( event.keyCode == 13 ){ if(window[\"gf_submitting_456\"]){return false;} window[\"gf_submitting_456\"]=true;  jQuery(\"#gform_456\").trigger(\"submit\",[true]); }' \/> \n            <input type='hidden' class='gform_hidden' name='is_submit_456' value='1' \/>\n            <input type='hidden' class='gform_hidden' name='gform_submit' value='456' \/>\n            \n            <input type='hidden' class='gform_hidden' name='gform_unique_id' value='' \/>\n            <input type='hidden' class='gform_hidden' name='state_456' value='WyJbXSIsIjUzZTE5Y2M1YWRkNGVlMTgzMjI0ODUwNGFmNzBlMTg2Il0=' \/>\n            <input type='hidden' class='gform_hidden' name='gform_target_page_number_456' id='gform_target_page_number_456' value='0' \/>\n            <input type='hidden' class='gform_hidden' name='gform_source_page_number_456' id='gform_source_page_number_456' value='1' \/>\n            <input type='hidden' name='gform_field_values' value='' \/>\n            \n        <\/div>\n                        <\/form>\n                        <\/div>","protected":false},"excerpt":{"rendered":"<p>Observaciones sobre el pago y las solicitudes de baja: Orereta Ikastola tendr\u00e1 en cuenta las matr\u00edculas tramitadas a 14 de mayo de 2026. De acuerdo a ello, se aplicar\u00e1n los siguientes criterios de cobro y\/o baja:<\/p>\n","protected":false},"author":122,"featured_media":0,"parent":78118,"menu_order":0,"comment_status":"closed","ping_status":"closed","template":"","meta":[],"acf":[],"_links":{"self":[{"href":"https:\/\/oreretaikastola.eus\/es\/wp-json\/wp\/v2\/pages\/78227"}],"collection":[{"href":"https:\/\/oreretaikastola.eus\/es\/wp-json\/wp\/v2\/pages"}],"about":[{"href":"https:\/\/oreretaikastola.eus\/es\/wp-json\/wp\/v2\/types\/page"}],"author":[{"embeddable":true,"href":"https:\/\/oreretaikastola.eus\/es\/wp-json\/wp\/v2\/users\/122"}],"replies":[{"embeddable":true,"href":"https:\/\/oreretaikastola.eus\/es\/wp-json\/wp\/v2\/comments?post=78227"}],"version-history":[{"count":2,"href":"https:\/\/oreretaikastola.eus\/es\/wp-json\/wp\/v2\/pages\/78227\/revisions"}],"predecessor-version":[{"id":78229,"href":"https:\/\/oreretaikastola.eus\/es\/wp-json\/wp\/v2\/pages\/78227\/revisions\/78229"}],"up":[{"embeddable":true,"href":"https:\/\/oreretaikastola.eus\/es\/wp-json\/wp\/v2\/pages\/78118"}],"wp:attachment":[{"href":"https:\/\/oreretaikastola.eus\/es\/wp-json\/wp\/v2\/media?parent=78227"}],"curies":[{"name":"wp","href":"https:\/\/api.w.org\/{rel}","templated":true}]}}