{"id":78127,"date":"2026-03-04T12:40:08","date_gmt":"2026-03-04T11:40:08","guid":{"rendered":"https:\/\/oreretaikastola.eus\/?page_id=78127"},"modified":"2026-03-04T12:40:09","modified_gmt":"2026-03-04T11:40:09","slug":"bedatselekuak-2026","status":"publish","type":"page","link":"https:\/\/oreretaikastola.eus\/es\/familias\/bedatselekuak-2026\/","title":{"rendered":"Bedatselekuak 2026"},"content":{"rendered":"<div\nclass=\"orbit\"\nrole=\"region\"\naria-label=\"\"\ndata-orbit\ndata-options=\"pauseOnHover:false; animInFromLeft:fade-in; animInFromRight:fade-in; animOutToLeft:fade-out; animOutToRight:fade-out;\"\ndata-auto-play=\"true\"\ndata-use-m-u-i=\"true\"\n>\n\n  <div class=\"orbit-wrapper\">\n    <ul class=\"orbit-container slider-header fullwidth\">\n      <li class=\"is-active orbit-slide\" style=\"background-image:url(\/app\/uploads\/2023\/03\/12-orduz-erriolan.webp);\">\n        <figcaption class=\"orbit-caption\">\n           <h1>Bedatselekuak 2026<\/h1>            <h4>Oferta de ocio educativa e inclusiva, en euskera y centrado en el ni\u00f1o\/a<\/h4>         <\/figcaption>\n      <\/li>\n    <\/ul>\n  <\/div>\n\n<\/div>\n\n\n\n<div style=\"height:50px\" aria-hidden=\"true\" class=\"wp-block-spacer\"><\/div>\n\n\n\n<div class=\"wp-block-columns is-layout-flex wp-container-6 wp-block-columns-is-layout-flex\">\n<div class=\"wp-block-column is-layout-flow wp-block-column-is-layout-flow\" style=\"flex-basis:66.66%\">\n<p>Partiendo de la experiencia acumulada durante a\u00f1os en la organizaci\u00f3n de <strong>Udalekuak<\/strong>, hoy en d\u00eda, <strong>Orereta Ikastola<\/strong> organiza <strong>Negulekuak<\/strong> y <strong>Bedatselekuak<\/strong> (colonias de invierno y primavera, respectivamente).<\/p>\n\n\n\n<p><strong>Bedatselekuak (colonias de primavera)<\/strong> se centran en la propia primavera. Tomando como tem\u00e1tica la estaci\u00f3n del a\u00f1o y aprovechando sus caracter\u00edsticas, los ni\u00f1os y ni\u00f1as disfrutar\u00e1n de diferentes actividades y juegos.<\/p>\n\n\n\n<p><strong>Bedatselekuak<\/strong> pretende dar continuidad al proyecto educativo de la <strong>Ikastola<\/strong>, respondiendo tambi\u00e9n a las posibles necesidades de las familias. El programa <strong>Bedatselekuak<\/strong> se basa en los principios y valores del ocio educativo: el euskera como eje, pretende ofrecer actividades atractivas y disfrutables para las y los m\u00e1s peque\u00f1os. Las herramientas para ello son el juego, la experimentaci\u00f3n, las relaciones saludables, la exploraci\u00f3n&#8230;; conscientes de la importancia que tienen esos \u00faltimos en el crecimiento y desarrollo integral de los ni\u00f1os y ni\u00f1as.<\/p>\n\n\n\n<p><strong>Bedatselekuak<\/strong> se llevar\u00e1n a cabo con educadores formados y coordinados por Zirimola (equipo de ocio de Euskal Herriko Ikastolak).<\/p>\n<\/div>\n\n\n\n<div class=\"wp-block-column is-layout-flow wp-block-column-is-layout-flow\" style=\"flex-basis:33.33%\">\n<div class=\"wp-block-cover is-light\" style=\"min-height:50px\"><span aria-hidden=\"true\" class=\"wp-block-cover__background has-background-dim-100 has-background-dim\" style=\"background-color:#f7f7fc\"><\/span><div class=\"wp-block-cover__inner-container is-layout-flow wp-block-cover-is-layout-flow\">\n<h3 class=\"wp-block-heading has-black-color has-text-color\"><strong> <strong>Objetivos<\/strong> <\/strong><\/h3>\n\n\n\n<ul class=\"has-black-color has-text-color has-small-font-size\">\n<li>Fomentar el uso del euskera y ofrecer referentes en euskera.<\/li>\n\n\n\n<li>Ofrecer una propuesta l\u00fadica que responda a las necesidades f\u00edsicas y emocionales.<\/li>\n\n\n\n<li>Que las y los ni\u00f1os sean protagonistas, que su participaci\u00f3n sea el eje central.<\/li>\n\n\n\n<li>Asentar las bases para vivir a gusto y feliz en Bedatselekuak, trabajando los h\u00e1bitos de convivencia cotidiana.<\/li>\n\n\n\n<li>Ofrecer espacios de confianza y seguridad a menores y familias.<\/li>\n<\/ul>\n<\/div><\/div>\n\n\n\n<div style=\"height:25px\" aria-hidden=\"true\" class=\"wp-block-spacer\"><\/div>\n\n\n\n<div class=\"wp-block-cover is-light\" style=\"min-height:50px\"><span aria-hidden=\"true\" class=\"wp-block-cover__background has-background-dim-100 has-background-dim\" style=\"background-color:#f7f7fc\"><\/span><div class=\"wp-block-cover__inner-container is-layout-flow wp-block-cover-is-layout-flow\">\n<h3 class=\"wp-block-heading has-black-color has-text-color\"><strong><strong>Inscripci\u00f3n<\/strong>: <\/strong><br><strong>4-15 de marzo<\/strong><\/h3>\n\n\n\n<div class=\"wp-block-buttons is-layout-flex wp-block-buttons-is-layout-flex\">\n<div class=\"wp-block-button has-custom-font-size\" style=\"font-size:20px\"><a class=\"wp-block-button__link has-background wp-element-button\" href=\"https:\/\/docs.google.com\/forms\/u\/0\/d\/11VrCJOBZ01LywhUyFfZDNFb23qO6cWSAgUTHuBIze10\/viewform?urp=gmail_link&amp;edit_requested=true\" style=\"border-radius:10px;background-color:#a91836\" target=\"_blank\" rel=\"noreferrer noopener\">Realizar inscripci\u00f3n<\/a><\/div>\n<\/div>\n<\/div><\/div>\n<\/div>\n<\/div>\n\n\n\n<div style=\"height:50px\" aria-hidden=\"true\" class=\"wp-block-spacer\"><\/div>\n\n\n\n<div class=\"wp-block-columns is-layout-flex wp-container-10 wp-block-columns-is-layout-flex\">\n<div class=\"wp-block-column is-layout-flow wp-block-column-is-layout-flow\">\n<h3 class=\"wp-block-heading has-text-align-center\"><mark style=\"background-color:rgba(0, 0, 0, 0);color:#a91836\" class=\"has-inline-color\"><strong> <mark style=\"background-color:rgba(0, 0, 0, 0);color:#a91836\" class=\"has-inline-color\"><strong>\u00bfPara qui\u00e9n?<\/strong><\/mark> <\/strong><\/mark><\/h3>\n\n\n\n<hr class=\"wp-block-separator has-css-opacity is-style-default\"\/>\n\n\n\n<p class=\"has-text-align-center\"><strong> <strong>Menores de entre HH3 y LH3<\/strong>  <\/strong> <br> (sean o no alumnos y alumnas de la Ikastola) <\/p>\n\n\n\n<hr class=\"wp-block-separator has-alpha-channel-opacity is-style-dots\"\/>\n\n\n\n<p class=\"has-text-align-center\">* N\u00famero m\u00ednimo de menores para sacar grupo:<br>&#8211; Bedatselekuak: 8 menores<br>&#8211; Custodia: 6 menores<\/p>\n<\/div>\n\n\n\n<div class=\"wp-block-column is-layout-flow wp-block-column-is-layout-flow\">\n<h3 class=\"wp-block-heading has-text-align-center\"><strong><span style=\"color:#a91836\" class=\"has-inline-color\"> <strong><span style=\"color:#a91836\" class=\"has-inline-color\">\u00bfCu\u00e1ndo y d\u00f3nde?<\/span><\/strong> <\/span><\/strong><\/h3>\n\n\n\n<hr class=\"wp-block-separator has-css-opacity is-style-default\"\/>\n\n\n\n<p class=\"has-text-align-center\"><strong>30 de marzo &#8211; 10 de abril<\/strong><br>(de 09:00 a 13:00 horas)<br>* Servicio de txoko de custodia <br>(turno de la ma\u00f1ana: de 08:00 a 09:00 horas | turno del mediod\u00eda: de 13:00 a 14:00 horas)<\/p>\n\n\n\n<p class=\"has-text-align-center\">En el edificio de Lino de la Ikastola<\/p>\n\n\n\n<p> <\/p>\n<\/div>\n\n\n\n<div class=\"wp-block-column is-layout-flow wp-block-column-is-layout-flow\">\n<h3 class=\"wp-block-heading has-text-align-center\"><strong><span style=\"color:#a91836\" class=\"has-inline-color\">\u00bfCu\u00e1l es el prec<strong><span style=\"color:#a91836\" class=\"has-inline-color\">io?<\/span><\/strong> <\/span><\/strong><\/h3>\n\n\n\n<hr class=\"wp-block-separator has-css-opacity is-style-default\"\/>\n\n\n\n<p class=\"has-text-align-center\"><strong>1\u00aa semana (30 de marzo -1 de abril): 75\u20ac\/menor<br>2\u00aa semana (7-10 de abril): 89\u20ac\/menor<\/strong><\/p>\n\n\n\n<p class=\"has-text-align-center\">Servicio de custodia:<br>1\u00aa semana (30 de marzo -1 de abril):<br>6\u20ac\/turno (por menor)<br>2\u00aa semana (7-10 de abril):<br>8\u20ac\/turno (por menor)<\/p>\n\n\n\n<p class=\"has-text-align-center\"><a href=\"https:\/\/oreretaikastola.eus\/es\/familias\/bedatselekuak-2026-informacion-detallada-sobre-el-modo-de-cobro\/\">Informaci\u00f3n detallada sobre el cobro<\/a><\/p>\n<\/div>\n<\/div>\n\n\n\n<h3 class=\"wp-block-heading has-text-align-center has-text-color\" style=\"color:#a91836\"><strong>Inscripci\u00f3n: 4-15 de marzo<\/strong><\/h3>\n\n\n\n<div class=\"wp-block-columns is-layout-flex wp-container-15 wp-block-columns-is-layout-flex\">\n<div class=\"wp-block-column is-layout-flow wp-block-column-is-layout-flow\"><\/div>\n\n\n\n<div class=\"wp-block-column is-layout-flow wp-block-column-is-layout-flow\">\n<div class=\"wp-block-buttons is-layout-flex wp-block-buttons-is-layout-flex\">\n<div class=\"wp-block-button has-custom-width wp-block-button__width-100\"><a class=\"wp-block-button__link has-background wp-element-button\" href=\"https:\/\/docs.google.com\/forms\/u\/0\/d\/11VrCJOBZ01LywhUyFfZDNFb23qO6cWSAgUTHuBIze10\/viewform?urp=gmail_link&amp;edit_requested=true\" style=\"border-radius:10px;background-color:#a91836\" target=\"_blank\" rel=\"noreferrer noopener\">Realizar inscripci\u00f3n<\/a><\/div>\n<\/div>\n\n\n\n<div style=\"height:50px\" aria-hidden=\"true\" class=\"wp-block-spacer\"><\/div>\n\n\n\n<p class=\"has-text-align-center has-small-font-size\">\u00bfNecesitas ayuda? <br>Orereta Ikastola:<br><a href=\"mailto:udalekuak@oreretaikastola.eus\">udalekuak@oreretaikastola.eus<\/a> | <a href=\"tel:943 52 03 97\">943 52 03 97<\/a><br>Ikastolen Elkartea:<br><a href=\"http:\/\/www.zirimola.eus\">www.zirimola.eus<\/a> | <a href=\"tel:943445108\">943 44 51 08<\/a><\/p>\n<\/div>\n\n\n\n<div class=\"wp-block-column is-layout-flow wp-block-column-is-layout-flow\"><\/div>\n<\/div>\n","protected":false},"excerpt":{"rendered":"<p>Partiendo de la experiencia acumulada durante a\u00f1os en la organizaci\u00f3n de Udalekuak, hoy en d\u00eda, Orereta Ikastola organiza Negulekuak y Bedatselekuak (colonias de invierno y primavera, respectivamente). Bedatselekuak (colonias de primavera) se centran en la propia primavera. Tomando como tem\u00e1tica la estaci\u00f3n del a\u00f1o y aprovechando sus caracter\u00edsticas, los ni\u00f1os y ni\u00f1as disfrutar\u00e1n de diferentes &hellip; <a href=\"https:\/\/oreretaikastola.eus\/es\/familias\/bedatselekuak-2026\/\">Continued<\/a><\/p>\n","protected":false},"author":122,"featured_media":0,"parent":3047,"menu_order":0,"comment_status":"closed","ping_status":"closed","template":"","meta":[],"acf":[],"_links":{"self":[{"href":"https:\/\/oreretaikastola.eus\/es\/wp-json\/wp\/v2\/pages\/78127"}],"collection":[{"href":"https:\/\/oreretaikastola.eus\/es\/wp-json\/wp\/v2\/pages"}],"about":[{"href":"https:\/\/oreretaikastola.eus\/es\/wp-json\/wp\/v2\/types\/page"}],"author":[{"embeddable":true,"href":"https:\/\/oreretaikastola.eus\/es\/wp-json\/wp\/v2\/users\/122"}],"replies":[{"embeddable":true,"href":"https:\/\/oreretaikastola.eus\/es\/wp-json\/wp\/v2\/comments?post=78127"}],"version-history":[{"count":5,"href":"https:\/\/oreretaikastola.eus\/es\/wp-json\/wp\/v2\/pages\/78127\/revisions"}],"predecessor-version":[{"id":78145,"href":"https:\/\/oreretaikastola.eus\/es\/wp-json\/wp\/v2\/pages\/78127\/revisions\/78145"}],"up":[{"embeddable":true,"href":"https:\/\/oreretaikastola.eus\/es\/wp-json\/wp\/v2\/pages\/3047"}],"wp:attachment":[{"href":"https:\/\/oreretaikastola.eus\/es\/wp-json\/wp\/v2\/media?parent=78127"}],"curies":[{"name":"wp","href":"https:\/\/api.w.org\/{rel}","templated":true}]}}