{"id":78118,"date":"2026-03-11T13:40:54","date_gmt":"2026-03-11T12:40:54","guid":{"rendered":"https:\/\/oreretaikastola.eus\/?page_id=78118"},"modified":"2026-03-11T13:59:56","modified_gmt":"2026-03-11T12:59:56","slug":"udalekuak-2026","status":"publish","type":"page","link":"https:\/\/oreretaikastola.eus\/es\/udalekuak-2026\/","title":{"rendered":"Udalekuak 2026"},"content":{"rendered":"<div\nclass=\"orbit\"\nrole=\"region\"\naria-label=\"\"\ndata-orbit\ndata-options=\"pauseOnHover:false; animInFromLeft:fade-in; animInFromRight:fade-in; animOutToLeft:fade-out; animOutToRight:fade-out;\"\ndata-auto-play=\"true\"\ndata-use-m-u-i=\"true\"\n>\n\n  <div class=\"orbit-wrapper\">\n    <ul class=\"orbit-container slider-header fullwidth\">\n      <li class=\"is-active orbit-slide\" style=\"background-image:url(\/app\/uploads\/2021\/04\/Udalekuak_Orereta-Ikastola_5.jpg);\">\n        <figcaption class=\"orbit-caption\">\n           <h1>Udalekuak 2026<\/h1>            <h4>Ocio educador en euskera<\/h4>         <\/figcaption>\n      <\/li>\n    <\/ul>\n  <\/div>\n\n<\/div>\n\n\n\n<p>Como todos los a\u00f1os, <strong>Orereta Ikastola ofrecer\u00e1 colonias de verano para las y los menores de entre 2 y 12 a\u00f1os, del 22 de junio al 17 de julio<\/strong>. Se trata de una <strong>propuesta abierta a todas las familias que as\u00ed lo deseen<\/strong>, no s\u00f3lo para las familias de la Ikastola.<\/p>\n\n\n\n<p>Udalekuak pretende dar continuidad al proyecto educativo de la Ikastola, respondiendo tambi\u00e9n a las posibles necesidades de las familias. El programa de Udalekuak se basa en los principios y valores del ocio educativo: el euskera como eje, pretende ofrecer actividades atractivas y disfrutables para las y los m\u00e1s peque\u00f1os. Las herramientas para ello son el juego, la experimentaci\u00f3n, las relaciones saludables, la exploraci\u00f3n&#8230;; conscientes de la importancia que tienen esos \u00faltimos en el crecimiento y desarrollo integral de los ni\u00f1os y ni\u00f1as.<\/p>\n\n\n\n<div style=\"height:25px\" aria-hidden=\"true\" class=\"wp-block-spacer\"><\/div>\n\n\n\n<div class=\"wp-block-cover is-light\" style=\"min-height:50px\"><span aria-hidden=\"true\" class=\"wp-block-cover__background has-background-dim-100 has-background-dim\" style=\"background-color:#f7f7fc\"><\/span><div class=\"wp-block-cover__inner-container is-layout-flow wp-block-cover-is-layout-flow\">\n<h2 class=\"wp-block-heading has-text-align-center has-text-color\" style=\"color:#a91836\"><strong>Inscripci\u00f3n: 11 de marzo &#8211; 13 de mayo<\/strong><\/h2>\n<\/div><\/div>\n\n\n\n<div style=\"height:25px\" aria-hidden=\"true\" class=\"wp-block-spacer\"><\/div>\n\n\n\n<div class=\"wp-block-group has-white-background-color has-background is-content-justification-center is-layout-flex wp-container-5 wp-block-group-is-layout-flex wp-container-6 is-position-sticky\" style=\"padding-top:var(--wp--preset--spacing--30);padding-bottom:var(--wp--preset--spacing--30)\">\n<div class=\"wp-block-buttons is-layout-flex wp-block-buttons-is-layout-flex\">\n<div class=\"wp-block-button has-custom-font-size is-style-outline\" style=\"font-size:18px\"><a class=\"wp-block-button__link wp-element-button\" href=\"#udatxikizuriunea\" style=\"border-radius:0px\">Udatxiki (HH2)<\/a><\/div>\n<\/div>\n\n\n\n<div class=\"wp-block-buttons is-layout-flex wp-block-buttons-is-layout-flex\">\n<div class=\"wp-block-button has-custom-font-size is-style-outline\" style=\"font-size:18px\"><a class=\"wp-block-button__link wp-element-button\" href=\"#emanhegoakzuriunea\" style=\"border-radius:0px\">Eman Hegoak (HH3-HH5)<\/a><\/div>\n<\/div>\n\n\n\n<div class=\"wp-block-buttons is-layout-flex wp-block-buttons-is-layout-flex\">\n<div class=\"wp-block-button has-custom-font-size is-style-outline\" style=\"font-size:18px\"><a class=\"wp-block-button__link wp-element-button\" href=\"#udaktiboazuriunea\" style=\"border-radius:0px\">Udaktiboa (LH1-LH6)<\/a><\/div>\n<\/div>\n<\/div>\n\n\n\n<div style=\"height:50px\" aria-hidden=\"true\" id=\"udatxikizuriunea\" class=\"wp-block-spacer\"><\/div>\n\n\n\n<div class=\"wp-block-cover\" style=\"min-height:50px\"><span aria-hidden=\"true\" class=\"wp-block-cover__background has-background-dim-100 has-background-dim\" style=\"background-color:#a91836\"><\/span><div class=\"wp-block-cover__inner-container is-layout-flow wp-block-cover-is-layout-flow\">\n<div class=\"wp-block-columns is-layout-flex wp-container-10 wp-block-columns-is-layout-flex\">\n<div class=\"wp-block-column is-layout-flow wp-block-column-is-layout-flow\" style=\"flex-basis:66.66%\">\n<h2 class=\"wp-block-heading\"><strong>Udatxiki (HH2)<\/strong><\/h2>\n\n\n\n<p style=\"font-size:15px\">Hemos decidido adaptar el propio concepto de Udalekuak para adaptarlo m\u00e1s a las necesidades de las y los ni\u00f1os de esta edad. Las y los monitores son educadores, tienen estudios de Educaci\u00f3n Infantil, y llevan a\u00f1os trabajando con nosotros. Se re\u00fanen previamente con las y los tutores que est\u00e1n con los ni\u00f1os y ni\u00f1as durante el curso para adaptar la programaci\u00f3n y las actividades a sus necesidades, deseos e intereses.<\/p>\n<\/div>\n\n\n\n<div class=\"wp-block-column is-layout-flow wp-block-column-is-layout-flow\" style=\"flex-basis:33.33%\">\n<div style=\"height:25px\" aria-hidden=\"true\" class=\"wp-block-spacer\"><\/div>\n\n\n\n<div class=\"wp-block-buttons is-layout-flex wp-block-buttons-is-layout-flex\">\n<div class=\"wp-block-button has-custom-width wp-block-button__width-100 has-custom-font-size is-style-fill\" style=\"font-size:17px\"><a class=\"wp-block-button__link has-white-background-color has-text-color has-background wp-element-button\" href=\"https:\/\/oreretaikastola.eus\/es\/udatxiki-2026-inscripcion\/\" style=\"border-radius:10px;color:#a91836\" target=\"_blank\" rel=\"noreferrer noopener\">Inscribirse<\/a><\/div>\n<\/div>\n\n\n\n<div style=\"height:45px\" aria-hidden=\"true\" class=\"wp-block-spacer\"><\/div>\n\n\n\n<hr class=\"wp-block-separator has-alpha-channel-opacity\"\/>\n\n\n\n<p class=\"has-link-color has-small-font-size wp-elements-e50b6d490776d87014e4b5231594374b\"><a href=\"https:\/\/oreretaikastola.eus\/es\/udalekuak-2026-informacion-detallada-sobre-el-modo-de-cobro-y-las-solicitudes-de-baja\/\" data-type=\"URL\" data-id=\"https:\/\/oreretaikastola.eus\/es\/udalekuak-2026-informacion-detallada-sobre-el-modo-de-cobro-y-las-solicitudes-de-baja\/\">Ver informaci\u00f3n detallada sobre el modo de pago y solicitudes de baja<\/a><\/p>\n<\/div>\n<\/div>\n<\/div><\/div>\n\n\n\n<figure class=\"wp-block-table is-style-regular\"><table><tbody><tr><td><strong>Edad<\/strong> <\/td><td>Nacidas o nacidos en 2023 (2-3 a\u00f1os) <\/td><\/tr><tr><td><strong>Calendario<\/strong> <\/td><td>1\u00aa semana: 22-26 de junio<br>2\u00aa semana: 29 de junio &#8211; 3 de julio <br>3\u00aa semana: 6-10 de julio<br>4\u00aa semana: 13-17 de julio<\/td><\/tr><tr><td><strong>Horario<\/strong> <\/td><td>08:00-13:00 <br>(hora de entrada flexible hasta las 09:00)<\/td><\/tr><tr><td><strong>Lugar<\/strong> <\/td><td>Esmalteria <\/td><\/tr><tr><td><strong>Precio<\/strong> <\/td><td>120 \u20ac\/semana<br>(la contrataci\u00f3n se puede realizar por semanas o de forma \u00edntegra)<\/td><\/tr><tr><td><strong>M\u00e1s infomaci\u00f3n<\/strong><\/td><td><a href=\"tel:943 52 03 97\">943 52 03 97<\/a><br><a href=\"mailto:udalekuak@oreretaikastola.eus\">udalekuak@oreretaikastola.eus<\/a> <\/td><\/tr><tr><td><strong>Notas<\/strong><\/td><td>\u00b7 Las y los educadores ser\u00e1n trabajadores de Orereta Ikastola<br>\u00b7 N\u00famero m\u00ednimo para sacar grupo: 8 menores<\/td><\/tr><\/tbody><\/table><\/figure>\n\n\n\n<div style=\"height:50px\" aria-hidden=\"true\" id=\"emanhegoakzuriunea\" class=\"wp-block-spacer\"><\/div>\n\n\n\n<div class=\"wp-block-cover\" style=\"min-height:50px\"><span aria-hidden=\"true\" class=\"wp-block-cover__background has-background-dim-100 has-background-dim\" style=\"background-color:#a91836\"><\/span><div class=\"wp-block-cover__inner-container is-layout-flow wp-block-cover-is-layout-flow\">\n<div class=\"wp-block-columns is-layout-flex wp-container-15 wp-block-columns-is-layout-flex\">\n<div class=\"wp-block-column is-layout-flow wp-block-column-is-layout-flow\" style=\"flex-basis:66.66%\">\n<h2 class=\"wp-block-heading\"><strong>Eman Hegoak (HH3-HH5)<\/strong><\/h2>\n\n\n\n<p style=\"font-size:15px\">Las y los ni\u00f1os estar\u00e1n en A\u00f1abitarte, en una zona verde. Orereta Ikastola dispone de espacios e infraestructuras en plena naturaleza en su zona de A\u00f1abitarte, de los que las y los ni\u00f1os disfrutar\u00e1n en las colonias. Tambi\u00e9n est\u00e1 previsto realizar otro tipo de salidas y excursiones.<\/p>\n<\/div>\n\n\n\n<div class=\"wp-block-column is-layout-flow wp-block-column-is-layout-flow\" style=\"flex-basis:33.33%\">\n<div style=\"height:25px\" aria-hidden=\"true\" class=\"wp-block-spacer\"><\/div>\n\n\n\n<div class=\"wp-block-buttons is-layout-flex wp-block-buttons-is-layout-flex\">\n<div class=\"wp-block-button has-custom-width wp-block-button__width-100 has-custom-font-size is-style-fill\" style=\"font-size:17px\"><a class=\"wp-block-button__link has-white-background-color has-text-color has-background wp-element-button\" href=\"https:\/\/docs.google.com\/forms\/d\/e\/1FAIpQLSclbcS0jwEXWn1EWAa85CYoL8zoua5AJyKMwNPzzkg2Opk71A\/viewform?usp=header\" style=\"border-radius:10px;color:#a91836\" target=\"_blank\" rel=\"noreferrer noopener\">Inscribirse<\/a><\/div>\n<\/div>\n\n\n\n<div style=\"height:25px\" aria-hidden=\"true\" class=\"wp-block-spacer\"><\/div>\n\n\n\n<hr class=\"wp-block-separator has-alpha-channel-opacity\"\/>\n\n\n\n<p class=\"has-link-color has-small-font-size wp-elements-e50b6d490776d87014e4b5231594374b\"><a href=\"https:\/\/oreretaikastola.eus\/es\/udalekuak-2026-informacion-detallada-sobre-el-modo-de-cobro-y-las-solicitudes-de-baja\/\" data-type=\"URL\" data-id=\"https:\/\/oreretaikastola.eus\/es\/udalekuak-2026-informacion-detallada-sobre-el-modo-de-cobro-y-las-solicitudes-de-baja\/\">Ver informaci\u00f3n detallada sobre el modo de pago y solicitudes de baja<\/a><\/p>\n<\/div>\n<\/div>\n<\/div><\/div>\n\n\n\n<figure class=\"wp-block-table is-style-regular\"><table><tbody><tr><td><strong>Edad<\/strong> <\/td><td>Nacidas o nacidos entre 2020-2022 (3-6 a\u00f1os) <\/td><\/tr><tr><td><strong>Calendario<\/strong> <\/td><td>1\u00aa semana: 22-26 de junio<br>2\u00aa semana: 29 de junio &#8211; 3 de julio <br>3\u00aa semana: 6-10 de julio<br>4\u00aa semana: 13-17 de julio<\/td><\/tr><tr><td><strong>Horario<\/strong> <\/td><td>UDALEKU:<br>09:00-13:00 o 09:30-13:30<br>(se concretar\u00e1 seg\u00fan la organizaci\u00f3n del autob\u00fas)<br>CUSTODIA:<br>Ma\u00f1ana: 08:00-09:00<br>(\u00faltima hora de entrada: 08:45)<br>Mediod\u00eda: 13:00-14:00<\/td><\/tr><tr><td><strong>Lugar<\/strong> <\/td><td>CUSTODIA: edificio de Lino<br>AUTOB\u00daS: parada de Lino<br>UDALEKU: A\u00f1abitarte (+ otras salidas y excursiones)<\/td><\/tr><tr><td><strong>Precio<\/strong> <\/td><td>UDALEKU: 105 \u20ac\/semana<br>(la contrataci\u00f3n se puede realizar por semanas o de forma \u00edntegra)<br>(el importe del servicio de autob\u00fas est\u00e1 incluido en el precio)<br>TXOKO DE CUSTODIA: <br>11 \u20ac\/semana (1h al d\u00eda)<br>22 \u20ac\/semana (2h al d\u00eda) <\/td><\/tr><tr><td><strong>M\u00e1s informaci\u00f3n<\/strong> <\/td><td><a href=\"tel:943 44 51 08\">943 44 51 08<\/a><br><a href=\"mailto:zirimola@ehi.ikastola.eus\">zirimola@ehi.ikastola.eus <\/a><\/td><\/tr><tr><td><strong>Notas<\/strong><\/td><td>\u00b7 Las y los educadores ser\u00e1n de Zirimola (Ikastolen Elkartea)<br>\u00b7 N\u00famero minimo para sacar grupo: 8 menores<\/td><\/tr><\/tbody><\/table><\/figure>\n\n\n\n<div style=\"height:50px\" aria-hidden=\"true\" id=\"udaktiboazuriunea\" class=\"wp-block-spacer\"><\/div>\n\n\n\n<div class=\"wp-block-cover\" style=\"min-height:50px\"><span aria-hidden=\"true\" class=\"wp-block-cover__background has-background-dim-100 has-background-dim\" style=\"background-color:#a91836\"><\/span><div class=\"wp-block-cover__inner-container is-layout-flow wp-block-cover-is-layout-flow\">\n<div class=\"wp-block-columns is-layout-flex wp-container-20 wp-block-columns-is-layout-flex\">\n<div class=\"wp-block-column is-layout-flow wp-block-column-is-layout-flow\" style=\"flex-basis:66.66%\">\n<h2 class=\"wp-block-heading\"><strong>Udaktiboa (LH1-LH6)<\/strong><\/h2>\n\n\n\n<p style=\"font-size:15px\">Se ofrecer\u00e1n diversos deportes, actividades y salidas. Cada semana se tratar\u00e1n diferentes temas y se realizar\u00e1n actividades relacionadas con ello durante esos d\u00edas.<\/p>\n<\/div>\n\n\n\n<div class=\"wp-block-column is-layout-flow wp-block-column-is-layout-flow\" style=\"flex-basis:33.33%\">\n<div style=\"height:25px\" aria-hidden=\"true\" class=\"wp-block-spacer\"><\/div>\n\n\n\n<div class=\"wp-block-buttons is-layout-flex wp-block-buttons-is-layout-flex\">\n<div class=\"wp-block-button has-custom-width wp-block-button__width-100 has-custom-font-size is-style-fill\" style=\"font-size:17px\"><a class=\"wp-block-button__link has-white-background-color has-text-color has-background wp-element-button\" href=\"https:\/\/oreretaikastola.eus\/es\/udalekuak-2026\/udaktiboa-2026-inscripcion\/\" style=\"border-radius:10px;color:#a91836\" target=\"_blank\" rel=\"noreferrer noopener\">Inscribirse<\/a><\/div>\n<\/div>\n\n\n\n<hr class=\"wp-block-separator has-alpha-channel-opacity\"\/>\n\n\n\n<p class=\"has-link-color has-small-font-size wp-elements-e50b6d490776d87014e4b5231594374b\"><a href=\"https:\/\/oreretaikastola.eus\/es\/udalekuak-2026-informacion-detallada-sobre-el-modo-de-cobro-y-las-solicitudes-de-baja\/\" data-type=\"URL\" data-id=\"https:\/\/oreretaikastola.eus\/es\/udalekuak-2026-informacion-detallada-sobre-el-modo-de-cobro-y-las-solicitudes-de-baja\/\">Ver informaci\u00f3n detallada sobre el modo de pago y solicitudes de baja<\/a><\/p>\n<\/div>\n<\/div>\n<\/div><\/div>\n\n\n\n<figure class=\"wp-block-table is-style-regular\"><table><tbody><tr><td><strong>Edad<\/strong> <\/td><td>Nacidas o nacidos entre 2014-2019 (6-12 a\u00f1os) <\/td><\/tr><tr><td><strong>Calendario<\/strong> <\/td><td>1\u00aa semana: 22-26 de junio<br>2\u00aa semana: 29 de junio &#8211; 3 de julio<br>3\u00aa semana: 6-10 de julio<br>4\u00aa semana: 13-17 de julio<\/td><\/tr><tr><td><strong>Horario<\/strong> <\/td><td>08:30-13:00 <br>(hora de entrada flexible hasta las 09:00)<\/td><\/tr><tr><td><strong>Lugar<\/strong><\/td><td>Lino<\/td><\/tr><tr><td><strong>Precio<\/strong> <\/td><td>100 \u20ac\/semana<br>(la contrataci\u00f3n se puede realizar por semanas o de forma \u00edntegra)<\/td><\/tr><tr><td><strong>M\u00e1s informaci\u00f3n<\/strong> <\/td><td><a href=\"tel:943 52 03 97\">943 52 03 97<\/a><br><a href=\"mailto:udalekuak@oreretaikastola.eus\">udalekuak@oreretaikastola.eus<\/a> <\/td><\/tr><tr><td><strong>Notas<\/strong><\/td><td>\u00b7 Las y los educadores ser\u00e1n de Tximeleta Aisialdi Elkartea<br>\u00b7 N\u00famero minimo para sacar grupo: 8 menores<\/td><\/tr><\/tbody><\/table><\/figure>\n","protected":false},"excerpt":{"rendered":"<p>Como todos los a\u00f1os, Orereta Ikastola ofrecer\u00e1 colonias de verano para las y los menores de entre 2 y 12 a\u00f1os, del 22 de junio al 17 de julio. Se trata de una propuesta abierta a todas las familias que as\u00ed lo deseen, no s\u00f3lo para las familias de la Ikastola. Udalekuak pretende dar continuidad &hellip; <a href=\"https:\/\/oreretaikastola.eus\/es\/udalekuak-2026\/\">Continued<\/a><\/p>\n","protected":false},"author":122,"featured_media":0,"parent":0,"menu_order":0,"comment_status":"closed","ping_status":"closed","template":"","meta":[],"acf":[],"_links":{"self":[{"href":"https:\/\/oreretaikastola.eus\/es\/wp-json\/wp\/v2\/pages\/78118"}],"collection":[{"href":"https:\/\/oreretaikastola.eus\/es\/wp-json\/wp\/v2\/pages"}],"about":[{"href":"https:\/\/oreretaikastola.eus\/es\/wp-json\/wp\/v2\/types\/page"}],"author":[{"embeddable":true,"href":"https:\/\/oreretaikastola.eus\/es\/wp-json\/wp\/v2\/users\/122"}],"replies":[{"embeddable":true,"href":"https:\/\/oreretaikastola.eus\/es\/wp-json\/wp\/v2\/comments?post=78118"}],"version-history":[{"count":12,"href":"https:\/\/oreretaikastola.eus\/es\/wp-json\/wp\/v2\/pages\/78118\/revisions"}],"predecessor-version":[{"id":78270,"href":"https:\/\/oreretaikastola.eus\/es\/wp-json\/wp\/v2\/pages\/78118\/revisions\/78270"}],"wp:attachment":[{"href":"https:\/\/oreretaikastola.eus\/es\/wp-json\/wp\/v2\/media?parent=78118"}],"curies":[{"name":"wp","href":"https:\/\/api.w.org\/{rel}","templated":true}]}}