{"id":76489,"date":"2025-11-24T16:00:03","date_gmt":"2025-11-24T15:00:03","guid":{"rendered":"https:\/\/oreretaikastola.eus\/?page_id=76489"},"modified":"2025-11-25T14:38:58","modified_gmt":"2025-11-25T13:38:58","slug":"programa-hedatze-2025-26-oferta-de-la-2a-evaluacion","status":"publish","type":"page","link":"https:\/\/oreretaikastola.eus\/es\/familias\/programa-hedatze-2025-26-oferta-de-la-2a-evaluacion\/","title":{"rendered":"Programa Hedatze 2025-26: oferta de la 2\u00aa evaluaci\u00f3n"},"content":{"rendered":"<div\nclass=\"orbit\"\nrole=\"region\"\naria-label=\"\"\ndata-orbit\ndata-options=\"pauseOnHover:false; animInFromLeft:fade-in; animInFromRight:fade-in; animOutToLeft:fade-out; animOutToRight:fade-out;\"\ndata-auto-play=\"true\"\ndata-use-m-u-i=\"true\"\n>\n\n  <div class=\"orbit-wrapper\">\n    <ul class=\"orbit-container slider-header fullwidth\">\n      <li class=\"is-active orbit-slide\" style=\"background-image:url(\/app\/uploads\/2025\/11\/Orereta-Ikastola-Hedatze-programa1.jpg);\">\n        <figcaption class=\"orbit-caption\">\n           <h1>Programa Hedatze 2025-26<\/h1>            <h4>Oferta 2\u00aa evaluaci\u00f3n<\/h4>         <\/figcaption>\n      <\/li>\n    <\/ul>\n  <\/div>\n\n<\/div>\n\n\n\n<div style=\"height:50px\" aria-hidden=\"true\" class=\"wp-block-spacer\"><\/div>\n\n\n\n<div class=\"wp-block-group has-white-background-color has-background is-content-justification-center is-layout-flex wp-container-2 wp-block-group-is-layout-flex wp-container-3 is-position-sticky\" style=\"padding-top:var(--wp--preset--spacing--30);padding-bottom:var(--wp--preset--spacing--30)\">\n<div class=\"wp-block-buttons is-layout-flex wp-block-buttons-is-layout-flex\">\n<div class=\"wp-block-button has-custom-font-size is-style-outline\" style=\"font-size:18px\"><a class=\"wp-block-button__link wp-element-button\" href=\"#abenduazuriunea\" style=\"border-radius:0px\">Diciembre<\/a><\/div>\n\n\n\n<div class=\"wp-block-button has-custom-font-size is-style-outline\" style=\"font-size:18px\"><a class=\"wp-block-button__link wp-element-button\" href=\"#urtarrilazuriunea\" style=\"border-radius:0px\">Enero<\/a><\/div>\n\n\n\n<div class=\"wp-block-button has-custom-font-size is-style-outline\" style=\"font-size:18px\"><a class=\"wp-block-button__link wp-element-button\" href=\"#otsailazuriunea\" style=\"border-radius:0px\">Febrero<\/a><\/div>\n<\/div>\n<\/div>\n\n\n\n<div style=\"height:50px\" aria-hidden=\"true\" id=\"abenduazuriunea\" class=\"wp-block-spacer\"><\/div>\n\n\n\n<hr class=\"wp-block-separator has-alpha-channel-opacity\"\/>\n\n\n\n<h2 class=\"wp-block-heading has-text-align-center has-medium-font-size\"><strong>Diciembre<\/strong><\/h2>\n\n\n\n<hr class=\"wp-block-separator has-alpha-channel-opacity\"\/>\n\n\n\n<figure class=\"wp-block-table is-style-regular\"><table><thead><tr><th class=\"has-text-align-center\" data-align=\"center\"><sub>Lunes<\/sub><\/th><th class=\"has-text-align-center\" data-align=\"center\"><sub>Martes<\/sub><\/th><th class=\"has-text-align-center\" data-align=\"center\"><sub>Mi\u00e9rcoles<\/sub><\/th><th class=\"has-text-align-center\" data-align=\"center\"><sub>Jueves<\/sub><\/th><th class=\"has-text-align-center\" data-align=\"center\"><sub>Viernes<\/sub><\/th><\/tr><\/thead><tbody><tr><td class=\"has-text-align-center\" data-align=\"center\"><sub><strong><mark style=\"background-color:rgba(0, 0, 0, 0)\" class=\"has-inline-color has-black-color\">1<\/mark><\/strong><\/sub><\/td><td class=\"has-text-align-center\" data-align=\"center\"><sub><strong>2<\/strong><\/sub><\/td><td class=\"has-text-align-center\" data-align=\"center\"><sub><strong>3<\/strong><\/sub><\/td><td class=\"has-text-align-center\" data-align=\"center\"><sub><strong>4<\/strong><\/sub><\/td><td class=\"has-text-align-center\" data-align=\"center\"><sub><strong>5<\/strong><\/sub><\/td><\/tr><tr><td class=\"has-text-align-center\" data-align=\"center\"><sub>Hedatze acad\u00e9mico<br>[ciencias]<\/sub><\/td><td class=\"has-text-align-center\" data-align=\"center\"><sub>Hedatze acad\u00e9mico<br>[letras]<\/sub><\/td><td class=\"has-text-align-center\" data-align=\"center\"><sub>Hedatze acad\u00e9mico<br>[reflexi\u00f3n]<\/sub><\/td><td class=\"has-text-align-center\" data-align=\"center\"><sub>&#8212;&#8212;&#8212;-<\/sub><\/td><td class=\"has-text-align-center\" data-align=\"center\"><sub>&#8212;&#8212;&#8212;-<\/sub><\/td><\/tr><tr><td class=\"has-text-align-center\" data-align=\"center\"><strong><sub>8<\/sub><\/strong><\/td><td class=\"has-text-align-center\" data-align=\"center\"><sub><strong>9<\/strong><\/sub><\/td><td class=\"has-text-align-center\" data-align=\"center\"><sub><strong>10<\/strong><\/sub><\/td><td class=\"has-text-align-center\" data-align=\"center\"><sub><strong>11<\/strong><\/sub><\/td><td class=\"has-text-align-center\" data-align=\"center\"><sub><strong>12<\/strong><\/sub><\/td><\/tr><tr><td class=\"has-text-align-center\" data-align=\"center\"><sub><strong>FESTIVO<\/strong><\/sub><\/td><td class=\"has-text-align-center\" data-align=\"center\"><sub>Hedatze comunitario [profesiones*]<\/sub><\/td><td class=\"has-text-align-center\" data-align=\"center\"><sub>Hedatze acad\u00e9mico<br>[reflexi\u00f3n]<\/sub><\/td><td class=\"has-text-align-center\" data-align=\"center\"><sub>&#8212;&#8212;&#8212;-<\/sub><\/td><td class=\"has-text-align-center\" data-align=\"center\"><sub>&#8212;&#8212;&#8212;-<\/sub><\/td><\/tr><tr><td class=\"has-text-align-center\" data-align=\"center\"><sub><strong>15<\/strong><\/sub><\/td><td class=\"has-text-align-center\" data-align=\"center\"><strong><sub>16<\/sub><\/strong><\/td><td class=\"has-text-align-center\" data-align=\"center\"><sub><strong>17<\/strong><\/sub><\/td><td class=\"has-text-align-center\" data-align=\"center\"><sub><strong>18<\/strong><\/sub><\/td><td class=\"has-text-align-center\" data-align=\"center\"><sub><strong>19<\/strong><\/sub><\/td><\/tr><tr><td class=\"has-text-align-center\" data-align=\"center\"><sub>Hedatze comunitario [profesiones*]<\/sub><\/td><td class=\"has-text-align-center\" data-align=\"center\"><sub>Hedatze comunitario [profesiones*]<\/sub><\/td><td class=\"has-text-align-center\" data-align=\"center\"><sub>Hedatze acad\u00e9mico<br>[reflexi\u00f3n]<\/sub><\/td><td class=\"has-text-align-center\" data-align=\"center\"><sub>&#8212;&#8212;&#8212;-<\/sub><\/td><td class=\"has-text-align-center\" data-align=\"center\"><sub>&#8212;&#8212;&#8212;-<\/sub><\/td><\/tr><\/tbody><\/table><figcaption class=\"wp-element-caption\"><sub>* las y los ponentes ser\u00e1n una enfermera, un abogado, un ingeniero civil, una arquitecta y un gerente<\/sub><\/figcaption><\/figure>\n\n\n\n<div style=\"height:50px\" aria-hidden=\"true\" id=\"urtarrilazuriunea\" class=\"wp-block-spacer\"><\/div>\n\n\n\n<hr class=\"wp-block-separator has-alpha-channel-opacity\"\/>\n\n\n\n<h2 class=\"wp-block-heading has-text-align-center has-medium-font-size\"><strong>Enero<\/strong><\/h2>\n\n\n\n<hr class=\"wp-block-separator has-alpha-channel-opacity\"\/>\n\n\n\n<figure class=\"wp-block-table is-style-regular\"><table><thead><tr><th class=\"has-text-align-center\" data-align=\"center\"><sub>Lunes<\/sub><\/th><th class=\"has-text-align-center\" data-align=\"center\"><sub>Martes<\/sub><\/th><th class=\"has-text-align-center\" data-align=\"center\"><sub>Mi\u00e9rcoles<\/sub><\/th><th class=\"has-text-align-center\" data-align=\"center\"><sub>Jueves<\/sub><\/th><th class=\"has-text-align-center\" data-align=\"center\"><sub>Viernes<\/sub><\/th><\/tr><\/thead><tbody><tr><td class=\"has-text-align-center\" data-align=\"center\"><sub><strong><mark style=\"background-color:rgba(0, 0, 0, 0)\" class=\"has-inline-color has-black-color\">1<\/mark>2<\/strong><\/sub><\/td><td class=\"has-text-align-center\" data-align=\"center\"><sub><strong>13<\/strong><\/sub><\/td><td class=\"has-text-align-center\" data-align=\"center\"><sub><strong>14<\/strong><\/sub><\/td><td class=\"has-text-align-center\" data-align=\"center\"><sub><strong>15<\/strong><\/sub><\/td><td class=\"has-text-align-center\" data-align=\"center\"><sub><strong>16<\/strong><\/sub><\/td><\/tr><tr><td class=\"has-text-align-center\" data-align=\"center\"><sub>Hedatze comunitario [profesiones*]<\/sub><\/td><td class=\"has-text-align-center\" data-align=\"center\"><sub>Hedatze comunitario [profesiones*]<\/sub><\/td><td class=\"has-text-align-center\" data-align=\"center\"><sub>Hedatze acad\u00e9mico<br>[reflexi\u00f3n]<\/sub><\/td><td class=\"has-text-align-center\" data-align=\"center\"><sub>&#8212;&#8212;&#8212;-<\/sub><\/td><td class=\"has-text-align-center\" data-align=\"center\"><sub>&#8212;&#8212;&#8212;-<\/sub><\/td><\/tr><tr><td class=\"has-text-align-center\" data-align=\"center\"><strong><sub>19<\/sub><\/strong><\/td><td class=\"has-text-align-center\" data-align=\"center\"><sub><strong>20<\/strong><\/sub><\/td><td class=\"has-text-align-center\" data-align=\"center\"><sub><strong>21<\/strong><\/sub><\/td><td class=\"has-text-align-center\" data-align=\"center\"><sub><strong>22<\/strong><\/sub><\/td><td class=\"has-text-align-center\" data-align=\"center\"><sub><strong>23<\/strong><\/sub><\/td><\/tr><tr><td class=\"has-text-align-center\" data-align=\"center\"><sub>Hedatze acad\u00e9mico<br>[ciencias]<\/sub><\/td><td class=\"has-text-align-center\" data-align=\"center\"><sub>Hedatze acad\u00e9mico<br>[letras]<\/sub><\/td><td class=\"has-text-align-center\" data-align=\"center\"><sub>Hedatze acad\u00e9mico<br>[reflexi\u00f3n Y asignaturas pendientes]<\/sub><\/td><td class=\"has-text-align-center\" data-align=\"center\"><sub>&#8212;&#8212;&#8212;-<\/sub><\/td><td class=\"has-text-align-center\" data-align=\"center\"><sub>&#8212;&#8212;&#8212;-<\/sub><\/td><\/tr><tr><td class=\"has-text-align-center\" data-align=\"center\"><sub><strong>26<\/strong><\/sub><\/td><td class=\"has-text-align-center\" data-align=\"center\"><strong><sub>27<\/sub><\/strong><\/td><td class=\"has-text-align-center\" data-align=\"center\"><sub><strong>28<\/strong><\/sub><\/td><td class=\"has-text-align-center\" data-align=\"center\"><sub><strong>29<\/strong><\/sub><\/td><td class=\"has-text-align-center\" data-align=\"center\"><sub><strong>30<\/strong><\/sub><\/td><\/tr><tr><td class=\"has-text-align-center\" data-align=\"center\"><sub>Hedatze comunitario [profesiones*]<\/sub><\/td><td class=\"has-text-align-center\" data-align=\"center\"><sub>Hedatze comunitario [profesiones*]<\/sub><\/td><td class=\"has-text-align-center\" data-align=\"center\"><sub>Hedatze acad\u00e9mico<br>[reflexi\u00f3n]<\/sub><\/td><td class=\"has-text-align-center\" data-align=\"center\"><sub>&#8212;&#8212;&#8212;-<\/sub><\/td><td class=\"has-text-align-center\" data-align=\"center\"><sub>&#8212;&#8212;&#8212;-<\/sub><\/td><\/tr><\/tbody><\/table><figcaption class=\"wp-element-caption\"><sub>* las y los ponentes ser\u00e1n una enfermera, un abogado, un ingeniero civil, una arquitecta y un gerente<\/sub><\/figcaption><\/figure>\n\n\n\n<div style=\"height:50px\" aria-hidden=\"true\" id=\"otsailazuriunea\" class=\"wp-block-spacer\"><\/div>\n\n\n\n<hr class=\"wp-block-separator has-alpha-channel-opacity\"\/>\n\n\n\n<h2 class=\"wp-block-heading has-text-align-center has-medium-font-size\"><strong>Febrero<\/strong><\/h2>\n\n\n\n<hr class=\"wp-block-separator has-alpha-channel-opacity\"\/>\n\n\n\n<figure class=\"wp-block-table is-style-regular\"><table><thead><tr><th class=\"has-text-align-center\" data-align=\"center\"><sub>Lunes<\/sub><\/th><th class=\"has-text-align-center\" data-align=\"center\"><sub>Martes<\/sub><\/th><th class=\"has-text-align-center\" data-align=\"center\"><sub>Mi\u00e9rcoles<\/sub><\/th><th class=\"has-text-align-center\" data-align=\"center\"><sub>Jueves<\/sub><\/th><th class=\"has-text-align-center\" data-align=\"center\"><sub>Viernes<\/sub><\/th><\/tr><\/thead><tbody><tr><td class=\"has-text-align-center\" data-align=\"center\"><sub><strong>2<\/strong><\/sub><\/td><td class=\"has-text-align-center\" data-align=\"center\"><sub><strong>3<\/strong><\/sub><\/td><td class=\"has-text-align-center\" data-align=\"center\"><sub><strong>4<\/strong><\/sub><\/td><td class=\"has-text-align-center\" data-align=\"center\"><sub><strong>5<\/strong><\/sub><\/td><td class=\"has-text-align-center\" data-align=\"center\"><sub><strong>6<\/strong><\/sub><\/td><\/tr><tr><td class=\"has-text-align-center\" data-align=\"center\"><sub>Hedatze acad\u00e9mico<br>[ciencias]<\/sub><\/td><td class=\"has-text-align-center\" data-align=\"center\"><sub>Hedatze acad\u00e9mico<br>[letras]<\/sub><\/td><td class=\"has-text-align-center\" data-align=\"center\"><sub>Hedatze acad\u00e9mico<br>[reflexi\u00f3n Y asignaturas pendientes]<\/sub><\/td><td class=\"has-text-align-center\" data-align=\"center\"><sub>&#8212;&#8212;&#8212;-<\/sub><\/td><td class=\"has-text-align-center\" data-align=\"center\"><sub>&#8212;&#8212;&#8212;-<\/sub><\/td><\/tr><tr><td class=\"has-text-align-center\" data-align=\"center\"><strong><sub>9<\/sub><\/strong><\/td><td class=\"has-text-align-center\" data-align=\"center\"><sub><strong>10<\/strong><\/sub><\/td><td class=\"has-text-align-center\" data-align=\"center\"><sub><strong>11<\/strong><\/sub><\/td><td class=\"has-text-align-center\" data-align=\"center\"><sub><strong>12<\/strong><\/sub><\/td><td class=\"has-text-align-center\" data-align=\"center\"><sub><strong>13<\/strong><\/sub><\/td><\/tr><tr><td class=\"has-text-align-center\" data-align=\"center\"><sub>Hedatze comunitario [profesiones*]<\/sub><\/td><td class=\"has-text-align-center\" data-align=\"center\"><sub>Hedatze comunitario [profesiones*]<\/sub><\/td><td class=\"has-text-align-center\" data-align=\"center\"><sub>Hedatze acad\u00e9mico<br>[reflexi\u00f3n]<\/sub><\/td><td class=\"has-text-align-center\" data-align=\"center\"><sub>&#8212;&#8212;&#8212;-<\/sub><\/td><td class=\"has-text-align-center\" data-align=\"center\"><sub>&#8212;&#8212;&#8212;-<\/sub><\/td><\/tr><tr><td class=\"has-text-align-center\" data-align=\"center\"><sub><strong>16<\/strong><\/sub><\/td><td class=\"has-text-align-center\" data-align=\"center\"><strong><sub>17<\/sub><\/strong><\/td><td class=\"has-text-align-center\" data-align=\"center\"><sub><strong>18<\/strong><\/sub><\/td><td class=\"has-text-align-center\" data-align=\"center\"><sub><strong>19<\/strong><\/sub><\/td><td class=\"has-text-align-center\" data-align=\"center\"><sub><strong>20<\/strong><\/sub><\/td><\/tr><tr><td class=\"has-text-align-center\" data-align=\"center\"><sub><strong>FESTIVO<\/strong><\/sub><\/td><td class=\"has-text-align-center\" data-align=\"center\"><sub><strong>FESTIVO<\/strong><\/sub><\/td><td class=\"has-text-align-center\" data-align=\"center\"><sub>Hedatze acad\u00e9mico<br>[reflexi\u00f3n]<\/sub><\/td><td class=\"has-text-align-center\" data-align=\"center\"><sub>&#8212;&#8212;&#8212;-<\/sub><\/td><td class=\"has-text-align-center\" data-align=\"center\"><sub>&#8212;&#8212;&#8212;-<\/sub><\/td><\/tr><tr><td class=\"has-text-align-center\" data-align=\"center\"><sub><strong>23<\/strong><\/sub><\/td><td class=\"has-text-align-center\" data-align=\"center\"><sub><strong>24<\/strong><\/sub><\/td><td class=\"has-text-align-center\" data-align=\"center\"><sub><strong>25<\/strong><\/sub><\/td><td class=\"has-text-align-center\" data-align=\"center\"><sub><strong>26<\/strong><\/sub><\/td><td class=\"has-text-align-center\" data-align=\"center\"><strong><sub>27<\/sub><\/strong><\/td><\/tr><tr><td class=\"has-text-align-center\" data-align=\"center\"><sub>Hedatze comunitario [profesiones*]<\/sub><\/td><td class=\"has-text-align-center\" data-align=\"center\"><sub>Hedatze comunitario [profesiones*]<\/sub><\/td><td class=\"has-text-align-center\" data-align=\"center\"><sub>Hedatze acad\u00e9mico<br>[reflexi\u00f3n]<\/sub><\/td><td class=\"has-text-align-center\" data-align=\"center\"><sub>&#8212;&#8212;&#8212;-<\/sub><\/td><td class=\"has-text-align-center\" data-align=\"center\"><sub>&#8212;&#8212;&#8212;-<\/sub><\/td><\/tr><\/tbody><\/table><figcaption class=\"wp-element-caption\"><sub>* las y los ponentes ser\u00e1n una enfermera, un abogado, un ingeniero civil, una arquitecta y un gerente<\/sub><\/figcaption><\/figure>\n","protected":false},"excerpt":{"rendered":"<p>Diciembre Lunes Martes Mi\u00e9rcoles Jueves Viernes 1 2 3 4 5 Hedatze acad\u00e9mico[ciencias] Hedatze acad\u00e9mico[letras] Hedatze acad\u00e9mico[reflexi\u00f3n] &#8212;&#8212;&#8212;- &#8212;&#8212;&#8212;- 8 9 10 11 12 FESTIVO Hedatze comunitario [profesiones*] Hedatze acad\u00e9mico[reflexi\u00f3n] &#8212;&#8212;&#8212;- &#8212;&#8212;&#8212;- 15 16 17 18 19 Hedatze comunitario [profesiones*] Hedatze comunitario [profesiones*] Hedatze acad\u00e9mico[reflexi\u00f3n] &#8212;&#8212;&#8212;- &#8212;&#8212;&#8212;- * las y los ponentes ser\u00e1n una enfermera, &hellip; <a href=\"https:\/\/oreretaikastola.eus\/es\/familias\/programa-hedatze-2025-26-oferta-de-la-2a-evaluacion\/\">Continued<\/a><\/p>\n","protected":false},"author":2,"featured_media":0,"parent":3047,"menu_order":0,"comment_status":"closed","ping_status":"closed","template":"","meta":[],"acf":[],"_links":{"self":[{"href":"https:\/\/oreretaikastola.eus\/es\/wp-json\/wp\/v2\/pages\/76489"}],"collection":[{"href":"https:\/\/oreretaikastola.eus\/es\/wp-json\/wp\/v2\/pages"}],"about":[{"href":"https:\/\/oreretaikastola.eus\/es\/wp-json\/wp\/v2\/types\/page"}],"author":[{"embeddable":true,"href":"https:\/\/oreretaikastola.eus\/es\/wp-json\/wp\/v2\/users\/2"}],"replies":[{"embeddable":true,"href":"https:\/\/oreretaikastola.eus\/es\/wp-json\/wp\/v2\/comments?post=76489"}],"version-history":[{"count":55,"href":"https:\/\/oreretaikastola.eus\/es\/wp-json\/wp\/v2\/pages\/76489\/revisions"}],"predecessor-version":[{"id":76589,"href":"https:\/\/oreretaikastola.eus\/es\/wp-json\/wp\/v2\/pages\/76489\/revisions\/76589"}],"up":[{"embeddable":true,"href":"https:\/\/oreretaikastola.eus\/es\/wp-json\/wp\/v2\/pages\/3047"}],"wp:attachment":[{"href":"https:\/\/oreretaikastola.eus\/es\/wp-json\/wp\/v2\/media?parent=76489"}],"curies":[{"name":"wp","href":"https:\/\/api.w.org\/{rel}","templated":true}]}}