{"id":76204,"date":"2025-10-19T22:43:06","date_gmt":"2025-10-19T21:43:06","guid":{"rendered":"https:\/\/oreretaikastola.eus\/familias\/dbhko-proba-ebaluagarrien-berrikuspena-kopia-eskaera-eta-barne-erreklamazioaren-prozedura\/"},"modified":"2025-11-25T15:40:15","modified_gmt":"2025-11-25T14:40:15","slug":"procedimento-de-solicitud-de-revision-y-copias-de-las-pruebas-evaluables-y-reclamaciones-internas-de-dbh","status":"publish","type":"page","link":"https:\/\/oreretaikastola.eus\/es\/familias\/procedimento-de-solicitud-de-revision-y-copias-de-las-pruebas-evaluables-y-reclamaciones-internas-de-dbh\/","title":{"rendered":"Procedimento de solicitud de revisi\u00f3n y copias de las pruebas evaluables, y reclamaciones internas de DBH"},"content":{"rendered":"\n<div style=\"height:50px\" aria-hidden=\"true\" class=\"wp-block-spacer\"><\/div>\n\n\n\n<div class=\"wp-block-group has-white-background-color has-background is-content-justification-center is-layout-flex wp-container-2 wp-block-group-is-layout-flex wp-container-3 is-position-sticky\" style=\"padding-top:var(--wp--preset--spacing--30);padding-bottom:var(--wp--preset--spacing--30)\">\n<div class=\"wp-block-buttons is-layout-flex wp-block-buttons-is-layout-flex\">\n<div class=\"wp-block-button has-custom-font-size is-style-outline\" style=\"font-size:18px\"><a class=\"wp-block-button__link wp-element-button\" href=\"#berrikuspenak\" style=\"border-radius:0px\">Solicitud revisi\u00f3n<\/a><\/div>\n\n\n\n<div class=\"wp-block-button has-custom-font-size is-style-outline\" style=\"font-size:18px\"><a class=\"wp-block-button__link wp-element-button\" href=\"#kopiak\" style=\"border-radius:0px\">Solicitud copia<\/a><\/div>\n\n\n\n<div class=\"wp-block-button has-custom-font-size is-style-outline\" style=\"font-size:18px\"><a class=\"wp-block-button__link wp-element-button\" href=\"#erreklamazioak\" style=\"border-radius:0px\">Solicitud reclamaci\u00f3n<\/a><\/div>\n<\/div>\n<\/div>\n\n\n\n<div style=\"height:50px\" aria-hidden=\"true\" id=\"berrikuspenak\" class=\"wp-block-spacer\"><\/div>\n\n\n\n<div class=\"wp-block-columns is-layout-flex wp-container-8 wp-block-columns-is-layout-flex\">\n<div class=\"wp-block-column is-layout-flow wp-block-column-is-layout-flow\" style=\"flex-basis:33.33%\">\n<div style=\"height:15px\" aria-hidden=\"true\" class=\"wp-block-spacer\"><\/div>\n\n\n\n<div class=\"wp-block-cover alignleft is-light has-custom-content-position is-position-top-left\" style=\"margin-bottom:var(--wp--preset--spacing--40);min-height:50px\"><span aria-hidden=\"true\" class=\"wp-block-cover__background has-background-dim-100 has-background-dim\" style=\"background-color:#f7f7fc\"><\/span><div class=\"wp-block-cover__inner-container is-layout-constrained wp-container-5 wp-block-cover-is-layout-constrained\">\n<h4 class=\"wp-block-heading has-text-align-left\"><strong>Procedimiento de solicitud de revisi\u00f3n<\/strong><\/h4>\n\n\n\n<div style=\"height:10px\" aria-hidden=\"true\" class=\"wp-block-spacer\"><\/div>\n\n\n\n<div class=\"wp-block-buttons is-layout-flex wp-block-buttons-is-layout-flex\">\n<div class=\"wp-block-button has-custom-font-size is-style-fill has-small-font-size\"><a class=\"wp-block-button__link has-white-color has-text-color has-background wp-element-button\" href=\"https:\/\/oreretaikastola.eus\/familiak\/dbh-proba-ebaluagarriak-berrikusteko-eta-eskatzeko-inprimakia\/\" style=\"border-radius:10px;background-color:#a91836\">Solicitar revisi\u00f3n de pruebas<\/a><\/div>\n<\/div>\n\n\n\n<div style=\"height:205px\" aria-hidden=\"true\" class=\"wp-block-spacer\"><\/div>\n<\/div><\/div>\n<\/div>\n\n\n\n<div class=\"wp-block-column is-layout-flow wp-block-column-is-layout-flow\" style=\"flex-basis:66.66%\">\n<figure class=\"wp-block-table is-style-regular\"><table><tbody><tr><td>\u00b7 <strong>\u00bfQui\u00e9n?<\/strong> Los alumnos y alumnas o sus representantes legales (padres, madres o tutores legales)<br><br>\u00b7 <strong>\u00bfC\u00f3mo?<\/strong> <a href=\"https:\/\/oreretaikastola.eus\/familiak\/dbh-proba-ebaluagarriak-berrikusteko-eta-eskatzeko-inprimakia\/\">Rellenando este formulario<\/a>. Se debe realizar una solicitud por alumno o alumna (en el caso de cada alumno o alumna, las revisiones de todas las pruebas de todas las asignaturas que correspondan se solicitar\u00e1n en un \u00fanico formulario).<br><br>\u00b7 <strong>\u00bfCu\u00e1ndo?<\/strong> En los dos d\u00edas lectivos siguientes a la publicaci\u00f3n de las notas en Inika. Una vez transcurrido este plazo el tutor o tutora se pondr\u00e1 en contacto con el o la solicitante para concretar fecha, lugar y hora.<\/td><\/tr><\/tbody><\/table><\/figure>\n<\/div>\n<\/div>\n\n\n\n<div style=\"height:50px\" aria-hidden=\"true\" id=\"kopiak\" class=\"wp-block-spacer\"><\/div>\n\n\n\n<div class=\"wp-block-columns is-layout-flex wp-container-13 wp-block-columns-is-layout-flex\">\n<div class=\"wp-block-column is-layout-flow wp-block-column-is-layout-flow\" style=\"flex-basis:33.33%\">\n<div style=\"height:15px\" aria-hidden=\"true\" class=\"wp-block-spacer\"><\/div>\n\n\n\n<div class=\"wp-block-cover alignleft is-light has-custom-content-position is-position-top-left\" style=\"margin-bottom:var(--wp--preset--spacing--40);min-height:50px\"><span aria-hidden=\"true\" class=\"wp-block-cover__background has-background-dim-100 has-background-dim\" style=\"background-color:#f7f7fc\"><\/span><div class=\"wp-block-cover__inner-container is-layout-constrained wp-container-10 wp-block-cover-is-layout-constrained\">\n<h4 class=\"wp-block-heading has-text-align-left\"><strong><strong>Procedimiento de solicitud de copias<\/strong><\/strong><\/h4>\n\n\n\n<div style=\"height:10px\" aria-hidden=\"true\" class=\"wp-block-spacer\"><\/div>\n\n\n\n<div style=\"height:10px\" aria-hidden=\"true\" class=\"wp-block-spacer\"><\/div>\n\n\n\n<div class=\"wp-block-buttons is-layout-flex wp-block-buttons-is-layout-flex\">\n<div class=\"wp-block-button has-custom-font-size is-style-fill has-small-font-size\"><a class=\"wp-block-button__link has-white-color has-text-color has-background wp-element-button\" href=\"https:\/\/oreretaikastola.eus\/familiak\/dbh-proba-ebaluagarriak-berrikusteko-eta-eskatzeko-inprimakia\/\" style=\"border-radius:10px;background-color:#a91836\">Solicitar copias de pruebas<\/a><\/div>\n<\/div>\n\n\n\n<div style=\"height:755px\" aria-hidden=\"true\" class=\"wp-block-spacer\"><\/div>\n<\/div><\/div>\n<\/div>\n\n\n\n<div class=\"wp-block-column is-layout-flow wp-block-column-is-layout-flow\" style=\"flex-basis:66.66%\">\n<figure class=\"wp-block-table is-style-regular\"><table class=\"has-white-background-color has-background\"><tbody><tr><td>PROCEDIMIENTO DE SOLICITUD<br>********************************<br><br>\u00b7 <strong>\u00bfQui\u00e9n?<\/strong> Los padres, madres o tutores legales del alumno o alumna (el alumnado no puede realizar esta solicitud)<br><br>\u00b7 <strong>\u00bfC\u00f3mo?<\/strong> <a href=\"https:\/\/oreretaikastola.eus\/familiak\/dbh-proba-ebaluagarriak-berrikusteko-eta-eskatzeko-inprimakia\/\">Rellenando este formulario<\/a>. Se debe realizar una solicitud por alumno o alumna (en el caso de cada alumno o alumna, las copias de todas las pruebas de todas las asignaturas que correspondan se solicitar\u00e1n en un \u00fanico formulario). En la solicitud se debe realizar una petici\u00f3n justificada y concreta, no se pueden realizar peticiones generales.<br><br>\u00b7 <strong>\u00bfCu\u00e1ndo?<\/strong> En los dos d\u00edas lectivos siguientes a la publicaci\u00f3n de las notas en Inika.<br><br>PROCEDIMIENTO DE RECOGIDA<br>********************************<br><br>\u00b7 <strong>\u00bfQui\u00e9n?<\/strong> La persona que ha realizado la solicitud<br><br>\u00b7 <strong>\u00bfC\u00f3mo?<\/strong> En la direcci\u00f3n de etapa, firmando la hoja de haber recibido las copias solicitadas.<br><br>\u00b7<strong> \u00bfCu\u00e1ndo?<\/strong> Una vez realizada la solicitud, pasados cinco d\u00edas lectivos.<br><br>\u00b7 <strong>Nota importante<\/strong>: La autor\u00eda intelectual de las pruebas es del profesorado que las ha dise\u00f1ado, por lo que no se podr\u00e1n entregar dichas copias a terceras personas ni podr\u00e1n salir del \u00e1mbito de la unidad familiar de quienes las soliciten. Firmada la solicitud y recibidas las pruebas, el firmante acepta este punto del reglamento.<\/td><\/tr><\/tbody><\/table><\/figure>\n<\/div>\n<\/div>\n\n\n\n<div style=\"height:50px\" aria-hidden=\"true\" id=\"erreklamazioak\" class=\"wp-block-spacer\"><\/div>\n\n\n\n<div class=\"wp-block-columns is-layout-flex wp-container-17 wp-block-columns-is-layout-flex\">\n<div class=\"wp-block-column is-layout-flow wp-block-column-is-layout-flow\" style=\"flex-basis:33.33%\">\n<div style=\"height:15px\" aria-hidden=\"true\" class=\"wp-block-spacer\"><\/div>\n\n\n\n<div class=\"wp-block-cover alignleft is-light has-custom-content-position is-position-top-left\" style=\"margin-bottom:var(--wp--preset--spacing--40);min-height:50px\"><span aria-hidden=\"true\" class=\"wp-block-cover__background has-background-dim-100 has-background-dim\" style=\"background-color:#f7f7fc\"><\/span><div class=\"wp-block-cover__inner-container is-layout-constrained wp-container-14 wp-block-cover-is-layout-constrained\">\n<h4 class=\"wp-block-heading has-text-align-left\"><strong><strong>Procedimiento de reclamaciones<\/strong><\/strong><\/h4>\n\n\n\n<div style=\"height:1000px\" aria-hidden=\"true\" class=\"wp-block-spacer\"><\/div>\n<\/div><\/div>\n<\/div>\n\n\n\n<div class=\"wp-block-column is-layout-flow wp-block-column-is-layout-flow\" style=\"flex-basis:66.66%\">\n<figure class=\"wp-block-table is-style-regular\"><table><tbody><tr><td>PROCEDIMIENTO DE RECLAMACIONES INTERNAS CONTRA CALIFICACIONES FINALES<br>********************************<br><br>\u00b7 <strong>\u00bfQui\u00e9n?<\/strong> Los padres, madres o tutores legales<br><br>\u00b7 <strong>\u00bfC\u00f3mo?<\/strong> Mediante escrito razonado dirigido a la direcci\u00f3n de la Ikastola, por <a rel=\"noreferrer noopener\" href=\"mailto:zuzped@oreretaikastola.eus\" target=\"_blank\">e-mail<\/a>.<br><br>\u00b7 <strong>\u00bfCu\u00e1ndo?<\/strong> En el plazo de dos d\u00edas h\u00e1biles desde la notificaci\u00f3n de las calificaciones por INIKA.<br><br>Se celebrar\u00e1 una reuni\u00f3n extraordinaria para debatir sobre la evaluaci\u00f3n y calificaci\u00f3n, y la propuesta de resoluci\u00f3n se recoger\u00e1 en un informe. Finalizado el plazo de reclamaci\u00f3n, el informe se remitir\u00e1 al director pedag\u00f3gico en el plazo de dos d\u00edas. Se informar\u00e1 de dicho informe a la persona reclamante en el plazo de un d\u00eda.<br><br>PROCEDIMIENTO DE RECLAMACIONES INTERNAS CONTRA DECISI\u00d3N SOBRE PROMOCI\u00d3N U OBTENCI\u00d3N DE TITULACI\u00d3N<br>********************************<br><br>\u00b7 <strong>\u00bfQui\u00e9n?<\/strong> Los padres, madres o tutores legales<br><br>\u00b7 <strong>\u00bfC\u00f3mo?<\/strong> Mediante escrito razonado dirigido a la direcci\u00f3n de la Ikastola, por <a rel=\"noreferrer noopener\" href=\"mailto:zuzped@oreretaikastola.eus\" target=\"_blank\">e-mail<\/a>.<br><br>\u00b7 <strong>\u00bfCu\u00e1ndo?<\/strong> En el plazo de dos d\u00edas h\u00e1biles desde la notificaci\u00f3n por escrito del acuerdo de no promoci\u00f3n o de no obtenci\u00f3n de titulaci\u00f3n.<br><br>El director pedag\u00f3gico trasladar\u00e1 la solicitud al tutor o tutora correspondiente. Este \u00faltimo o \u00faltima convocar\u00e1 al equipo docente a una reuni\u00f3n extraordinaria y con la decisi\u00f3n final elaborar\u00e1 un informe razonado. Finalizado el plazo de reclamaci\u00f3n, el informe se remitir\u00e1 al director pedag\u00f3gico en el plazo de dos d\u00edas. Se informar\u00e1 de dicho informe a la persona reclamante en el plazo de un d\u00eda.<\/td><\/tr><\/tbody><\/table><\/figure>\n<\/div>\n<\/div>\n","protected":false},"excerpt":{"rendered":"<p>\u00b7 \u00bfQui\u00e9n? Los alumnos y alumnas o sus representantes legales (padres, madres o tutores legales) \u00b7 \u00bfC\u00f3mo? Rellenando este formulario. Se debe realizar una solicitud por alumno o alumna (en el caso de cada alumno o alumna, las revisiones de todas las pruebas de todas las asignaturas que correspondan se solicitar\u00e1n en un \u00fanico formulario). &hellip; <a href=\"https:\/\/oreretaikastola.eus\/es\/familias\/procedimento-de-solicitud-de-revision-y-copias-de-las-pruebas-evaluables-y-reclamaciones-internas-de-dbh\/\">Continued<\/a><\/p>\n","protected":false},"author":2,"featured_media":0,"parent":3047,"menu_order":0,"comment_status":"closed","ping_status":"closed","template":"","meta":[],"acf":[],"_links":{"self":[{"href":"https:\/\/oreretaikastola.eus\/es\/wp-json\/wp\/v2\/pages\/76204"}],"collection":[{"href":"https:\/\/oreretaikastola.eus\/es\/wp-json\/wp\/v2\/pages"}],"about":[{"href":"https:\/\/oreretaikastola.eus\/es\/wp-json\/wp\/v2\/types\/page"}],"author":[{"embeddable":true,"href":"https:\/\/oreretaikastola.eus\/es\/wp-json\/wp\/v2\/users\/2"}],"replies":[{"embeddable":true,"href":"https:\/\/oreretaikastola.eus\/es\/wp-json\/wp\/v2\/comments?post=76204"}],"version-history":[{"count":15,"href":"https:\/\/oreretaikastola.eus\/es\/wp-json\/wp\/v2\/pages\/76204\/revisions"}],"predecessor-version":[{"id":76598,"href":"https:\/\/oreretaikastola.eus\/es\/wp-json\/wp\/v2\/pages\/76204\/revisions\/76598"}],"up":[{"embeddable":true,"href":"https:\/\/oreretaikastola.eus\/es\/wp-json\/wp\/v2\/pages\/3047"}],"wp:attachment":[{"href":"https:\/\/oreretaikastola.eus\/es\/wp-json\/wp\/v2\/media?parent=76204"}],"curies":[{"name":"wp","href":"https:\/\/api.w.org\/{rel}","templated":true}]}}