{"id":73573,"date":"2025-07-11T10:40:04","date_gmt":"2025-07-11T09:40:04","guid":{"rendered":"https:\/\/oreretaikastola.eus\/ikastolako-baso-eskola-orokorra\/"},"modified":"2025-07-11T10:45:45","modified_gmt":"2025-07-11T09:45:45","slug":"escuela-bosque-de-la-ikastola-general","status":"publish","type":"page","link":"https:\/\/oreretaikastola.eus\/es\/escuela-bosque-de-la-ikastola-general\/","title":{"rendered":"Escuela bosque de la Ikastola"},"content":{"rendered":"<div\nclass=\"orbit\"\nrole=\"region\"\naria-label=\"\"\ndata-orbit\ndata-options=\"pauseOnHover:false; animInFromLeft:fade-in; animInFromRight:fade-in; animOutToLeft:fade-out; animOutToRight:fade-out;\"\ndata-auto-play=\"true\"\ndata-use-m-u-i=\"true\"\n>\n\n  <div class=\"orbit-wrapper\">\n    <ul class=\"orbit-container slider-header fullwidth\">\n      <li class=\"is-active orbit-slide\" style=\"background-image:url(\/app\/uploads\/2020\/11\/Orereta-Ikastola_baso-eskola-orokorra-1-scaled.jpg);\">\n        <figcaption class=\"orbit-caption\">\n           <h1>Baso eskola de A\u00f1abitarte<\/h1>            <h4>Cuando el bosque se convierte en aula&#8230;<\/h4>         <\/figcaption>\n      <\/li>\n    <\/ul>\n  <\/div>\n\n<\/div>\n\n\n\n<p>Con el apoyo y asesoramiento del equipo de <a href=\"https:\/\/www.ekogunea.eus\/es\/\">Kutxa Ekogunea<\/a>, la<strong> bosque escuela de Orereta Ikastola<\/strong> se puso en marcha en el curso 2020-21, siendo, en este momento, un recurso educativo dirigido principalmente a ni\u00f1os y ni\u00f1as de entre 3 y 8 a\u00f1os.<\/p>\n\n\n\n<p><strong>M\u00e1s all\u00e1 de trasladar la naturaleza al aula o abrir el aula a la naturaleza, el propio bosque se convierte en aula<\/strong>, con sus rutinas, normas y contenidos. Estos \u00faltimos <strong>est\u00e1n basados en el curr\u00edculo oficial, siendo la propia naturaleza el recurso did\u00e1ctico m\u00e1s importante<\/strong>. Adem\u00e1s, la interacci\u00f3n entre la o el ni\u00f1o y la naturaleza favorece el desarrollo integral del alumnado. Todo ello se alinea perfectamente con el <a href=\"\/app\/uploads\/2020\/10\/Orereta-Ikastola_perfil-de-salida-alumnado.jpg\">perfil de salida del alumnado de la Ikastola<\/a>.<\/p>\n\n\n\n<figure class=\"wp-block-embed is-type-video is-provider-youtube wp-block-embed-youtube wp-embed-aspect-16-9 wp-has-aspect-ratio\"><div class=\"wp-block-embed__wrapper\">\n<div class=\"youtube-embed responsive-embed widescreen\"><iframe loading=\"lazy\" title=\"Orereta Ikastola: hezkuntza-proiektuan integratutako baso-eskola propioa\" width=\"500\" height=\"281\" src=\"https:\/\/www.youtube.com\/embed\/AbfqMydFtVY?feature=oembed\" frameborder=\"0\" allow=\"accelerometer; autoplay; clipboard-write; encrypted-media; gyroscope; picture-in-picture; web-share\" referrerpolicy=\"strict-origin-when-cross-origin\" allowfullscreen><\/iframe><\/div>\n<\/div><\/figure>\n\n\n\n<p><strong>Entzun&nbsp;<a rel=\"noreferrer noopener\" href=\"https:\/\/www.eitb.eus\/eu\/irratia\/euskadi-irratia\/programak\/faktoria\/osoa\/7710419\/baso-eskola-saioak-ugaritu-dira-ikastetxetan-pandemia-garaian-orereta-ikastola\/\" target=\"_blank\">Euskadi Irratiko erreportajea<\/a>.<\/strong><\/p>\n\n\n\n<div style=\"height:50px\" aria-hidden=\"true\" class=\"wp-block-spacer\"><\/div>\n\n\n\n<div class=\"wp-block-cover is-light\"><span aria-hidden=\"true\" class=\"wp-block-cover__background has-background-dim-100 has-background-dim\" style=\"background-color:#f7f7fc\"><\/span><div class=\"wp-block-cover__inner-container is-layout-flow wp-block-cover-is-layout-flow\">\n<p class=\"has-text-align-center has-large-font-size\"><strong><mark style=\"background-color:rgba(0, 0, 0, 0)\" class=\"has-inline-color has-black-color\">Galer\u00eda de fotos<\/mark><\/strong><\/p>\n\n\n\n<div class=\"wp-block-columns is-layout-flex wp-container-4 wp-block-columns-is-layout-flex\">\n<div class=\"wp-block-column is-layout-flow wp-block-column-is-layout-flow\">\n<figure data-tanit-img-width=\"2560\" data-tanit-img-height=\"1707\" class=\"wp-block-image size-large\"><img decoding=\"async\" loading=\"lazy\" width=\"1024\" height=\"683\" src=\"\/app\/uploads\/2020\/12\/Orereta-Ikastola_baso-eskola-7-1024x683.jpg\" alt=\"\" class=\"wp-image-8063\" srcset=\"\/app\/uploads\/2020\/12\/Orereta-Ikastola_baso-eskola-7-1024x683.jpg 1024w, \/app\/uploads\/2020\/12\/Orereta-Ikastola_baso-eskola-7-300x200.jpg 300w, \/app\/uploads\/2020\/12\/Orereta-Ikastola_baso-eskola-7-768x512.jpg 768w, \/app\/uploads\/2020\/12\/Orereta-Ikastola_baso-eskola-7-1536x1024.jpg 1536w, \/app\/uploads\/2020\/12\/Orereta-Ikastola_baso-eskola-7-2048x1365.jpg 2048w, \/app\/uploads\/2020\/12\/Orereta-Ikastola_baso-eskola-7-1320x880.jpg 1320w\" sizes=\"(max-width: 1024px) 100vw, 1024px\" \/><\/figure>\n<\/div>\n\n\n\n<div class=\"wp-block-column is-layout-flow wp-block-column-is-layout-flow\">\n<figure data-tanit-img-width=\"2560\" data-tanit-img-height=\"1707\" class=\"wp-block-image size-large\"><img decoding=\"async\" loading=\"lazy\" width=\"1024\" height=\"683\" src=\"\/app\/uploads\/2021\/01\/ORERETA-MATRIKULAZIOAK-ABENDUA-2020-5-1024x683.jpg\" alt=\"\" class=\"wp-image-8669\" srcset=\"\/app\/uploads\/2021\/01\/ORERETA-MATRIKULAZIOAK-ABENDUA-2020-5-1024x683.jpg 1024w, \/app\/uploads\/2021\/01\/ORERETA-MATRIKULAZIOAK-ABENDUA-2020-5-300x200.jpg 300w, \/app\/uploads\/2021\/01\/ORERETA-MATRIKULAZIOAK-ABENDUA-2020-5-768x512.jpg 768w, \/app\/uploads\/2021\/01\/ORERETA-MATRIKULAZIOAK-ABENDUA-2020-5-1536x1024.jpg 1536w, \/app\/uploads\/2021\/01\/ORERETA-MATRIKULAZIOAK-ABENDUA-2020-5-2048x1365.jpg 2048w, \/app\/uploads\/2021\/01\/ORERETA-MATRIKULAZIOAK-ABENDUA-2020-5-1320x880.jpg 1320w\" sizes=\"(max-width: 1024px) 100vw, 1024px\" \/><\/figure>\n<\/div>\n\n\n\n<div class=\"wp-block-column is-layout-flow wp-block-column-is-layout-flow\">\n<figure data-tanit-img-width=\"2560\" data-tanit-img-height=\"1707\" class=\"wp-block-image size-large\"><img decoding=\"async\" loading=\"lazy\" width=\"1024\" height=\"683\" src=\"\/app\/uploads\/2021\/01\/ORERETA-MATRIKULAZIOAK-ABENDUA-2020-20-1024x683.jpg\" alt=\"\" class=\"wp-image-8673\" srcset=\"\/app\/uploads\/2021\/01\/ORERETA-MATRIKULAZIOAK-ABENDUA-2020-20-1024x683.jpg 1024w, \/app\/uploads\/2021\/01\/ORERETA-MATRIKULAZIOAK-ABENDUA-2020-20-300x200.jpg 300w, \/app\/uploads\/2021\/01\/ORERETA-MATRIKULAZIOAK-ABENDUA-2020-20-768x512.jpg 768w, \/app\/uploads\/2021\/01\/ORERETA-MATRIKULAZIOAK-ABENDUA-2020-20-1536x1024.jpg 1536w, \/app\/uploads\/2021\/01\/ORERETA-MATRIKULAZIOAK-ABENDUA-2020-20-2048x1365.jpg 2048w, \/app\/uploads\/2021\/01\/ORERETA-MATRIKULAZIOAK-ABENDUA-2020-20-1320x880.jpg 1320w\" sizes=\"(max-width: 1024px) 100vw, 1024px\" \/><\/figure>\n<\/div>\n<\/div>\n\n\n\n<div class=\"wp-block-columns is-layout-flex wp-container-8 wp-block-columns-is-layout-flex\">\n<div class=\"wp-block-column is-layout-flow wp-block-column-is-layout-flow\">\n<figure data-tanit-img-width=\"850\" data-tanit-img-height=\"567\" class=\"wp-block-image size-large\"><img decoding=\"async\" loading=\"lazy\" width=\"850\" height=\"567\" src=\"\/app\/uploads\/2021\/01\/ORERETA-MATRIKULAZIOAK-ABENDUA-2020-4.jpg\" alt=\"\" class=\"wp-image-8677\" srcset=\"\/app\/uploads\/2021\/01\/ORERETA-MATRIKULAZIOAK-ABENDUA-2020-4.jpg 850w, \/app\/uploads\/2021\/01\/ORERETA-MATRIKULAZIOAK-ABENDUA-2020-4-300x200.jpg 300w, \/app\/uploads\/2021\/01\/ORERETA-MATRIKULAZIOAK-ABENDUA-2020-4-768x512.jpg 768w\" sizes=\"(max-width: 850px) 100vw, 850px\" \/><\/figure>\n<\/div>\n\n\n\n<div class=\"wp-block-column is-layout-flow wp-block-column-is-layout-flow\">\n<figure data-tanit-img-width=\"850\" data-tanit-img-height=\"567\" class=\"wp-block-image size-large\"><img decoding=\"async\" loading=\"lazy\" width=\"850\" height=\"567\" src=\"\/app\/uploads\/2021\/01\/ORERETA-MATRIKULAZIOAK-ABENDUA-2020-3.jpg\" alt=\"\" class=\"wp-image-8675\" srcset=\"\/app\/uploads\/2021\/01\/ORERETA-MATRIKULAZIOAK-ABENDUA-2020-3.jpg 850w, \/app\/uploads\/2021\/01\/ORERETA-MATRIKULAZIOAK-ABENDUA-2020-3-300x200.jpg 300w, \/app\/uploads\/2021\/01\/ORERETA-MATRIKULAZIOAK-ABENDUA-2020-3-768x512.jpg 768w\" sizes=\"(max-width: 850px) 100vw, 850px\" \/><\/figure>\n<\/div>\n\n\n\n<div class=\"wp-block-column is-layout-flow wp-block-column-is-layout-flow\">\n<figure data-tanit-img-width=\"2560\" data-tanit-img-height=\"1707\" class=\"wp-block-image size-large\"><img decoding=\"async\" loading=\"lazy\" width=\"1024\" height=\"683\" src=\"\/app\/uploads\/2021\/01\/ORERETA-IKASTOLA-2020-ABENDUA-POSTALA-1-1024x683.jpg\" alt=\"\" class=\"wp-image-8671\" srcset=\"\/app\/uploads\/2021\/01\/ORERETA-IKASTOLA-2020-ABENDUA-POSTALA-1-1024x683.jpg 1024w, \/app\/uploads\/2021\/01\/ORERETA-IKASTOLA-2020-ABENDUA-POSTALA-1-300x200.jpg 300w, \/app\/uploads\/2021\/01\/ORERETA-IKASTOLA-2020-ABENDUA-POSTALA-1-768x512.jpg 768w, \/app\/uploads\/2021\/01\/ORERETA-IKASTOLA-2020-ABENDUA-POSTALA-1-1536x1024.jpg 1536w, \/app\/uploads\/2021\/01\/ORERETA-IKASTOLA-2020-ABENDUA-POSTALA-1-2048x1365.jpg 2048w, \/app\/uploads\/2021\/01\/ORERETA-IKASTOLA-2020-ABENDUA-POSTALA-1-1320x880.jpg 1320w\" sizes=\"(max-width: 1024px) 100vw, 1024px\" \/><\/figure>\n<\/div>\n<\/div>\n\n\n\n<div class=\"wp-block-columns is-layout-flex wp-container-12 wp-block-columns-is-layout-flex\">\n<div class=\"wp-block-column is-layout-flow wp-block-column-is-layout-flow\">\n<figure data-tanit-img-width=\"1600\" data-tanit-img-height=\"1198\" class=\"wp-block-image size-large\"><img decoding=\"async\" loading=\"lazy\" width=\"1024\" height=\"767\" src=\"\/app\/uploads\/2020\/12\/Orereta-Ikastola_baso-eskola-17-1024x767.jpeg\" alt=\"\" class=\"wp-image-7874\" srcset=\"\/app\/uploads\/2020\/12\/Orereta-Ikastola_baso-eskola-17-1024x767.jpeg 1024w, \/app\/uploads\/2020\/12\/Orereta-Ikastola_baso-eskola-17-300x225.jpeg 300w, \/app\/uploads\/2020\/12\/Orereta-Ikastola_baso-eskola-17-768x575.jpeg 768w, \/app\/uploads\/2020\/12\/Orereta-Ikastola_baso-eskola-17-1536x1150.jpeg 1536w, \/app\/uploads\/2020\/12\/Orereta-Ikastola_baso-eskola-17-1320x988.jpeg 1320w, \/app\/uploads\/2020\/12\/Orereta-Ikastola_baso-eskola-17.jpeg 1600w\" sizes=\"(max-width: 1024px) 100vw, 1024px\" \/><\/figure>\n<\/div>\n\n\n\n<div class=\"wp-block-column is-layout-flow wp-block-column-is-layout-flow\">\n<figure data-tanit-img-width=\"2016\" data-tanit-img-height=\"1508\" class=\"wp-block-image size-large\"><img decoding=\"async\" loading=\"lazy\" width=\"1024\" height=\"766\" src=\"\/app\/uploads\/2020\/12\/Orereta-Ikastola_baso-eskola-14-1024x766.jpeg\" alt=\"\" class=\"wp-image-7868\" srcset=\"\/app\/uploads\/2020\/12\/Orereta-Ikastola_baso-eskola-14-1024x766.jpeg 1024w, \/app\/uploads\/2020\/12\/Orereta-Ikastola_baso-eskola-14-300x224.jpeg 300w, \/app\/uploads\/2020\/12\/Orereta-Ikastola_baso-eskola-14-768x574.jpeg 768w, \/app\/uploads\/2020\/12\/Orereta-Ikastola_baso-eskola-14-1536x1149.jpeg 1536w, \/app\/uploads\/2020\/12\/Orereta-Ikastola_baso-eskola-14-1320x987.jpeg 1320w, \/app\/uploads\/2020\/12\/Orereta-Ikastola_baso-eskola-14.jpeg 2016w\" sizes=\"(max-width: 1024px) 100vw, 1024px\" \/><\/figure>\n<\/div>\n\n\n\n<div class=\"wp-block-column is-layout-flow wp-block-column-is-layout-flow\">\n<figure data-tanit-img-width=\"1600\" data-tanit-img-height=\"1198\" class=\"wp-block-image size-large\"><img decoding=\"async\" loading=\"lazy\" width=\"1024\" height=\"767\" src=\"\/app\/uploads\/2021\/01\/Orereta-Ikastola_baso-eskola-7-1024x767.jpg\" alt=\"\" class=\"wp-image-8703\" srcset=\"\/app\/uploads\/2021\/01\/Orereta-Ikastola_baso-eskola-7-1024x767.jpg 1024w, \/app\/uploads\/2021\/01\/Orereta-Ikastola_baso-eskola-7-300x225.jpg 300w, \/app\/uploads\/2021\/01\/Orereta-Ikastola_baso-eskola-7-768x575.jpg 768w, \/app\/uploads\/2021\/01\/Orereta-Ikastola_baso-eskola-7-1536x1150.jpg 1536w, \/app\/uploads\/2021\/01\/Orereta-Ikastola_baso-eskola-7-1320x988.jpg 1320w, \/app\/uploads\/2021\/01\/Orereta-Ikastola_baso-eskola-7.jpg 1600w\" sizes=\"(max-width: 1024px) 100vw, 1024px\" \/><\/figure>\n<\/div>\n<\/div>\n<\/div><\/div>\n\n\n\n<div style=\"height:50px\" aria-hidden=\"true\" class=\"wp-block-spacer\"><\/div>\n\n\n\n<hr class=\"wp-block-separator has-css-opacity\"\/>\n\n\n<div class=\"grid-x grid-margin-x fix-4-down\">\n  <div class=\"cell medium-3 sticky-container show-for-medium\" data-sticky-container>\n    <div class=\"sticky\" data-sticky data-anchor=\"vertical-content\" data-check-every=\"1\" data-resize data-margin-top=\"6\">\n      <ul class=\"menu vertical text-left\" data-offset=\"130\" data-smooth-scroll>\n                  <li class=\"\">\n            <a class=\"v-content-menu-link\" href=\"#0\">\u00bfPor qu\u00e9 la escuela bosque?<\/a>\n          <\/li>\n                  <li class=\"\">\n            <a class=\"v-content-menu-link\" href=\"#1\">Objetivos<\/a>\n          <\/li>\n                  <li class=\"\">\n            <a class=\"v-content-menu-link\" href=\"#2\">Ejes pedag\u00f3gicos<\/a>\n          <\/li>\n                  <li class=\"\">\n            <a class=\"v-content-menu-link\" href=\"#3\">Ventajas de crecer y educarse en el bosque<\/a>\n          <\/li>\n              <\/ul>\n    <\/div>\n  <\/div>\n\n  <div id=\"vertical-content\" class=\"cell medium-9 sections\">\n          <div class=\"v-content fix-2-down\" id=\"0\" data-magellan-target=\"0\">\n        <h3 class=\"museo-b\">\u00bfPor qu\u00e9 la escuela bosque?<\/h3>\n        <p><p><strong>Orereta Ikastola<\/strong> ha apostado por una escuela bosque porque permite desarrollar un nuevo modelo de convivencia con la naturaleza, entre iguales y, sobre todo, con uno mismo. En definitiva, porque permite avanzar en el modelo educativo.<\/p>\n<\/p>\n      <\/div>\n          <div class=\"v-content fix-2-down\" id=\"1\" data-magellan-target=\"1\">\n        <h3 class=\"museo-b\">Objetivos<\/h3>\n        <p><ul>\n<li>Promover el desarrollo integral del ni\u00f1o o ni\u00f1a en contacto directo con la naturaleza y respetando los ritmos del menor.<\/li>\n<li>Fomentar mediante la experimentaci\u00f3n las capacidades, habilidades, conocimientos e inquietudes del alumnado.<\/li>\n<li>A trav\u00e9s del juego libre, descubrir las posibilidades que ofrece el medio natural y aprender a respetar la naturaleza.<\/li>\n<\/ul>\n<\/p>\n      <\/div>\n          <div class=\"v-content fix-2-down\" id=\"2\" data-magellan-target=\"2\">\n        <h3 class=\"museo-b\">Ejes pedag\u00f3gicos<\/h3>\n        <p><p><span style=\"font-weight: 400;\">Considerando a la persona y al ni\u00f1o o ni\u00f1a desde un punto de vista integral, <strong>el proyecto educativo al aire libre de Orereta Ikastola cuenta con tres ejes pedag\u00f3gicos<\/strong>:\u00a0<\/span><\/p>\n<p><b>a) Confianza<\/b><\/p>\n<p>La pedagog\u00eda de la confianza se basa en la capacidad innata de crecimiento del ni\u00f1o o ni\u00f1a (sabidur\u00eda biol\u00f3gica, capacidad creativa&#8230;). Y a su vez, <strong>el aprendizaje basado en la curiosidad innata se basa en las relaciones de confianza<\/strong>. <strong>Un apego seguro proporcionar\u00e1 al menor la seguridad y la autoconfianza<\/strong> necesarias para explorar y conocer su entorno, y crecer como persona.<\/p>\n<p><b>b) Amor, respeto y aprobaci\u00f3n<\/b><\/p>\n<p>Para la autoconfianza del ni\u00f1o o ni\u00f1a es imprescindible el amor y la aceptaci\u00f3n de la persona adulta. <strong>Para que el menor desarrolle su curiosidad por la vida necesita el reconocimiento, el amor y el respeto de las y los adultos.<\/strong><\/p>\n<p><b>c) Visi\u00f3n sist\u00e9mica<\/b><\/p>\n<p><strong>Por naturaleza, la o el ni\u00f1o es una persona social que necesita el reconocimiento del grupo y de la comunidad.<\/strong> Desarrolla su personalidad y car\u00e1cter en relaci\u00f3n al colectivo. Todo ello subraya la importancia del esp\u00edritu de equipo.<\/p>\n<\/p>\n      <\/div>\n          <div class=\"v-content fix-2-down\" id=\"3\" data-magellan-target=\"3\">\n        <h3 class=\"museo-b\">Ventajas de crecer y educarse en el bosque<\/h3>\n        <p><ul>\n<li>Desde el punto de vista pedag\u00f3gico, las posibilidades de logro que ofrece el modelo educativo al aire libre son innegables.<\/li>\n<li>Es una <strong>v\u00eda de conciliaci\u00f3n entre la ciudad y la naturaleza<\/strong>.<\/li>\n<li>Los espacios abiertos permiten al ni\u00f1o o ni\u00f1a <strong>desplegarse f\u00edsica y emocionalmente<\/strong>.<\/li>\n<li>Educarse en la naturaleza permite al ni\u00f1o o ni\u00f1a tener un desarrollo sensorial y unas experiencias satisfactorias y ricas imprescindibles para <strong>trabajar el pensamiento l\u00f3gico<\/strong>.<\/li>\n<li>La <strong>informaci\u00f3n<\/strong> que recibe el ni\u00f1o o ni\u00f1a de la naturaleza es <strong>coherente y consistente<\/strong>; <strong>clara<\/strong>. Y a la vez, <strong>pr\u00f3spera<\/strong>; con muchos matices (por la biolog\u00eda, bot\u00e1nica, climatolog\u00eda, etc.).<\/li>\n<li>Los espacios abiertos estimulan la <strong>motricidad<\/strong> del ni\u00f1o o ni\u00f1a.<\/li>\n<li>La libertad de movimiento que ofrecen los espacios abiertos tiene una influencia clara y directa en las <strong>interacciones entre los miembros del grupo<\/strong>.<\/li>\n<li>Se aprende a <strong>amar la naturaleza<\/strong> de forma muy natural. Se comienza a construir una conciencia de respeto a la naturaleza.<\/li>\n<\/ul>\n<\/p>\n      <\/div>\n      <\/div>\n<\/div>\n\n","protected":false},"excerpt":{"rendered":"<p>Con el apoyo y asesoramiento del equipo de Kutxa Ekogunea, la bosque escuela de Orereta Ikastola se puso en marcha en el curso 2020-21, siendo, en este momento, un recurso educativo dirigido principalmente a ni\u00f1os y ni\u00f1as de entre 3 y 8 a\u00f1os. M\u00e1s all\u00e1 de trasladar la naturaleza al aula o abrir el aula &hellip; <a href=\"https:\/\/oreretaikastola.eus\/es\/escuela-bosque-de-la-ikastola-general\/\">Continued<\/a><\/p>\n","protected":false},"author":2,"featured_media":0,"parent":0,"menu_order":0,"comment_status":"closed","ping_status":"closed","template":"","meta":[],"acf":[],"_links":{"self":[{"href":"https:\/\/oreretaikastola.eus\/es\/wp-json\/wp\/v2\/pages\/73573"}],"collection":[{"href":"https:\/\/oreretaikastola.eus\/es\/wp-json\/wp\/v2\/pages"}],"about":[{"href":"https:\/\/oreretaikastola.eus\/es\/wp-json\/wp\/v2\/types\/page"}],"author":[{"embeddable":true,"href":"https:\/\/oreretaikastola.eus\/es\/wp-json\/wp\/v2\/users\/2"}],"replies":[{"embeddable":true,"href":"https:\/\/oreretaikastola.eus\/es\/wp-json\/wp\/v2\/comments?post=73573"}],"version-history":[{"count":2,"href":"https:\/\/oreretaikastola.eus\/es\/wp-json\/wp\/v2\/pages\/73573\/revisions"}],"predecessor-version":[{"id":73577,"href":"https:\/\/oreretaikastola.eus\/es\/wp-json\/wp\/v2\/pages\/73573\/revisions\/73577"}],"wp:attachment":[{"href":"https:\/\/oreretaikastola.eus\/es\/wp-json\/wp\/v2\/media?parent=73573"}],"curies":[{"name":"wp","href":"https:\/\/api.w.org\/{rel}","templated":true}]}}