{"id":70960,"date":"2025-04-08T10:14:22","date_gmt":"2025-04-08T09:14:22","guid":{"rendered":"https:\/\/oreretaikastola.eus\/udalekuak-2025-ordainketari-eta-bajei-buruzko-xehetasunak\/"},"modified":"2025-04-08T10:25:40","modified_gmt":"2025-04-08T09:25:40","slug":"udalekuak-2025-informacion-detallada-sobre-el-modo-de-cobro-y-las-solicitudes-de-baja","status":"publish","type":"page","link":"https:\/\/oreretaikastola.eus\/es\/udalekuak-2025-informacion-detallada-sobre-el-modo-de-cobro-y-las-solicitudes-de-baja\/","title":{"rendered":"Udalekuak 2025: informaci\u00f3n detallada sobre el modo de cobro y las solicitudes de baja"},"content":{"rendered":"\n<p>Orereta Ikastola tendr\u00e1 en cuenta las matr\u00edculas tramitadas a 14 de mayo de 2025. De acuerdo a ello, se aplicar\u00e1n los siguientes criterios de cobro y\/o baja: <\/p>\n\n\n\n<ul>\n<li>A las familias de la Ikastola se les cobrar\u00e1 el 60% del importe correspondiente a Udalekuak el 19 de mayo de 2025. El 40% restante, el 20 de junio. Con las familias de las y los menores que no sean alumnos de la Ikastola se pondr\u00e1 en contacto la propia Ikastola (por correo electr\u00f3nico) para gestionar el pago.<\/li>\n\n\n\n<li>Si a partir del 20 de junio hubiera solicitudes de baja, en los casos debidamente justificados se devolver\u00e1 el 90% del importe. En el resto de los casos, el 10%. Se devolver\u00e1 el 90% del importe, previa justificaci\u00f3n documental, en los siguientes casos:\n<ul>\n<li>En caso de enfermedad o accidente (se requiere justificante m\u00e9dico)<\/li>\n\n\n\n<li>En caso de imprevisto o necesidad urgente y de \u00faltima hora (justificado)<\/li>\n<\/ul>\n<\/li>\n\n\n\n<li>Una vez en marcha Udalekuak, no se devolver\u00e1 el dinero.<\/li>\n<\/ul>\n","protected":false},"excerpt":{"rendered":"<p>Orereta Ikastola tendr\u00e1 en cuenta las matr\u00edculas tramitadas a 14 de mayo de 2025. De acuerdo a ello, se aplicar\u00e1n los siguientes criterios de cobro y\/o baja:<\/p>\n","protected":false},"author":2,"featured_media":0,"parent":0,"menu_order":0,"comment_status":"closed","ping_status":"closed","template":"","meta":[],"acf":[],"_links":{"self":[{"href":"https:\/\/oreretaikastola.eus\/es\/wp-json\/wp\/v2\/pages\/70960"}],"collection":[{"href":"https:\/\/oreretaikastola.eus\/es\/wp-json\/wp\/v2\/pages"}],"about":[{"href":"https:\/\/oreretaikastola.eus\/es\/wp-json\/wp\/v2\/types\/page"}],"author":[{"embeddable":true,"href":"https:\/\/oreretaikastola.eus\/es\/wp-json\/wp\/v2\/users\/2"}],"replies":[{"embeddable":true,"href":"https:\/\/oreretaikastola.eus\/es\/wp-json\/wp\/v2\/comments?post=70960"}],"version-history":[{"count":2,"href":"https:\/\/oreretaikastola.eus\/es\/wp-json\/wp\/v2\/pages\/70960\/revisions"}],"predecessor-version":[{"id":70963,"href":"https:\/\/oreretaikastola.eus\/es\/wp-json\/wp\/v2\/pages\/70960\/revisions\/70963"}],"wp:attachment":[{"href":"https:\/\/oreretaikastola.eus\/es\/wp-json\/wp\/v2\/media?parent=70960"}],"curies":[{"name":"wp","href":"https:\/\/api.w.org\/{rel}","templated":true}]}}