{"id":70648,"date":"2025-04-01T13:59:34","date_gmt":"2025-04-01T12:59:34","guid":{"rendered":"https:\/\/oreretaikastola.eus\/socios\/aurrera-memoria-2025\/"},"modified":"2025-04-01T14:33:08","modified_gmt":"2025-04-01T13:33:08","slug":"aurrera-memoria-2025","status":"publish","type":"page","link":"https:\/\/oreretaikastola.eus\/es\/socios\/aurrera-memoria-2025\/","title":{"rendered":"Aurrera! memoria 2025"},"content":{"rendered":"<div\nclass=\"orbit\"\nrole=\"region\"\naria-label=\"\"\ndata-orbit\ndata-options=\"pauseOnHover:false; animInFromLeft:fade-in; animInFromRight:fade-in; animOutToLeft:fade-out; animOutToRight:fade-out;\"\ndata-auto-play=\"true\"\ndata-use-m-u-i=\"true\"\n>\n\n  <div class=\"orbit-wrapper\">\n    <ul class=\"orbit-container slider-header fullwidth\">\n      <li class=\"is-active orbit-slide\" style=\"background-image:url(\/app\/uploads\/2020\/09\/team-1381084_1280-e1601389875416.jpg);\">\n        <figcaption class=\"orbit-caption\">\n           <h1>Aurrera! memoria 2025<\/h1>                   <\/figcaption>\n      <\/li>\n    <\/ul>\n  <\/div>\n\n<\/div>\n\n\n\n<div style=\"height:50px\" aria-hidden=\"true\" class=\"wp-block-spacer\"><\/div>\n\n\n\n<p>Hace ya tiempo que la Ikastola comenz\u00f3 a distribuir esta memoria entre sus socias y socios, madres y padres, y toda la comunidad de la Ikastola para informar sobre su actividad. Y desde entonces, se ha mantenido fiel a su cita anual. La memoria se ha convertido en un elemento muy \u00fatil para todo aquel que quiera saber algo sobre la vida, el d\u00eda a d\u00eda, de la Ikastola.<\/p>\n\n\n\n<p>Nos tocaba recoger la cosecha de este a\u00f1o, y aqu\u00ed tienes, otro a\u00f1o m\u00e1s, la nueva memoria a tu disposici\u00f3n. Es el reflejo del inmenso esfuerzo realizado durante este a\u00f1o.<\/p>\n\n\n\n<p>Esperamos que esta memoria, como las anteriores, sea de tu agrado. Adem\u00e1s, si sirve para tener una perspectiva general sobre la Ikastola y para explicar lo que somos y lo que queremos ser, tanto mejor; porque, por encima de todo, la Ikastola es tuya, es nuestra. Entra, adelante, est\u00e1s en tu casa.<\/p>\n\n\n\n<p>ORERETA IKASTOLA, KOOP. E.<br>Artezkaritza Kontseilua<\/p>\n\n\n<div class=\"grid-container\">\n  <div class=\"aurrera-block text-center\">\n    <h1><a href=\"\">Esmalteria Berria 2019 &#8211; Lino Berria 2025<\/a><\/h1>\n    <h4>Adaptando los espacios a las necesidades educativas: un d\u00eda en HH<\/h4>\n    <div class=\"responsive-video\">\n      <div class=\"responsive-video-wrapper\">\n        <iframe loading=\"lazy\" width=\"560\" height=\"315\" src=\"https:\/\/www.youtube.com\/embed\/p8atLW7a8e8?si=0xeysO8gmceyC3cv\" title=\"YouTube video player\" frameborder=\"0\" allow=\"accelerometer; autoplay; clipboard-write; encrypted-media; gyroscope; picture-in-picture; web-share\" referrerpolicy=\"strict-origin-when-cross-origin\" allowfullscreen><\/iframe>\n      <\/div>\n    <\/div>\n  <\/div>\n<\/div>\n\n\n\n<p class=\"has-text-align-center\">(Nota: para seguir el v\u00eddeo en castellano, activa los subt\u00edtulos)<\/p>\n\n\n<div class=\"estekak-block fullwidth\">\n      <h2 class=\"ikastitle\">\n      <a href=\"\">Varios documentos<\/a>\n    <\/h2>\n  \n    <div class=\"grid-x grid-margin-x large-up-4 medium-up-2\" data-equalizer=\"estekak\">\n                      <a class=\"button-link cell\" href=\"\/app\/uploads\/2025\/02\/Ikastola-argazkitan-2025-cas.pdf\">\n          <div class=\"text-center button-link-wrapper\" data-equalizer-watch=\"estekak\">\n            <h3>\u00c1lbum &quot;Ikastola argazkitan&quot;<\/h3>\n          <\/div>\n        <\/a>\n                      <a class=\"button-link cell\" href=\"\/app\/uploads\/2025\/02\/memoria-ekonomikoa_2025-cast.pdf\">\n          <div class=\"text-center button-link-wrapper\" data-equalizer-watch=\"estekak\">\n            <h3>Memoria econ\u00f3mica 23-24<\/h3>\n          <\/div>\n        <\/a>\n                      <a class=\"button-link cell\" href=\"\/app\/uploads\/2025\/02\/AAK_cast_23-24.pdf\">\n          <div class=\"text-center button-link-wrapper\" data-equalizer-watch=\"estekak\">\n            <h3>Indicadores Clave para el \u00c9xito 23-24<\/h3>\n          <\/div>\n        <\/a>\n                      <a class=\"button-link cell\" href=\"\/app\/uploads\/2025\/02\/Akta_Batzar-nagusia_2024-02-28-cas-sinatuta.pdf\">\n          <div class=\"text-center button-link-wrapper\" data-equalizer-watch=\"estekak\">\n            <h3>Acta de la Asamblea General de 2024<\/h3>\n          <\/div>\n        <\/a>\n          <\/div>\n\n<\/div>\n","protected":false},"excerpt":{"rendered":"<p>Hace ya tiempo que la Ikastola comenz\u00f3 a distribuir esta memoria entre sus socias y socios, madres y padres, y toda la comunidad de la Ikastola para informar sobre su actividad. Y desde entonces, se ha mantenido fiel a su cita anual. La memoria se ha convertido en un elemento muy \u00fatil para todo aquel &hellip; <a href=\"https:\/\/oreretaikastola.eus\/es\/socios\/aurrera-memoria-2025\/\">Continued<\/a><\/p>\n","protected":false},"author":2,"featured_media":0,"parent":16566,"menu_order":0,"comment_status":"closed","ping_status":"closed","template":"","meta":[],"acf":[],"_links":{"self":[{"href":"https:\/\/oreretaikastola.eus\/es\/wp-json\/wp\/v2\/pages\/70648"}],"collection":[{"href":"https:\/\/oreretaikastola.eus\/es\/wp-json\/wp\/v2\/pages"}],"about":[{"href":"https:\/\/oreretaikastola.eus\/es\/wp-json\/wp\/v2\/types\/page"}],"author":[{"embeddable":true,"href":"https:\/\/oreretaikastola.eus\/es\/wp-json\/wp\/v2\/users\/2"}],"replies":[{"embeddable":true,"href":"https:\/\/oreretaikastola.eus\/es\/wp-json\/wp\/v2\/comments?post=70648"}],"version-history":[{"count":2,"href":"https:\/\/oreretaikastola.eus\/es\/wp-json\/wp\/v2\/pages\/70648\/revisions"}],"predecessor-version":[{"id":70651,"href":"https:\/\/oreretaikastola.eus\/es\/wp-json\/wp\/v2\/pages\/70648\/revisions\/70651"}],"up":[{"embeddable":true,"href":"https:\/\/oreretaikastola.eus\/es\/wp-json\/wp\/v2\/pages\/16566"}],"wp:attachment":[{"href":"https:\/\/oreretaikastola.eus\/es\/wp-json\/wp\/v2\/media?parent=70648"}],"curies":[{"name":"wp","href":"https:\/\/api.w.org\/{rel}","templated":true}]}}