{"id":55027,"date":"2024-05-07T14:36:49","date_gmt":"2024-05-07T13:36:49","guid":{"rendered":"https:\/\/oreretaikastola.eus\/familias\/funtzionamendurako-eta-elkarbizitzarako-araudia-dbhko-xehetasunak\/"},"modified":"2024-05-08T08:28:28","modified_gmt":"2024-05-08T07:28:28","slug":"normativa-de-funcionamiento-y-de-convivencia-pormenores-de-dbh","status":"publish","type":"page","link":"https:\/\/oreretaikastola.eus\/es\/familias\/normativa-de-funcionamiento-y-de-convivencia-pormenores-de-dbh\/","title":{"rendered":"Normativa de funcionamiento y de convivencia: pormenores de DBH"},"content":{"rendered":"<ul class=\"accordion\" data-accordion data-allow-all-closed=\"true\">\n          \n      <li class=\"accordion-item\" data-accordion-item>\n      <a href=\"#\" class=\"accordion-title\">\n          <h3>[DBH3-DBH4] Derecho a huelga y paro<\/h3>\n        <\/a>\n\n        <div class=\"accordion-content\" data-tab-content>\n          <ul>\n<li>Son las familias o los responsables legales quienes deciden reconocer o no este derecho.<\/li>\n<li>La convocatoria la realizan los alumnos y alumnas, estar\u00e1 adscrita a una convocatoria oficial y la realizar\u00e1n siguiendo debidamente el procedimiento previsto en el reglamento de r\u00e9gimen interno.<\/li>\n<li>Es responsabilidad del alumnado difundir adecuadamente la informaci\u00f3n relativa a la movilizaci\u00f3n entre el alumnado.<\/li>\n<li>El papel del profesorado es presencial: supervisar que la convocatoria y el procedimiento se han llevado a cabo correctamente. En ning\u00fan caso es responsabilidad del profesorado informar a las familias del motivo o el contenido de la movilizaci\u00f3n.<\/li>\n<li>La Ikastola no pondr\u00e1 autobuses ni medios para acudir a la movilizaci\u00f3n.<\/li>\n<li>El permiso de huelga y paro debe renovarse cada a\u00f1o, el del curso anterior no es v\u00e1lido.<\/li>\n<li>El alumnado no autorizado que participe en la movilizaci\u00f3n en cuesti\u00f3n tendr\u00e1 la consideraci\u00f3n de falta injustificada con sus respectivas medidas correctoras.<\/li>\n<\/ul>\n\n        <\/div>\n      <\/li>\n      <\/ul>\n","protected":false},"excerpt":{"rendered":"","protected":false},"author":2,"featured_media":0,"parent":3047,"menu_order":0,"comment_status":"closed","ping_status":"closed","template":"","meta":[],"acf":[],"_links":{"self":[{"href":"https:\/\/oreretaikastola.eus\/es\/wp-json\/wp\/v2\/pages\/55027"}],"collection":[{"href":"https:\/\/oreretaikastola.eus\/es\/wp-json\/wp\/v2\/pages"}],"about":[{"href":"https:\/\/oreretaikastola.eus\/es\/wp-json\/wp\/v2\/types\/page"}],"author":[{"embeddable":true,"href":"https:\/\/oreretaikastola.eus\/es\/wp-json\/wp\/v2\/users\/2"}],"replies":[{"embeddable":true,"href":"https:\/\/oreretaikastola.eus\/es\/wp-json\/wp\/v2\/comments?post=55027"}],"version-history":[{"count":4,"href":"https:\/\/oreretaikastola.eus\/es\/wp-json\/wp\/v2\/pages\/55027\/revisions"}],"predecessor-version":[{"id":55032,"href":"https:\/\/oreretaikastola.eus\/es\/wp-json\/wp\/v2\/pages\/55027\/revisions\/55032"}],"up":[{"embeddable":true,"href":"https:\/\/oreretaikastola.eus\/es\/wp-json\/wp\/v2\/pages\/3047"}],"wp:attachment":[{"href":"https:\/\/oreretaikastola.eus\/es\/wp-json\/wp\/v2\/media?parent=55027"}],"curies":[{"name":"wp","href":"https:\/\/api.w.org\/{rel}","templated":true}]}}