{"id":5443,"date":"2020-11-04T17:13:04","date_gmt":"2020-11-04T16:13:04","guid":{"rendered":"https:\/\/oreretaikastola.eus\/lagapen-eskaera\/"},"modified":"2024-07-18T08:33:03","modified_gmt":"2024-07-18T07:33:03","slug":"solicitud-de-cesion","status":"publish","type":"page","link":"https:\/\/oreretaikastola.eus\/es\/solicitud-de-cesion\/","title":{"rendered":"Solicitud de cesi\u00f3n"},"content":{"rendered":"<script type=\"text\/javascript\">if(!gform){document.addEventListener(\"gform_main_scripts_loaded\",function(){gform.scriptsLoaded=!0}),window.addEventListener(\"DOMContentLoaded\",function(){gform.domLoaded=!0});var gform={domLoaded:!1,scriptsLoaded:!1,initializeOnLoaded:function(o){gform.domLoaded&&gform.scriptsLoaded?o():!gform.domLoaded&&gform.scriptsLoaded?window.addEventListener(\"DOMContentLoaded\",o):document.addEventListener(\"gform_main_scripts_loaded\",o)},hooks:{action:{},filter:{}},addAction:function(o,n,r,t){gform.addHook(\"action\",o,n,r,t)},addFilter:function(o,n,r,t){gform.addHook(\"filter\",o,n,r,t)},doAction:function(o){gform.doHook(\"action\",o,arguments)},applyFilters:function(o){return gform.doHook(\"filter\",o,arguments)},removeAction:function(o,n){gform.removeHook(\"action\",o,n)},removeFilter:function(o,n,r){gform.removeHook(\"filter\",o,n,r)},addHook:function(o,n,r,t,i){null==gform.hooks[o][n]&&(gform.hooks[o][n]=[]);var e=gform.hooks[o][n];null==i&&(i=n+\"_\"+e.length),null==t&&(t=10),gform.hooks[o][n].push({tag:i,callable:r,priority:t})},doHook:function(o,n,r){if(r=Array.prototype.slice.call(r,1),null!=gform.hooks[o][n]){var t,i=gform.hooks[o][n];i.sort(function(o,n){return o.priority-n.priority});for(var e=0;e<i.length;e++)\"function\"!=typeof(t=i[e].callable)&#038;&#038;(t=window[t]),\"action\"==o?t.apply(null,r):r[0]=t.apply(null,r)}if(\"filter\"==o)return r[0]},removeHook:function(o,n,r,t){if(null!=gform.hooks[o][n])for(var i=gform.hooks[o][n],e=i.length-1;0<=e;e--)null!=t&#038;&#038;t!=i[e].tag||null!=r&#038;&#038;r!=i[e].priority||i.splice(e,1)}}}<\/script>\n                <div class='gf_browser_gecko gform_wrapper gform_legacy_markup_wrapper' id='gform_wrapper_6' style='display:none'>\n                        <div class='gform_heading'>\n                            <span class='gform_description'><\/span>\n                        <\/div><form method='post' enctype='multipart\/form-data'  id='gform_6'  action='\/es\/wp-json\/wp\/v2\/pages\/5443' >\n                        <div class='gform_body gform-body'><ul id='gform_fields_6' class='gform_fields top_label form_sublabel_below description_above'><li id=\"field_6_26\" class=\"gfield gsection field_sublabel_below field_description_above gfield_visibility_visible\" ><h2 class=\"gsection_title\">Observaci\u00f3n<\/h2><div class='gsection_description' id='gfield_description_6_26'>Es responsabilidad del cesionario mantener limpios y ordenados los edificios, espacios y\/o materiales utilizados: papeleras vac\u00edas, luces apagadas...<\/div><\/li><li id=\"field_6_9\" class=\"gfield gfield_contains_required field_sublabel_below field_description_above gfield_visibility_visible\" ><label class='gfield_label' for='input_6_9' >\u00bfQui\u00e9n eres?<span class=\"gfield_required\"><span class=\"gfield_required gfield_required_asterisk\">*<\/span><\/span><\/label><div class='ginput_container ginput_container_multiselect'><select multiple='multiple'  size='7' name='input_9[]' id='input_6_9' class='medium gfield_select'   aria-invalid=\"false\" aria-required=\"true\" ><option value='Persona f\u00edsica' >Persona f\u00edsica<\/option><option value='Entidad\/asociaci\u00f3n' >Entidad\/asociaci\u00f3n<\/option><\/select><\/div><\/li><li id=\"field_6_1\" class=\"gfield gfield_contains_required field_sublabel_below field_description_above gfield_visibility_visible\" ><label class='gfield_label gfield_label_before_complex'  >Tus datos<span class=\"gfield_required\"><span class=\"gfield_required gfield_required_asterisk\">*<\/span><\/span><\/label><div class='ginput_complex ginput_container no_prefix has_first_name no_middle_name has_last_name no_suffix gf_name_has_2 ginput_container_name' id='input_6_1'>\n                            \n                            <span id='input_6_1_3_container' class='name_first' >\n                                                    <input type='text' name='input_1.3' id='input_6_1_3' value='' aria-label='First name'   aria-required='true'     \/>\n                                                    <label for='input_6_1_3' >Nombre y apellidos<\/label>\n                                                <\/span>\n                            \n                            <span id='input_6_1_6_container' class='name_last' >\n                                                    <input type='text' name='input_1.6' id='input_6_1_6' value='' aria-label='Last name'   aria-required='true'     \/>\n                                                    <label for='input_6_1_6' >DNI<\/label>\n                                                <\/span>\n                            \n                        <\/div><\/li><li id=\"field_6_10\" class=\"gfield gfield_contains_required field_sublabel_below field_description_above gfield_visibility_visible\" ><label class='gfield_label gfield_label_before_complex'  >Nombre de la entidad\/asociaci\u00f3n<span class=\"gfield_required\"><span class=\"gfield_required gfield_required_asterisk\">*<\/span><\/span><\/label><div class='ginput_complex ginput_container no_prefix has_first_name has_middle_name has_last_name no_suffix gf_name_has_3 ginput_container_name' id='input_6_10'>\n                            \n                            <span id='input_6_10_3_container' class='name_first' >\n                                                    <input type='text' name='input_10.3' id='input_6_10_3' value='' aria-label='First name'   aria-required='true'     \/>\n                                                    <label for='input_6_10_3' >Nombre y apellidos de la persona responsable<\/label>\n                                                <\/span>\n                            <span id='input_6_10_4_container' class='name_middle' >\n                                                    <input type='text' name='input_10.4' id='input_6_10_4' value='' aria-label='Middle name'   aria-required='false'     \/>\n                                                    <label for='input_6_10_4' >Nombre de la entidad<\/label>\n                                                <\/span>\n                            <span id='input_6_10_6_container' class='name_last' >\n                                                    <input type='text' name='input_10.6' id='input_6_10_6' value='' aria-label='Last name'   aria-required='true'     \/>\n                                                    <label for='input_6_10_6' >CIF<\/label>\n                                                <\/span>\n                            \n                        <\/div><\/li><li id=\"field_6_11\" class=\"gfield gfield_contains_required field_sublabel_below field_description_above gfield_visibility_visible\" ><label class='gfield_label gfield_label_before_complex'  >Direcci\u00f3n<span class=\"gfield_required\"><span class=\"gfield_required gfield_required_asterisk\">*<\/span><\/span><\/label>    \n                    <div class='ginput_complex ginput_container has_street has_city has_zip ginput_container_address' id='input_6_11' >\n                         <span class='ginput_full address_line_1 ginput_address_line_1' id='input_6_11_1_container' >\n                                        <input type='text' name='input_11.1' id='input_6_11_1' value=''    aria-required='true'    \/>\n                                        <label for='input_6_11_1' id='input_6_11_1_label' >Calle<\/label>\n                                    <\/span><span class='ginput_left address_city ginput_address_city' id='input_6_11_3_container' >\n                                    <input type='text' name='input_11.3' id='input_6_11_3' value=''    aria-required='true'    \/>\n                                    <label for='input_6_11_3' id='input_6_11_3_label' >Localidad<\/label>\n                                 <\/span><input type='hidden' class='gform_hidden' name='input_11.4' id='input_6_11_4' value=''\/><span class='ginput_right address_zip ginput_address_zip' id='input_6_11_5_container' >\n                                    <input type='text' name='input_11.5' id='input_6_11_5' value=''    aria-required='true'    \/>\n                                    <label for='input_6_11_5' id='input_6_11_5_label' >C\u00f3digo postal<\/label>\n                                <\/span><input type='hidden' class='gform_hidden' name='input_11.6' id='input_6_11_6' value='' \/>\n                    <div class='gf_clear gf_clear_complex'><\/div>\n                <\/div><\/li><li id=\"field_6_17\" class=\"gfield gfield_contains_required field_sublabel_below field_description_above gfield_visibility_visible\" ><label class='gfield_label' for='input_6_17' >Correo electr\u00f3nico<span class=\"gfield_required\"><span class=\"gfield_required gfield_required_asterisk\">*<\/span><\/span><\/label><div class='ginput_container ginput_container_email'>\n                            <input name='input_17' id='input_6_17' type='text' value='' class='medium'    aria-required=\"true\" aria-invalid=\"false\"  \/>\n                        <\/div><\/li><li id=\"field_6_12\" class=\"gfield gfield_contains_required field_sublabel_below field_description_above gfield_visibility_visible\" ><label class='gfield_label' for='input_6_12' >Tel\u00e9fono<span class=\"gfield_required\"><span class=\"gfield_required gfield_required_asterisk\">*<\/span><\/span><\/label><div class='ginput_container ginput_container_phone'><input name='input_12' id='input_6_12' type='text' value='' class='medium'   aria-required=\"true\" aria-invalid=\"false\"   \/><\/div><\/li><li id=\"field_6_4\" class=\"gfield gfield_contains_required field_sublabel_below field_description_above gfield_visibility_visible\" ><label class='gfield_label gfield_label_before_complex'  >\u00bfQu\u00e9 zona o edificio de la Ikastola quieres utilizar?<span class=\"gfield_required\"><span class=\"gfield_required gfield_required_asterisk\">*<\/span><\/span><\/label><div class='ginput_container ginput_container_checkbox'><ul class='gfield_checkbox' id='input_6_4'><li class='gchoice gchoice_6_4_1'>\n\t\t\t\t\t\t\t\t<input class='gfield-choice-input' name='input_4.1' type='checkbox'  value='Cobertizo de A\u00f1abitarte'  id='choice_6_4_1'   \/>\n\t\t\t\t\t\t\t\t<label for='choice_6_4_1' id='label_6_4_1'>Cobertizo de A\u00f1abitarte<\/label>\n\t\t\t\t\t\t\t<\/li><li class='gchoice gchoice_6_4_2'>\n\t\t\t\t\t\t\t\t<input class='gfield-choice-input' name='input_4.2' type='checkbox'  value='Campo de f\u00fatbol de A\u00f1abitarte'  id='choice_6_4_2'   \/>\n\t\t\t\t\t\t\t\t<label for='choice_6_4_2' id='label_6_4_2'>Campo de f\u00fatbol de A\u00f1abitarte<\/label>\n\t\t\t\t\t\t\t<\/li><li class='gchoice gchoice_6_4_3'>\n\t\t\t\t\t\t\t\t<input class='gfield-choice-input' name='input_4.3' type='checkbox'  value='Edificio de Lino'  id='choice_6_4_3'   \/>\n\t\t\t\t\t\t\t\t<label for='choice_6_4_3' id='label_6_4_3'>Edificio de Lino<\/label>\n\t\t\t\t\t\t\t<\/li><li class='gchoice gchoice_6_4_4'>\n\t\t\t\t\t\t\t\t<input class='gfield-choice-input' name='input_4.4' type='checkbox'  value='Edificio de Esmalteria'  id='choice_6_4_4'   \/>\n\t\t\t\t\t\t\t\t<label for='choice_6_4_4' id='label_6_4_4'>Edificio de Esmalteria<\/label>\n\t\t\t\t\t\t\t<\/li><li class='gchoice gchoice_6_4_5'>\n\t\t\t\t\t\t\t\t<input class='gfield-choice-input' name='input_4.5' type='checkbox'  value='Otro material'  id='choice_6_4_5'   \/>\n\t\t\t\t\t\t\t\t<label for='choice_6_4_5' id='label_6_4_5'>Otro material<\/label>\n\t\t\t\t\t\t\t<\/li><\/ul><\/div><\/li><li id=\"field_6_13\" class=\"gfield field_sublabel_below field_description_above gfield_visibility_visible\" ><label class='gfield_label' for='input_6_13' >\u00bfQu\u00e9 tipo de material necesitas?<\/label><div class='ginput_container ginput_container_textarea'><textarea name='input_13' id='input_6_13' class='textarea medium'      aria-invalid=\"false\"   rows='10' cols='50'><\/textarea><\/div><\/li><li id=\"field_6_18\" class=\"gfield gfield_contains_required field_sublabel_below field_description_above gfield_visibility_visible\" ><label class='gfield_label' for='input_6_18' >\u00bfNecesit\u00e1is ba\u00f1os y\/o electricidad? (5\u20ac\/d\u00eda)<span class=\"gfield_required\"><span class=\"gfield_required gfield_required_asterisk\">*<\/span><\/span><\/label><div class='gfield_description' id='gfield_description_6_18'>Nota: el uso de los ba\u00f1os y\/o la electricidad se debe pagar (5\u20ac\/d\u00eda).<\/div><div class='ginput_container ginput_container_multiselect'><select multiple='multiple'  size='7' name='input_18[]' id='input_6_18' class='medium gfield_select'   aria-invalid=\"false\" aria-required=\"true\" aria-describedby=\"gfield_description_6_18\"><option value='S\u00ed' >S\u00ed<\/option><option value='No' >No<\/option><\/select><\/div><\/li><li id=\"field_6_5\" class=\"gfield gfield_contains_required field_sublabel_below field_description_above gfield_visibility_visible\" ><label class='gfield_label' for='input_6_5' >\u00bfPara qu\u00e9 actividad quieres utilizar los espacios de la Ikastola?<span class=\"gfield_required\"><span class=\"gfield_required gfield_required_asterisk\">*<\/span><\/span><\/label><div class='ginput_container ginput_container_textarea'><textarea name='input_5' id='input_6_5' class='textarea medium'     aria-required=\"true\" aria-invalid=\"false\"   rows='10' cols='50'><\/textarea><\/div><\/li><li id=\"field_6_14\" class=\"gfield field_sublabel_below field_description_above gfield_visibility_visible\" ><label class='gfield_label' for='input_6_14' >Fecha de inicio de la actividad<\/label><div class='ginput_container ginput_container_date'>\n                            <input name='input_14' id='input_6_14' type='text' value='' class='datepicker ymd_dash datepicker_with_icon gdatepicker_with_icon'   placeholder='yyyy-mm-dd' aria-describedby=\"input_6_14_date_format\" aria-invalid=\"false\" \/>\n                            <span id='input_6_14_date_format' class='screen-reader-text'>YYYY dash MM dash DD<\/span>\n                        <\/div>\n                        <input type='hidden' id='gforms_calendar_icon_input_6_14' class='gform_hidden' value='\/app\/plugins\/gravityforms\/images\/datepicker\/datepicker.svg'\/><\/li><li id=\"field_6_22\" class=\"gfield field_sublabel_below field_description_above gfield_visibility_visible\" ><label class='gfield_label' for='input_6_22' >Si se trata de una actividad de varios d\u00edas, el \u00faltimo d\u00eda (cuando se trata de d\u00edas seguidos)<\/label><div class='ginput_container ginput_container_date'>\n                            <input name='input_22' id='input_6_22' type='text' value='' class='datepicker ymd_dash datepicker_with_icon gdatepicker_with_icon'   placeholder='yyyy-mm-dd' aria-describedby=\"input_6_22_date_format\" aria-invalid=\"false\" \/>\n                            <span id='input_6_22_date_format' class='screen-reader-text'>YYYY dash MM dash DD<\/span>\n                        <\/div>\n                        <input type='hidden' id='gforms_calendar_icon_input_6_22' class='gform_hidden' value='\/app\/plugins\/gravityforms\/images\/datepicker\/datepicker.svg'\/><\/li><li id=\"field_6_23\" class=\"gfield field_sublabel_below field_description_above gfield_visibility_visible\" ><label class='gfield_label'  >Si se trata de una actividad de varios d\u00edas, pero no seguidos<\/label><style type=\"text\/css\">\n\n\t\t\t\t\t\tbody .ginput_container_list table.gfield_list tbody tr td.gfield_list_icons {\n\t\t\t\t\t\t\tvertical-align: middle !important;\n\t\t\t\t\t\t}\n\n\t\t\t\t\t\tbody .ginput_container_list table.gfield_list tbody tr td.gfield_list_icons img {\n\t\t\t\t\t\t\tbackground-color: transparent !important;\n\t\t\t\t\t\t\tbackground-position: 0 0;\n\t\t\t\t\t\t\tbackground-size: 16px 16px !important;\n\t\t\t\t\t\t\tbackground-repeat: no-repeat;\n\t\t\t\t\t\t\tborder: none !important;\n\t\t\t\t\t\t\twidth: 16px !important;\n\t\t\t\t\t\t\theight: 16px !important;\n\t\t\t\t\t\t\topacity: 0.5;\n\t\t\t\t\t\t\ttransition: opacity .5s ease-out;\n\t\t\t\t\t\t    -moz-transition: opacity .5s ease-out;\n\t\t\t\t\t\t    -webkit-transition: opacity .5s ease-out;\n\t\t\t\t\t\t    -o-transition: opacity .5s ease-out;\n\t\t\t\t\t\t}\n\n\t\t\t\t\t\tbody .ginput_container_list table.gfield_list tbody tr td.gfield_list_icons a:hover img {\n\t\t\t\t\t\t\topacity: 1.0;\n\t\t\t\t\t\t}\n\n\t\t\t\t\t\t<\/style><div class='ginput_container ginput_container_list ginput_list'><table class='gfield_list gfield_list_container'><colgroup><col id='gfield_list_23_col1' class='gfield_list_col_odd' \/><col id='gfield_list_23_col2' class='gfield_list_col_even' \/><\/colgroup><tbody><tr class='gfield_list_row_odd gfield_list_group'><td class='gfield_list_cell gfield_list_23_cell1' ><input aria-invalid='false'   aria-label='Si se trata de una actividad de varios d\u00edas, pero no seguidos, Row ' data-aria-label-template='Si se trata de una actividad de varios d\u00edas, pero no seguidos, Row {0}' type='text' name='input_23[]' value=''   \/><\/td><td class='gfield_list_icons'>   <a href='javascript:void(0);' class='add_list_item ' aria-label='Add another row' onclick='gformAddListItem(this, 0)' onkeypress='gformAddListItem(this, 0)'><img src='\/app\/plugins\/gravityforms\/images\/list-add.svg' alt='' title='Add a new row' \/><\/a>   <a href='javascript:void(0);' class='delete_list_item' aria-label='Remove this row' onclick='gformDeleteListItem(this, 0)' onkeypress='gformDeleteListItem(this, 0)' style=\"visibility:hidden;\"><img src='\/app\/plugins\/gravityforms\/images\/list-remove.svg' alt='' title='Remove this row' \/><\/a><\/td><\/tr><\/tbody><\/table><\/div><\/li><li id=\"field_6_15\" class=\"gfield gfield_contains_required field_sublabel_below field_description_above gfield_visibility_visible\" ><label class='gfield_label gfield_label_before_complex'  >Hora de la actividad<span class=\"gfield_required\"><span class=\"gfield_required gfield_required_asterisk\">*<\/span><\/span><\/label><div class=\"ginput_complex\"><div class=\"clear-multi\">\n                        <div class='gfield_time_hour ginput_container ginput_container_time' id='input_6_15'>\n                            <input type='text' maxlength='2' name='input_15[]' id='input_6_15_1' value=''    placeholder='HH' aria-required='true'   \/> <i>:<\/i>\n                            <label class='hour_label screen-reader-text' for='input_6_15_1' >Hours<\/label>\n                        <\/div>\n                        \n                        <div class='gfield_time_minute ginput_container ginput_container_time'>\n                            <input type='text' maxlength='2' name='input_15[]' id='input_6_15_2' value=''    placeholder='MM' aria-required='true'  \/>\n                            <label class='minute_label screen-reader-text' for='input_6_15_2' >Minutes<\/label>\n                        <\/div>\n                        \n                    <\/div><\/div><\/li><li id=\"field_6_16\" class=\"gfield gfield_contains_required field_sublabel_below field_description_above gfield_visibility_visible\" ><label class='gfield_label gfield_label_before_complex'  >Responsabilidades de cesi\u00f3n<span class=\"gfield_required\"><span class=\"gfield_required gfield_required_asterisk\">*<\/span><\/span><\/label><div class='ginput_container ginput_container_checkbox'><ul class='gfield_checkbox' id='input_6_16'><li class='gchoice gchoice_6_16_1'>\n\t\t\t\t\t\t\t\t<input class='gfield-choice-input' name='input_16.1' type='checkbox'  value='La responsabilidad de posibles accidentes durante la cesi\u00f3n de las instalaciones de Orereta Ikastola es del cesionario o cesionaria. La Ikastola permite comprobar y certificar el buen estado de sus infraestructuras previamente.'  id='choice_6_16_1'   \/>\n\t\t\t\t\t\t\t\t<label for='choice_6_16_1' id='label_6_16_1'>La responsabilidad de posibles accidentes durante la cesi\u00f3n de las instalaciones de Orereta Ikastola es del cesionario o cesionaria. La Ikastola permite comprobar y certificar el buen estado de sus infraestructuras previamente.<\/label>\n\t\t\t\t\t\t\t<\/li><\/ul><\/div><\/li><li id=\"field_6_24\" class=\"gfield gfield--width-full gfield_contains_required field_sublabel_below field_description_above gfield_visibility_visible\" ><label class='gfield_label screen-reader-text gfield_label_before_complex'  ><span class=\"gfield_required\"><span class=\"gfield_required gfield_required_asterisk\">*<\/span><\/span><\/label><div class='ginput_container ginput_container_checkbox'><ul class='gfield_checkbox' id='input_6_24'><li class='gchoice gchoice_6_24_1'>\n\t\t\t\t\t\t\t\t<input class='gfield-choice-input' name='input_24.1' type='checkbox'  value='Orereta Ikastola podr\u00e1 exigir indemnizaciones al cesionario o cesionaria si durante el periodo de cesi\u00f3n se produjera alg\u00fan da\u00f1o en las instalaciones y\/o se dejara el material utilizado en mal estado.'  id='choice_6_24_1'   \/>\n\t\t\t\t\t\t\t\t<label for='choice_6_24_1' id='label_6_24_1'>Orereta Ikastola podr\u00e1 exigir indemnizaciones al cesionario o cesionaria si durante el periodo de cesi\u00f3n se produjera alg\u00fan da\u00f1o en las instalaciones y\/o se dejara el material utilizado en mal estado.<\/label>\n\t\t\t\t\t\t\t<\/li><\/ul><\/div><\/li><li id=\"field_6_21\" class=\"gfield gfield--width-full gfield_contains_required field_sublabel_below field_description_above gfield_visibility_visible\" ><label class='gfield_label screen-reader-text gfield_label_before_complex'  ><span class=\"gfield_required\"><span class=\"gfield_required gfield_required_asterisk\">*<\/span><\/span><\/label><div class='ginput_container ginput_container_checkbox'><ul class='gfield_checkbox' id='input_6_21'><li class='gchoice gchoice_6_21_1'>\n\t\t\t\t\t\t\t\t<input class='gfield-choice-input' name='input_21.1' type='checkbox'  value='Es responsabilidad del cesionario mantener limpios y ordenados los edificios, espacios y\/o materiales utilizados: papeleras vac\u00edas, luces apagadas...'  id='choice_6_21_1'   \/>\n\t\t\t\t\t\t\t\t<label for='choice_6_21_1' id='label_6_21_1'>Es responsabilidad del cesionario mantener limpios y ordenados los edificios, espacios y\/o materiales utilizados: papeleras vac\u00edas, luces apagadas...<\/label>\n\t\t\t\t\t\t\t<\/li><\/ul><\/div><\/li><li id=\"field_6_27\" class=\"gfield gfield--width-full gfield_contains_required field_sublabel_below field_description_above gfield_visibility_visible\" ><label class='gfield_label gfield_label_before_complex'  >Pol\u00edtica de privacidad<span class=\"gfield_required\"><span class=\"gfield_required gfield_required_asterisk\">*<\/span><\/span><\/label><div class='ginput_container ginput_container_checkbox'><ul class='gfield_checkbox' id='input_6_27'><li class='gchoice gchoice_6_27_1'>\n\t\t\t\t\t\t\t\t<input class='gfield-choice-input' name='input_27.1' type='checkbox'  value='He le\u00eddo y acepto &lt;a href=&quot;https:\/\/oreretaikastola.eus\/es\/politica-de-privacidad\/&quot; target=&quot;_blank&quot;&gt;la pol\u00edtica de privacidad&lt;\/a&gt;.'  id='choice_6_27_1'   \/>\n\t\t\t\t\t\t\t\t<label for='choice_6_27_1' id='label_6_27_1'>He le\u00eddo y acepto <a href=\"https:\/\/oreretaikastola.eus\/es\/politica-de-privacidad\/\" target=\"_blank\">la pol\u00edtica de privacidad<\/a>.<\/label>\n\t\t\t\t\t\t\t<\/li><\/ul><\/div><\/li><li id=\"field_6_28\" class=\"gfield gform_validation_container field_sublabel_below field_description_above gfield_visibility_visible\" ><label class='gfield_label' for='input_6_28' >Email<\/label><div class='gfield_description' id='gfield_description_6_28'>This field is for validation purposes and should be left unchanged.<\/div><div class='ginput_container'><input name='input_28' id='input_6_28' type='text' value='' \/><\/div><\/li><\/ul><\/div>\n        <div class='gform_footer top_label'> <input type='submit' id='gform_submit_button_6' class='gform_button button' value='Enviar solicitud'  onclick='if(window[\"gf_submitting_6\"]){return false;}  window[\"gf_submitting_6\"]=true;  ' onkeypress='if( event.keyCode == 13 ){ if(window[\"gf_submitting_6\"]){return false;} window[\"gf_submitting_6\"]=true;  jQuery(\"#gform_6\").trigger(\"submit\",[true]); }' \/> \n            <input type='hidden' class='gform_hidden' name='is_submit_6' value='1' \/>\n            <input type='hidden' class='gform_hidden' name='gform_submit' value='6' \/>\n            \n            <input type='hidden' class='gform_hidden' name='gform_unique_id' value='' \/>\n            <input type='hidden' class='gform_hidden' name='state_6' value='WyJbXSIsIjUzZTE5Y2M1YWRkNGVlMTgzMjI0ODUwNGFmNzBlMTg2Il0=' \/>\n            <input type='hidden' class='gform_hidden' name='gform_target_page_number_6' id='gform_target_page_number_6' value='0' \/>\n            <input type='hidden' class='gform_hidden' name='gform_source_page_number_6' id='gform_source_page_number_6' value='1' \/>\n            <input type='hidden' name='gform_field_values' value='' \/>\n            \n        <\/div>\n                        <\/form>\n                        <\/div>\n\n\n<p><strong>Pol\u00edtica de privacidad<\/strong><\/p>\n\n\n\n<p>Los datos personales facilitados ser\u00e1n tratados por ORERETA IKASTOLA (como responsable del tratamiento) para la gesti\u00f3n de las solicitudes de cesi\u00f3n recibidas. La base legal para el tratamiento de datos personales es la formalizaci\u00f3n de un contrato. Puedes acceder, rectificar y suprimir tus datos, as\u00ed como ejercer otros derechos en la direcci\u00f3n <a href=\"mailto:idazkaritza@oreretaikastola.eus\">idazkaritza@oreretaikastola.eus<\/a>, como se explica junto a la informaci\u00f3n adicional de protecci\u00f3n de datos en nuestra p\u00e1gina web. <\/p>\n","protected":false},"excerpt":{"rendered":"<p>Pol\u00edtica de privacidad Los datos personales facilitados ser\u00e1n tratados por ORERETA IKASTOLA (como responsable del tratamiento) para la gesti\u00f3n de las solicitudes de cesi\u00f3n recibidas. La base legal para el tratamiento de datos personales es la formalizaci\u00f3n de un contrato. Puedes acceder, rectificar y suprimir tus datos, as\u00ed como ejercer otros derechos en la direcci\u00f3n &hellip; <a href=\"https:\/\/oreretaikastola.eus\/es\/solicitud-de-cesion\/\">Continued<\/a><\/p>\n","protected":false},"author":1,"featured_media":0,"parent":0,"menu_order":0,"comment_status":"closed","ping_status":"closed","template":"","meta":[],"acf":[],"_links":{"self":[{"href":"https:\/\/oreretaikastola.eus\/es\/wp-json\/wp\/v2\/pages\/5443"}],"collection":[{"href":"https:\/\/oreretaikastola.eus\/es\/wp-json\/wp\/v2\/pages"}],"about":[{"href":"https:\/\/oreretaikastola.eus\/es\/wp-json\/wp\/v2\/types\/page"}],"author":[{"embeddable":true,"href":"https:\/\/oreretaikastola.eus\/es\/wp-json\/wp\/v2\/users\/1"}],"replies":[{"embeddable":true,"href":"https:\/\/oreretaikastola.eus\/es\/wp-json\/wp\/v2\/comments?post=5443"}],"version-history":[{"count":10,"href":"https:\/\/oreretaikastola.eus\/es\/wp-json\/wp\/v2\/pages\/5443\/revisions"}],"predecessor-version":[{"id":61384,"href":"https:\/\/oreretaikastola.eus\/es\/wp-json\/wp\/v2\/pages\/5443\/revisions\/61384"}],"wp:attachment":[{"href":"https:\/\/oreretaikastola.eus\/es\/wp-json\/wp\/v2\/media?parent=5443"}],"curies":[{"name":"wp","href":"https:\/\/api.w.org\/{rel}","templated":true}]}}