{"id":4830,"date":"2020-11-02T01:37:10","date_gmt":"2020-11-02T01:37:10","guid":{"rendered":"https:\/\/oreretaikastola.eus\/familias\/eskola-kirola\/"},"modified":"2025-09-30T14:01:27","modified_gmt":"2025-09-30T13:01:27","slug":"eskola-kirola-normativa","status":"publish","type":"page","link":"https:\/\/oreretaikastola.eus\/es\/familias\/eskola-kirola-normativa\/","title":{"rendered":"Eskola Kirola"},"content":{"rendered":"<div\nclass=\"orbit\"\nrole=\"region\"\naria-label=\"\"\ndata-orbit\ndata-options=\"pauseOnHover:false; animInFromLeft:fade-in; animInFromRight:fade-in; animOutToLeft:fade-out; animOutToRight:fade-out;\"\ndata-auto-play=\"true\"\ndata-use-m-u-i=\"true\"\n>\n\n  <div class=\"orbit-wrapper\">\n    <ul class=\"orbit-container slider-header fullwidth\">\n      <li class=\"is-active orbit-slide\" style=\"background-image:url(\/app\/uploads\/2020\/07\/ORERETA-2018-MATRIKULAZIOAK-10-scaled.jpg);\">\n        <figcaption class=\"orbit-caption\">\n           <h1>Eskola Kirola<\/h1>            <h4>Normativa<\/h4>         <\/figcaption>\n      <\/li>\n    <\/ul>\n  <\/div>\n\n<\/div>\n\n\n\n<div style=\"height:50px\" aria-hidden=\"true\" class=\"wp-block-spacer\"><\/div>\n\n\n\n<hr class=\"wp-block-separator has-css-opacity\"\/>\n\n\n\n<h2 class=\"wp-block-heading\"><strong>ALUMNADO<\/strong><\/h2>\n\n\n\n<hr class=\"wp-block-separator has-css-opacity\"\/>\n\n\n\n<ul>\n<li>Apuntarse a Eskola Kirola conlleva el compromiso de acudir a los entrenamientos semanales y a las jornadas de fin de semana, con el fin de promover el valor del compromiso entre las alumnas y alumnos. Para ello, es necesaria la colaboraci\u00f3n de las familias.<\/li>\n\n\n\n<li>Si no se puede acudir al entrenamiento o a la jornada del fin de semana, se debe avisar.<\/li>\n\n\n\n<li>Se ruega ser puntual tanto en los entrenamientos como en las jornadas del fin de semana.<\/li>\n\n\n\n<li>El idioma de los entrenamientos y de las jornadas del fin de semana es el euskera.<\/li>\n\n\n\n<li>Se debe acudir a los entrenamientos y a las jornadas del fin de semana con ropa y calzado apropiados.<\/li>\n\n\n\n<li>Se debe tratar con respeto a las compa\u00f1eras y compa\u00f1eros, a las y los contrincantes, a los y las entrenadoras, y a los \u00e1rbitros. Se debe tratar con respeto al resto de las trabajadoras y trabajadores de la Ikastola.<\/li>\n\n\n\n<li>Se deben respetar las normas, las medidas de seguridad y las decisiones de las y los responsables de la Ikastola.<\/li>\n\n\n\n<li>La o el alumno utilizar\u00e1 correctamente las instalaciones y el material de la Ikastola. Si alg\u00fan alumno o alumna causa alg\u00fan desperfecto por uso indebido, abonar\u00e1 el coste de la reparaci\u00f3n.<\/li>\n\n\n\n<li>No se deber\u00e1n traer a los entrenamientos ni a las jornadas de fin de semana objetos y\/o materiales que no sean necesarios para la actividad.<\/li>\n\n\n\n<li>Los objetivos de desarrollo priman sobre los fines de competitividad.<\/li>\n\n\n\n<li>Con el o la alumna que mantenga una actitud de incumplimiento reiterativo de estas normas, se proceder\u00e1 a la mejora de su comportamiento de manera dialogada, y se informar\u00e1 a la familia. Si persiste en su actitud, adem\u00e1s de una medida disciplinaria, puede perder el derecho a participar en la actividad.<\/li>\n<\/ul>\n\n\n\n<hr class=\"wp-block-separator has-css-opacity\"\/>\n\n\n\n<h2 class=\"wp-block-heading\"><strong>RESPONSABLES DE LA IKASTOLA<\/strong><\/h2>\n\n\n\n<hr class=\"wp-block-separator has-css-opacity\"\/>\n\n\n\n<ul>\n<li>Las y los responsables de la Ikastola se dirigir\u00e1n a las y los alumnos con calma, paciencia, atenci\u00f3n y de forma apropiada.<\/li>\n\n\n\n<li>Las y los responsables de la Ikastola se comportar\u00e1n con flexibilidad, coherencia y responsabilidad.<\/li>\n\n\n\n<li>Trabajar\u00e1n bajo los criterios de integraci\u00f3n del programa polideportivo en el proyecto educativo.<\/li>\n\n\n\n<li>El idioma de trabajo es el euskera.<\/li>\n\n\n\n<li>Intentar\u00e1n que las entradas y salidas y las propias sesiones sean tranquilas, adecuadas y respetuosas.<\/li>\n\n\n\n<li>Las y los responsables de la Ikastola har\u00e1n cumplir las normas del programa polideportivo. Promover\u00e1n los comportamientos b\u00e1sicos de convivencia.<\/li>\n\n\n\n<li>Las y los responsables de la Ikastola se encargar\u00e1n del correcto funcionamiento del programa polideportivo. Cuando as\u00ed proceda, se responsabilizar\u00e1n de hacer cumplir las medidas disciplinarias previamente acordadas.<\/li>\n<\/ul>\n\n\n\n<p><a href=\"\/app\/uploads\/2025\/09\/Orereta-Ikastola-Funtzionamendu-Elkarbitzarako-araudia_ikasle.pdf\" target=\"_blank\" rel=\"noreferrer noopener\">Ver el Reglamento de Funcionamiento y Convivencia de la Ikastola<\/a><\/p>\n","protected":false},"excerpt":{"rendered":"<p>ALUMNADO RESPONSABLES DE LA IKASTOLA Ver el Reglamento de Funcionamiento y Convivencia de la Ikastola<\/p>\n","protected":false},"author":2,"featured_media":0,"parent":3047,"menu_order":0,"comment_status":"closed","ping_status":"closed","template":"","meta":[],"acf":[],"_links":{"self":[{"href":"https:\/\/oreretaikastola.eus\/es\/wp-json\/wp\/v2\/pages\/4830"}],"collection":[{"href":"https:\/\/oreretaikastola.eus\/es\/wp-json\/wp\/v2\/pages"}],"about":[{"href":"https:\/\/oreretaikastola.eus\/es\/wp-json\/wp\/v2\/types\/page"}],"author":[{"embeddable":true,"href":"https:\/\/oreretaikastola.eus\/es\/wp-json\/wp\/v2\/users\/2"}],"replies":[{"embeddable":true,"href":"https:\/\/oreretaikastola.eus\/es\/wp-json\/wp\/v2\/comments?post=4830"}],"version-history":[{"count":336,"href":"https:\/\/oreretaikastola.eus\/es\/wp-json\/wp\/v2\/pages\/4830\/revisions"}],"predecessor-version":[{"id":75015,"href":"https:\/\/oreretaikastola.eus\/es\/wp-json\/wp\/v2\/pages\/4830\/revisions\/75015"}],"up":[{"embeddable":true,"href":"https:\/\/oreretaikastola.eus\/es\/wp-json\/wp\/v2\/pages\/3047"}],"wp:attachment":[{"href":"https:\/\/oreretaikastola.eus\/es\/wp-json\/wp\/v2\/media?parent=4830"}],"curies":[{"name":"wp","href":"https:\/\/api.w.org\/{rel}","templated":true}]}}