{"id":42522,"date":"2021-04-27T12:37:53","date_gmt":"2021-04-27T11:37:53","guid":{"rendered":"https:\/\/oreretaikastola.eus\/cookie-politika\/"},"modified":"2023-07-20T12:16:26","modified_gmt":"2023-07-20T11:16:26","slug":"politica-de-cookies","status":"publish","type":"page","link":"https:\/\/oreretaikastola.eus\/es\/politica-de-cookies\/","title":{"rendered":"Pol\u00edtica de cookies"},"content":{"rendered":"\n<h4 class=\"wp-block-heading\"><strong>Identificaci\u00f3n de la entidad titular de la web<\/strong><\/h4>\n\n\n\n<ul>\n<li>ORERETA IKASTOLA<\/li>\n\n\n\n<li>CIF: F-20974358<\/li>\n\n\n\n<li>DIRECCI\u00d3N: Zamalbide auzoa, 14. 20100 Orereta-Errenteria, Gipuzkoa<\/li>\n<\/ul>\n\n\n\n<h4 class=\"wp-block-heading\"><strong>\u00bfQu\u00e9 son las cookies?<\/strong><\/h4>\n\n\n\n<p>Las cookies son archivos que se pueden descargar en un equipo a trav\u00e9s de las p\u00e1ginas web.<\/p>\n\n\n\n<p>Este sitio web utiliza cookies y\/o tecnolog\u00edas similares que almacenan y recuperan informaci\u00f3n cuando navegas. En general, estas tecnolog\u00edas pueden servir para finalidades muy diversas, como, por ejemplo, reconocerte como usuario, obtener informaci\u00f3n sobre tus h\u00e1bitos de navegaci\u00f3n, o personalizar la forma en que se muestra el contenido. Los usos concretos que hacemos de estas tecnolog\u00edas se describen a continuaci\u00f3n.<\/p>\n\n\n\n<h4 class=\"wp-block-heading\"><strong>Tipos de cookies que existen<\/strong><\/h4>\n\n\n\n<p>Se pueden distinguir dos tipos de cookies, seg\u00fan quien sea la entidad que gestione el equipo o dominio desde donde se env\u00edan las cookies y trate los datos que se obtengan:<\/p>\n\n\n\n<ol type=\"a\">\n<li><strong>Cookies propias<\/strong>: aquellas que se env\u00edan al equipo terminal del usuario desde un equipo o dominio gestionado por el propio editor y desde el que se presta el servicio solicitado por el usuario.<\/li>\n<\/ol>\n\n\n\n<ol type=\"a\" start=\"2\">\n<li><strong>Cookies de terceros<\/strong>: aquellas que se env\u00edan al equipo terminal del usuario desde un equipo o dominio que no es gestionado por el editor, sino por otra entidad que trata los datos obtenidos trav\u00e9s de las cookies.<\/li>\n<\/ol>\n\n\n\n<p>Adem\u00e1s, hablamos de <strong>cookies de sesi\u00f3n<\/strong> o <strong>cookies permanentes<\/strong>, cuando se trata del plazo de tiempo que permanecen almacenadas en el navegador del cliente:<\/p>\n\n\n\n<ol type=\"a\">\n<li><strong>Cookies de sesi\u00f3n<\/strong>: son aquellas dise\u00f1adas para recabar y almacenar datos mientras el usuario accede a una p\u00e1gina web.<\/li>\n<\/ol>\n\n\n\n<ol type=\"a\" start=\"2\">\n<li><strong>Cookies persistentes<\/strong>: son aquellas en las que los datos siguen almacenados en el terminal y pueden ser accedidos y tratados durante un periodo definido por el responsable de la cookie, que puede ir de unos minutos a varios a\u00f1os.<\/li>\n<\/ol>\n\n\n\n<p>Por \u00faltimo, existe otra clasificaci\u00f3n con cuatro tipos de cookies seg\u00fan la finalidad para la que se traten los datos obtenidos: <strong>cookies t\u00e9cnicas, cookies de personalizaci\u00f3n, cookies de an\u00e1lisis, cookies de publicidad comportamental.<\/strong><\/p>\n\n\n\n<h4 class=\"wp-block-heading\"><strong>Tipos de cookies que se utilizan en esta p\u00e1gina<\/strong><\/h4>\n\n\n\n<figure class=\"wp-block-table\"><table><thead><tr><th>Nombre cookie<\/th><th>Finalidad<\/th><th>Tipo<\/th><th>Titularidad<\/th><th>Duraci\u00f3n<\/th><\/tr><\/thead><tbody><tr><td>cookielawinfo<\/td><td>El usuario acepta las cookies<\/td><td>Cookies t\u00e9cnicas<\/td><td>Cookies propias<\/td><td>1 a\u00f1o<\/td><\/tr><tr><td>wordpress_test_cookie<\/td><td>WordPress comprueba si el navegador acepta las cookies<\/td><td>Cookies t\u00e9cnicas<\/td><td>Cookies propias<\/td><td>Sesi\u00f3n<\/td><\/tr><\/tbody><\/table><\/figure>\n\n\n\n<h4 class=\"wp-block-heading\"><strong>Ampliar informaci\u00f3n y ejercicios de derechos<\/strong><\/h4>\n\n\n\n<p>La presente Pol\u00edtica de Cookies podr\u00e1 ser modificada en funci\u00f3n de nuevas exigencias legales o con la finalidad de adaptar dicha pol\u00edtica a las instrucciones dictadas por las Autoridades de Control por lo que se aconseja a los usuarios que la visiten peri\u00f3dicamente.<\/p>\n\n\n\n<p>Si el usuario desea realizar alguna consulta sobre la Pol\u00edtica de Cookies del sitio web, puede contactar en la siguiente direcci\u00f3n de correo electr\u00f3nico: <a href=\"mailto:idazkaritza@oreretaikastola.eus\">idazkaritza@oreretaikastola.eus<\/a><\/p>\n\n\n\n<p>El usuario puede consultar la informaci\u00f3n sobre el tratamiento de sus datos personales en nuestra <a href=\"https:\/\/oreretaikastola.eus\/es\/politica-de-privacidad\/\">Pol\u00edtica de Privacidad<\/a>.<\/p>\n","protected":false},"excerpt":{"rendered":"<p>Identificaci\u00f3n de la entidad titular de la web \u00bfQu\u00e9 son las cookies? Las cookies son archivos que se pueden descargar en un equipo a trav\u00e9s de las p\u00e1ginas web. Este sitio web utiliza cookies y\/o tecnolog\u00edas similares que almacenan y recuperan informaci\u00f3n cuando navegas. En general, estas tecnolog\u00edas pueden servir para finalidades muy diversas, como, &hellip; <a href=\"https:\/\/oreretaikastola.eus\/es\/politica-de-cookies\/\">Continued<\/a><\/p>\n","protected":false},"author":1,"featured_media":0,"parent":0,"menu_order":0,"comment_status":"closed","ping_status":"closed","template":"","meta":[],"acf":[],"_links":{"self":[{"href":"https:\/\/oreretaikastola.eus\/es\/wp-json\/wp\/v2\/pages\/42522"}],"collection":[{"href":"https:\/\/oreretaikastola.eus\/es\/wp-json\/wp\/v2\/pages"}],"about":[{"href":"https:\/\/oreretaikastola.eus\/es\/wp-json\/wp\/v2\/types\/page"}],"author":[{"embeddable":true,"href":"https:\/\/oreretaikastola.eus\/es\/wp-json\/wp\/v2\/users\/1"}],"replies":[{"embeddable":true,"href":"https:\/\/oreretaikastola.eus\/es\/wp-json\/wp\/v2\/comments?post=42522"}],"version-history":[{"count":2,"href":"https:\/\/oreretaikastola.eus\/es\/wp-json\/wp\/v2\/pages\/42522\/revisions"}],"predecessor-version":[{"id":42807,"href":"https:\/\/oreretaikastola.eus\/es\/wp-json\/wp\/v2\/pages\/42522\/revisions\/42807"}],"wp:attachment":[{"href":"https:\/\/oreretaikastola.eus\/es\/wp-json\/wp\/v2\/media?parent=42522"}],"curies":[{"name":"wp","href":"https:\/\/api.w.org\/{rel}","templated":true}]}}