{"id":36190,"date":"2023-03-16T11:34:11","date_gmt":"2023-03-16T10:34:11","guid":{"rendered":"https:\/\/oreretaikastola.eus\/irudien-erabilera-eskubidea\/"},"modified":"2026-03-17T10:11:59","modified_gmt":"2026-03-17T09:11:59","slug":"derecho-de-uso-de-imagen","status":"publish","type":"page","link":"https:\/\/oreretaikastola.eus\/es\/derecho-de-uso-de-imagen\/","title":{"rendered":"Derecho de uso de imagen"},"content":{"rendered":"\n<p>Viene siendo habitual mostrar distintas im\u00e1genes de vuestros hijos en las actividades de las colonias de verano. Estas im\u00e1genes pueden aparecer en el peri\u00f3dico escolar, la agenda, presentaciones o publicaciones de car\u00e1cter pedag\u00f3gico, carteler\u00eda o folletos publicitarios del propio colegio, as\u00ed como en la p\u00e1gina web, redes sociales y en aplicaciones vinculadas a la misma (aula virtual, blogs etc\u2026).<\/p>\n\n\n\n<p>ORERETA IKASTOLA pone especial atenci\u00f3n y cuidado en el uso y publicaci\u00f3n de estas fotograf\u00edas e im\u00e1genes, y en todo momento se respetar\u00e1 la intimidad de las personas que en ellas aparezcan, ajust\u00e1ndose a la legislaci\u00f3n actual en materia de protecci\u00f3n de datos. Todas estas im\u00e1genes ser\u00e1n usadas para un fin leg\u00edtimo, did\u00e1ctico e informativo y relacionado con el car\u00e1cter propio del centro, por lo que no es posible por parte del centro un uso posterior diferente del expresado. Por otra parte, no constituyen fuente de acceso p\u00fablico y no podr\u00e1n ser reproducidas ni en todo ni en parte, ni trasmitidas ni registradas por ning\u00fan sistema de recuperaci\u00f3n de las mismas, sin el consentimiento de los propios afectados.<\/p>\n\n\n\n<p>Teniendo en cuenta estas consideraciones, la Direcci\u00f3n de ORERETA IKASTOLA en aplicaci\u00f3n de la normativa de protecci\u00f3n de datos personales vigente, solicita el consentimiento a los padres\/madres o tutores legales para poder publicar las im\u00e1genes en las que aparezcan individualmente o en grupo sus hijos e hijas, en las diferentes secuencias y actividades realizadas dentro de las colonias de verano.<\/p>\n\n\n\n<p>Como padre\/madre\/tutor legal manifiesto:<\/p>\n\n\n\n<ol>\n<li>Que ORERETA IKASTOLA ha solicitado mi consentimiento para la captaci\u00f3n y utilizaci\u00f3n de la imagen y\/o voz de mi hijo\/a para fines arriba mencionados.<\/li>\n\n\n\n<li>Que sobre la base de la informaci\u00f3n recibida de ORERETA IKASTOLA, declaro conocer y aceptar\/no aceptar libre y voluntariamente, y otorgo\/no otorgo mi consentimiento expreso para que ORERETA IKASTOLA realice las siguientes operaciones de tratamiento de datos personales: Captaci\u00f3n de la imagen fotogr\u00e1fica y\/o edici\u00f3n de video que incluyan la imagen y\/o voz de mi hijo\/a para su uso y publicaci\u00f3n de ello en la p\u00e1gina web www.oreretaikastola.eus, redes sociales, blogs, y aplicaciones y plataformas comunicativas de terceros utilizadas por la Ikastola. <br>Las redes sociales y aplicaciones utilizadas (o que pueden ser utilizadas) ser\u00e1n: Facebook; Vimeo; Google; Instagram; Twitter; Spotify; Flickr; Slideshare; Youtube; LinkedIn; Pinterest; Issuu; Tik Tok.<br>Otorgar este consentimiento, implica aceptar las pol\u00edticas de privacidad de las mencionadas redes sociales y aplicaciones, a las cuales habr\u00e1 que acudir para conocerlas.<br>NOTA DE ESPECIAL IMPORTANCIA: En caso de publicaci\u00f3n de los datos en el portal de YouTube y en redes sociales como Facebook, Instagram o Twitter, se producir\u00e1 UNA TRANSFERENCIA INTERNACIONAL DE LAS IM\u00c1GENES Y LA VOZ a, respectivamente, Google, Inc., Facebook, Inc. y Twitter, Inc. Les informamos que estas entidades tienen su sede en EE.UU., pa\u00eds que no cuenta con una decisi\u00f3n de adecuaci\u00f3n ni con garant\u00edas en materia de protecci\u00f3n de datos equiparables a las que se establecen en el Espacio Econ\u00f3mico Europeo. En consecuencia, a falta de una decisi\u00f3n de adaptaci\u00f3n, la transferencia internacional se realizar\u00e1 de conformidad con lo dispuesto en el art\u00edculo 49.1.a) del RGPD.<\/li>\n\n\n\n<li>Que previo al otorgamiento de este consentimiento, he le\u00eddo y entendido la informaci\u00f3n en relaci\u00f3n al tratamiento que ORERETA IKASTOLA realiza de los datos referidos a la imagen y voz de mi hijo\/a y, en particular, declaro conocer que he sido informado de que tengo derecho a retirar mi consentimiento en cualquier momento, mediante escrito dirigido a ORERETA IKASTOLA.<\/li>\n<\/ol>\n","protected":false},"excerpt":{"rendered":"<p>Viene siendo habitual mostrar distintas im\u00e1genes de vuestros hijos en las actividades de las colonias de verano. Estas im\u00e1genes pueden aparecer en el peri\u00f3dico escolar, la agenda, presentaciones o publicaciones de car\u00e1cter pedag\u00f3gico, carteler\u00eda o folletos publicitarios del propio colegio, as\u00ed como en la p\u00e1gina web, redes sociales y en aplicaciones vinculadas a la misma &hellip; <a href=\"https:\/\/oreretaikastola.eus\/es\/derecho-de-uso-de-imagen\/\">Continued<\/a><\/p>\n","protected":false},"author":2,"featured_media":0,"parent":0,"menu_order":0,"comment_status":"closed","ping_status":"closed","template":"","meta":[],"acf":[],"_links":{"self":[{"href":"https:\/\/oreretaikastola.eus\/es\/wp-json\/wp\/v2\/pages\/36190"}],"collection":[{"href":"https:\/\/oreretaikastola.eus\/es\/wp-json\/wp\/v2\/pages"}],"about":[{"href":"https:\/\/oreretaikastola.eus\/es\/wp-json\/wp\/v2\/types\/page"}],"author":[{"embeddable":true,"href":"https:\/\/oreretaikastola.eus\/es\/wp-json\/wp\/v2\/users\/2"}],"replies":[{"embeddable":true,"href":"https:\/\/oreretaikastola.eus\/es\/wp-json\/wp\/v2\/comments?post=36190"}],"version-history":[{"count":2,"href":"https:\/\/oreretaikastola.eus\/es\/wp-json\/wp\/v2\/pages\/36190\/revisions"}],"predecessor-version":[{"id":42944,"href":"https:\/\/oreretaikastola.eus\/es\/wp-json\/wp\/v2\/pages\/36190\/revisions\/42944"}],"wp:attachment":[{"href":"https:\/\/oreretaikastola.eus\/es\/wp-json\/wp\/v2\/media?parent=36190"}],"curies":[{"name":"wp","href":"https:\/\/api.w.org\/{rel}","templated":true}]}}