{"id":36122,"date":"2023-03-14T15:23:30","date_gmt":"2023-03-14T14:23:30","guid":{"rendered":"https:\/\/oreretaikastola.eus\/udalekuak-udatxoak-2023-izen-ematea\/"},"modified":"2025-04-08T11:55:59","modified_gmt":"2025-04-08T10:55:59","slug":"udatxiki-2025-inscripcion","status":"publish","type":"page","link":"https:\/\/oreretaikastola.eus\/es\/udalekuak-2025\/udatxiki-2025-inscripcion\/","title":{"rendered":"Udatxiki 2025: inscripci\u00f3n"},"content":{"rendered":"<div\nclass=\"orbit\"\nrole=\"region\"\naria-label=\"\"\ndata-orbit\ndata-options=\"pauseOnHover:false; animInFromLeft:fade-in; animInFromRight:fade-in; animOutToLeft:fade-out; animOutToRight:fade-out;\"\ndata-auto-play=\"true\"\ndata-use-m-u-i=\"true\"\n>\n\n  <div class=\"orbit-wrapper\">\n    <ul class=\"orbit-container slider-header fullwidth\">\n      <li class=\"is-active orbit-slide\" style=\"background-image:url(\/app\/uploads\/2024\/04\/Orereta-Ikastola-udalekuak-udatxiki-2023-scaled.jpg);\">\n        <figcaption class=\"orbit-caption\">\n           <h1>Udalekuak-Udatxiki 2025 (HH2)<\/h1>            <h4>Inscripci\u00f3n<\/h4>         <\/figcaption>\n      <\/li>\n    <\/ul>\n  <\/div>\n\n<\/div>\n\n\n\n<h3 class=\"wp-block-heading\"><strong>Observaciones sobre el pago y las solicitudes de baja:<\/strong> <\/h3>\n\n\n\n<p>Orereta Ikastola tendr\u00e1 en cuenta las matr\u00edculas tramitadas a 14 de mayo de 2025. De acuerdo a ello, se aplicar\u00e1n los siguientes criterios de cobro y\/o baja: <\/p>\n\n\n\n<ul>\n<li>A las familias de la Ikastola se les cobrar\u00e1 el 60% del importe correspondiente a Udalekuak el 19 de mayo de 2025. El 40% restante, el 20 de junio. Con las familias de las y los menores que no sean alumnos de la Ikastola se pondr\u00e1 en contacto la propia Ikastola (por correo electr\u00f3nico) para gestionar el pago.<\/li>\n\n\n\n<li>Si a partir del 20 de junio hubiera solicitudes de baja, en los casos debidamente justificados se devolver\u00e1 el 90% del importe. En el resto de los casos, el 10%. Se devolver\u00e1 el 90% del importe, previa justificaci\u00f3n documental, en los siguientes casos:\n<ul>\n<li>En caso de enfermedad o accidente (se requiere justificante m\u00e9dico)<\/li>\n\n\n\n<li>En caso de imprevisto o necesidad urgente y de \u00faltima hora (justificado)<\/li>\n<\/ul>\n<\/li>\n\n\n\n<li>Una vez en marcha Udalekuak, no se devolver\u00e1 el dinero.&nbsp; <\/li>\n<\/ul>\n\n\n\n<div style=\"height:50px\" aria-hidden=\"true\" class=\"wp-block-spacer\"><\/div>\n\n\n\n<hr class=\"wp-block-separator has-css-opacity\"\/>\n\n\n","protected":false},"excerpt":{"rendered":"<p>Observaciones sobre el pago y las solicitudes de baja: Orereta Ikastola tendr\u00e1 en cuenta las matr\u00edculas tramitadas a 14 de mayo de 2025. De acuerdo a ello, se aplicar\u00e1n los siguientes criterios de cobro y\/o baja:<\/p>\n","protected":false},"author":2,"featured_media":0,"parent":70980,"menu_order":0,"comment_status":"closed","ping_status":"closed","template":"","meta":[],"acf":[],"_links":{"self":[{"href":"https:\/\/oreretaikastola.eus\/es\/wp-json\/wp\/v2\/pages\/36122"}],"collection":[{"href":"https:\/\/oreretaikastola.eus\/es\/wp-json\/wp\/v2\/pages"}],"about":[{"href":"https:\/\/oreretaikastola.eus\/es\/wp-json\/wp\/v2\/types\/page"}],"author":[{"embeddable":true,"href":"https:\/\/oreretaikastola.eus\/es\/wp-json\/wp\/v2\/users\/2"}],"replies":[{"embeddable":true,"href":"https:\/\/oreretaikastola.eus\/es\/wp-json\/wp\/v2\/comments?post=36122"}],"version-history":[{"count":14,"href":"https:\/\/oreretaikastola.eus\/es\/wp-json\/wp\/v2\/pages\/36122\/revisions"}],"predecessor-version":[{"id":78122,"href":"https:\/\/oreretaikastola.eus\/es\/wp-json\/wp\/v2\/pages\/36122\/revisions\/78122"}],"up":[{"embeddable":true,"href":"https:\/\/oreretaikastola.eus\/es\/wp-json\/wp\/v2\/pages\/70980"}],"wp:attachment":[{"href":"https:\/\/oreretaikastola.eus\/es\/wp-json\/wp\/v2\/media?parent=36122"}],"curies":[{"name":"wp","href":"https:\/\/api.w.org\/{rel}","templated":true}]}}