{"id":33639,"date":"2023-01-06T03:08:42","date_gmt":"2023-01-06T02:08:42","guid":{"rendered":"https:\/\/oreretaikastola.eus\/ikastola-ezagutzeko-hitzorduak\/"},"modified":"2025-01-13T15:27:07","modified_gmt":"2025-01-13T14:27:07","slug":"cita-para-conocer-la-ikastola","status":"publish","type":"page","link":"https:\/\/oreretaikastola.eus\/es\/cita-para-conocer-la-ikastola\/","title":{"rendered":"Cita para conocer la Ikastola"},"content":{"rendered":"\n<p>Recibiremos con mucho gusto tu visita para conocer Orereta Ikastola. Rellena el formulario inferior y podremos conocernos. Gracias por tu inter\u00e9s.<\/p>\n\n\n\n<p>NOTA: por cuestiones organizativas, es necesario realizar las solicitudes con un m\u00ednimo de 48 horas de antelaci\u00f3n a la fecha de la cita solicitada.<\/p>\n\n\n\n<div style=\"height:50px\" aria-hidden=\"true\" class=\"wp-block-spacer\"><\/div>\n\n\n\n<hr class=\"wp-block-separator has-css-opacity\"\/>\n\n\n<script type=\"text\/javascript\">if(!gform){document.addEventListener(\"gform_main_scripts_loaded\",function(){gform.scriptsLoaded=!0}),window.addEventListener(\"DOMContentLoaded\",function(){gform.domLoaded=!0});var gform={domLoaded:!1,scriptsLoaded:!1,initializeOnLoaded:function(o){gform.domLoaded&&gform.scriptsLoaded?o():!gform.domLoaded&&gform.scriptsLoaded?window.addEventListener(\"DOMContentLoaded\",o):document.addEventListener(\"gform_main_scripts_loaded\",o)},hooks:{action:{},filter:{}},addAction:function(o,n,r,t){gform.addHook(\"action\",o,n,r,t)},addFilter:function(o,n,r,t){gform.addHook(\"filter\",o,n,r,t)},doAction:function(o){gform.doHook(\"action\",o,arguments)},applyFilters:function(o){return gform.doHook(\"filter\",o,arguments)},removeAction:function(o,n){gform.removeHook(\"action\",o,n)},removeFilter:function(o,n,r){gform.removeHook(\"filter\",o,n,r)},addHook:function(o,n,r,t,i){null==gform.hooks[o][n]&&(gform.hooks[o][n]=[]);var e=gform.hooks[o][n];null==i&&(i=n+\"_\"+e.length),null==t&&(t=10),gform.hooks[o][n].push({tag:i,callable:r,priority:t})},doHook:function(o,n,r){if(r=Array.prototype.slice.call(r,1),null!=gform.hooks[o][n]){var t,i=gform.hooks[o][n];i.sort(function(o,n){return o.priority-n.priority});for(var e=0;e<i.length;e++)\"function\"!=typeof(t=i[e].callable)&#038;&#038;(t=window[t]),\"action\"==o?t.apply(null,r):r[0]=t.apply(null,r)}if(\"filter\"==o)return r[0]},removeHook:function(o,n,r,t){if(null!=gform.hooks[o][n])for(var i=gform.hooks[o][n],e=i.length-1;0<=e;e--)null!=t&#038;&#038;t!=i[e].tag||null!=r&#038;&#038;r!=i[e].priority||i.splice(e,1)}}}<\/script>\n                <div class='gf_browser_gecko gform_wrapper gform_legacy_markup_wrapper' id='gform_wrapper_296' style='display:none'>\n                        <div class='gform_heading'>\n                            <span class='gform_description'><\/span>\n                        <\/div><form method='post' enctype='multipart\/form-data'  id='gform_296'  action='\/es\/wp-json\/wp\/v2\/pages\/33639' >\n                        <div class='gform_body gform-body'><ul id='gform_fields_296' class='gform_fields top_label form_sublabel_below description_above'><li id=\"field_296_1\" class=\"gfield gfield_contains_required field_sublabel_below field_description_above gfield_visibility_visible\" ><label class='gfield_label gfield_label_before_complex'  >Izen-abizenak \/ Nombre y apellidos<span class=\"gfield_required\"><span class=\"gfield_required gfield_required_asterisk\">*<\/span><\/span><\/label><div class='ginput_complex ginput_container no_prefix has_first_name no_middle_name has_last_name no_suffix gf_name_has_2 ginput_container_name' id='input_296_1'>\n                            \n                            <span id='input_296_1_3_container' class='name_first' >\n                                                    <input type='text' name='input_1.3' id='input_296_1_3' value='' aria-label='First name'   aria-required='true'     \/>\n                                                    <label for='input_296_1_3' >Izena \/ Nombre<\/label>\n                                                <\/span>\n                            \n                            <span id='input_296_1_6_container' class='name_last' >\n                                                    <input type='text' name='input_1.6' id='input_296_1_6' value='' aria-label='Last name'   aria-required='true'     \/>\n                                                    <label for='input_296_1_6' >Abizenak \/ Apellidos<\/label>\n                                                <\/span>\n                            \n                        <\/div><\/li><li id=\"field_296_2\" class=\"gfield gfield_contains_required field_sublabel_below field_description_above gfield_visibility_visible\" ><label class='gfield_label' for='input_296_2' >Helbide elektronikoa \/ Correo electr\u00f3nico<span class=\"gfield_required\"><span class=\"gfield_required gfield_required_asterisk\">*<\/span><\/span><\/label><div class='ginput_container ginput_container_email'>\n                            <input name='input_2' id='input_296_2' type='text' value='' class='medium'    aria-required=\"true\" aria-invalid=\"false\"  \/>\n                        <\/div><\/li><li id=\"field_296_3\" class=\"gfield gfield_contains_required field_sublabel_below field_description_above gfield_visibility_visible\" ><label class='gfield_label' for='input_296_3' >Telefono-zenbakia \/ N\u00famero de tel\u00e9fono<span class=\"gfield_required\"><span class=\"gfield_required gfield_required_asterisk\">*<\/span><\/span><\/label><div class='ginput_container ginput_container_phone'><input name='input_3' id='input_296_3' type='text' value='' class='medium'   aria-required=\"true\" aria-invalid=\"false\"   \/><\/div><\/li><li id=\"field_296_5\" class=\"gfield gfield_contains_required field_sublabel_below field_description_above gfield_visibility_visible\" ><label class='gfield_label' for='input_296_5' >Haurraren jaiotza-urtea \/ A\u00f1o de nacimiento del ni\u00f1o o ni\u00f1a<span class=\"gfield_required\"><span class=\"gfield_required gfield_required_asterisk\">*<\/span><\/span><\/label><div class='ginput_container ginput_container_multiselect'><select multiple='multiple'  size='7' name='input_5[]' id='input_296_5' class='medium gfield_select'   aria-invalid=\"false\" aria-required=\"true\" ><option value='2026' >2026<\/option><option value='2025' >2025<\/option><option value='2024' >2024<\/option><option value='2023' >2023<\/option><option value='2022 edo 2021 \/ 2022 o 2021' >2022 edo 2021 \/ 2022 o 2021<\/option><option value='2020 eta 2015 artean \/ Entre 2020 y 2015' >2020 eta 2015 artean \/ Entre 2020 y 2015<\/option><option value='2014 eta 2011 artean \/ Entre 2014 y 2011' >2014 eta 2011 artean \/ Entre 2014 y 2011<\/option><\/select><\/div><\/li><li id=\"field_296_27\" class=\"gfield gsection field_sublabel_below field_description_above gfield_visibility_visible\" ><h2 class=\"gsection_title\">Talde txikitako bisitak (HH) \/ Visitas en grupos reducidos (HH)<\/h2><\/li><li id=\"field_296_31\" class=\"gfield gfield--width-full gfield_contains_required field_sublabel_below field_description_above gfield_visibility_visible\" ><label class='gfield_label' for='input_296_31' >Noiz etorri nahi duzue? \/ \u00bfCu\u00e1ndo quer\u00e9is venir?<span class=\"gfield_required\"><span class=\"gfield_required gfield_required_asterisk\">*<\/span><\/span><\/label><div class='ginput_container ginput_container_select'><select name='input_31' id='input_296_31' class='large gfield_select'    aria-required=\"true\" aria-invalid=\"false\" ><option value='26.01.07' >26.01.07<\/option><option value='26.01.08' >26.01.08<\/option><option value='26.01.12' >26.01.12<\/option><option value='26.01.14' >26.01.14<\/option><option value='26.01.15' >26.01.15<\/option><option value='26.01.19' >26.01.19<\/option><option value='26.01.21' >26.01.21<\/option><option value='26.01.26' >26.01.26<\/option><option value='26.01.28' >26.01.28<\/option><option value='26.01.29' >26.01.29<\/option><option value='26.01.30' >26.01.30<\/option><option value='26.02.02' >26.02.02<\/option><option value='26.02.04' >26.02.04<\/option><option value='26.02.05' >26.02.05<\/option><option value='26.02.06' >26.02.06<\/option><option value='26.02.09' >26.02.09<\/option><option value='26.02.11' >26.02.11<\/option><option value='26.02.12' >26.02.12<\/option><\/select><\/div><\/li><li id=\"field_296_22\" class=\"gfield gfield--width-full gfield_contains_required field_sublabel_below field_description_above gfield_visibility_visible\" ><label class='gfield_label'  >Aukeratu ordua \/ Elige la hora<span class=\"gfield_required\"><span class=\"gfield_required gfield_required_asterisk\">*<\/span><\/span><\/label><div class='ginput_container ginput_container_radio'><ul class='gfield_radio' id='input_296_22'>\n\t\t\t<li class='gchoice gchoice_296_22_0'>\n\t\t\t\t<input name='input_22' type='radio' value='11:00'  id='choice_296_22_0'    \/>\n\t\t\t\t<label for='choice_296_22_0' id='label_296_22_0'>11:00<\/label>\n\t\t\t<\/li>\n\t\t\t<li class='gchoice gchoice_296_22_1'>\n\t\t\t\t<input name='input_22' type='radio' value='16:45'  id='choice_296_22_1'    \/>\n\t\t\t\t<label for='choice_296_22_1' id='label_296_22_1'>16:45<\/label>\n\t\t\t<\/li><\/ul><\/div><\/li><li id=\"field_296_23\" class=\"gfield gfield--width-full gfield_contains_required field_sublabel_below field_description_above gfield_visibility_visible\" ><label class='gfield_label'  >Aukeratu ordua \/ Elige la hora<span class=\"gfield_required\"><span class=\"gfield_required gfield_required_asterisk\">*<\/span><\/span><\/label><div class='ginput_container ginput_container_radio'><ul class='gfield_radio' id='input_296_23'>\n\t\t\t<li class='gchoice gchoice_296_23_0'>\n\t\t\t\t<input name='input_23' type='radio' value='16:45'  id='choice_296_23_0'    \/>\n\t\t\t\t<label for='choice_296_23_0' id='label_296_23_0'>16:45<\/label>\n\t\t\t<\/li><\/ul><\/div><\/li><li id=\"field_296_24\" class=\"gfield gfield--width-full gfield_contains_required field_sublabel_below field_description_above gfield_visibility_visible\" ><label class='gfield_label'  >Aukeratu ordua \/ Elige la hora<span class=\"gfield_required\"><span class=\"gfield_required gfield_required_asterisk\">*<\/span><\/span><\/label><div class='ginput_container ginput_container_radio'><ul class='gfield_radio' id='input_296_24'>\n\t\t\t<li class='gchoice gchoice_296_24_0'>\n\t\t\t\t<input name='input_24' type='radio' value='10:00'  id='choice_296_24_0'    \/>\n\t\t\t\t<label for='choice_296_24_0' id='label_296_24_0'>10:00<\/label>\n\t\t\t<\/li>\n\t\t\t<li class='gchoice gchoice_296_24_1'>\n\t\t\t\t<input name='input_24' type='radio' value='11:30'  id='choice_296_24_1'    \/>\n\t\t\t\t<label for='choice_296_24_1' id='label_296_24_1'>11:30<\/label>\n\t\t\t<\/li>\n\t\t\t<li class='gchoice gchoice_296_24_2'>\n\t\t\t\t<input name='input_24' type='radio' value='15:15'  id='choice_296_24_2'    \/>\n\t\t\t\t<label for='choice_296_24_2' id='label_296_24_2'>15:15<\/label>\n\t\t\t<\/li>\n\t\t\t<li class='gchoice gchoice_296_24_3'>\n\t\t\t\t<input name='input_24' type='radio' value='16:45'  id='choice_296_24_3'    \/>\n\t\t\t\t<label for='choice_296_24_3' id='label_296_24_3'>16:45<\/label>\n\t\t\t<\/li><\/ul><\/div><\/li><li id=\"field_296_38\" class=\"gfield gfield--width-full gfield_contains_required field_sublabel_below field_description_above gfield_visibility_visible\" ><label class='gfield_label'  >Aukeratu ordua \/ Elige la hora<span class=\"gfield_required\"><span class=\"gfield_required gfield_required_asterisk\">*<\/span><\/span><\/label><div class='ginput_container ginput_container_radio'><ul class='gfield_radio' id='input_296_38'>\n\t\t\t<li class='gchoice gchoice_296_38_0'>\n\t\t\t\t<input name='input_38' type='radio' value='11:00'  id='choice_296_38_0'    \/>\n\t\t\t\t<label for='choice_296_38_0' id='label_296_38_0'>11:00<\/label>\n\t\t\t<\/li>\n\t\t\t<li class='gchoice gchoice_296_38_1'>\n\t\t\t\t<input name='input_38' type='radio' value='15:15'  id='choice_296_38_1'    \/>\n\t\t\t\t<label for='choice_296_38_1' id='label_296_38_1'>15:15<\/label>\n\t\t\t<\/li>\n\t\t\t<li class='gchoice gchoice_296_38_2'>\n\t\t\t\t<input name='input_38' type='radio' value='16:45'  id='choice_296_38_2'    \/>\n\t\t\t\t<label for='choice_296_38_2' id='label_296_38_2'>16:45<\/label>\n\t\t\t<\/li><\/ul><\/div><\/li><li id=\"field_296_39\" class=\"gfield gfield--width-full gfield_contains_required field_sublabel_below field_description_above gfield_visibility_visible\" ><label class='gfield_label'  >Aukeratu ordua \/ Elige la hora<span class=\"gfield_required\"><span class=\"gfield_required gfield_required_asterisk\">*<\/span><\/span><\/label><div class='ginput_container ginput_container_radio'><ul class='gfield_radio' id='input_296_39'>\n\t\t\t<li class='gchoice gchoice_296_39_0'>\n\t\t\t\t<input name='input_39' type='radio' value='09:30'  id='choice_296_39_0'    \/>\n\t\t\t\t<label for='choice_296_39_0' id='label_296_39_0'>09:30<\/label>\n\t\t\t<\/li>\n\t\t\t<li class='gchoice gchoice_296_39_1'>\n\t\t\t\t<input name='input_39' type='radio' value='11:00'  id='choice_296_39_1'    \/>\n\t\t\t\t<label for='choice_296_39_1' id='label_296_39_1'>11:00<\/label>\n\t\t\t<\/li>\n\t\t\t<li class='gchoice gchoice_296_39_2'>\n\t\t\t\t<input name='input_39' type='radio' value='15:15'  id='choice_296_39_2'    \/>\n\t\t\t\t<label for='choice_296_39_2' id='label_296_39_2'>15:15<\/label>\n\t\t\t<\/li>\n\t\t\t<li class='gchoice gchoice_296_39_3'>\n\t\t\t\t<input name='input_39' type='radio' value='16:45'  id='choice_296_39_3'    \/>\n\t\t\t\t<label for='choice_296_39_3' id='label_296_39_3'>16:45<\/label>\n\t\t\t<\/li><\/ul><\/div><\/li><li id=\"field_296_40\" class=\"gfield gfield--width-full gfield_contains_required field_sublabel_below field_description_above gfield_visibility_visible\" ><label class='gfield_label'  >Aukeratu ordua \/ Elige la hora<span class=\"gfield_required\"><span class=\"gfield_required gfield_required_asterisk\">*<\/span><\/span><\/label><div class='ginput_container ginput_container_radio'><ul class='gfield_radio' id='input_296_40'>\n\t\t\t<li class='gchoice gchoice_296_40_0'>\n\t\t\t\t<input name='input_40' type='radio' value='15:15'  id='choice_296_40_0'    \/>\n\t\t\t\t<label for='choice_296_40_0' id='label_296_40_0'>15:15<\/label>\n\t\t\t<\/li><\/ul><\/div><\/li><li id=\"field_296_33\" class=\"gfield gfield--width-full gfield_contains_required field_sublabel_below field_description_above gfield_visibility_visible\" ><label class='gfield_label'  >Esmalteriaz gain Lino Berria (HH4-HH5) ezagutzea gustatuko litzaizueke? \/ \u00bfAdem\u00e1s de Esmalteria, os gustar\u00eda conocer el nuevo edificio de Lino (HH4-HH5)?<span class=\"gfield_required\"><span class=\"gfield_required gfield_required_asterisk\">*<\/span><\/span><\/label><div class='ginput_container ginput_container_radio'><ul class='gfield_radio' id='input_296_33'>\n\t\t\t<li class='gchoice gchoice_296_33_0'>\n\t\t\t\t<input name='input_33' type='radio' value='Bai \/ S\u00ed'  id='choice_296_33_0'    \/>\n\t\t\t\t<label for='choice_296_33_0' id='label_296_33_0'>Bai \/ S\u00ed<\/label>\n\t\t\t<\/li>\n\t\t\t<li class='gchoice gchoice_296_33_1'>\n\t\t\t\t<input name='input_33' type='radio' value='Ez \/ No'  id='choice_296_33_1'    \/>\n\t\t\t\t<label for='choice_296_33_1' id='label_296_33_1'>Ez \/ No<\/label>\n\t\t\t<\/li><\/ul><\/div><\/li><li id=\"field_296_30\" class=\"gfield gsection field_sublabel_below field_description_above gfield_visibility_visible\" ><h2 class=\"gsection_title\">Banakako arreta \/ Atenci\u00f3n personalizada (HH, LH, DBH)<\/h2><\/li><li id=\"field_296_26\" class=\"gfield gfield--width-full field_sublabel_below field_description_above gfield_visibility_visible\" ><label class='gfield_label' for='input_296_26' >Zein egun eta ordutan etorri nahi duzu? \/ \u00bfQu\u00e9 d\u00eda y a qu\u00e9 hora quieres venir?<\/label><div class='gfield_description' id='gfield_description_296_26'>Zure eskaera jaso bezain pronto jarriko gara zurekin harremanetan hitzordua baieztatzeko edo beste bat adosteko. \/ En cuanto recibamos tu solicitud nos pondremos en contacto contigo para confirmar la cita o acordar otra.<\/div><div class='ginput_container ginput_container_text'><input name='input_26' id='input_296_26' type='text' value='' class='large'  aria-describedby=\"gfield_description_296_26\"    aria-invalid=\"false\"   \/> <\/div><\/li><li id=\"field_296_34\" class=\"gfield gfield--width-full field_sublabel_below field_description_above gfield_visibility_visible\" ><label class='gfield_label'  >Esmalteriaz gain Lino Berria (HH4-HH5) ezagutzea gustatuko litzaizueke? \/ \u00bfAdem\u00e1s de Esmalteria, os gustar\u00eda conocer el nuevo edificio de Lino (HH4-HH5)?<\/label><div class='ginput_container ginput_container_radio'><ul class='gfield_radio' id='input_296_34'>\n\t\t\t<li class='gchoice gchoice_296_34_0'>\n\t\t\t\t<input name='input_34' type='radio' value='Bai \/ S\u00ed'  id='choice_296_34_0'    \/>\n\t\t\t\t<label for='choice_296_34_0' id='label_296_34_0'>Bai \/ S\u00ed<\/label>\n\t\t\t<\/li>\n\t\t\t<li class='gchoice gchoice_296_34_1'>\n\t\t\t\t<input name='input_34' type='radio' value='Ez \/ No'  id='choice_296_34_1'    \/>\n\t\t\t\t<label for='choice_296_34_1' id='label_296_34_1'>Ez \/ No<\/label>\n\t\t\t<\/li><\/ul><\/div><\/li><li id=\"field_296_14\" class=\"gfield gfield_contains_required field_sublabel_below field_description_above gfield_visibility_visible\" ><label class='gfield_label gfield_label_before_complex'  >Pribatutasun politika \/ Pol\u00edtica de privacidad<span class=\"gfield_required\"><span class=\"gfield_required gfield_required_asterisk\">*<\/span><\/span><\/label><div class='ginput_container ginput_container_checkbox'><ul class='gfield_checkbox' id='input_296_14'><li class='gchoice gchoice_296_14_1'>\n\t\t\t\t\t\t\t\t<input class='gfield-choice-input' name='input_14.1' type='checkbox'  value='&lt;a href=&quot;https:\/\/oreretaikastola.eus\/pribatutasun-politika\/&quot; target=&quot;_blank&quot;&gt;Pribatutasun politika&lt;\/a&gt; irakurri eta onartzen dut. \/ He le\u00eddo y acepto &lt;a href=&quot;https:\/\/oreretaikastola.eus\/es\/politica-de-privacidad\/&quot; target=&quot;_blank&quot;&gt;la pol\u00edtica de privacidad&lt;\/a&gt;.'  id='choice_296_14_1'   \/>\n\t\t\t\t\t\t\t\t<label for='choice_296_14_1' id='label_296_14_1'><a href=\"https:\/\/oreretaikastola.eus\/pribatutasun-politika\/\" target=\"_blank\">Pribatutasun politika<\/a> irakurri eta onartzen dut. \/ He le\u00eddo y acepto <a href=\"https:\/\/oreretaikastola.eus\/es\/politica-de-privacidad\/\" target=\"_blank\">la pol\u00edtica de privacidad<\/a>.<\/label>\n\t\t\t\t\t\t\t<\/li><\/ul><\/div><\/li><\/ul><\/div>\n        <div class='gform_footer top_label'> <input type='submit' id='gform_submit_button_296' class='gform_button button' value='Eskatu hitzordua'  onclick='if(window[\"gf_submitting_296\"]){return false;}  window[\"gf_submitting_296\"]=true;  ' onkeypress='if( event.keyCode == 13 ){ if(window[\"gf_submitting_296\"]){return false;} window[\"gf_submitting_296\"]=true;  jQuery(\"#gform_296\").trigger(\"submit\",[true]); }' \/> \n            <input type='hidden' class='gform_hidden' name='is_submit_296' value='1' \/>\n            <input type='hidden' class='gform_hidden' name='gform_submit' value='296' \/>\n            \n            <input type='hidden' class='gform_hidden' name='gform_unique_id' value='' \/>\n            <input type='hidden' class='gform_hidden' name='state_296' value='WyJ7XCIyMlwiOltcIjc3ZWZhNTI0OGY1ZDFiNjFmYTlmMjJmM2Q2ZjVhZjFmXCIsXCI2NzIzM2E0MmIyMTY3OWQ5ZTAxYWMzZGQyNmM2YzkyNFwiXSxcIjIzXCI6W1wiNjcyMzNhNDJiMjE2NzlkOWUwMWFjM2RkMjZjNmM5MjRcIl0sXCIyNFwiOltcImFhZTkzOTY4NjBmNGVhZjAyMjAwN2ZmYWMzZjYxYTY2XCIsXCI1Nzc5Njk1OGNiZDZmZTE4OWYxOTU3ZDQ2YmQ2MGRlMVwiLFwiZjE3ODczZjFhNDVjODZhNWM2NTgyY2M1ZGE1OTMwN2NcIixcIjY3MjMzYTQyYjIxNjc5ZDllMDFhYzNkZDI2YzZjOTI0XCJdLFwiMzhcIjpbXCI3N2VmYTUyNDhmNWQxYjYxZmE5ZjIyZjNkNmY1YWYxZlwiLFwiZjE3ODczZjFhNDVjODZhNWM2NTgyY2M1ZGE1OTMwN2NcIixcIjY3MjMzYTQyYjIxNjc5ZDllMDFhYzNkZDI2YzZjOTI0XCJdLFwiMzlcIjpbXCI4MTA5MjA4ZmI5YTE4NTZjZTEwMmRkZDI4OTdiZDAzNFwiLFwiNzdlZmE1MjQ4ZjVkMWI2MWZhOWYyMmYzZDZmNWFmMWZcIixcImYxNzg3M2YxYTQ1Yzg2YTVjNjU4MmNjNWRhNTkzMDdjXCIsXCI2NzIzM2E0MmIyMTY3OWQ5ZTAxYWMzZGQyNmM2YzkyNFwiXSxcIjQwXCI6W1wiZjE3ODczZjFhNDVjODZhNWM2NTgyY2M1ZGE1OTMwN2NcIl0sXCIzM1wiOltcIjdhN2I1YjFmZmJmZWMyM2E5ZjEwNmExZmE3YTNlMDJhXCIsXCI2NTYxNzNlMjA1NzJhMDdiZWI3NGUwNDM4MmM1Mjc2ZVwiXSxcIjM0XCI6W1wiN2E3YjViMWZmYmZlYzIzYTlmMTA2YTFmYTdhM2UwMmFcIixcIjY1NjE3M2UyMDU3MmEwN2JlYjc0ZTA0MzgyYzUyNzZlXCJdfSIsIjRjZjRkYzNiNTZmY2NmZjg1ZjllZTc3NTIxZmQ4OWQ2Il0=' \/>\n            <input type='hidden' class='gform_hidden' name='gform_target_page_number_296' id='gform_target_page_number_296' value='0' \/>\n            <input type='hidden' class='gform_hidden' name='gform_source_page_number_296' id='gform_source_page_number_296' value='1' \/>\n            <input type='hidden' name='gform_field_values' value='' \/>\n            \n        <\/div>\n                        <\/form>\n                        <\/div>","protected":false},"excerpt":{"rendered":"<p>Recibiremos con mucho gusto tu visita para conocer Orereta Ikastola. Rellena el formulario inferior y podremos conocernos. Gracias por tu inter\u00e9s. NOTA: por cuestiones organizativas, es necesario realizar las solicitudes con un m\u00ednimo de 48 horas de antelaci\u00f3n a la fecha de la cita solicitada.<\/p>\n","protected":false},"author":2,"featured_media":0,"parent":0,"menu_order":0,"comment_status":"closed","ping_status":"closed","template":"","meta":[],"acf":[],"_links":{"self":[{"href":"https:\/\/oreretaikastola.eus\/es\/wp-json\/wp\/v2\/pages\/33639"}],"collection":[{"href":"https:\/\/oreretaikastola.eus\/es\/wp-json\/wp\/v2\/pages"}],"about":[{"href":"https:\/\/oreretaikastola.eus\/es\/wp-json\/wp\/v2\/types\/page"}],"author":[{"embeddable":true,"href":"https:\/\/oreretaikastola.eus\/es\/wp-json\/wp\/v2\/users\/2"}],"replies":[{"embeddable":true,"href":"https:\/\/oreretaikastola.eus\/es\/wp-json\/wp\/v2\/comments?post=33639"}],"version-history":[{"count":5,"href":"https:\/\/oreretaikastola.eus\/es\/wp-json\/wp\/v2\/pages\/33639\/revisions"}],"predecessor-version":[{"id":68035,"href":"https:\/\/oreretaikastola.eus\/es\/wp-json\/wp\/v2\/pages\/33639\/revisions\/68035"}],"wp:attachment":[{"href":"https:\/\/oreretaikastola.eus\/es\/wp-json\/wp\/v2\/media?parent=33639"}],"curies":[{"name":"wp","href":"https:\/\/api.w.org\/{rel}","templated":true}]}}