{"id":30493,"date":"2022-10-04T13:17:46","date_gmt":"2022-10-04T12:17:46","guid":{"rendered":"https:\/\/oreretaikastola.eus\/kilometroak23\/etekinak-zertarako\/"},"modified":"2022-10-05T14:48:29","modified_gmt":"2022-10-05T13:48:29","slug":"ganancias-en-que-se-invertiran","status":"publish","type":"page","link":"https:\/\/oreretaikastola.eus\/es\/kilometroak23\/ganancias-en-que-se-invertiran\/","title":{"rendered":"Kilometroak 23: ganancias para qu\u00e9"},"content":{"rendered":"<div\nclass=\"orbit\"\nrole=\"region\"\naria-label=\"\"\ndata-orbit\ndata-options=\"pauseOnHover:false; animInFromLeft:fade-in; animInFromRight:fade-in; animOutToLeft:fade-out; animOutToRight:fade-out;\"\ndata-auto-play=\"true\"\ndata-use-m-u-i=\"true\"\n>\n\n  <div class=\"orbit-wrapper\">\n    <ul class=\"orbit-container slider-header fullwidth\">\n      <li class=\"is-active orbit-slide\" style=\"background-image:url(\/app\/uploads\/2020\/11\/Orereta-Ikastola_Anabitarte-baratzea-2-web.jpg);\">\n        <figcaption class=\"orbit-caption\">\n           <h1>\u00bfLas ganancias en qu\u00e9 se invertir\u00e1n?<\/h1>                   <\/figcaption>\n      <\/li>\n    <\/ul>\n  <\/div>\n\n<\/div>\n\n\n\n<p>Los criterios para invertir el beneficio econ\u00f3mico que conseguiremos con la fiesta Kilometroak son acordes a las caracter\u00edsticas y valores del Modelo Ikastola y de los objetivos que hemos marcado para con Kilometroak. En concreto, queremos destinar el dinero a:<\/p>\n\n\n\n<div class=\"wp-block-cover has-background-dim\" style=\"background-color:#f7f7fc;min-height:50px\"><div class=\"wp-block-cover__inner-container is-layout-flow wp-block-cover-is-layout-flow\">\n<p class=\"has-text-align-left has-text-color has-medium-font-size\" style=\"color:#a91836\"> <strong>1. A consolidar el proyecto Zubiak Eraikiz<\/strong><\/p>\n<\/div><\/div>\n\n\n\n<p>Durante a\u00f1os, las Ikastolas han colaborado y esa colaboraci\u00f3n ha generado un movimiento vivo de Ikastolas que abarca todo el territorio del euskera, Euskal Herria en su conjunto. Pero no todas las Ikastolas estamos en la misma situaci\u00f3n. En estos momentos, <strong>las Ikastolas de Iparralde y Nafarroa viven una situaci\u00f3n m\u00e1s grave que nosotros y destinaremos parte del dinero obtenido a ayudarles<\/strong>, porque la solidaridad es uno de nuestros pilares.<\/p>\n\n\n\n<p><strong>Gracias al<\/strong> <strong>proyecto Zubiak Eraikiz, Orereta Ikastola mantiene una estrecha relaci\u00f3n con las Ikastolas de Hendaia, Biriatu; as\u00ed como con las ikastolas de Lesaka y Bera en Nafarroa<\/strong>. Queremos consolidar este proyecto para unir a las y los j\u00f3venes de estas Ikastolas, conocernos y trabajar juntos.<\/p>\n\n\n\n<div class=\"wp-block-cover has-background-dim\" style=\"background-color:#f7f7fc;min-height:50px\"><div class=\"wp-block-cover__inner-container is-layout-flow wp-block-cover-is-layout-flow\">\n<p class=\"has-text-color has-medium-font-size\" style=\"color:#a91836\"><strong> 2. A responder a un reto municipal relacionado al euskera <\/strong><\/p>\n<\/div><\/div>\n\n\n\n<p>Queremos que la fiesta Kilometroak deje algo a nuestro pueblo; que la fiesta no sea solo para la Ikastola, sino tambi\u00e9n para el pueblo.<\/p>\n\n\n\n<p><strong>Orereta Ikastola es un agente p\u00fablico que tiene como eje el euskera y la cultura vasca<\/strong>. Es en este marco donde ha realizado su aportaci\u00f3n a lo largo de sus 60 a\u00f1os. Por ello, <strong>junto con otros agentes del municipio (ayuntamiento, centros escolares, asociaci\u00f3n Lau Haizetara, Badalab\u2026), queremos acordar y poner en marcha un proyecto conjunto para dar respuesta a un vac\u00edo que vemos en torno al euskera y la cultura vasca<\/strong> (ligado al uso del euskera entre los j\u00f3venes, al acercamiento de los reci\u00e9n llegados a la cultura vasca\u2026).<\/p>\n\n\n\n<div class=\"wp-block-cover has-background-dim\" style=\"background-color:#f7f7fc;min-height:50px\"><div class=\"wp-block-cover__inner-container is-layout-flow wp-block-cover-is-layout-flow\">\n<p class=\"has-text-align-left has-text-color has-medium-font-size\" style=\"color:#a91836\"> <strong>3. A acondicionar y reformar el entorno de A\u00f1abitarte y del Baserri<\/strong> <\/p>\n<\/div><\/div>\n\n\n\n<p>Tambi\u00e9n dejaremos parte del dinero para nuestra Ikastola, para renovar y acondicionar un espacio de referencia para todas y todos los que formamos parte de nuestra comunidad. Hablamos de A\u00f1abitarte y del Baserri. <strong>A\u00f1abitarte es un espacio especial para toda la comunidad de la Ikastola; y el Baserri, un s\u00edmbolo que nos une a nuestra historia y que ha perdurado todos estos a\u00f1os<\/strong>. Queremos que A\u00f1abitarte y el Baserri sean puntos fuertes de encuentro de la comunidad de la Ikastola, apropiados para <strong>consolidar nuestra comunidad.<\/strong><\/p>\n","protected":false},"excerpt":{"rendered":"<p>Los criterios para invertir el beneficio econ\u00f3mico que conseguiremos con la fiesta Kilometroak son acordes a las caracter\u00edsticas y valores del Modelo Ikastola y de los objetivos que hemos marcado para con Kilometroak. En concreto, queremos destinar el dinero a: Durante a\u00f1os, las Ikastolas han colaborado y esa colaboraci\u00f3n ha generado un movimiento vivo de &hellip; <a href=\"https:\/\/oreretaikastola.eus\/es\/kilometroak23\/ganancias-en-que-se-invertiran\/\">Continued<\/a><\/p>\n","protected":false},"author":2,"featured_media":0,"parent":30452,"menu_order":0,"comment_status":"closed","ping_status":"closed","template":"","meta":[],"acf":[],"_links":{"self":[{"href":"https:\/\/oreretaikastola.eus\/es\/wp-json\/wp\/v2\/pages\/30493"}],"collection":[{"href":"https:\/\/oreretaikastola.eus\/es\/wp-json\/wp\/v2\/pages"}],"about":[{"href":"https:\/\/oreretaikastola.eus\/es\/wp-json\/wp\/v2\/types\/page"}],"author":[{"embeddable":true,"href":"https:\/\/oreretaikastola.eus\/es\/wp-json\/wp\/v2\/users\/2"}],"replies":[{"embeddable":true,"href":"https:\/\/oreretaikastola.eus\/es\/wp-json\/wp\/v2\/comments?post=30493"}],"version-history":[{"count":7,"href":"https:\/\/oreretaikastola.eus\/es\/wp-json\/wp\/v2\/pages\/30493\/revisions"}],"predecessor-version":[{"id":30505,"href":"https:\/\/oreretaikastola.eus\/es\/wp-json\/wp\/v2\/pages\/30493\/revisions\/30505"}],"up":[{"embeddable":true,"href":"https:\/\/oreretaikastola.eus\/es\/wp-json\/wp\/v2\/pages\/30452"}],"wp:attachment":[{"href":"https:\/\/oreretaikastola.eus\/es\/wp-json\/wp\/v2\/media?parent=30493"}],"curies":[{"name":"wp","href":"https:\/\/api.w.org\/{rel}","templated":true}]}}