{"id":29932,"date":"2022-09-26T12:30:30","date_gmt":"2022-09-26T11:30:30","guid":{"rendered":"https:\/\/oreretaikastola.eus\/familias\/guraso-bilera-orokorrak-txostenak\/"},"modified":"2025-10-08T13:05:02","modified_gmt":"2025-10-08T12:05:02","slug":"reuniones-generales-documentacion","status":"publish","type":"page","link":"https:\/\/oreretaikastola.eus\/es\/familias\/reuniones-generales-documentacion\/","title":{"rendered":"Reuniones generales: documentaci\u00f3n"},"content":{"rendered":"<div\nclass=\"orbit\"\nrole=\"region\"\naria-label=\"\"\ndata-orbit\ndata-options=\"pauseOnHover:false; animInFromLeft:fade-in; animInFromRight:fade-in; animOutToLeft:fade-out; animOutToRight:fade-out;\"\ndata-auto-play=\"true\"\ndata-use-m-u-i=\"true\"\n>\n\n  <div class=\"orbit-wrapper\">\n    <ul class=\"orbit-container slider-header fullwidth\">\n      <li class=\"is-active orbit-slide\" style=\"background-image:url(\/app\/uploads\/2021\/02\/Orereta-Ikastola_zuzendaritza-oharrak.jpg);\">\n        <figcaption class=\"orbit-caption\">\n           <h1>Reuniones generales: documentaci\u00f3n<\/h1>            <h4>Curso 2025-26<\/h4>         <\/figcaption>\n      <\/li>\n    <\/ul>\n  <\/div>\n\n<\/div>\n\n\n\n<hr class=\"wp-block-separator has-css-opacity\"\/>\n\n\n\n<h2 class=\"wp-block-heading has-text-align-center\"><strong>Principio de curso<\/strong><\/h2>\n\n\n\n<hr class=\"wp-block-separator has-css-opacity\"\/>\n\n\n\n<div class=\"wp-block-columns is-layout-flex wp-container-8 wp-block-columns-is-layout-flex\">\n<div class=\"wp-block-column is-layout-flow wp-block-column-is-layout-flow\">\n<div class=\"wp-block-cover is-light\" style=\"min-height:50px\"><span aria-hidden=\"true\" class=\"wp-block-cover__background has-background-dim-100 has-background-dim\" style=\"background-color:#f7f7fc\"><\/span><div class=\"wp-block-cover__inner-container is-layout-flow wp-block-cover-is-layout-flow\">\n<p class=\"has-black-color has-text-color\"><strong>HH<\/strong><\/p>\n\n\n\n<p class=\"has-text-color has-link-color wp-elements-524fdcba9fea91b63bc26d3c05fde945\" style=\"color:#c1c1c1\"><a href=\"\/app\/uploads\/2025\/10\/2025.10.22-Guraso-bilera-orokorra-HE-eleb.pdf\">Haur eskola<\/a><br><a href=\"\/app\/uploads\/2025\/09\/2025.10.01-Guraso-bilera-orokorra-HH2-eleb.pdf\">HH2<\/a><br><a href=\"\/app\/uploads\/2025\/09\/2025.10.02-Guraso-bilera-orokorra-HH3-eleb-1.pdf\">HH3<\/a><br><a href=\"\/app\/uploads\/2025\/09\/2025.10.06-guraso-bilera-orokorra-HH4-eleb.pdf\">HH4<\/a><br><a href=\"\/app\/uploads\/2025\/09\/2025.10.07-Guraso-bilera-orokorra-HH5-eleb.pdf\">HH5<\/a><\/p>\n\n\n\n<div style=\"height:33px\" aria-hidden=\"true\" class=\"wp-block-spacer\"><\/div>\n<\/div><\/div>\n<\/div>\n\n\n\n<div class=\"wp-block-column is-layout-flow wp-block-column-is-layout-flow\">\n<div class=\"wp-block-cover is-light\" style=\"min-height:50px\"><span aria-hidden=\"true\" class=\"wp-block-cover__background has-background-dim-100 has-background-dim\" style=\"background-color:#f7f7fc\"><\/span><div class=\"wp-block-cover__inner-container is-layout-flow wp-block-cover-is-layout-flow\">\n<p class=\"has-black-color has-text-color\"><strong>LH<\/strong><\/p>\n\n\n\n<p class=\"has-text-color has-link-color wp-elements-45934d47c608d1147a9349a8e53630dd\" style=\"color:#c1c1c1\"><mark style=\"background-color:rgba(0, 0, 0, 0);color:#c1c1c1\" class=\"has-inline-color\"><a href=\"\/app\/uploads\/2025\/09\/2025.09.22-Guraso-bilera-orokorra-LH1-eleb_.pdf\">1\u00ba curso<\/a><br><a href=\"\/app\/uploads\/2025\/09\/2025.09.22-Guraso-bilera-orokorra-LH2-eleb_.pdf\">2\u00ba curso<\/a><\/mark><br><a href=\"\/app\/uploads\/2025\/09\/2025.09.23-Guraso-bilera-orokorra-LH3-eleb_.pdf\">3\u00ba curso<\/a><br><mark style=\"background-color:rgba(0, 0, 0, 0);color:#c1c1c1\" class=\"has-inline-color\"><a href=\"\/app\/uploads\/2025\/09\/2025.09.23-Guraso-bilera-orokorra-LH4-eleb_.pdf\">4\u00ba curso<\/a><br><a href=\"\/app\/uploads\/2025\/09\/2025.09.24-Guraso-bilera-orokorra-LH5-eleb_.pdf\">5\u00ba curso<\/a><br><a href=\"\/app\/uploads\/2025\/09\/2025.09.24-Guraso-bilera-orokorra-LH6-eleb_.pdf\">6\u00ba curso<\/a><\/mark><\/p>\n<\/div><\/div>\n<\/div>\n\n\n\n<div class=\"wp-block-column is-layout-flow wp-block-column-is-layout-flow\">\n<div class=\"wp-block-cover is-light\" style=\"min-height:50px\"><span aria-hidden=\"true\" class=\"wp-block-cover__background has-background-dim-100 has-background-dim\" style=\"background-color:#f7f7fc\"><\/span><div class=\"wp-block-cover__inner-container is-layout-flow wp-block-cover-is-layout-flow\">\n<p class=\"has-black-color has-text-color\"><strong>DBH<\/strong><\/p>\n\n\n\n<p class=\"has-black-color has-text-color\">No suele haber dossier. Todo la informaci\u00f3n pr\u00e1ctica necesaria est\u00e1 en el <a href=\"https:\/\/oreretaikastola.eus\/es\/familias\/informazio-praktikoa\/\">portal de las familias<\/a> de la p\u00e1gina web de la Ikastola.<\/p>\n\n\n\n<div class=\"wp-block-buttons is-layout-flex wp-block-buttons-is-layout-flex\">\n<div class=\"wp-block-button has-custom-font-size has-small-font-size\"><a class=\"wp-block-button__link has-background wp-element-button\" href=\"\/app\/uploads\/2025\/09\/DBH-ikastute-hasierako-bilerak-25-26_info-praktikoa-bilduma_eleb.pdf\" style=\"border-radius:10px;background-color:#a91836\">Ver la recopilaci\u00f3n de la informaci\u00f3n m\u00e1s pr\u00e1ctica<\/a><\/div>\n<\/div>\n\n\n\n<div style=\"height:7px\" aria-hidden=\"true\" class=\"wp-block-spacer\"><\/div>\n<\/div><\/div>\n<\/div>\n<\/div>\n","protected":false},"excerpt":{"rendered":"<p>Principio de curso<\/p>\n","protected":false},"author":2,"featured_media":0,"parent":3047,"menu_order":0,"comment_status":"closed","ping_status":"closed","template":"","meta":[],"acf":[],"_links":{"self":[{"href":"https:\/\/oreretaikastola.eus\/es\/wp-json\/wp\/v2\/pages\/29932"}],"collection":[{"href":"https:\/\/oreretaikastola.eus\/es\/wp-json\/wp\/v2\/pages"}],"about":[{"href":"https:\/\/oreretaikastola.eus\/es\/wp-json\/wp\/v2\/types\/page"}],"author":[{"embeddable":true,"href":"https:\/\/oreretaikastola.eus\/es\/wp-json\/wp\/v2\/users\/2"}],"replies":[{"embeddable":true,"href":"https:\/\/oreretaikastola.eus\/es\/wp-json\/wp\/v2\/comments?post=29932"}],"version-history":[{"count":68,"href":"https:\/\/oreretaikastola.eus\/es\/wp-json\/wp\/v2\/pages\/29932\/revisions"}],"predecessor-version":[{"id":75177,"href":"https:\/\/oreretaikastola.eus\/es\/wp-json\/wp\/v2\/pages\/29932\/revisions\/75177"}],"up":[{"embeddable":true,"href":"https:\/\/oreretaikastola.eus\/es\/wp-json\/wp\/v2\/pages\/3047"}],"wp:attachment":[{"href":"https:\/\/oreretaikastola.eus\/es\/wp-json\/wp\/v2\/media?parent=29932"}],"curies":[{"name":"wp","href":"https:\/\/api.w.org\/{rel}","templated":true}]}}