{"id":2743,"date":"2020-06-23T10:40:16","date_gmt":"2020-06-23T10:40:16","guid":{"rendered":"https:\/\/oreretaikastola.eus\/pribatutasun-politika\/"},"modified":"2023-07-17T14:34:43","modified_gmt":"2023-07-17T13:34:43","slug":"politica-de-privacidad","status":"publish","type":"page","link":"https:\/\/oreretaikastola.eus\/es\/politica-de-privacidad\/","title":{"rendered":"Pol\u00edtica de privacidad"},"content":{"rendered":"\n<p>De conformidad con lo dispuesto en el art\u00edculo 13 del Reglamento (UE) 2016\/679, relativo a la protecci\u00f3n de las personas f\u00edsicas en lo que respecta al tratamiento de datos personales y a la libre circulaci\u00f3n de estos datos (en adelante, RGPD), y con lo dispuesto en el art\u00edculo 11 de la Ley Org\u00e1nica 3\/2018 de Protecci\u00f3n de Datos Personales y garant\u00eda de los Derechos digitales, ORERETA IKASTOLA facilita la siguiente informaci\u00f3n en relaci\u00f3n al tratamiento de los datos personales de personas que realizan consultas o solicitan informaci\u00f3n.<\/p>\n\n\n\n<h4 class=\"wp-block-heading\"><strong><strong><span class=\"has-inline-color has-black-color\">\u00bfQui\u00e9n es el Responsable del tratamiento de sus datos personales?<\/span><\/strong><\/strong><\/h4>\n\n\n\n<ul>\n<li>Identidad del Responsable: ORERETA IKASTOLA<\/li>\n\n\n\n<li>CIF: F-20974358<\/li>\n\n\n\n<li>Direcci\u00f3n postal: Zamalbide Gunea Aldea, 14, 20100 Errenteria, Gipuzkoa.<\/li>\n\n\n\n<li>Tel\u00e9fono.: 943 52 03 97<\/li>\n\n\n\n<li>Correo electr\u00f3nico: <a href=\"mailto:idazkaritza@oreretaikastola.eus\">idazkaritza@oreretaikastola.eus<\/a><\/li>\n\n\n\n<li>Responsable de Protecci\u00f3n de Datos: <a href=\"mailto:orereta@ikastola.eus\">orereta@ikastola.eus<\/a><\/li>\n<\/ul>\n\n\n\n<h4 class=\"wp-block-heading\"><strong><strong><span class=\"has-inline-color has-black-color\">\u00bfCon qu\u00e9 finalidad tratamos sus datos personales?<\/span><\/strong><\/strong><\/h4>\n\n\n\n<p>Tratamos sus datos personales, seg\u00fan el caso en relaci\u00f3n al texto que aparece como primera capa informativa en formularios, correo y otros documentos para:<\/p>\n\n\n\n<ul>\n<li>La gesti\u00f3n y atenci\u00f3n de las consultas y solicitudes de informaci\u00f3n recibidas<\/li>\n\n\n\n<li>La gesti\u00f3n y atenci\u00f3n de quejas y reclamaciones<\/li>\n\n\n\n<li>La gesti\u00f3n de curr\u00edculos y bolsa de trabajo<\/li>\n\n\n\n<li>Con fines divulgativos sobre nuestras actividades<\/li>\n\n\n\n<li>Con fines de gesti\u00f3n contable, fiscal y administrativa de nuestra relaci\u00f3n contractual o precontractual<\/li>\n<\/ul>\n\n\n\n<h4 class=\"wp-block-heading\"><strong><strong>\u00bfPor cu\u00e1nto tiempo conservaremos sus datos personales?<\/strong><\/strong><\/h4>\n\n\n\n<p>Los datos personales facilitados se conservar\u00e1n el tiempo necesario para cumplir con la finalidad para la que se recabaron y para determinar las posibles responsabilidades que se pudieran derivar de dicha finalidad y del tratamiento de los datos.<\/p>\n\n\n\n<h4 class=\"wp-block-heading\"><strong><strong><span class=\"has-inline-color has-black-color\">\u00bfCu\u00e1l es la legitimaci\u00f3n para el tratamiento de sus datos personales?<\/span><\/strong><\/strong><\/h4>\n\n\n\n<p>La base legal para el tratamiento de sus datos personales es el consentimiento del interesado que realiza la consulta o solicita informaci\u00f3n, para uno o varios fines espec\u00edficos.<\/p>\n\n\n\n<p>La comunicaci\u00f3n de sus datos personales es necesaria para atender la consulta o solicitud.<\/p>\n\n\n\n<p>La satisfacci\u00f3n de intereses leg\u00edtimos perseguidos por el responsable del tratamiento en lo que respecta al tratamiento de los datos de las personas de contacto que presten servicios en los proveedores o potenciales proveedores.<\/p>\n\n\n\n<h4 class=\"wp-block-heading\"><strong><strong><span class=\"has-inline-color has-black-color\">\u00bfA qu\u00e9 destinatarios se comunicar\u00e1n sus datos personales?<\/span><\/strong><\/strong><\/h4>\n\n\n\n<p>Sus datos personales no se ceder\u00e1n a terceros, salvo obligaci\u00f3n legal.<\/p>\n\n\n\n<h4 class=\"wp-block-heading\"><strong><strong><span class=\"has-inline-color has-black-color\">\u00bfCu\u00e1les son sus derechos cuando nos facilita sus datos personales?<\/span><\/strong><\/strong><\/h4>\n\n\n\n<p>Mediante escrito dirigido a nuestra direcci\u00f3n postal o a trav\u00e9s del correo electr\u00f3nico <a href=\"mailto:idazkaritza@oreretaikastola.eus\">idazkaritza@oreretaikastola.eus<\/a>, Ud. podr\u00e1 ejercer los siguientes derechos en relaci\u00f3n a sus datos personales, en las circunstancias y condiciones previstas en la normativa:<\/p>\n\n\n\n<ul>\n<li>Derecho de acceso: para conocer si sus datos est\u00e1n siendo tratados o no<\/li>\n\n\n\n<li>Derecho de rectificaci\u00f3n: para corregir los datos inexactos<\/li>\n\n\n\n<li>Derecho de supresi\u00f3n: para que cese su tratamiento cuando, entre otros motivos, ya no sean necesarios para los fines para los que fueron recogidos<\/li>\n\n\n\n<li>Derecho de oposici\u00f3n: para que dejen de tratarse en circunstancias concretas, salvo por motivos leg\u00edtimos imperiosos, o el ejercicio o la defensa de posibles reclamaciones<\/li>\n\n\n\n<li>Derecho a la limitaci\u00f3n del tratamiento: para limitar el alcance de su tratamiento en determinados casos, pero asegurando su conservaci\u00f3n<\/li>\n\n\n\n<li>Derecho a la portabilidad de los datos: para recibir los datos previamente facilitados o solicitar su env\u00edo a un tercero<\/li>\n\n\n\n<li>Derecho a revocar en cualquier momento el consentimiento previamente otorgado<\/li>\n<\/ul>\n\n\n\n<p>En cualquier caso, deber\u00e1 acreditar su identidad en el ejercicio de sus derechos. Asimismo, tendr\u00e1 derecho a presentar una reclamaci\u00f3n ante la Agencia Espa\u00f1ola de Protecci\u00f3n de Datos, en particular si no est\u00e1 de acuerdo en el ejercicio de sus derechos.<\/p>\n","protected":false},"excerpt":{"rendered":"<p>De conformidad con lo dispuesto en el art\u00edculo 13 del Reglamento (UE) 2016\/679, relativo a la protecci\u00f3n de las personas f\u00edsicas en lo que respecta al tratamiento de datos personales y a la libre circulaci\u00f3n de estos datos (en adelante, RGPD), y con lo dispuesto en el art\u00edculo 11 de la Ley Org\u00e1nica 3\/2018 de &hellip; <a href=\"https:\/\/oreretaikastola.eus\/es\/politica-de-privacidad\/\">Continued<\/a><\/p>\n","protected":false},"author":1,"featured_media":0,"parent":0,"menu_order":0,"comment_status":"closed","ping_status":"open","template":"","meta":[],"acf":[],"_links":{"self":[{"href":"https:\/\/oreretaikastola.eus\/es\/wp-json\/wp\/v2\/pages\/2743"}],"collection":[{"href":"https:\/\/oreretaikastola.eus\/es\/wp-json\/wp\/v2\/pages"}],"about":[{"href":"https:\/\/oreretaikastola.eus\/es\/wp-json\/wp\/v2\/types\/page"}],"author":[{"embeddable":true,"href":"https:\/\/oreretaikastola.eus\/es\/wp-json\/wp\/v2\/users\/1"}],"replies":[{"embeddable":true,"href":"https:\/\/oreretaikastola.eus\/es\/wp-json\/wp\/v2\/comments?post=2743"}],"version-history":[{"count":10,"href":"https:\/\/oreretaikastola.eus\/es\/wp-json\/wp\/v2\/pages\/2743\/revisions"}],"predecessor-version":[{"id":42527,"href":"https:\/\/oreretaikastola.eus\/es\/wp-json\/wp\/v2\/pages\/2743\/revisions\/42527"}],"wp:attachment":[{"href":"https:\/\/oreretaikastola.eus\/es\/wp-json\/wp\/v2\/media?parent=2743"}],"curies":[{"name":"wp","href":"https:\/\/api.w.org\/{rel}","templated":true}]}}