{"id":2591,"date":"2020-07-15T14:13:24","date_gmt":"2020-07-15T14:13:24","guid":{"rendered":"https:\/\/oreretaikastola.eus\/zergatik-ikastola\/"},"modified":"2023-01-27T13:01:30","modified_gmt":"2023-01-27T12:01:30","slug":"por-que-la-ikastola","status":"publish","type":"page","link":"https:\/\/oreretaikastola.eus\/es\/por-que-la-ikastola\/","title":{"rendered":"\u00bfPor qu\u00e9 la Ikastola?"},"content":{"rendered":"<div\nclass=\"orbit\"\nrole=\"region\"\naria-label=\"\"\ndata-orbit\ndata-options=\"pauseOnHover:false; animInFromLeft:fade-in; animInFromRight:fade-in; animOutToLeft:fade-out; animOutToRight:fade-out;\"\ndata-auto-play=\"true\"\ndata-use-m-u-i=\"true\"\n>\n\n  <div class=\"orbit-wrapper\">\n    <ul class=\"orbit-container slider-header fullwidth\">\n      <li class=\"is-active orbit-slide\" style=\"background-image:url(\/app\/uploads\/2020\/07\/orereta-ikastola-aurrera.jpg);\">\n        <figcaption class=\"orbit-caption\">\n           <h1>\u00bfPor qu\u00e9 la Ikastola?<\/h1>            <h4>He aqu\u00ed muchas razones para ser parte de la Ikastola<\/h4>         <\/figcaption>\n      <\/li>\n    <\/ul>\n  <\/div>\n\n<\/div>\n\n\n<div class=\"grid-x grid-margin-x fix-4-down\">\n  <div class=\"cell medium-3 sticky-container show-for-medium\" data-sticky-container>\n    <div class=\"sticky\" data-sticky data-anchor=\"vertical-content\" data-check-every=\"1\" data-resize data-margin-top=\"6\">\n      <ul class=\"menu vertical text-left\" data-offset=\"130\" data-smooth-scroll>\n                  <li class=\"\">\n            <a class=\"v-content-menu-link\" href=\"#0\">Porque es euskaldun<\/a>\n          <\/li>\n                  <li class=\"\">\n            <a class=\"v-content-menu-link\" href=\"#1\">Porque es de aqu\u00ed, del pueblo<\/a>\n          <\/li>\n                  <li class=\"\">\n            <a class=\"v-content-menu-link\" href=\"#2\">Porque es de Euskal Herria<\/a>\n          <\/li>\n                  <li class=\"\">\n            <a class=\"v-content-menu-link\" href=\"#3\">Porque es verde<\/a>\n          <\/li>\n                  <li class=\"\">\n            <a class=\"v-content-menu-link\" href=\"#4\">Porque el alumnado es el coraz\u00f3n de su actividad<\/a>\n          <\/li>\n                  <li class=\"\">\n            <a class=\"v-content-menu-link\" href=\"#5\">Porque es transformadora<\/a>\n          <\/li>\n                  <li class=\"\">\n            <a class=\"v-content-menu-link\" href=\"#6\">Porque es de calidad<\/a>\n          <\/li>\n                  <li class=\"\">\n            <a class=\"v-content-menu-link\" href=\"#7\">Porque cuenta con un equipo de trabajo estable<\/a>\n          <\/li>\n                  <li class=\"\">\n            <a class=\"v-content-menu-link\" href=\"#8\">Porque es una cooperativa, abierta y de todas y todos <\/a>\n          <\/li>\n              <\/ul>\n    <\/div>\n  <\/div>\n\n  <div id=\"vertical-content\" class=\"cell medium-9 sections\">\n          <div class=\"v-content fix-2-down\" id=\"0\" data-magellan-target=\"0\">\n        <h3 class=\"museo-b\">Porque es euskaldun<\/h3>\n        <p><p><strong>Orereta Ikastola<\/strong> desarrolla un proyecto pluriling\u00fce que se basa en el euskera y la cultura vasca. Nacimos con ese objetivo y seguiremos trabajando por ello. La <strong>Ikastola<\/strong> ofrece el espacio, el ambiente y los medios precisos para que el alumnado viva en euskera.<\/p>\n<\/p>\n      <\/div>\n          <div class=\"v-content fix-2-down\" id=\"1\" data-magellan-target=\"1\">\n        <h3 class=\"museo-b\">Porque es de aqu\u00ed, del pueblo<\/h3>\n        <p><p>La <strong>Ikastola<\/strong> es un proyecto creado desde el pueblo, para el pueblo y por el pueblo. De todas y todos, para todas y todos, tambi\u00e9n para ti.<\/p>\n<\/p>\n      <\/div>\n          <div class=\"v-content fix-2-down\" id=\"2\" data-magellan-target=\"2\">\n        <h3 class=\"museo-b\">Porque es de Euskal Herria<\/h3>\n        <p><p><!-- wp:paragraph --><\/p>\n<p>M\u00e1s all\u00e1 de las fronteras administrativas, las <strong>Ikastolas<\/strong> son la \u00fanica instituci\u00f3n educativa que ofrece en toda Euskal Herria educaci\u00f3n euskaldun, con un modelo propio y de calidad.<\/p>\n<p><strong>Orereta Ikastola<\/strong> cuenta con proyectos propios para fomentar la colaboraci\u00f3n con las <strong>Ikastolas<\/strong> de Ipar Euskal Herria. Tambi\u00e9n es miembro de la asociaci\u00f3n Sociedad Cooperativa Europea Elkartasun <strong>Ikastolak<\/strong>. El objetivo de esta asociaci\u00f3n es sacar adelante <strong>Ikastolas<\/strong> o proyectos que est\u00e1n en fase de creaci\u00f3n, en fase de desarrollo o en crisis.<\/p>\n<p><!-- \/wp:paragraph --><\/p>\n<\/p>\n      <\/div>\n          <div class=\"v-content fix-2-down\" id=\"3\" data-magellan-target=\"3\">\n        <h3 class=\"museo-b\">Porque es verde<\/h3>\n        <p><p><!-- wp:paragraph --><\/p>\n<p>La mayor\u00eda del alumnado de <strong>Orereta Ikastola<\/strong> crece y se educa en un entorno verde: en A\u00f1abitarte, un pulm\u00f3n verde en <strong>Orereta-Errenteria<\/strong>. Entre otras cosas, la <strong>Ikastola<\/strong> cuenta con <a href=\"https:\/\/oreretaikastola.eus\/es\/avances\/\">baso eskola,<\/a> <a href=\"https:\/\/oreretaikastola.eus\/es\/avances\/\">huerta y zona de autocompostaje propias<\/a> a merced del proyecto educativo. El entorno de A\u00f1abitarte ofrece una magn\u00edfica oportunidad para proyectar las aulas hacia el exterior, para aprender de la naturaleza y en la naturaleza.<\/p>\n<p>La Ikastola cuenta con cocina propia y en ella se elaborar\u00e1n las comidas de todo el alumnado.<\/p>\n<p>Orereta Ikastola consume energ\u00eda 100% renovable, gracias al contrato firmado con <a href=\"https:\/\/www.goiener.com\/\" target=\"_blank\" rel=\"noopener\">Goiener, cooperativa de generaci\u00f3n y consumo de energ\u00eda renovable<\/a>.<\/p>\n<p><!-- \/wp:paragraph --><\/p>\n<\/p>\n      <\/div>\n          <div class=\"v-content fix-2-down\" id=\"4\" data-magellan-target=\"4\">\n        <h3 class=\"museo-b\">Porque el alumnado es el coraz\u00f3n de su actividad<\/h3>\n        <p><p>Partiendo de la curiosidad y el instinto de las ni\u00f1as y ni\u00f1os, <strong>Orereta Ikastola<\/strong> ha dado el salto del paradigma del saber al paradigma del hacer, al paradigma de la pr\u00e1ctica. Porque la funci\u00f3n de la <strong>Ikastola<\/strong> no es s\u00f3lo ense\u00f1ar, sino preocuparse del desarrollo \u00edntegro de la persona. Se prepara a los j\u00f3venes para continuar aprendiendo durante toda la vida, para continuar avanzando. A ello est\u00e1n orientados tanto el trabajo de las y los profesionales como los edificios y los espacios de la <strong>Ikastola<\/strong>.<\/p>\n<p><strong>Orereta Ikastola cuenta con un <a href=\"https:\/\/oreretaikastola.eus\/es\/avances\/\">plan de tutor\u00eda muy elaborado y s\u00f3lido<\/a><\/strong>, para poder ofrecer tanto al alumnado como a las familias la atenci\u00f3n m\u00e1s personalizada posible.<\/p>\n<\/p>\n      <\/div>\n          <div class=\"v-content fix-2-down\" id=\"5\" data-magellan-target=\"5\">\n        <h3 class=\"museo-b\">Porque es transformadora<\/h3>\n        <p><p><strong>Orereta Ikastola<\/strong> desarrolla ofertas pedag\u00f3gicas transformadoras e innovadoras, adaptadas a las necesidades de la sociedad, mediante nuevas tecnolog\u00edas y medios innovadores.<\/p>\n<\/p>\n      <\/div>\n          <div class=\"v-content fix-2-down\" id=\"6\" data-magellan-target=\"6\">\n        <h3 class=\"museo-b\">Porque es de calidad<\/h3>\n        <p><p><strong>Orereta Ikastola<\/strong> est\u00e1 entre los centros de ense\u00f1anza que obtienen los mejores resultados en Gipuzkoa. Aunque no es la \u00fanica variable para medir el \u00e9xito del alumnado, tambi\u00e9n es importante obtener buenos resultados.<\/p>\n<\/p>\n      <\/div>\n          <div class=\"v-content fix-2-down\" id=\"7\" data-magellan-target=\"7\">\n        <h3 class=\"museo-b\">Porque cuenta con un equipo de trabajo estable<\/h3>\n        <p><p>La mayor\u00eda de los y las profesionales de <strong>Orereta Ikastola<\/strong> son trabajadores fijos y est\u00e1n comprometidos y compremetidas con el proyecto de las <strong>Ikastolas<\/strong>.<\/p>\n<\/p>\n      <\/div>\n          <div class=\"v-content fix-2-down\" id=\"8\" data-magellan-target=\"8\">\n        <h3 class=\"museo-b\">Porque es una cooperativa, abierta y de todas y todos <\/h3>\n        <p><p><strong>Orereta Ikastola<\/strong> es una cooperativa de inter\u00e9s p\u00fablico gestionada de manera participativa y profesional, sin \u00e1nimo de lucro. Popular y participativa, por lo tanto. La Ikastola la forman sus socias y socios, y son ellas y ellos los que trazan su trayectoria. Toda socia o socio tiene la opci\u00f3n de participar en la misma. La <strong>Ikastola<\/strong> cree en la colaboraci\u00f3n.<\/p>\n<\/p>\n      <\/div>\n      <\/div>\n<\/div>\n\n","protected":false},"excerpt":{"rendered":"","protected":false},"author":2,"featured_media":0,"parent":0,"menu_order":0,"comment_status":"closed","ping_status":"closed","template":"","meta":[],"acf":[],"_links":{"self":[{"href":"https:\/\/oreretaikastola.eus\/es\/wp-json\/wp\/v2\/pages\/2591"}],"collection":[{"href":"https:\/\/oreretaikastola.eus\/es\/wp-json\/wp\/v2\/pages"}],"about":[{"href":"https:\/\/oreretaikastola.eus\/es\/wp-json\/wp\/v2\/types\/page"}],"author":[{"embeddable":true,"href":"https:\/\/oreretaikastola.eus\/es\/wp-json\/wp\/v2\/users\/2"}],"replies":[{"embeddable":true,"href":"https:\/\/oreretaikastola.eus\/es\/wp-json\/wp\/v2\/comments?post=2591"}],"version-history":[{"count":55,"href":"https:\/\/oreretaikastola.eus\/es\/wp-json\/wp\/v2\/pages\/2591\/revisions"}],"predecessor-version":[{"id":34291,"href":"https:\/\/oreretaikastola.eus\/es\/wp-json\/wp\/v2\/pages\/2591\/revisions\/34291"}],"wp:attachment":[{"href":"https:\/\/oreretaikastola.eus\/es\/wp-json\/wp\/v2\/media?parent=2591"}],"curies":[{"name":"wp","href":"https:\/\/api.w.org\/{rel}","templated":true}]}}