{"id":2583,"date":"2020-07-09T09:47:32","date_gmt":"2020-07-09T09:47:32","guid":{"rendered":"https:\/\/oreretaikastola.eus\/lantaldea\/"},"modified":"2020-11-05T11:52:53","modified_gmt":"2020-11-05T10:52:53","slug":"equipo-de-trabajo","status":"publish","type":"page","link":"https:\/\/oreretaikastola.eus\/es\/equipo-de-trabajo\/","title":{"rendered":"Equipo de trabajo"},"content":{"rendered":"<div\nclass=\"orbit\"\nrole=\"region\"\naria-label=\"\"\ndata-orbit\ndata-options=\"pauseOnHover:false; animInFromLeft:fade-in; animInFromRight:fade-in; animOutToLeft:fade-out; animOutToRight:fade-out;\"\ndata-auto-play=\"true\"\ndata-use-m-u-i=\"true\"\n>\n\n  <div class=\"orbit-wrapper\">\n    <ul class=\"orbit-container slider-header fullwidth\">\n      <li class=\"is-active orbit-slide\" style=\"background-image:url(\/app\/uploads\/2020\/10\/Orereta-Ikastola_lantaldea.jpg);\">\n        <figcaption class=\"orbit-caption\">\n           <h1>Equipo de trabajo<\/h1>            <h4>Equipo estable y comprometido<\/h4>         <\/figcaption>\n      <\/li>\n    <\/ul>\n  <\/div>\n\n<\/div>\n\n\n\n<p><strong>Orereta Ikastola <\/strong>cuenta con un equipo de 170 profesionales. <strong>Casi todas y todos son trabajadores fijos<\/strong> y, por tanto, se trata de un <strong>equipo estable y con experiencia<\/strong>, y <strong>comprometido<\/strong> con el Modelo Ikastola y el proyecto.<\/p>\n\n\n\n<p>La pr\u00e1ctica totalidad delas y  los profesionales que se ocupan de los servicios complementarios tambi\u00e9n son empleados de la <strong>Ikastola<\/strong>, por lo que est\u00e1n en contacto directo con las y los compa\u00f1eros docentes.<\/p>\n\n\n\n<p>Todas y todos los trabajadores de la <strong>Ikastola<\/strong> reciben formaci\u00f3n continua que les permite actualizar sus conocimientos y mejorar su d\u00eda a d\u00eda.<\/p>\n\n\n\n<p><a href=\"\/app\/uploads\/2020\/11\/Orereta-Ikastola-organigrama-ES.pdf\">Conoce la organizaci\u00f3n interna de la <strong>Ikastola<\/strong><\/a><\/p>\n\n\n\n<div style=\"height:50px\" aria-hidden=\"true\" class=\"wp-block-spacer\"><\/div>\n\n\n<div class=\"estekak-block fullwidth\">\n      <h2 class=\"ikastitle\">\n      <a href=\"https:\/\/oreretaikastola.eus\/es\/edificios-e-instalaciones\/\">Conoce la Ikastola<\/a>\n    <\/h2>\n  \n    <div class=\"grid-x grid-margin-x large-up-4 medium-up-2\" data-equalizer=\"estekak\">\n                      <a class=\"button-link cell\" href=\"https:\/\/oreretaikastola.eus\/es\/edificios-e-instalaciones\/\">\n          <div class=\"text-center button-link-wrapper\" data-equalizer-watch=\"estekak\">\n            <h3>Instalaciones<\/h3>\n          <\/div>\n        <\/a>\n                      <a class=\"button-link cell\" href=\"https:\/\/oreretaikastola.eus\/es\/servicios-complementarios\/\">\n          <div class=\"text-center button-link-wrapper\" data-equalizer-watch=\"estekak\">\n            <h3>Servicios<\/h3>\n          <\/div>\n        <\/a>\n                      <a class=\"button-link cell\" href=\"https:\/\/oreretaikastola.eus\/es\/actividades-extraescolares\/\">\n          <div class=\"text-center button-link-wrapper\" data-equalizer-watch=\"estekak\">\n            <h3>Extraescolares<\/h3>\n          <\/div>\n        <\/a>\n                      <a class=\"button-link cell\" href=\"https:\/\/oreretaikastola.eus\/es\/equipo-de-trabajo\/\">\n          <div class=\"text-center button-link-wrapper\" data-equalizer-watch=\"estekak\">\n            <h3>Equipo de trabajo<\/h3>\n          <\/div>\n        <\/a>\n          <\/div>\n\n<\/div>\n","protected":false},"excerpt":{"rendered":"<p>Orereta Ikastola cuenta con un equipo de 170 profesionales. Casi todas y todos son trabajadores fijos y, por tanto, se trata de un equipo estable y con experiencia, y comprometido con el Modelo Ikastola y el proyecto. La pr\u00e1ctica totalidad delas y los profesionales que se ocupan de los servicios complementarios tambi\u00e9n son empleados de &hellip; <a href=\"https:\/\/oreretaikastola.eus\/es\/equipo-de-trabajo\/\">Continued<\/a><\/p>\n","protected":false},"author":1,"featured_media":0,"parent":0,"menu_order":0,"comment_status":"closed","ping_status":"closed","template":"","meta":[],"acf":[],"_links":{"self":[{"href":"https:\/\/oreretaikastola.eus\/es\/wp-json\/wp\/v2\/pages\/2583"}],"collection":[{"href":"https:\/\/oreretaikastola.eus\/es\/wp-json\/wp\/v2\/pages"}],"about":[{"href":"https:\/\/oreretaikastola.eus\/es\/wp-json\/wp\/v2\/types\/page"}],"author":[{"embeddable":true,"href":"https:\/\/oreretaikastola.eus\/es\/wp-json\/wp\/v2\/users\/1"}],"replies":[{"embeddable":true,"href":"https:\/\/oreretaikastola.eus\/es\/wp-json\/wp\/v2\/comments?post=2583"}],"version-history":[{"count":22,"href":"https:\/\/oreretaikastola.eus\/es\/wp-json\/wp\/v2\/pages\/2583\/revisions"}],"predecessor-version":[{"id":5529,"href":"https:\/\/oreretaikastola.eus\/es\/wp-json\/wp\/v2\/pages\/2583\/revisions\/5529"}],"wp:attachment":[{"href":"https:\/\/oreretaikastola.eus\/es\/wp-json\/wp\/v2\/media?parent=2583"}],"curies":[{"name":"wp","href":"https:\/\/api.w.org\/{rel}","templated":true}]}}