{"id":2577,"date":"2020-07-09T09:55:04","date_gmt":"2020-07-09T09:55:04","guid":{"rendered":"https:\/\/oreretaikastola.eus\/eskolaz-kanpokoak\/"},"modified":"2024-08-27T13:29:03","modified_gmt":"2024-08-27T12:29:03","slug":"actividades-extraescolares","status":"publish","type":"page","link":"https:\/\/oreretaikastola.eus\/es\/actividades-extraescolares\/","title":{"rendered":"Actividades extraescolares"},"content":{"rendered":"<div\nclass=\"orbit\"\nrole=\"region\"\naria-label=\"\"\ndata-orbit\ndata-options=\"pauseOnHover:false; animInFromLeft:fade-in; animInFromRight:fade-in; animOutToLeft:fade-out; animOutToRight:fade-out;\"\ndata-auto-play=\"true\"\ndata-use-m-u-i=\"true\"\n>\n\n  <div class=\"orbit-wrapper\">\n    <ul class=\"orbit-container slider-header fullwidth\">\n      <li class=\"is-active orbit-slide\" style=\"background-image:url(\/app\/uploads\/2020\/10\/ORERETA-KATALOGOA-5-scaled.jpg);\">\n        <figcaption class=\"orbit-caption\">\n           <h1>Actividades extraescolares<\/h1>            <h4>Oferta amplia y plural, complemento de la educaci\u00f3n<\/h4>         <\/figcaption>\n      <\/li>\n    <\/ul>\n  <\/div>\n\n<\/div>\n\n\n\n<h3 class=\"wp-block-heading\">Orereta Ikastola cuenta con una amplia oferta de actividades extraescolares para ni\u00f1as y ni\u00f1os de Educaci\u00f3n Infantil y Educaci\u00f3n Primaria. <strong>El objetivo de todas estas actividades es continuar aprendiendo y form\u00e1ndose en grupo y mediante el juego<\/strong>. Todas las actividades que se ofrecen son complemento del <strong><a href=\"https:\/\/oreretaikastola.eus\/es\/pedagogia-transformadora\/\">proyecto educativo transformador de Orereta Ikastola<\/a><\/strong>, <strong>una oferta amplia y plural. La oferta de la Ikastola se divide en tres:<\/strong><\/h3>\n\n\n\n<div style=\"height:50px\" aria-hidden=\"true\" class=\"wp-block-spacer\"><\/div>\n\n\n\n<hr class=\"wp-block-separator has-css-opacity is-style-default\"\/>\n\n\n<div class=\"grid-x grid-margin-x fix-4-down\">\n  <div class=\"cell medium-3 sticky-container show-for-medium\" data-sticky-container>\n    <div class=\"sticky\" data-sticky data-anchor=\"vertical-content\" data-check-every=\"1\" data-resize data-margin-top=\"6\">\n      <ul class=\"menu vertical text-left\" data-offset=\"130\" data-smooth-scroll>\n                  <li class=\"\">\n            <a class=\"v-content-menu-link\" href=\"#0\">Extraescolares<\/a>\n          <\/li>\n                  <li class=\"\">\n            <a class=\"v-content-menu-link\" href=\"#1\">Eskola Kirola<\/a>\n          <\/li>\n                  <li class=\"\">\n            <a class=\"v-content-menu-link\" href=\"#2\">Negulekuak, Bedatselekuak y Udalekuak<\/a>\n          <\/li>\n              <\/ul>\n    <\/div>\n  <\/div>\n\n  <div id=\"vertical-content\" class=\"cell medium-9 sections\">\n          <div class=\"v-content fix-2-down\" id=\"0\" data-magellan-target=\"0\">\n        <h3 class=\"museo-b\">Extraescolares<\/h3>\n        <p><p><!-- wp:paragraph --><\/p>\n<p>Se trata de <strong>actividades diversas dirigidas a ni\u00f1as y ni\u00f1os de entre 4 y 12 a\u00f1os.<\/strong> Pr\u00e1cticamente todas se llevan a cabo a los mediod\u00edas, antes o despu\u00e9s de comer.<\/p>\n<p>Se ofrecen talleres de Educaci\u00f3n Infantil para las ni\u00f1as y ni\u00f1os de cuatro y cinco a\u00f1os. En Educaci\u00f3n Primaria, la oferta es amplia y plural: ajedrez, circo, guitarra, creatividad, teatro, programaci\u00f3n y rob\u00f3tica, juegos y psicomotricidad\u2026<\/p>\n<p>Cada a\u00f1o se analiza la oferta para incorporar nuevas propuestas y actualizar el abanico.<\/p>\n<p><!-- \/wp:paragraph --><\/p>\n<p><img decoding=\"async\" loading=\"lazy\" class=\"aligncenter wp-image-183 size-full\" src=\"\/app\/uploads\/2020\/07\/ORERETA-2018-MATRIKULAZIOAK-2-scaled.jpg\" alt=\"\" width=\"2560\" height=\"1707\" srcset=\"\/app\/uploads\/2020\/07\/ORERETA-2018-MATRIKULAZIOAK-2-scaled.jpg 2560w, \/app\/uploads\/2020\/07\/ORERETA-2018-MATRIKULAZIOAK-2-300x200.jpg 300w, \/app\/uploads\/2020\/07\/ORERETA-2018-MATRIKULAZIOAK-2-1024x683.jpg 1024w, \/app\/uploads\/2020\/07\/ORERETA-2018-MATRIKULAZIOAK-2-768x512.jpg 768w, \/app\/uploads\/2020\/07\/ORERETA-2018-MATRIKULAZIOAK-2-1536x1024.jpg 1536w, \/app\/uploads\/2020\/07\/ORERETA-2018-MATRIKULAZIOAK-2-2048x1365.jpg 2048w, \/app\/uploads\/2020\/07\/ORERETA-2018-MATRIKULAZIOAK-2-1568x1045.jpg 1568w\" sizes=\"(max-width: 2560px) 100vw, 2560px\" \/><\/p>\n<\/p>\n      <\/div>\n          <div class=\"v-content fix-2-down\" id=\"1\" data-magellan-target=\"1\">\n        <h3 class=\"museo-b\">Eskola Kirola<\/h3>\n        <p><p><!-- wp:paragraph --><\/p>\n<p>El Deporte Escolar es una <strong>actividad multideporte dirigida a ni\u00f1as y ni\u00f1os de entre 8 y 12 a\u00f1os<\/strong>. Junto con el resto de los centros de ense\u00f1anza de Oarsoaldea, se ofrece la oportunidad de conocer y probar diferentes actividades deportivas: pelota vasca, deporte adaptado, herri kirolak, balonmano, atletismo, f\u00fatbol, baloncesto, rugby\u2026<\/p>\n<p>Los <strong>entrenamientos se realizan al mediod\u00eda o a la tarde<\/strong>. Orereta Ikastola ha apostado por ofrecer tambi\u00e9n sesiones al mediod\u00eda para facilitar tanto al alumnado como a sus familias su actividad extraescolar. Somos el \u00fanico centro educativo del municipio que ofrece dicha opci\u00f3n.<\/p>\n<blockquote>\n<h4><strong><span style=\"color: #a91836;\">\u00abOrereta Ikastola ha apostado por ofrecer tambi\u00e9n sesiones al mediod\u00eda para facilitar tanto al alumnado como a sus familias su actividad extraescolar.\u00bb<\/span><\/strong><\/h4>\n<\/blockquote>\n<p><!-- \/wp:paragraph --> <!-- wp:paragraph --><\/p>\n<p>Al ser las sesiones en A\u00f1abitarte, ofrecemos <strong>servicio de autob\u00fas para bajar al pueblo tras los entrenamientos de la tarde<\/strong>.<\/p>\n<p><strong>Las y los monitores de Deporte Escolar y la persona coordinadora son parte del personal de la propia Ikastola.<\/strong> Todas y todos cuentan con estudios relacionados con la educaci\u00f3n y la actividad f\u00edsica.<\/p>\n<p>Adem\u00e1s de las actividades citadas, la Ikastola organiza salidas al monte para las y los j\u00f3venes de 8 a 16 a\u00f1os y para sus madres y padres los fines de semana, <strong>de la mano de la <a href=\"https:\/\/urdaburu.eus\/es\/\" target=\"_blank\" rel=\"noopener\">asociaci\u00f3n de monta\u00f1a Urdaburu<\/a><\/strong>.<\/p>\n<p><img decoding=\"async\" loading=\"lazy\" class=\"aligncenter wp-image-191 size-large\" src=\"\/app\/uploads\/2020\/07\/ORERETA-2018-MATRIKULAZIOAK-10-1024x683.jpg\" alt=\"\" width=\"1024\" height=\"683\" srcset=\"\/app\/uploads\/2020\/07\/ORERETA-2018-MATRIKULAZIOAK-10-1024x683.jpg 1024w, \/app\/uploads\/2020\/07\/ORERETA-2018-MATRIKULAZIOAK-10-300x200.jpg 300w, \/app\/uploads\/2020\/07\/ORERETA-2018-MATRIKULAZIOAK-10-768x512.jpg 768w, \/app\/uploads\/2020\/07\/ORERETA-2018-MATRIKULAZIOAK-10-1536x1024.jpg 1536w, \/app\/uploads\/2020\/07\/ORERETA-2018-MATRIKULAZIOAK-10-2048x1365.jpg 2048w, \/app\/uploads\/2020\/07\/ORERETA-2018-MATRIKULAZIOAK-10-1568x1045.jpg 1568w\" sizes=\"(max-width: 1024px) 100vw, 1024px\" \/><\/p>\n<p><!-- \/wp:paragraph --><\/p>\n<\/p>\n      <\/div>\n          <div class=\"v-content fix-2-down\" id=\"2\" data-magellan-target=\"2\">\n        <h3 class=\"museo-b\">Negulekuak, Bedatselekuak y Udalekuak<\/h3>\n        <p><p><!-- wp:paragraph --><\/p>\n<p>El objetivo de las colonias de la Ikastola es o<strong>frecer una opci\u00f3n euskaldun tambi\u00e9n durante las vacaciones escolares<\/strong>. Se trata de dar continuidad al proceso educativo atendiendo tambi\u00e9n a las necesidades de las familias.<\/p>\n<p>Conscientes de la importancia que la referencia de la o el educador tiene para las ni\u00f1as y ni\u00f1os de 2-3 a\u00f1os, el equipo de educadores que trabaja en la Ikastola durante el a\u00f1o sigue estando con ellas y ellos, adaptando tanto la programaci\u00f3n como las actividades a las necesidades, deseos e intereses de las ni\u00f1as y ni\u00f1os.<\/p>\n<p>Las colonias de la Ikastola son abiertas para todas aquellas familias que quieran<br \/>\nparticipar y disfrutar de las mismas, no son s\u00f3lo para las y los miembros de la<br \/>\nIkastola.<\/p>\n<hr \/>\n<p><strong>NEGULEKUAK<\/strong><\/p>\n<hr \/>\n<p>Se trata de una propuesta dirigida a menores de HH3 a LH3. Se hacen en Lino, durante las vacaciones de Navidad.<\/p>\n<hr \/>\n<p><strong>BEDATSELEKUAK<\/strong><\/p>\n<hr \/>\n<p>\u00abBedatsea\u00bb es primavera en suletino, nombre que hemos puesto a la propuesta que ofrecemos en las vacaciones de primavera.<\/p>\n<hr \/>\n<p><strong>UDALEKUAK<\/strong><\/p>\n<hr \/>\n<p>El objetivo de las colonias de verano de Orereta Ikastola es ofrecer tambi\u00e9n una alternativa de ocio euskaldun durante las vacaciones de verano. Se trata de una actividad dirigida a ni\u00f1os y ni\u00f1as de 2 a 12 a\u00f1os y est\u00e1 totalmente relacionada con el proyecto educativo transformador de la Ikastola.<\/p>\n<p>Orereta Ikastola es la \u00fanica entidad que ofrece colonias de verano para ni\u00f1os y ni\u00f1as de 2 a\u00f1os en nuestro municipio.<\/p>\n<p><img decoding=\"async\" loading=\"lazy\" class=\"aligncenter wp-image-1068 size-large\" src=\"\/app\/uploads\/2020\/09\/Orereta-Ikastola_Udalekuak-2018-1024x768.jpg\" alt=\"\" width=\"1024\" height=\"768\" srcset=\"\/app\/uploads\/2020\/09\/Orereta-Ikastola_Udalekuak-2018-1024x768.jpg 1024w, \/app\/uploads\/2020\/09\/Orereta-Ikastola_Udalekuak-2018-300x225.jpg 300w, \/app\/uploads\/2020\/09\/Orereta-Ikastola_Udalekuak-2018-768x576.jpg 768w, \/app\/uploads\/2020\/09\/Orereta-Ikastola_Udalekuak-2018-1536x1152.jpg 1536w, \/app\/uploads\/2020\/09\/Orereta-Ikastola_Udalekuak-2018-1320x990.jpg 1320w, \/app\/uploads\/2020\/09\/Orereta-Ikastola_Udalekuak-2018.jpg 1600w\" sizes=\"(max-width: 1024px) 100vw, 1024px\" \/><\/p>\n<\/p>\n      <\/div>\n      <\/div>\n<\/div>\n\n\n\n<div class=\"estekak-block fullwidth\">\n      <h2 class=\"ikastitle\">\n      <a href=\"https:\/\/oreretaikastola.eus\/eraikinak-eta-instalazioak\/\">Conoce la Ikastola<\/a>\n    <\/h2>\n  \n    <div class=\"grid-x grid-margin-x large-up-4 medium-up-2\" data-equalizer=\"estekak\">\n                      <a class=\"button-link cell\" href=\"https:\/\/oreretaikastola.eus\/es\/edificios-e-instalaciones\/\">\n          <div class=\"text-center button-link-wrapper\" data-equalizer-watch=\"estekak\">\n            <h3>Instalaciones<\/h3>\n          <\/div>\n        <\/a>\n                      <a class=\"button-link cell\" href=\"https:\/\/oreretaikastola.eus\/es\/servicios-complementarios\/\">\n          <div class=\"text-center button-link-wrapper\" data-equalizer-watch=\"estekak\">\n            <h3>Servicios<\/h3>\n          <\/div>\n        <\/a>\n                      <a class=\"button-link cell\" href=\"https:\/\/oreretaikastola.eus\/es\/actividades-extraescolares\/\">\n          <div class=\"text-center button-link-wrapper\" data-equalizer-watch=\"estekak\">\n            <h3>Extraescolares<\/h3>\n          <\/div>\n        <\/a>\n                      <a class=\"button-link cell\" href=\"https:\/\/oreretaikastola.eus\/es\/equipo-de-trabajo\/\">\n          <div class=\"text-center button-link-wrapper\" data-equalizer-watch=\"estekak\">\n            <h3>Equipo de trabajo<\/h3>\n          <\/div>\n        <\/a>\n          <\/div>\n\n<\/div>\n","protected":false},"excerpt":{"rendered":"<p>Orereta Ikastola cuenta con una amplia oferta de actividades extraescolares para ni\u00f1as y ni\u00f1os de Educaci\u00f3n Infantil y Educaci\u00f3n Primaria. El objetivo de todas estas actividades es continuar aprendiendo y form\u00e1ndose en grupo y mediante el juego. Todas las actividades que se ofrecen son complemento del proyecto educativo transformador de Orereta Ikastola, una oferta amplia &hellip; <a href=\"https:\/\/oreretaikastola.eus\/es\/actividades-extraescolares\/\">Continued<\/a><\/p>\n","protected":false},"author":1,"featured_media":0,"parent":0,"menu_order":0,"comment_status":"closed","ping_status":"closed","template":"","meta":[],"acf":[],"_links":{"self":[{"href":"https:\/\/oreretaikastola.eus\/es\/wp-json\/wp\/v2\/pages\/2577"}],"collection":[{"href":"https:\/\/oreretaikastola.eus\/es\/wp-json\/wp\/v2\/pages"}],"about":[{"href":"https:\/\/oreretaikastola.eus\/es\/wp-json\/wp\/v2\/types\/page"}],"author":[{"embeddable":true,"href":"https:\/\/oreretaikastola.eus\/es\/wp-json\/wp\/v2\/users\/1"}],"replies":[{"embeddable":true,"href":"https:\/\/oreretaikastola.eus\/es\/wp-json\/wp\/v2\/comments?post=2577"}],"version-history":[{"count":88,"href":"https:\/\/oreretaikastola.eus\/es\/wp-json\/wp\/v2\/pages\/2577\/revisions"}],"predecessor-version":[{"id":61672,"href":"https:\/\/oreretaikastola.eus\/es\/wp-json\/wp\/v2\/pages\/2577\/revisions\/61672"}],"wp:attachment":[{"href":"https:\/\/oreretaikastola.eus\/es\/wp-json\/wp\/v2\/media?parent=2577"}],"curies":[{"name":"wp","href":"https:\/\/api.w.org\/{rel}","templated":true}]}}