{"id":2574,"date":"2020-07-09T09:56:19","date_gmt":"2020-07-09T09:56:19","guid":{"rendered":"https:\/\/oreretaikastola.eus\/zerbitzu-osagarriak\/"},"modified":"2024-11-11T09:18:07","modified_gmt":"2024-11-11T08:18:07","slug":"servicios-complementarios","status":"publish","type":"page","link":"https:\/\/oreretaikastola.eus\/es\/servicios-complementarios\/","title":{"rendered":"Servicios complementarios"},"content":{"rendered":"<div\nclass=\"orbit\"\nrole=\"region\"\naria-label=\"\"\ndata-orbit\ndata-options=\"pauseOnHover:false; animInFromLeft:fade-in; animInFromRight:fade-in; animOutToLeft:fade-out; animOutToRight:fade-out;\"\ndata-auto-play=\"true\"\ndata-use-m-u-i=\"true\"\n>\n\n  <div class=\"orbit-wrapper\">\n    <ul class=\"orbit-container slider-header fullwidth\">\n      <li class=\"is-active orbit-slide\" style=\"background-image:url(\/app\/uploads\/2020\/07\/ORERETA-KATALOGOA-6-scaled.jpg);\">\n        <figcaption class=\"orbit-caption\">\n           <h1>Servicios complementarios<\/h1>            <h4>Complemento del proyecto educativos transformador<\/h4>         <\/figcaption>\n      <\/li>\n    <\/ul>\n  <\/div>\n\n<\/div>\n\n\n\n<h3 class=\"wp-block-heading\">La totalidad de las y los profesionales encargados de los servicios forman parte del personal de la <strong>Ikastola<\/strong>, por lo que tienen relaci\u00f3n directa con las y los compa\u00f1eros que trabajan en el proyecto pedag\u00f3gico. <strong>Orereta Ikastola ha apostado por la plena integraci\u00f3n de los servicios complementarios en el <\/strong><a href=\"https:\/\/oreretaikastola.eus\/es\/pedagogia-transformadora\/\"><strong>proyecto educativo<\/strong> <\/a>para trabajar la educaci\u00f3n de forma integral, m\u00e1s all\u00e1 del aula.<\/h3>\n\n\n\n<div style=\"height:50px\" aria-hidden=\"true\" class=\"wp-block-spacer\"><\/div>\n\n\n\n<hr class=\"wp-block-separator has-css-opacity is-style-default\"\/>\n\n\n<div class=\"grid-x grid-margin-x fix-4-down\">\n  <div class=\"cell medium-3 sticky-container show-for-medium\" data-sticky-container>\n    <div class=\"sticky\" data-sticky data-anchor=\"vertical-content\" data-check-every=\"1\" data-resize data-margin-top=\"6\">\n      <ul class=\"menu vertical text-left\" data-offset=\"130\" data-smooth-scroll>\n                  <li class=\"\">\n            <a class=\"v-content-menu-link\" href=\"#0\">Comedor: cocina propia y comida casera<\/a>\n          <\/li>\n                  <li class=\"\">\n            <a class=\"v-content-menu-link\" href=\"#1\">Transporte: servicio adaptado a las necesidades del usuario<\/a>\n          <\/li>\n                  <li class=\"\">\n            <a class=\"v-content-menu-link\" href=\"#2\">Txoko de custodia: un momento agradable antes de que comiencen las clases<\/a>\n          <\/li>\n                  <li class=\"\">\n            <a class=\"v-content-menu-link\" href=\"#3\">Talleres para familias: juntos y colaborando, mejor<\/a>\n          <\/li>\n              <\/ul>\n    <\/div>\n  <\/div>\n\n  <div id=\"vertical-content\" class=\"cell medium-9 sections\">\n          <div class=\"v-content fix-2-down\" id=\"0\" data-magellan-target=\"0\">\n        <h3 class=\"museo-b\">Comedor: cocina propia y comida casera<\/h3>\n        <p><p><!-- wp:paragraph --><\/p>\n<p><strong>Orereta Ikastola<\/strong> ofrece servicio de comedor al alumnado de todas las edades. Y tiene una particularidad: <strong>todas las comidas se elaboran en la cocina de la Ikastola<\/strong>. Somos el \u00fanico centro de <strong>Orereta-Errenteria<\/strong> en ofrecerlo. Tambi\u00e9n se preparan men\u00fas especiales para las y los alumnos que as\u00ed lo precisan. La cocina de la<strong> Ikastola<\/strong> est\u00e1 en A\u00f1abitarte, renovada y adaptada para poder ofrecer un buen servicio.<\/p>\n<p>Las educadoras del comedor reciben formaci\u00f3n espec\u00edfica. En efecto, en <strong>Orereta Ikastola se ha apostado por incluir tambi\u00e9n las comidas dentro del programa pedag\u00f3gico<\/strong>, sobre todo en Educaci\u00f3n Infantil. Con el alumnado m\u00e1s mayor de Educaci\u00f3n Infantil es est\u00e1 poniendo en marcha el proyecto JAN&amp;ARI en colaboraci\u00f3n con <a href=\"http:\/\/www.askora.com\/\" target=\"_blank\" rel=\"noopener\">Askora<\/a>. Gracias a ello, se desea conseguir que la hora de la comida y el propio comedor, adem\u00e1s de ser momentos y espacios para comer bien, tambi\u00e9n sean momentos y espacios para la diversi\u00f3n y la educaci\u00f3n. En definitiva, se trata de crear un nuevo \u00e1mbito educativo.<\/p>\n<p><!-- \/wp:paragraph --><\/p>\n<div class=\"youtube-embed responsive-embed widescreen\"><iframe loading=\"lazy\" title=\"Orereta Ikastola: etxeko otorduak\" width=\"500\" height=\"281\" src=\"https:\/\/www.youtube.com\/embed\/_CsEs8hfk6w?feature=oembed\" frameborder=\"0\" allow=\"accelerometer; autoplay; clipboard-write; encrypted-media; gyroscope; picture-in-picture; web-share\" allowfullscreen><\/iframe><\/div>\n<\/p>\n      <\/div>\n          <div class=\"v-content fix-2-down\" id=\"1\" data-magellan-target=\"1\">\n        <h3 class=\"museo-b\">Transporte: servicio adaptado a las necesidades del usuario<\/h3>\n        <p><p><strong>Orereta Ikastola<\/strong> ofrece servicio de transporte para acudir a la <strong>Ikastola<\/strong>. Se dispone de autob\u00fas adaptado para garantizar la accesibilidad. <strong>Orereta Ikastola<\/strong> est\u00e1 dispuesta a dar respuesta a las familias de las zonas a los que no llegan los servicios de autob\u00fas habituales o actuales, o a necesidades o situaciones puntuales que as\u00ed lo requieran. Si esa es tu situaci\u00f3n, no lo dudes: <a href=\"maito:idazkaritza@oreretaikastola.eus\">ponte en contacto con nosotros<\/a>.<\/p>\n<\/p>\n      <\/div>\n          <div class=\"v-content fix-2-down\" id=\"2\" data-magellan-target=\"2\">\n        <h3 class=\"museo-b\">Txoko de custodia: un momento agradable antes de que comiencen las clases<\/h3>\n        <p><p><strong>Orereta Ikastola ofrece Txoko de custodia a las familias de Educaci\u00f3n Infantil y de Educaci\u00f3n Primaria<\/strong> desde las 7:30 a 9:00 horas. <img decoding=\"async\" loading=\"lazy\" class=\"aligncenter wp-image-192 size-large\" src=\"\/app\/uploads\/2020\/07\/ORERETA-2018-MATRIKULAZIOAK-11-1024x683.jpg\" alt=\"\" width=\"1024\" height=\"683\" srcset=\"\/app\/uploads\/2020\/07\/ORERETA-2018-MATRIKULAZIOAK-11-1024x683.jpg 1024w, \/app\/uploads\/2020\/07\/ORERETA-2018-MATRIKULAZIOAK-11-300x200.jpg 300w, \/app\/uploads\/2020\/07\/ORERETA-2018-MATRIKULAZIOAK-11-768x512.jpg 768w, \/app\/uploads\/2020\/07\/ORERETA-2018-MATRIKULAZIOAK-11-1536x1024.jpg 1536w, \/app\/uploads\/2020\/07\/ORERETA-2018-MATRIKULAZIOAK-11-2048x1365.jpg 2048w, \/app\/uploads\/2020\/07\/ORERETA-2018-MATRIKULAZIOAK-11-1568x1045.jpg 1568w\" sizes=\"(max-width: 1024px) 100vw, 1024px\" \/><\/p>\n<\/p>\n      <\/div>\n          <div class=\"v-content fix-2-down\" id=\"3\" data-magellan-target=\"3\">\n        <h3 class=\"museo-b\">Talleres para familias: juntos y colaborando, mejor<\/h3>\n        <p><p>La familia es parte fundamental de la educaci\u00f3n y el aprendizaje de la ni\u00f1a o ni\u00f1o. As\u00ed, <strong>Orereta Ikastola organiza <\/strong>talleres familiares sobre los proyectos, metodolog\u00edas y temas que se desarrollan en la<strong> Ikastola<\/strong>, al objeto de ofrecer ayuda, aclarar dudas y responder a las preguntas de las familias. La Ikastola quiere colaborar con las familias en la educaci\u00f3n de sus hijas e hijos.<\/p>\n<\/p>\n      <\/div>\n      <\/div>\n<\/div>\n\n\n\n<div class=\"estekak-block fullwidth\">\n      <h2 class=\"ikastitle\">\n      <a href=\"https:\/\/oreretaikastola.eus\/es\/edificios-e-instalaciones\/\">Conoce la Ikastola<\/a>\n    <\/h2>\n  \n    <div class=\"grid-x grid-margin-x large-up-4 medium-up-2\" data-equalizer=\"estekak\">\n                      <a class=\"button-link cell\" href=\"https:\/\/oreretaikastola.eus\/es\/edificios-e-instalaciones\/\">\n          <div class=\"text-center button-link-wrapper\" data-equalizer-watch=\"estekak\">\n            <h3>Instalaciones<\/h3>\n          <\/div>\n        <\/a>\n                      <a class=\"button-link cell\" href=\"https:\/\/oreretaikastola.eus\/es\/servicios-complementarios\/\">\n          <div class=\"text-center button-link-wrapper\" data-equalizer-watch=\"estekak\">\n            <h3>Servicios<\/h3>\n          <\/div>\n        <\/a>\n                      <a class=\"button-link cell\" href=\"https:\/\/oreretaikastola.eus\/es\/actividades-extraescolares\/\">\n          <div class=\"text-center button-link-wrapper\" data-equalizer-watch=\"estekak\">\n            <h3>Extraescolares<\/h3>\n          <\/div>\n        <\/a>\n                      <a class=\"button-link cell\" href=\"https:\/\/oreretaikastola.eus\/es\/equipo-de-trabajo\/\">\n          <div class=\"text-center button-link-wrapper\" data-equalizer-watch=\"estekak\">\n            <h3>Equipo de trabajo<\/h3>\n          <\/div>\n        <\/a>\n          <\/div>\n\n<\/div>\n","protected":false},"excerpt":{"rendered":"<p>La totalidad de las y los profesionales encargados de los servicios forman parte del personal de la Ikastola, por lo que tienen relaci\u00f3n directa con las y los compa\u00f1eros que trabajan en el proyecto pedag\u00f3gico. Orereta Ikastola ha apostado por la plena integraci\u00f3n de los servicios complementarios en el proyecto educativo para trabajar la educaci\u00f3n &hellip; <a href=\"https:\/\/oreretaikastola.eus\/es\/servicios-complementarios\/\">Continued<\/a><\/p>\n","protected":false},"author":1,"featured_media":0,"parent":0,"menu_order":0,"comment_status":"closed","ping_status":"closed","template":"","meta":[],"acf":[],"_links":{"self":[{"href":"https:\/\/oreretaikastola.eus\/es\/wp-json\/wp\/v2\/pages\/2574"}],"collection":[{"href":"https:\/\/oreretaikastola.eus\/es\/wp-json\/wp\/v2\/pages"}],"about":[{"href":"https:\/\/oreretaikastola.eus\/es\/wp-json\/wp\/v2\/types\/page"}],"author":[{"embeddable":true,"href":"https:\/\/oreretaikastola.eus\/es\/wp-json\/wp\/v2\/users\/1"}],"replies":[{"embeddable":true,"href":"https:\/\/oreretaikastola.eus\/es\/wp-json\/wp\/v2\/comments?post=2574"}],"version-history":[{"count":55,"href":"https:\/\/oreretaikastola.eus\/es\/wp-json\/wp\/v2\/pages\/2574\/revisions"}],"predecessor-version":[{"id":65938,"href":"https:\/\/oreretaikastola.eus\/es\/wp-json\/wp\/v2\/pages\/2574\/revisions\/65938"}],"wp:attachment":[{"href":"https:\/\/oreretaikastola.eus\/es\/wp-json\/wp\/v2\/media?parent=2574"}],"curies":[{"name":"wp","href":"https:\/\/api.w.org\/{rel}","templated":true}]}}