{"id":2568,"date":"2020-07-09T09:55:31","date_gmt":"2020-07-09T09:55:31","guid":{"rendered":"https:\/\/oreretaikastola.eus\/eraikinak-eta-instalazioak\/"},"modified":"2024-08-27T13:42:09","modified_gmt":"2024-08-27T12:42:09","slug":"edificios-e-instalaciones","status":"publish","type":"page","link":"https:\/\/oreretaikastola.eus\/es\/edificios-e-instalaciones\/","title":{"rendered":"Edificios e instalaciones"},"content":{"rendered":"<div\nclass=\"orbit\"\nrole=\"region\"\naria-label=\"\"\ndata-orbit\ndata-options=\"pauseOnHover:false; animInFromLeft:fade-in; animInFromRight:fade-in; animOutToLeft:fade-out; animOutToRight:fade-out;\"\ndata-auto-play=\"true\"\ndata-use-m-u-i=\"true\"\n>\n\n  <div class=\"orbit-wrapper\">\n    <ul class=\"orbit-container slider-header fullwidth\">\n      <li class=\"is-active orbit-slide\" style=\"background-image:url(\/app\/uploads\/2020\/07\/ORERETA-2018-MATRIKULAZIOAK-9-scaled.jpg);\">\n        <figcaption class=\"orbit-caption\">\n           <h1>Edificios e instalaciones<\/h1>            <h4>Edificios e instalaciones adaptadas a las necesidades educativas<\/h4>         <\/figcaption>\n      <\/li>\n    <\/ul>\n  <\/div>\n\n<\/div>\n\n\n\n<h3 class=\"wp-block-heading\"><strong>Orereta Ikastola<\/strong> cuenta con cinco edificios divididos en tres zonas: Educaci\u00f3n Infantil en el centro de Orereta-Errenteria, en Esmalteria (plaza Koldo Mitxelena) y Lino (plaza Lehendakari Agirre); y Educaci\u00f3n Primaria, Educaci\u00f3n Secundaria Obligatoria y Bachillerato en la zona de monta\u00f1a de A\u00f1abitarte.<\/h3>\n\n\n\n<div style=\"height:50px\" aria-hidden=\"true\" class=\"wp-block-spacer\"><\/div>\n\n\n\n<hr class=\"wp-block-separator has-css-opacity is-style-default\"\/>\n\n\n<div class=\"grid-x grid-margin-x fix-4-down\">\n  <div class=\"cell medium-3 sticky-container show-for-medium\" data-sticky-container>\n    <div class=\"sticky\" data-sticky data-anchor=\"vertical-content\" data-check-every=\"1\" data-resize data-margin-top=\"6\">\n      <ul class=\"menu vertical text-left\" data-offset=\"130\" data-smooth-scroll>\n                  <li class=\"\">\n            <a class=\"v-content-menu-link\" href=\"#0\">Esmalteria y Lino Berriak<\/a>\n          <\/li>\n                  <li class=\"\">\n            <a class=\"v-content-menu-link\" href=\"#1\">A\u00f1abitarte, un pulm\u00f3n verde<\/a>\n          <\/li>\n                  <li class=\"\">\n            <a class=\"v-content-menu-link\" href=\"#2\">Escuela-bosque<\/a>\n          <\/li>\n              <\/ul>\n    <\/div>\n  <\/div>\n\n  <div id=\"vertical-content\" class=\"cell medium-9 sections\">\n          <div class=\"v-content fix-2-down\" id=\"0\" data-magellan-target=\"0\">\n        <h3 class=\"museo-b\">Esmalteria y Lino Berriak<\/h3>\n        <p><p>En Educaci\u00f3n Infantil, Orereta Ikastola trabaja partiendo de las necesidades, los deseos, los gustos y la curiosidad de la ni\u00f1a o ni\u00f1o. Al fin y al cabo, <strong>partiendo de su instinto y de su ritmo: ellas y ellos son los protagonistas de su viaje, la Ikastola es\u00a0 su compa\u00f1ero de viaje.<\/strong><\/p>\n<blockquote>\n<h4 style=\"text-align: left;\"><span style=\"color: #a91836;\"><strong>\u00abAdem\u00e1s de la formaci\u00f3n continua de los profesionales, los espacios tambi\u00e9n est\u00e1n preparados para responder a ese reto.\u00bb<\/strong><\/span><\/h4>\n<\/blockquote>\n<p>Tomando como punto de partida la pedagog\u00eda de la confianza y la integraci\u00f3n, y considerando tambi\u00e9n otras corrientes educativas, el objetivo de la <strong>Ikastola <\/strong>es situar a la ni\u00f1a o ni\u00f1o en el centro del proyecto y del proceso. <strong>Adem\u00e1s de la formaci\u00f3n continua de los profesionales, los espacios tambi\u00e9n est\u00e1n preparados para responder a ese reto<\/strong>: para la circulaci\u00f3n libre, para desarrollar relaciones, para fomentar la autonom\u00eda, para abrir camino a lo que dicta el instinto de cada ni\u00f1a o ni\u00f1o\u2026 Los espacios de la <strong>Ikastola<\/strong> est\u00e1n totalmente renovados y\/o adaptados.<\/p>\n<p>La <strong>Ikastola<\/strong> ha sido el primer centro educativo en dar ese paso en <strong>Orereta-Errenteria<\/strong>.<\/p>\n<div class=\"youtube-embed responsive-embed widescreen\"><iframe loading=\"lazy\" title=\"Orereta Ikastola: hezkuntza beharretara egokitutako espazioa\" width=\"500\" height=\"281\" src=\"https:\/\/www.youtube.com\/embed\/02eC6c_0s3g?feature=oembed\" frameborder=\"0\" allow=\"accelerometer; autoplay; clipboard-write; encrypted-media; gyroscope; picture-in-picture; web-share\" referrerpolicy=\"strict-origin-when-cross-origin\" allowfullscreen><\/iframe><\/div>\n<p><strong>Edificio de Esmalteria<\/strong><\/p>\n<p><iframe loading=\"lazy\" style=\"border: 0;\" src=\"https:\/\/www.google.com\/maps\/embed?pb=!1m18!1m12!1m3!1d16904.55797351765!2d-1.937187589160151!3d43.3119913!2m3!1f0!2f0!3f0!3m2!1i1024!2i768!4f13.1!3m3!1m2!1s0xd51a61d7ffb0995%3A0xa08679c2d84cbd30!2sOrereta%20Ikastola%20-%20Esmalteria%20(Haur%20Eskola%20eta%20HH)!5e1!3m2!1ses!2ses!4v1724761933639!5m2!1ses!2ses\" width=\"600\" height=\"450\" allowfullscreen=\"allowfullscreen\"><\/iframe><\/p>\n<p><strong>Edificio de Lino<\/strong><\/p>\n<p><iframe loading=\"lazy\" style=\"border: 0;\" src=\"https:\/\/www.google.com\/maps\/embed?pb=!1m14!1m8!1m3!1d16904.557973517713!2d-1.9371876!3d43.3119913!3m2!1i1024!2i768!4f13.1!3m3!1m2!1s0xd51a9d4d3cbd4fd%3A0x29cafe548352c948!2sOrereta%20Ikastola%20-%20Lino%20(HH)!5e1!3m2!1ses!2ses!4v1724762123390!5m2!1ses!2ses\" width=\"600\" height=\"450\" allowfullscreen=\"allowfullscreen\"><\/iframe><\/p>\n<\/p>\n      <\/div>\n          <div class=\"v-content fix-2-down\" id=\"1\" data-magellan-target=\"1\">\n        <h3 class=\"museo-b\">A\u00f1abitarte, un pulm\u00f3n verde<\/h3>\n        <p><p><strong>La Ikastola cuenta con su zona m\u00e1s amplia en A\u00f1abitarte, en plena naturaleza: 100.000 m2 rodeados de espacios verdes y dotados de buenos edificios y de buenas infraestructuras<\/strong>. Un pulm\u00f3n verde en <strong>Orereta-Errenteria<\/strong>. El alumnado disfruta de amplios lugares para jugar y para estar, as\u00ed como de varios frontones, canchas cubiertas y un campo de f\u00fatbol. El entorno de A\u00f1abitarte nos ofrece una magn\u00edfica oportunidad para poder proyectar las aulas hacia el exterior, para aprender de la naturaleza y en la naturaleza. <strong>La huerta de A\u00f1abitarte es un fiel reflejo de ello.<\/strong><\/p>\n<blockquote>\n<h4 style=\"text-align: left;\"><span style=\"color: #a91836;\"><strong>\u00abEl entorno de A\u00f1abitarte nos ofrece una magn\u00edfica oportunidad para poder proyectar las aulas hacia el exterior, para aprender de la naturaleza y en la naturaleza.\u00bb<\/strong><\/span><\/h4>\n<\/blockquote>\n<p>All\u00ed se encuentra tambi\u00e9n el caser\u00edo que da nombre al lugar. <strong>El Caser\u00edo A\u00f1abitarte es el punto de encuentro de estudiantes, trabajadores, familias y socios y socias de la Ikastola<\/strong>. De hecho, fuera de las horas lectivas, el Caser\u00edo A\u00f1abitarte funciona como sociedad gastron\u00f3mica. Est\u00e1 en marcha su plan de renovaci\u00f3n, liderado por representantes de toda la comunidad de la <strong>Ikastola<\/strong>.<strong>\u00a0<\/strong><\/p>\n<p>Con el fin de conocer y sacar el m\u00e1ximo partido a este entorno verde y a sus alrededores, la <strong>Ikastola<\/strong> est\u00e1 elaborando un mapa de orientaci\u00f3n que complementar\u00e1 a otros ya existentes en <strong>Orereta-Errenteria<\/strong>.<\/p>\n<p><!-- wp:paragraph --><\/p>\n<p><!-- \/wp:paragraph --><img decoding=\"async\" loading=\"lazy\" class=\"aligncenter wp-image-5722 size-full\" src=\"\/app\/uploads\/2020\/11\/Orereta-Ikastola_Anabitarte-baratzea-2-web.jpg\" alt=\"\" width=\"2500\" height=\"1667\" srcset=\"\/app\/uploads\/2020\/11\/Orereta-Ikastola_Anabitarte-baratzea-2-web.jpg 2500w, \/app\/uploads\/2020\/11\/Orereta-Ikastola_Anabitarte-baratzea-2-web-300x200.jpg 300w, \/app\/uploads\/2020\/11\/Orereta-Ikastola_Anabitarte-baratzea-2-web-1024x683.jpg 1024w, \/app\/uploads\/2020\/11\/Orereta-Ikastola_Anabitarte-baratzea-2-web-768x512.jpg 768w, \/app\/uploads\/2020\/11\/Orereta-Ikastola_Anabitarte-baratzea-2-web-1536x1024.jpg 1536w, \/app\/uploads\/2020\/11\/Orereta-Ikastola_Anabitarte-baratzea-2-web-2048x1366.jpg 2048w, \/app\/uploads\/2020\/11\/Orereta-Ikastola_Anabitarte-baratzea-2-web-1320x880.jpg 1320w\" sizes=\"(max-width: 2500px) 100vw, 2500px\" \/><\/p>\n<p><strong>Edificio de LH<\/strong><\/p>\n<p><iframe loading=\"lazy\" style=\"border: 0;\" src=\"https:\/\/www.google.com\/maps\/embed?pb=!1m18!1m12!1m3!1d16910.35927931905!2d-1.9338654891601472!3d43.29113040000001!2m3!1f0!2f0!3f0!3m2!1i1024!2i768!4f13.1!3m3!1m2!1s0xd51a8c6f35ecc6b%3A0x1b2c23cce77d0b93!2sOrereta%20Ikastola%20LH!5e1!3m2!1ses!2ses!4v1724762187453!5m2!1ses!2ses\" width=\"600\" height=\"450\" allowfullscreen=\"allowfullscreen\"><\/iframe><\/p>\n<p><strong>Edificio de DBH<\/strong><\/p>\n<p><iframe loading=\"lazy\" style=\"border: 0;\" src=\"https:\/\/www.google.com\/maps\/embed?pb=!1m18!1m12!1m3!1d16910.35927931905!2d-1.9338654891601472!3d43.29113040000001!2m3!1f0!2f0!3f0!3m2!1i1024!2i768!4f13.1!3m3!1m2!1s0xd51a8c43f7953d3%3A0x5d4a95601f253a79!2sOrereta%20Ikastola%20DBH!5e1!3m2!1ses!2ses!4v1724762213768!5m2!1ses!2ses\" width=\"600\" height=\"450\" allowfullscreen=\"allowfullscreen\"><\/iframe><\/p>\n<p><strong>Edificio de bachillerato (<a href=\"https:\/\/www.oiartzoikastola.eus\/es\/\" target=\"_blank\" rel=\"noopener\">Oiartzo<\/a>)<\/strong><\/p>\n<p><iframe loading=\"lazy\" style=\"border: 0;\" src=\"https:\/\/www.google.com\/maps\/embed?pb=!1m18!1m12!1m3!1d2113.821592072927!2d-1.9020241252915622!3d43.29036267582468!2m3!1f0!2f0!3f0!3m2!1i1024!2i768!4f13.1!3m3!1m2!1s0xd51a8a77ca31d09%3A0xa4550621ca71ff06!2sOiartzo%20Batxilergo%20Ikastola!5e1!3m2!1ses!2ses!4v1724762243614!5m2!1ses!2ses\" width=\"600\" height=\"450\" allowfullscreen=\"allowfullscreen\"><\/iframe><\/p>\n<\/p>\n      <\/div>\n          <div class=\"v-content fix-2-down\" id=\"2\" data-magellan-target=\"2\">\n        <h3 class=\"museo-b\">Escuela-bosque<\/h3>\n        <p><p>Una de las principales novedades del curso 2020-21 en <strong>Orereta Ikastola<\/strong> es la <strong>escuela-bosque<\/strong>. El objetivo es reforzar la relaci\u00f3n de las y los ni\u00f1os con el entorno, a trav\u00e9s del juego libre y la experimentaci\u00f3n. Mientras las y los alumnos aprenden a sentirse parte de la naturaleza y a cuidarla, las diferentes \u00e1reas educativas se trabajan desde el disfrute y la libertad.<\/p>\n<blockquote>\n<h4 style=\"text-align: left;\"><span style=\"color: #a91836;\"><strong>\u00ab<a href=\"https:\/\/oreretaikastola.eus\/es\/pedagogia-transformadora\/\">Dentro del proyecto educativo transformador de la Ikastola<\/a><\/strong> <strong>el propio bosque se convierte en aula, con sus rutinas, normas y contenidos<\/strong>.\u00bb<\/span><\/h4>\n<\/blockquote>\n<p><strong>Dentro del proyecto educativo transformador de la Ikastola<\/strong> <strong>el propio bosque se convierte en aula, con sus rutinas, normas y contenidos<\/strong>. Estos \u00faltimos est\u00e1n basados en el curr\u00edculo oficial y la naturaleza se convierte en el recurso did\u00e1ctico m\u00e1s importante.<\/p>\n<p><a href=\"https:\/\/oreretaikastola.eus\/es\/familias\/escuela-bosque-de-la-ikastola\/\">Conoce m\u00e1s detalles de la escuela-bosque<\/a><\/p>\n<div class=\"youtube-embed responsive-embed widescreen\"><iframe loading=\"lazy\" title=\"Orereta Ikastola: hezkuntza-proiektuan integratutako baso-eskola propioa\" width=\"500\" height=\"281\" src=\"https:\/\/www.youtube.com\/embed\/AbfqMydFtVY?feature=oembed\" frameborder=\"0\" allow=\"accelerometer; autoplay; clipboard-write; encrypted-media; gyroscope; picture-in-picture; web-share\" referrerpolicy=\"strict-origin-when-cross-origin\" allowfullscreen><\/iframe><\/div>\n<p>\u00bfQuieres saber m\u00e1s? Escucha el\u00a0<a href=\"https:\/\/www.eitb.eus\/eu\/irratia\/euskadi-irratia\/programak\/faktoria\/osoa\/7710419\/baso-eskola-saioak-ugaritu-dira-ikastetxetan-pandemia-garaian-orereta-ikastola\/\" target=\"_blank\" rel=\"noopener\">reportaje de Euskadi Irratia<\/a>\u00a0(en euskera).<\/p>\n<\/p>\n      <\/div>\n      <\/div>\n<\/div>\n\n\n\n<div class=\"estekak-block fullwidth\">\n      <h2 class=\"ikastitle\">\n      <a href=\"https:\/\/oreretaikastola.eus\/es\/edificios-e-instalaciones\/\">Conoce la Ikastola<\/a>\n    <\/h2>\n  \n    <div class=\"grid-x grid-margin-x large-up-4 medium-up-2\" data-equalizer=\"estekak\">\n                      <a class=\"button-link cell\" href=\"https:\/\/oreretaikastola.eus\/es\/edificios-e-instalaciones\/\">\n          <div class=\"text-center button-link-wrapper\" data-equalizer-watch=\"estekak\">\n            <h3>Instalaciones<\/h3>\n          <\/div>\n        <\/a>\n                      <a class=\"button-link cell\" href=\"https:\/\/oreretaikastola.eus\/es\/servicios-complementarios\/\">\n          <div class=\"text-center button-link-wrapper\" data-equalizer-watch=\"estekak\">\n            <h3>Servicios<\/h3>\n          <\/div>\n        <\/a>\n                      <a class=\"button-link cell\" href=\"https:\/\/oreretaikastola.eus\/es\/actividades-extraescolares\/\">\n          <div class=\"text-center button-link-wrapper\" data-equalizer-watch=\"estekak\">\n            <h3>Extraescolares<\/h3>\n          <\/div>\n        <\/a>\n                      <a class=\"button-link cell\" href=\"https:\/\/oreretaikastola.eus\/es\/equipo-de-trabajo\/\">\n          <div class=\"text-center button-link-wrapper\" data-equalizer-watch=\"estekak\">\n            <h3>Equipo de trabajo<\/h3>\n          <\/div>\n        <\/a>\n          <\/div>\n\n<\/div>\n","protected":false},"excerpt":{"rendered":"<p>Orereta Ikastola cuenta con cinco edificios divididos en tres zonas: Educaci\u00f3n Infantil en el centro de Orereta-Errenteria, en Esmalteria (plaza Koldo Mitxelena) y Lino (plaza Lehendakari Agirre); y Educaci\u00f3n Primaria, Educaci\u00f3n Secundaria Obligatoria y Bachillerato en la zona de monta\u00f1a de A\u00f1abitarte.<\/p>\n","protected":false},"author":1,"featured_media":0,"parent":0,"menu_order":0,"comment_status":"closed","ping_status":"closed","template":"","meta":[],"acf":[],"_links":{"self":[{"href":"https:\/\/oreretaikastola.eus\/es\/wp-json\/wp\/v2\/pages\/2568"}],"collection":[{"href":"https:\/\/oreretaikastola.eus\/es\/wp-json\/wp\/v2\/pages"}],"about":[{"href":"https:\/\/oreretaikastola.eus\/es\/wp-json\/wp\/v2\/types\/page"}],"author":[{"embeddable":true,"href":"https:\/\/oreretaikastola.eus\/es\/wp-json\/wp\/v2\/users\/1"}],"replies":[{"embeddable":true,"href":"https:\/\/oreretaikastola.eus\/es\/wp-json\/wp\/v2\/comments?post=2568"}],"version-history":[{"count":63,"href":"https:\/\/oreretaikastola.eus\/es\/wp-json\/wp\/v2\/pages\/2568\/revisions"}],"predecessor-version":[{"id":61692,"href":"https:\/\/oreretaikastola.eus\/es\/wp-json\/wp\/v2\/pages\/2568\/revisions\/61692"}],"wp:attachment":[{"href":"https:\/\/oreretaikastola.eus\/es\/wp-json\/wp\/v2\/media?parent=2568"}],"curies":[{"name":"wp","href":"https:\/\/api.w.org\/{rel}","templated":true}]}}