{"id":2561,"date":"2020-07-09T09:46:55","date_gmt":"2020-07-09T09:46:55","guid":{"rendered":"https:\/\/oreretaikastola.eus\/ikastola-eredua\/"},"modified":"2022-03-07T08:19:33","modified_gmt":"2022-03-07T07:19:33","slug":"ikastola-eredua","status":"publish","type":"page","link":"https:\/\/oreretaikastola.eus\/es\/ikastola-eredua\/","title":{"rendered":"Modelo Ikastola"},"content":{"rendered":"<div\nclass=\"orbit\"\nrole=\"region\"\naria-label=\"\"\ndata-orbit\ndata-options=\"pauseOnHover:false; animInFromLeft:fade-in; animInFromRight:fade-in; animOutToLeft:fade-out; animOutToRight:fade-out;\"\ndata-auto-play=\"true\"\ndata-use-m-u-i=\"true\"\n>\n\n  <div class=\"orbit-wrapper\">\n    <ul class=\"orbit-container slider-header fullwidth\">\n      <li class=\"is-active orbit-slide\" style=\"background-image:url(\/app\/uploads\/2020\/09\/team-1381084_1280-e1601389875416.jpg);\">\n        <figcaption class=\"orbit-caption\">\n           <h1>Modelo Ikastola<\/h1>            <h4>Euskaldun. De Euskal Herria. Transformadora. De todas y todos. Popular. Sin \u00e1nimo de lucro. Cooperativa.<\/h4>         <\/figcaption>\n      <\/li>\n    <\/ul>\n  <\/div>\n\n<\/div>\n\n\n<div class=\"grid-x grid-margin-x fix-4-down\">\n  <div class=\"cell medium-3 sticky-container show-for-medium\" data-sticky-container>\n    <div class=\"sticky\" data-sticky data-anchor=\"vertical-content\" data-check-every=\"1\" data-resize data-margin-top=\"6\">\n      <ul class=\"menu vertical text-left\" data-offset=\"130\" data-smooth-scroll>\n                  <li class=\"\">\n            <a class=\"v-content-menu-link\" href=\"#0\">De y para todas y todos<\/a>\n          <\/li>\n                  <li class=\"\">\n            <a class=\"v-content-menu-link\" href=\"#1\">Visi\u00f3n<\/a>\n          <\/li>\n                  <li class=\"\">\n            <a class=\"v-content-menu-link\" href=\"#2\">Misi\u00f3n<\/a>\n          <\/li>\n                  <li class=\"\">\n            <a class=\"v-content-menu-link\" href=\"#3\">Valores<\/a>\n          <\/li>\n                  <li class=\"\">\n            <a class=\"v-content-menu-link\" href=\"#4\">Iniciativas populares<\/a>\n          <\/li>\n                  <li class=\"\">\n            <a class=\"v-content-menu-link\" href=\"#5\">Organizaci\u00f3n<\/a>\n          <\/li>\n                  <li class=\"\">\n            <a class=\"v-content-menu-link\" href=\"#6\">Resultados<\/a>\n          <\/li>\n              <\/ul>\n    <\/div>\n  <\/div>\n\n  <div id=\"vertical-content\" class=\"cell medium-9 sections\">\n          <div class=\"v-content fix-2-down\" id=\"0\" data-magellan-target=\"0\">\n        <h3 class=\"museo-b\">De y para todas y todos<\/h3>\n        <p><p><!-- wp:paragraph --><\/p>\n<p><strong>Orereta Ikastola<\/strong> la conforman 1500 alumnas y alumnos, 1000 familias y m\u00e1s de 170 profesionales. La <strong>Ikastola<\/strong> es una <strong>organizaci\u00f3n sin \u00e1nimo de lucro, <a href=\"https:\/\/www.ikastola.eus\/\" target=\"_blank\" rel=\"noopener\">miembro de la Federaci\u00f3n de Ikastolas de Euskal Herria<\/a> y cooperativa de inter\u00e9s p\u00fablico<\/strong>. Popular y participativa, por lo tanto; de y para todas y todos.<\/p>\n<blockquote>\n<h4><span style=\"color: #a91836;\"><strong>\u00abOrereta Ikastola es una organizaci\u00f3n sin \u00e1nimo de lucro, miembro de la Federaci\u00f3n de Ikastolas de Euskal Herria y una cooperativa de inter\u00e9s p\u00fablico.\u00bb<\/strong><\/span><\/h4>\n<\/blockquote>\n<p><strong>Orereta Ikastola<\/strong> abri\u00f3 sus puertas en la d\u00e9cada de los 60, convencida de que era necesaria y posible una educaci\u00f3n de calidad basada en el euskera y en la cultura vasca. Hoy en d\u00eda, sigue convencida de ello y se puede afirmar que es posible. As\u00ed lo ha mostrado el camino recorrido hasta ahora, con los resultados obtenidos como testigo. El de la <strong>Ikastola<\/strong> es un <strong>proyecto educativo euskaldun, propio, de visi\u00f3n nacional y de calidad, dirigido a la franja de edad de 0 a 18 a\u00f1os, basado en el euskera y en la cultura vasca, y abierto a otras lenguas y culturas.<\/strong><\/p>\n<blockquote>\n<h4 style=\"text-align: left;\"><strong><span style=\"color: #a91836;\">\u00abEl de la Ikastola es un proyecto educativo euskaldun, propio, de visi\u00f3n nacional y de calidad, dirigido a la franja de edad de 0 a 18 a\u00f1os, basado en el euskera y en la cultura vasca, y abierto a otras lenguas y culturas.\u00bb<\/span><\/strong><\/h4>\n<\/blockquote>\n<p><strong>Orereta Ikastola<\/strong> fue pionera y quiere continuar si\u00e9ndolo. Quiere avanzar. <strong>Se quiere adaptar la Ikastola a las necesidades de la sociedad actual y del futuro, y educar personas que est\u00e9n preparadas para ello; bas\u00e1ndose en las corrientes pedag\u00f3gicas m\u00e1s innovadoras<\/strong>. M\u00e1s all\u00e1 del aspecto estrictamente acad\u00e9mico, el objetivo de <strong>Orereta Ikastola<\/strong> es educar personas optimistas, que conf\u00eden en s\u00ed mismas, que no temen a los errores y que aprenden de ellos, que no se intimidan ante los cambios, que se enfrentan a las dificultades, que piden y que ofrecen ayuda. <strong>Personas vivas, personas que sabr\u00e1n recorrer su camino.\u00a0<\/strong><strong><img decoding=\"async\" loading=\"lazy\" class=\"aligncenter wp-image-989 size-large\" src=\"\/app\/uploads\/2020\/09\/orereta-ikastola-aurrera-1024x683.jpg\" alt=\"Orereta Ikastola haurrak korrika\" width=\"1024\" height=\"683\" srcset=\"\/app\/uploads\/2020\/09\/orereta-ikastola-aurrera-1024x683.jpg 1024w, \/app\/uploads\/2020\/09\/orereta-ikastola-aurrera-300x200.jpg 300w, \/app\/uploads\/2020\/09\/orereta-ikastola-aurrera-768x512.jpg 768w, \/app\/uploads\/2020\/09\/orereta-ikastola-aurrera-1536x1024.jpg 1536w, \/app\/uploads\/2020\/09\/orereta-ikastola-aurrera-1320x880.jpg 1320w, \/app\/uploads\/2020\/09\/orereta-ikastola-aurrera.jpg 2048w\" sizes=\"(max-width: 1024px) 100vw, 1024px\" \/><\/strong><\/p>\n<p><!-- \/wp:paragraph --><\/p>\n<\/p>\n      <\/div>\n          <div class=\"v-content fix-2-down\" id=\"1\" data-magellan-target=\"1\">\n        <h3 class=\"museo-b\">Visi\u00f3n<\/h3>\n        <p><p>Creemos en el Modelo <strong>Ikastola<\/strong>. Se ha demostrado que <strong>el modelo de educaci\u00f3n propio, euskaldun, comunitario y de calidad creado desde el pueblo y para el pueblo es posible<\/strong>, y los resultados son reflejo de ello. Como comunidad, la clave est\u00e1 en el liderazgo del equipo de profesionales, familias y socios y socias; y en el desarrollo y uso de modelos educativos pioneros y transformadores que se adapten a las necesidades de la sociedad actual y del futuro.<\/p>\n<\/p>\n      <\/div>\n          <div class=\"v-content fix-2-down\" id=\"2\" data-magellan-target=\"2\">\n        <h3 class=\"museo-b\">Misi\u00f3n<\/h3>\n        <p><p>La <strong>misi\u00f3n de Orereta Ikastola es ser compa\u00f1era de viaje de personas euskaldunes, libres y felices que ser\u00e1n capaces de afrontar cualquier situaci\u00f3n<\/strong> de la vida al finalizar la etapa de la <strong>Ikastola<\/strong>.<\/p>\n<p><img decoding=\"async\" loading=\"lazy\" class=\"aligncenter wp-image-2867 size-full\" src=\"\/app\/uploads\/2020\/10\/Orereta-Ikastola_perfil-de-salida-alumnado.jpg\" alt=\"\" width=\"467\" height=\"638\" srcset=\"\/app\/uploads\/2020\/10\/Orereta-Ikastola_perfil-de-salida-alumnado.jpg 467w, \/app\/uploads\/2020\/10\/Orereta-Ikastola_perfil-de-salida-alumnado-220x300.jpg 220w\" sizes=\"(max-width: 467px) 100vw, 467px\" \/><\/p>\n<p>&nbsp;<\/p>\n<\/p>\n      <\/div>\n          <div class=\"v-content fix-2-down\" id=\"3\" data-magellan-target=\"3\">\n        <h3 class=\"museo-b\">Valores<\/h3>\n        <p><p><strong>Orereta Ikastola<\/strong> es euskaldun, de Euskal Herria, popular, con modelo educativo propio, abierto, participativo, vivo, de calidad, emprendedor, innovador, verde y transformador.<\/p>\n<\/p>\n      <\/div>\n          <div class=\"v-content fix-2-down\" id=\"4\" data-magellan-target=\"4\">\n        <h3 class=\"museo-b\">Iniciativas populares<\/h3>\n        <p><p><!-- wp:paragraph --><\/p>\n<p>En definitiva, la <strong>Ikastola<\/strong> est\u00e1 formada por ciudadanos y ciudadanas. As\u00ed fue como surgi\u00f3, de una iniciativa ciudadana. <strong>Orereta Ikastola es una Ikastola de y para el pueblo; y se debe al pueblo, quiere aportar al pueblo.\u00a0<\/strong><\/p>\n<p><strong>Orereta Ikastola<\/strong> organiza diversas actividades en <strong>Orereta-Errenteria<\/strong> con el objetivo de fomentar tanto el euskera y la cultura vasca, como la educaci\u00f3n y la formaci\u00f3n.<\/p>\n<p><a href=\"https:\/\/oreretaikastola.eus\/es\/iniciativas-populares\/\">Ver las iniciativas populares que organiza la Ikastola<\/a><\/p>\n<p><!-- \/wp:paragraph --><\/p>\n<\/p>\n      <\/div>\n          <div class=\"v-content fix-2-down\" id=\"5\" data-magellan-target=\"5\">\n        <h3 class=\"museo-b\">Organizaci\u00f3n<\/h3>\n        <p><p><strong>La Ikastola la forman sus socias y socios, y son ellas y ellos los que trazan su trayectoria<\/strong>. Toda socia o socio tiene la opci\u00f3n de participar en la misma. Los \u00f3rganos establecidos para ello son la Asamblea General Anual, el Consejo Rector, la Comisi\u00f3n Educativa, las Comisiones de Madres y Padres y varias comisiones de diversa \u00edndole. Los acuerdos estrat\u00e9gicos de la Ikastola se toman mediante esos \u00f3rganos, <strong>de forma colaborativa, entre las socias y socios y el personal profesional<\/strong>, y con el apoyo y garant\u00eda de los proyectos y materiales propios de la Federaci\u00f3n de Ikastolas. <a href=\"https:\/\/oreretaikastola.eus\/es\/familias\/organos-internos\/\">Ver el organigrama de la Ikastola<\/a><\/p>\n<\/p>\n      <\/div>\n          <div class=\"v-content fix-2-down\" id=\"6\" data-magellan-target=\"6\">\n        <h3 class=\"museo-b\">Resultados<\/h3>\n        <p><p><strong>Orereta Ikastola<\/strong> es uno de los centros que mejores resultados obtienen en Gipuzkoa. Aunque no es la \u00fanica variable para medir el \u00e9xito del alumnado, tambi\u00e9n es importante obtener buenos resultados.<\/p>\n<\/p>\n      <\/div>\n      <\/div>\n<\/div>\n\n\n\n\n<figure class=\"wp-block-embed is-type-video is-provider-youtube wp-block-embed-youtube wp-embed-aspect-16-9 wp-has-aspect-ratio\"><div class=\"wp-block-embed__wrapper\">\n<div class=\"youtube-embed responsive-embed widescreen\"><iframe loading=\"lazy\" title=\"Zer da Orereta Ikastola? (azpitituluekin)\" width=\"500\" height=\"281\" src=\"https:\/\/www.youtube.com\/embed\/NVKg_IQU-1U?feature=oembed\" frameborder=\"0\" allow=\"accelerometer; autoplay; clipboard-write; encrypted-media; gyroscope; picture-in-picture\" allowfullscreen><\/iframe><\/div>\n<\/div><\/figure>\n\n\n<div class=\"fullwidth\">\n      <h2 class=\"ikastitle\">\n      <a href=\"https:\/\/oreretaikastola.eus\/es\/pedagogia-transformadora\/\">Pedagogia transformadora<\/a>\n    <\/h2>\n  \n  <div class=\"grid-x grid-margin-x\">\n    <div class=\"cell large-3 medium-6 small-12 bg-pink hezkuntza-block\">\n      <a href=\"https:\/\/oreretaikastola.eus\/es\/pedagogia-transformadora\/educacion-infantil\/\">\n        <h2 class=\"cl-white\">HH<\/h2>\n        <h3 class=\"cl-white\">SENDOTUZ<\/h3>\n        <h4 class=\"cl-white\">AURRERA!<\/h4>\n      <\/a>\n    <\/div>\n\n    <div class=\"cell large-3 medium-6 small-12 bg-yellow hezkuntza-block\">\n      <a href=\"https:\/\/oreretaikastola.eus\/es\/pedagogia-transformadora\/educacion-primaria\/\">\n        <h2 class=\"cl-white\">LH<\/h2>\n        <h3 class=\"cl-white\">JABETUZ<\/h3>\n        <h4 class=\"cl-white\">AURRERA!<\/h4>\n      <\/a>\n    <\/div>\n\n    <div class=\"cell large-3 medium-6 small-12 bg-turkey hezkuntza-block\">\n      <a href=\"https:\/\/oreretaikastola.eus\/es\/pedagogia-transformadora\/educacion-secundaria-obligatoria\/\">\n        <h2 class=\"cl-white\">DBH<\/h2>\n        <h3 class=\"cl-white\">ERABAKIZ<\/h3>\n        <h4 class=\"cl-white\">AURRERA!<\/h4>\n      <\/a>\n    <\/div>\n\n    <div class=\"cell large-3 medium-6 small-12 bg-dark-blue hezkuntza-block\">\n      <a href=\"https:\/\/www.oiartzoikastola.eus\/es\/\" target=\"_blank\">\n        <h2 class=\"cl-white\">BATX<\/h2>\n        <h3 class=\"cl-white\">LORTUZ<\/h3>\n        <h4 class=\"cl-white\">AURRERA!<\/h4>\n      <\/a>\n    <\/div>\n\n  <\/div>\n<\/div>\n\n\n\n<div class=\"wp-block-group is-layout-flow wp-block-group-is-layout-flow\"><div class=\"wp-block-group__inner-container\"><\/div><\/div>\n","protected":false},"excerpt":{"rendered":"","protected":false},"author":1,"featured_media":0,"parent":0,"menu_order":0,"comment_status":"closed","ping_status":"closed","template":"","meta":[],"acf":[],"_links":{"self":[{"href":"https:\/\/oreretaikastola.eus\/es\/wp-json\/wp\/v2\/pages\/2561"}],"collection":[{"href":"https:\/\/oreretaikastola.eus\/es\/wp-json\/wp\/v2\/pages"}],"about":[{"href":"https:\/\/oreretaikastola.eus\/es\/wp-json\/wp\/v2\/types\/page"}],"author":[{"embeddable":true,"href":"https:\/\/oreretaikastola.eus\/es\/wp-json\/wp\/v2\/users\/1"}],"replies":[{"embeddable":true,"href":"https:\/\/oreretaikastola.eus\/es\/wp-json\/wp\/v2\/comments?post=2561"}],"version-history":[{"count":93,"href":"https:\/\/oreretaikastola.eus\/es\/wp-json\/wp\/v2\/pages\/2561\/revisions"}],"predecessor-version":[{"id":22637,"href":"https:\/\/oreretaikastola.eus\/es\/wp-json\/wp\/v2\/pages\/2561\/revisions\/22637"}],"wp:attachment":[{"href":"https:\/\/oreretaikastola.eus\/es\/wp-json\/wp\/v2\/media?parent=2561"}],"curies":[{"name":"wp","href":"https:\/\/api.w.org\/{rel}","templated":true}]}}