{"id":25597,"date":"2022-06-02T09:48:22","date_gmt":"2022-06-02T08:48:22","guid":{"rendered":"https:\/\/oreretaikastola.eus\/?page_id=25597"},"modified":"2025-06-25T14:12:47","modified_gmt":"2025-06-25T13:12:47","slug":"baserria-condiciones-y-procedimientos","status":"publish","type":"page","link":"https:\/\/oreretaikastola.eus\/es\/socios\/baserria-condiciones-y-procedimientos\/","title":{"rendered":"Baserria: condiciones y procedimientos de uso"},"content":{"rendered":"\n<ul>\n<li>La <strong>reserva de mesas se realizar\u00e1 a trav\u00e9s de internet<\/strong> o desde el ordenador del Baserri. Cada socio o socia necesita su perfil de socio para ello. Pueden utilizar el Baserri como socios tanto el propio socio como su pareja. Para ello se necesitan los datos de ambas personas.<\/li>\n\n\n\n<li><strong>Cada socio o socia dispondr\u00e1 de su propia llave<\/strong> para acceder al Baserri. Al solicitar la llave <strong>se considerar\u00e1 que la persona socia ser\u00e1 usuaria de la sociedad gastron\u00f3mica del Baserri y pagar\u00e1 la cuota correspondiente<\/strong> (70\u20ac\/a\u00f1o. <a href=\"https:\/\/oreretaikastola.eus\/es\/socios\/\">Ver informaci\u00f3n m\u00e1s detallada en la normativa de uso de la sociedad gastron\u00f3mica del Baserri<\/a>).<\/li>\n\n\n\n<li><strong>Las solicitudes<\/strong> de perfil de socio y llave propia <strong>se gestionan en un plazo de un mes<\/strong>. El equipo de trabajo del Baserri se pondr\u00e1 en contacto con el socio o socia para informarle sobre el programa de reservas y la tarjeta-llave.<\/li>\n\n\n\n<li>Las <strong>hojas de consumo<\/strong> se deben rellenar <strong>por ordenado<\/strong>r (no en papel).<\/li>\n\n\n\n<li>Los <strong>consumos <\/strong>pueden ser abonados <strong>en met\u00e1lico o mediante transferencia<\/strong>.<\/li>\n<\/ul>\n\n\n\n<div class=\"wp-block-columns is-layout-flex wp-container-5 wp-block-columns-is-layout-flex\">\n<div class=\"wp-block-column is-layout-flow wp-block-column-is-layout-flow\"><\/div>\n\n\n\n<div class=\"wp-block-column is-layout-flow wp-block-column-is-layout-flow\">\n<div class=\"wp-block-buttons is-layout-flex wp-block-buttons-is-layout-flex\">\n<div class=\"wp-block-button\"><a class=\"wp-block-button__link has-white-color has-text-color has-background wp-element-button\" href=\"https:\/\/docs.google.com\/forms\/d\/e\/1FAIpQLSf-DmFisKbpgIg0tfNvoOocL0buWfP21cppjUngmW7rbQtdlQ\/viewform?usp=sf_link\" style=\"border-radius:10px;background-color:#a91836\">Solicita el acceso al Baserri<\/a><\/div>\n<\/div>\n<\/div>\n\n\n\n<div class=\"wp-block-column is-layout-flow wp-block-column-is-layout-flow\"><\/div>\n<\/div>\n","protected":false},"excerpt":{"rendered":"","protected":false},"author":2,"featured_media":0,"parent":16566,"menu_order":0,"comment_status":"closed","ping_status":"closed","template":"","meta":[],"acf":[],"_links":{"self":[{"href":"https:\/\/oreretaikastola.eus\/es\/wp-json\/wp\/v2\/pages\/25597"}],"collection":[{"href":"https:\/\/oreretaikastola.eus\/es\/wp-json\/wp\/v2\/pages"}],"about":[{"href":"https:\/\/oreretaikastola.eus\/es\/wp-json\/wp\/v2\/types\/page"}],"author":[{"embeddable":true,"href":"https:\/\/oreretaikastola.eus\/es\/wp-json\/wp\/v2\/users\/2"}],"replies":[{"embeddable":true,"href":"https:\/\/oreretaikastola.eus\/es\/wp-json\/wp\/v2\/comments?post=25597"}],"version-history":[{"count":12,"href":"https:\/\/oreretaikastola.eus\/es\/wp-json\/wp\/v2\/pages\/25597\/revisions"}],"predecessor-version":[{"id":73227,"href":"https:\/\/oreretaikastola.eus\/es\/wp-json\/wp\/v2\/pages\/25597\/revisions\/73227"}],"up":[{"embeddable":true,"href":"https:\/\/oreretaikastola.eus\/es\/wp-json\/wp\/v2\/pages\/16566"}],"wp:attachment":[{"href":"https:\/\/oreretaikastola.eus\/es\/wp-json\/wp\/v2\/media?parent=25597"}],"curies":[{"name":"wp","href":"https:\/\/api.w.org\/{rel}","templated":true}]}}