{"id":2544,"date":"2020-09-28T11:25:30","date_gmt":"2020-09-28T11:25:30","guid":{"rendered":"https:\/\/oreretaikastola.eus\/pedagogia-transformadora\/derrigorrezko-bigarren-hezkuntza\/"},"modified":"2026-01-04T22:55:29","modified_gmt":"2026-01-04T21:55:29","slug":"educacion-secundaria-obligatoria","status":"publish","type":"page","link":"https:\/\/oreretaikastola.eus\/es\/pedagogia-transformadora\/educacion-secundaria-obligatoria\/","title":{"rendered":"Educaci\u00f3n Secundaria Obligatoria"},"content":{"rendered":"<div\nclass=\"orbit\"\nrole=\"region\"\naria-label=\"\"\ndata-orbit\ndata-options=\"pauseOnHover:false; animInFromLeft:fade-in; animInFromRight:fade-in; animOutToLeft:fade-out; animOutToRight:fade-out;\"\ndata-auto-play=\"true\"\ndata-use-m-u-i=\"true\"\n>\n\n  <div class=\"orbit-wrapper\">\n    <ul class=\"orbit-container slider-header fullwidth\">\n      <li class=\"is-active orbit-slide\" style=\"background-image:url(\/app\/uploads\/2020\/07\/ORERETA-KATALOGOA-11-scaled.jpg);\">\n        <figcaption class=\"orbit-caption\">\n           <h1>Educaci\u00f3n Secundaria Obligatoria (12-16 a\u00f1os)<\/h1>            <h4>Capacidad de decisi\u00f3n\u2026 para avanzar<\/h4>         <\/figcaption>\n      <\/li>\n    <\/ul>\n  <\/div>\n\n<\/div>\n\n\n\n<p>En Educaci\u00f3n Secundaria Obligatoria se subraya la importancia del \u00e1rea curricular y se profundiza en ella.<\/p>\n\n\n\n<p><strong>En la ESO se contin\u00faa trabajando bas\u00e1ndose en las competencias, con el <a href=\"https:\/\/oreretaikastola.eus\/es\/pedagogia-transformadora\/educacion-primaria\/\">Educaci\u00f3n Primaria<\/a><\/strong>.<strong> Se ha dado el salto del paradigma del saber al paradigma del hacer, al paradigma de la pr\u00e1ctica<\/strong>. Porque la funci\u00f3n de la <strong>Ikastola<\/strong> no es s\u00f3lo ense\u00f1ar, sino preocuparse del desarrollo \u00edntegro de la persona.<strong> Orereta Ikastola<\/strong> prepara a los j\u00f3venes para continuar aprendiendo durante toda la vida, para continuar avanzando.<\/p>\n\n\n\n<h4 class=\"wp-block-heading has-text-color\" style=\"color:#a91836\">\u00ab<strong><span style=\"color:#a91836\" class=\"has-inline-color\">Hace ya algunos a\u00f1os que la Ikastola trabaja con el proyecto EKI. Los resultados son buenos y ahora Orereta Ikastola est\u00e1 inmersa en el proceso de adaptar el proyecto al centro, adaptando el proyecto a sus necesidades y deseos.<\/span><\/strong>\u00ab<\/h4>\n\n\n\n<p>Para ello, el trabajo de <strong>Orereta Ikastola<\/strong> se basa en el <strong>proyecto innovador EKI<\/strong>. <strong>El proyecto EKI es un proyecto creado y desarrollado espec\u00edficamente por las Ikastolas, basado en las competencias y que desarrolla el Curr\u00edculum Vasco mediante la integraci\u00f3n<\/strong>. El proyecto EKI busca el desarrollo completo e integral de la persona. Ante situaciones reales, el alumnado debe habituarse a buscar y utilizar los recursos que necesita en esas situaciones, tanto de forma individual como en grupo, y emplear lo aprendido en nuevas situaciones.<\/p>\n\n\n\n<p>Hace ya algunos a\u00f1os que la <strong>Ikastola<\/strong> trabaja con el <strong>proyecto EKI<\/strong>. Los resultados son buenos y desde hace unos a\u00f1os <strong>Orereta Ikastola<\/strong> est\u00e1 inmersa en el proceso de adaptar el proyecto al centro, adaptando el proyecto a sus necesidades y deseos.<\/p>\n\n\n\n<figure class=\"wp-block-gallery has-nested-images columns-default is-cropped wp-block-gallery-1 is-layout-flex wp-block-gallery-is-layout-flex\">\n<figure data-tanit-img-width=\"2560\" data-tanit-img-height=\"1707\" class=\"wp-block-image size-large\"><img decoding=\"async\" loading=\"lazy\" width=\"1024\" height=\"683\" data-id=\"164\" src=\"\/app\/uploads\/2020\/07\/ORERETA-KATALOGOA-3-1024x683.jpg\" alt=\"\" class=\"wp-image-164\" srcset=\"\/app\/uploads\/2020\/07\/ORERETA-KATALOGOA-3-1024x683.jpg 1024w, \/app\/uploads\/2020\/07\/ORERETA-KATALOGOA-3-300x200.jpg 300w, \/app\/uploads\/2020\/07\/ORERETA-KATALOGOA-3-768x512.jpg 768w, \/app\/uploads\/2020\/07\/ORERETA-KATALOGOA-3-1536x1024.jpg 1536w, \/app\/uploads\/2020\/07\/ORERETA-KATALOGOA-3-2048x1365.jpg 2048w, \/app\/uploads\/2020\/07\/ORERETA-KATALOGOA-3-1568x1045.jpg 1568w\" sizes=\"(max-width: 1024px) 100vw, 1024px\" \/><\/figure>\n\n\n\n<figure data-tanit-img-width=\"2560\" data-tanit-img-height=\"1707\" class=\"wp-block-image size-large\"><img decoding=\"async\" loading=\"lazy\" width=\"1024\" height=\"683\" data-id=\"187\" src=\"\/app\/uploads\/2020\/07\/ORERETA-2018-MATRIKULAZIOAK-6-1024x683.jpg\" alt=\"\" class=\"wp-image-187\" srcset=\"\/app\/uploads\/2020\/07\/ORERETA-2018-MATRIKULAZIOAK-6-1024x683.jpg 1024w, \/app\/uploads\/2020\/07\/ORERETA-2018-MATRIKULAZIOAK-6-300x200.jpg 300w, \/app\/uploads\/2020\/07\/ORERETA-2018-MATRIKULAZIOAK-6-768x512.jpg 768w, \/app\/uploads\/2020\/07\/ORERETA-2018-MATRIKULAZIOAK-6-1536x1024.jpg 1536w, \/app\/uploads\/2020\/07\/ORERETA-2018-MATRIKULAZIOAK-6-2048x1365.jpg 2048w, \/app\/uploads\/2020\/07\/ORERETA-2018-MATRIKULAZIOAK-6-1568x1045.jpg 1568w\" sizes=\"(max-width: 1024px) 100vw, 1024px\" \/><\/figure>\n<\/figure>\n\n\n\n<p>Adem\u00e1s de lo mencionado, en 3\u00ba y 4\u00ba de Educaci\u00f3n Secundaria Obligatoria la<strong> Ikastola<\/strong> tiene <strong><a href=\"https:\/\/www.youtube.com\/watch?v=AvvDPdXiQ0o\">aulas inclusivas<\/a><\/strong>, dentro del Proyecto de Diversificaci\u00f3n Curricular. Gracias a ello, la <strong>Ikastola<\/strong> tiene la oportunidad de atender mejor a las y los alumnos con necesidades concretas y\/o especiales. El hecho de que muchas aula cuente con dos tutores es otro de los recursos que permite una atenci\u00f3n m\u00e1s directa a todos los alumnos y alumnas y familias.<\/p>\n\n\n\n<h4 class=\"wp-block-heading\"><strong><span style=\"color:#a91836\" class=\"has-inline-color\">\u00abOrereta Ikastola cuenta con aulas inclusivas en 3\u00ba y 4\u00ba de Educaci\u00f3n Secundaria Obligatoria dentro del Proyecto de Diversificaci\u00f3n Curricular.\u00bb  <\/span><\/strong><\/h4>\n\n\n\n<p>La tarea de la <strong>Ikastola<\/strong> en la Educaci\u00f3n Secundaria Obligatoria consiste en orientar a las y los j\u00f3venes tanto al mundo laboral como a los estudios superiores, ser sus compa\u00f1eros de viaje. Para ello, adem\u00e1s del departamento de orientaci\u00f3n, al alumnado de la ESO se le ofrece la oportunidad acad\u00e9mica de empezar a esbozar y dibujar su propio recorrido, durante los \u00faltimos cursos.<\/p>\n\n\n\n<figure class=\"wp-block-gallery has-nested-images columns-default is-cropped wp-block-gallery-3 is-layout-flex wp-block-gallery-is-layout-flex\">\n<figure data-tanit-img-width=\"2500\" data-tanit-img-height=\"1667\" class=\"wp-block-image size-large\"><img decoding=\"async\" loading=\"lazy\" width=\"1024\" height=\"683\" data-id=\"5730\" src=\"\/app\/uploads\/2020\/11\/Orereta-Ikastola_EKI-DBH-web-1024x683.jpg\" alt=\"\" class=\"wp-image-5730\" srcset=\"\/app\/uploads\/2020\/11\/Orereta-Ikastola_EKI-DBH-web-1024x683.jpg 1024w, \/app\/uploads\/2020\/11\/Orereta-Ikastola_EKI-DBH-web-300x200.jpg 300w, \/app\/uploads\/2020\/11\/Orereta-Ikastola_EKI-DBH-web-768x512.jpg 768w, \/app\/uploads\/2020\/11\/Orereta-Ikastola_EKI-DBH-web-1536x1024.jpg 1536w, \/app\/uploads\/2020\/11\/Orereta-Ikastola_EKI-DBH-web-2048x1366.jpg 2048w, \/app\/uploads\/2020\/11\/Orereta-Ikastola_EKI-DBH-web-1320x880.jpg 1320w\" sizes=\"(max-width: 1024px) 100vw, 1024px\" \/><\/figure>\n<\/figure>\n\n\n\n<p>El desarrollo de la competencia digital se ha introducido en todas las unidades did\u00e1cticas. <strong>Las TIC se han puesto al servicio de la educaci\u00f3n<\/strong> y se han fortalecido los beneficios pedag\u00f3gicos. Para poder materializarlo, entre otros puntos, cada alumna o alumno dispone de ordenador propio y trabaja con \u00e9l en el aula y en casa. Adem\u00e1s, el hecho de que la<strong> Ikastola est\u00e9 ubicada en un entorno verde<\/strong>, en plena naturaleza, ayuda tambi\u00e9n a desarrollar las competencias fuera del aula.<\/p>\n\n\n\n<p><strong>Orereta Ikastola<\/strong> ha empezado a recorrer en Primaria y Secundaria el camino del programa ONKI, programa de tutor\u00eda que tiene como objetivo el bienestar, la solidez interna y el desarrollo integral de la persona.<\/p>\n\n\n<div class=\"ap_block bg-light-gray fullwidth\">\n\n  <div class=\"fullwidth fix-2-up bg-turkey\" style=\"background-image: url('');background-size: cover;background-blend-mode:soft-light;background-position:center center;\">\n    <div class=\"grid-x grid-margin-x fix-2-down\">\n      <div class=\"cell medium-6\">\n                      <h1 class=\"\">\n            <a class=\"museo-b cl-white\" href=\"https:\/\/oreretaikastola.eus\/es\/avances\/\">Avances<\/a>\n            <\/h1>\n\n            <h4 class=\"cl-white\">Si la educaci\u00f3n es una herramienta imprescindible para construir la sociedad actual y del futuro, la educaci\u00f3n debe responder a las necesidades de la sociedad actual y del futuro.<\/h4>\n                <\/div>\n\n      <div class=\"cell medium-6\">\n        <div class=\"ap_video\">\n          <iframe loading=\"lazy\" width=\"560\" height=\"315\" src=\"https:\/\/www.youtube.com\/embed\/NYbJoyXwJro\" title=\"YouTube video player\" frameborder=\"0\" allow=\"accelerometer; autoplay; clipboard-write; encrypted-media; gyroscope; picture-in-picture\" allowfullscreen><\/iframe>\n        <\/div>\n      <\/div>\n    <\/div>\n  <\/div>\n\n  <div class=\"grid-x ap_txt grid-margin-x large-up-3 fullwidth fix-2-both\">\n    <div class=\"cell\">\n      <h3>Un d\u00eda en DBH<\/h3>\n\n      \n      \n    <\/div>\n\n    <div class=\"cell\">\n      <h3>Modelo de Persona<\/h3>\n\n              <img decoding=\"async\" src=\"\/app\/uploads\/2020\/11\/Orereta-Ikastola_perfil-de-salida-alumnado-1.png\" alt=\"\" \/>\n      \n      \n    <\/div>\n\n    <div class=\"cell\">\n      <h3>Informaci\u00f3n pr\u00e1ctica<\/h3>\n\n              <div\n        class=\"orbit\"\n        role=\"region\"\n        aria-label=\"\"\n        data-orbit\n        data-options=\"pauseOnHover:true; animInFromLeft:fade-in; animInFromRight:fade-in; animOutToLeft:fade-out; animOutToRight:fade-out;\"\n        data-auto-play=\"true\"\n        data-use-m-u-i=\"true\">\n          <div class=\"orbit-wrapper\">\n            <div class=\"orbit-controls\">\n              <button class=\"orbit-previous\"><span class=\"show-for-sr\">Previous Slide<\/span> &#9664;&#xFE0E;<\/button>\n              <button class=\"orbit-next\"><span class=\"show-for-sr\">Next Slide<\/span> &#9654;&#xFE0E;<\/button>\n            <\/div>\n            <ul class=\"orbit-container\">\n                              <li class=\"orbit-slide is-active\">\n                  <figure class=\"orbit-figure\">\n                    <img decoding=\"async\" class=\"orbit-image\" src=\"\/app\/uploads\/2025\/09\/Orereta-Ikastola-DBH-eskola-egutegia-25-26-eleb_.jpg\" alt=\"Irudia\" \/>\n                  <\/figure>\n                <\/li>\n                          <\/ul>\n          <\/div>\n        <\/div>\n      \n              <ul class=\"no-bullet\">\n                      <li class=\"doc\">\n              <a href=\"\/app\/uploads\/2025\/09\/Orereta-Ikastola-DBH-eskola-egutegia-25-26-eleb_.pdf\" target=\"_blank\">\n                <span>\n                  <img decoding=\"async\" src=\"\/app\/themes\/ikaswp\/dist\/images\/docwp.png\" width=\"13\" alt=\"\" \/>\n                <\/span>\n\n                <span class=\"doc-title\">Calendario escolar<\/span>\n              <\/a>\n            <\/li>\n                  <\/ul>\n      \n      <p><hr \/>\n<h6><strong>HORARIO<\/strong><\/h6>\n<hr \/>\n<h6>08:00-14:00 (d\u00edas de jornada reducida: 08:00-12:00)<\/h6>\n<hr \/>\n<h6><strong>\u00bfQUIERES SER PARTE DE LA IKASTOLA?<\/strong><\/h6>\n<hr \/>\n<h6>Si te gustan el Modelo Ikastola y el proyecto de Orereta Ikastola, <a href=\"mailto:idazkaritza@oreretaikastola.eus\">ponte en contacto con nosotros<\/a> para informarte. Te adelantamos que el objetivo de Orereta Ikastola es estar a disposici\u00f3n de todo aquel o aquella que as\u00ed lo desee.<\/h6>\n<\/p>\n\n    <\/div>\n  <\/div>\n\n<\/div>\n\n\n<div class=\"post-block fullwidth\" data-equalizer=\"post-block\" data-equalize-on=\"medium\">\n      <h2 class=\"ikastitle\">\n      <a href=\"https:\/\/oreretaikastola.eus\/es\/noticias\/\">Noticias<\/a>\n    <\/h2>\n  \n  <div class=\"grid-x grid-margin-x large-up-4 medium-up-2\">\n          <div class=\"cell bg-light-gray post-wrapper\" data-equalizer-watch=\"post-block\">\n  <a class=\"post-title\" href=\"https:\/\/oreretaikastola.eus\/es\/2026\/01\/08\/matriculacion-2026-27-ven-a-la-ikastola\/\">\n    <div class=\"post-img\" style=\"background-image: url(\/app\/uploads\/2024\/01\/burukoa-orereta-1-1024x491.jpg)\">\n              <div class=\"post-category\" style=\"background-color: \">\n                    Ikastola\n        <\/div>\n          <\/div>\n  <\/a>\n\n  <div class=\"post-content\">\n    <label class=\"post-date\">2026-01-08<\/label>\n    <a class=\"post-title\" href=\"https:\/\/oreretaikastola.eus\/es\/2026\/01\/08\/matriculacion-2026-27-ven-a-la-ikastola\/\">\n      <h4>Matriculaci\u00f3n 2026-27: \u00a1ven a la Ikastola!<\/h4>\n    <\/a>\n  <\/div>\n<\/div>\n          <div class=\"cell bg-light-gray post-wrapper\" data-equalizer-watch=\"post-block\">\n  <a class=\"post-title\" href=\"https:\/\/oreretaikastola.eus\/es\/2025\/12\/17\/elkartasun-kutxa-el-tesoro-de-las-ikastolas-2026\/\">\n    <div class=\"post-img\" style=\"background-image: url(\/app\/uploads\/2025\/12\/Ikastolak-Elkartasun-kutxa-2026-1024x683.jpg)\">\n              <div class=\"post-category\" style=\"background-color: \">\n                    Ikastola\n        <\/div>\n          <\/div>\n  <\/a>\n\n  <div class=\"post-content\">\n    <label class=\"post-date\">2025-12-17<\/label>\n    <a class=\"post-title\" href=\"https:\/\/oreretaikastola.eus\/es\/2025\/12\/17\/elkartasun-kutxa-el-tesoro-de-las-ikastolas-2026\/\">\n      <h4>&quot;Elkartasun Kutxa&quot;, el tesoro de las Ikastolas<\/h4>\n    <\/a>\n  <\/div>\n<\/div>\n          <div class=\"cell bg-light-gray post-wrapper\" data-equalizer-watch=\"post-block\">\n  <a class=\"post-title\" href=\"https:\/\/oreretaikastola.eus\/es\/2025\/11\/26\/mari-domingiren-errepublika-magikoa-2025-del-6-al-22-de-diciembre\/\">\n    <div class=\"post-img\" style=\"background-image: url(\/app\/uploads\/2022\/11\/Mari-Domingiren-Errepublika-Magikoa-Orereta-Ikastola-1-1024x731.jpg)\">\n              <div class=\"post-category\" style=\"background-color: \">\n                    Ikastola\n        <\/div>\n          <\/div>\n  <\/a>\n\n  <div class=\"post-content\">\n    <label class=\"post-date\">2025-11-26<\/label>\n    <a class=\"post-title\" href=\"https:\/\/oreretaikastola.eus\/es\/2025\/11\/26\/mari-domingiren-errepublika-magikoa-2025-del-6-al-22-de-diciembre\/\">\n      <h4>Mari Domingiren Errepublika Magikoa, del 6 al 22 de diciembre<\/h4>\n    <\/a>\n  <\/div>\n<\/div>\n          <div class=\"cell bg-light-gray post-wrapper\" data-equalizer-watch=\"post-block\">\n  <a class=\"post-title\" href=\"https:\/\/oreretaikastola.eus\/es\/2025\/11\/19\/negulekuak-del-22-de-diciembre-al-2-de-enero\/\">\n    <div class=\"post-img\" style=\"background-image: url(\/app\/uploads\/2022\/11\/Negulekuak-2022-1.jpg)\">\n              <div class=\"post-category\" style=\"background-color: \">\n                    Ikastola\n        <\/div>\n          <\/div>\n  <\/a>\n\n  <div class=\"post-content\">\n    <label class=\"post-date\">2025-11-19<\/label>\n    <a class=\"post-title\" href=\"https:\/\/oreretaikastola.eus\/es\/2025\/11\/19\/negulekuak-del-22-de-diciembre-al-2-de-enero\/\">\n      <h4>Negulekuak, del 22 de diciembre al 2 de enero<\/h4>\n    <\/a>\n  <\/div>\n<\/div>\n      <\/div>\n<\/div>\n\n\n<div class=\"fullwidth\">\n  \n  <div class=\"grid-x grid-margin-x\">\n    <div class=\"cell large-3 medium-6 small-12 bg-pink hezkuntza-block\">\n      <a href=\"https:\/\/oreretaikastola.eus\/es\/pedagogia-transformadora\/educacion-infantil\/\">\n        <h2 class=\"cl-white\">HH<\/h2>\n        <h3 class=\"cl-white\">SENDOTUZ<\/h3>\n        <h4 class=\"cl-white\">AURRERA!<\/h4>\n      <\/a>\n    <\/div>\n\n    <div class=\"cell large-3 medium-6 small-12 bg-yellow hezkuntza-block\">\n      <a href=\"https:\/\/oreretaikastola.eus\/es\/pedagogia-transformadora\/educacion-primaria\/\">\n        <h2 class=\"cl-white\">LH<\/h2>\n        <h3 class=\"cl-white\">JABETUZ<\/h3>\n        <h4 class=\"cl-white\">AURRERA!<\/h4>\n      <\/a>\n    <\/div>\n\n    <div class=\"cell large-3 medium-6 small-12 bg-turkey hezkuntza-block\">\n      <a href=\"https:\/\/oreretaikastola.eus\/es\/pedagogia-transformadora\/educacion-secundaria-obligatoria\/\">\n        <h2 class=\"cl-white\">DBH<\/h2>\n        <h3 class=\"cl-white\">ERABAKIZ<\/h3>\n        <h4 class=\"cl-white\">AURRERA!<\/h4>\n      <\/a>\n    <\/div>\n\n    <div class=\"cell large-3 medium-6 small-12 bg-dark-blue hezkuntza-block\">\n      <a href=\"https:\/\/www.oiartzoikastola.eus\/es\/\" target=\"_blank\">\n        <h2 class=\"cl-white\">BATX<\/h2>\n        <h3 class=\"cl-white\">LORTUZ<\/h3>\n        <h4 class=\"cl-white\">AURRERA!<\/h4>\n      <\/a>\n    <\/div>\n\n  <\/div>\n<\/div>\n\n\n\n<p><\/p>\n","protected":false},"excerpt":{"rendered":"<p>En Educaci\u00f3n Secundaria Obligatoria se subraya la importancia del \u00e1rea curricular y se profundiza en ella. En la ESO se contin\u00faa trabajando bas\u00e1ndose en las competencias, con el Educaci\u00f3n Primaria. Se ha dado el salto del paradigma del saber al paradigma del hacer, al paradigma de la pr\u00e1ctica. Porque la funci\u00f3n de la Ikastola no &hellip; <a href=\"https:\/\/oreretaikastola.eus\/es\/pedagogia-transformadora\/educacion-secundaria-obligatoria\/\">Continued<\/a><\/p>\n","protected":false},"author":2,"featured_media":0,"parent":2487,"menu_order":3,"comment_status":"closed","ping_status":"closed","template":"","meta":[],"acf":[],"_links":{"self":[{"href":"https:\/\/oreretaikastola.eus\/es\/wp-json\/wp\/v2\/pages\/2544"}],"collection":[{"href":"https:\/\/oreretaikastola.eus\/es\/wp-json\/wp\/v2\/pages"}],"about":[{"href":"https:\/\/oreretaikastola.eus\/es\/wp-json\/wp\/v2\/types\/page"}],"author":[{"embeddable":true,"href":"https:\/\/oreretaikastola.eus\/es\/wp-json\/wp\/v2\/users\/2"}],"replies":[{"embeddable":true,"href":"https:\/\/oreretaikastola.eus\/es\/wp-json\/wp\/v2\/comments?post=2544"}],"version-history":[{"count":57,"href":"https:\/\/oreretaikastola.eus\/es\/wp-json\/wp\/v2\/pages\/2544\/revisions"}],"predecessor-version":[{"id":77333,"href":"https:\/\/oreretaikastola.eus\/es\/wp-json\/wp\/v2\/pages\/2544\/revisions\/77333"}],"up":[{"embeddable":true,"href":"https:\/\/oreretaikastola.eus\/es\/wp-json\/wp\/v2\/pages\/2487"}],"wp:attachment":[{"href":"https:\/\/oreretaikastola.eus\/es\/wp-json\/wp\/v2\/media?parent=2544"}],"curies":[{"name":"wp","href":"https:\/\/api.w.org\/{rel}","templated":true}]}}