{"id":2538,"date":"2020-09-28T11:24:23","date_gmt":"2020-09-28T11:24:23","guid":{"rendered":"https:\/\/oreretaikastola.eus\/pedagogia-transformadora\/lehen-hezkuntza\/"},"modified":"2026-01-04T22:54:01","modified_gmt":"2026-01-04T21:54:01","slug":"educacion-primaria","status":"publish","type":"page","link":"https:\/\/oreretaikastola.eus\/es\/pedagogia-transformadora\/educacion-primaria\/","title":{"rendered":"Educaci\u00f3n primaria"},"content":{"rendered":"<div\nclass=\"orbit\"\nrole=\"region\"\naria-label=\"\"\ndata-orbit\ndata-options=\"pauseOnHover:false; animInFromLeft:fade-in; animInFromRight:fade-in; animOutToLeft:fade-out; animOutToRight:fade-out;\"\ndata-auto-play=\"true\"\ndata-use-m-u-i=\"true\"\n>\n\n  <div class=\"orbit-wrapper\">\n    <ul class=\"orbit-container slider-header fullwidth\">\n      <li class=\"is-active orbit-slide\" style=\"background-image:url(\/app\/uploads\/2020\/10\/ORERETA-MATRIKULAZIOAK-FOLLETO-2-scaled.jpg);\">\n        <figcaption class=\"orbit-caption\">\n           <h1>Educaci\u00f3n primaria (6-12 a\u00f1os)<\/h1>            <h4>Del saber a la acci\u00f3n\u2026 para avanzar<\/h4>         <\/figcaption>\n      <\/li>\n    <\/ul>\n  <\/div>\n\n<\/div>\n\n\n\n<p><strong>En Orereta Ikastola se trabaja bas\u00e1ndose en las competencias<\/strong>. <strong>Se ha dado el salto del paradigma del saber al paradigma del hacer, al paradigma de la pr\u00e1ctica<\/strong>. Porque la funci\u00f3n de la <strong>Ikastola<\/strong> no es s\u00f3lo ense\u00f1ar, sino preocuparse del desarrollo \u00edntegro de la persona. En la<strong> Ikastola<\/strong> se tiene en cuenta el aspecto f\u00edsico, cognitivo, comunicativo, social y afectivo de la ni\u00f1a o ni\u00f1o: se aprende a pensar y a aprender, a hacer juntos, a ser uno mismo,  tanto a emprender como a hacer. Al fin y al cabo, <strong>Orereta Ikastola<\/strong> prepara a las y los j\u00f3venes para continuar aprendiendo durante toda la vida, para continuar avanzando.<\/p>\n\n\n\n<h4 class=\"wp-block-heading\"><mark style=\"background-color:rgba(0, 0, 0, 0);color:#a91836\" class=\"has-inline-color\"><strong>\u00abEn Orereta Ikastola se trabaja bas\u00e1ndose en las competencias. Se ha dado el salto del paradigma del saber al paradigma del hacer.<\/strong>\u00ab<\/mark><\/h4>\n\n\n\n<p>El <strong>proyecto Ikaskide<\/strong> es una de las bases del proyecto de Educaci\u00f3n Primaria de <strong>Orereta Ikastola<\/strong>: el objetivo es que las y los profesionales y el alumnado colaboren, trabajen juntos; a ello se dirigen los esfuerzos de la <strong>Ikastola<\/strong>. <strong>Ikaskide es un proyecto innovador que tiene como objetivo la mejora del proceso de<\/strong> aprendizaje de todas las alumnas y alumnos, impulsando los valores cooperativos. Aprendiendo con los dem\u00e1s, el alumnado consigue desarrollar diversas competencias.<\/p>\n\n\n\n<p>En el \u00faltimo ciclo de Educaci\u00f3n Primaria, <strong>Orereta Ikastola<\/strong> trabaja con el <strong>proyecto EKI<\/strong>, proyecto creado y desarrollado espec\u00edficamente por las <strong>Ikastolas<\/strong>. <strong>EKI es un programa innovador basado en las competencias y que mediante la integraci\u00f3n desarrolla el Curr\u00edculum Vasco.<\/strong><\/p>\n\n\n\n<figure class=\"wp-block-gallery has-nested-images columns-2 is-cropped wp-block-gallery-1 is-layout-flex wp-block-gallery-is-layout-flex\">\n<figure data-tanit-img-width=\"2560\" data-tanit-img-height=\"1707\" class=\"wp-block-image size-large\"><img decoding=\"async\" loading=\"lazy\" width=\"1024\" height=\"683\" data-id=\"1615\" src=\"\/app\/uploads\/2020\/10\/ORERETA-MATRIKULAZIOAK-FOLLETO-2-1024x683.jpg\" alt=\"Orereta Ikastola_baratzea\" class=\"wp-image-1615\" srcset=\"\/app\/uploads\/2020\/10\/ORERETA-MATRIKULAZIOAK-FOLLETO-2-1024x683.jpg 1024w, \/app\/uploads\/2020\/10\/ORERETA-MATRIKULAZIOAK-FOLLETO-2-300x200.jpg 300w, \/app\/uploads\/2020\/10\/ORERETA-MATRIKULAZIOAK-FOLLETO-2-768x512.jpg 768w, \/app\/uploads\/2020\/10\/ORERETA-MATRIKULAZIOAK-FOLLETO-2-1536x1024.jpg 1536w, \/app\/uploads\/2020\/10\/ORERETA-MATRIKULAZIOAK-FOLLETO-2-2048x1365.jpg 2048w, \/app\/uploads\/2020\/10\/ORERETA-MATRIKULAZIOAK-FOLLETO-2-1320x880.jpg 1320w\" sizes=\"(max-width: 1024px) 100vw, 1024px\" \/><\/figure>\n\n\n\n<figure data-tanit-img-width=\"2500\" data-tanit-img-height=\"1667\" class=\"wp-block-image size-large\"><img decoding=\"async\" loading=\"lazy\" width=\"1024\" height=\"683\" data-id=\"5734\" src=\"\/app\/uploads\/2020\/11\/Orereta-Ikastola_Lehen-Hezkuntza-matematika-2-web-1024x683.jpg\" alt=\"\" class=\"wp-image-5734\" srcset=\"\/app\/uploads\/2020\/11\/Orereta-Ikastola_Lehen-Hezkuntza-matematika-2-web-1024x683.jpg 1024w, \/app\/uploads\/2020\/11\/Orereta-Ikastola_Lehen-Hezkuntza-matematika-2-web-300x200.jpg 300w, \/app\/uploads\/2020\/11\/Orereta-Ikastola_Lehen-Hezkuntza-matematika-2-web-768x512.jpg 768w, \/app\/uploads\/2020\/11\/Orereta-Ikastola_Lehen-Hezkuntza-matematika-2-web-1536x1024.jpg 1536w, \/app\/uploads\/2020\/11\/Orereta-Ikastola_Lehen-Hezkuntza-matematika-2-web-2048x1366.jpg 2048w, \/app\/uploads\/2020\/11\/Orereta-Ikastola_Lehen-Hezkuntza-matematika-2-web-1320x880.jpg 1320w\" sizes=\"(max-width: 1024px) 100vw, 1024px\" \/><\/figure>\n\n\n\n<figure data-tanit-img-width=\"2560\" data-tanit-img-height=\"1706\" class=\"wp-block-image size-large\"><img decoding=\"async\" loading=\"lazy\" width=\"1024\" height=\"682\" data-id=\"5482\" src=\"\/app\/uploads\/2020\/11\/ORERETA-2018-MATRIKULAZIOAK-8-1024x682.jpg\" alt=\"\" class=\"wp-image-5482\" srcset=\"\/app\/uploads\/2020\/11\/ORERETA-2018-MATRIKULAZIOAK-8-1024x682.jpg 1024w, \/app\/uploads\/2020\/11\/ORERETA-2018-MATRIKULAZIOAK-8-300x200.jpg 300w, \/app\/uploads\/2020\/11\/ORERETA-2018-MATRIKULAZIOAK-8-768x512.jpg 768w, \/app\/uploads\/2020\/11\/ORERETA-2018-MATRIKULAZIOAK-8-1536x1024.jpg 1536w, \/app\/uploads\/2020\/11\/ORERETA-2018-MATRIKULAZIOAK-8-2048x1365.jpg 2048w, \/app\/uploads\/2020\/11\/ORERETA-2018-MATRIKULAZIOAK-8-1320x880.jpg 1320w\" sizes=\"(max-width: 1024px) 100vw, 1024px\" \/><\/figure>\n<\/figure>\n\n\n\n<p>El <strong>proyecto EKI<\/strong> busca el desarrollo completo e integral de la persona. Ante situaciones reales, el alumnado debe habituarse a buscar y utilizar los recursos que necesita en tales situaciones, tanto de forma individual como en grupo, y emplear lo aprendido en nuevas situaciones. En toda la Educaci\u00f3n Secundaria Obligatoria la <strong>Ikastola <\/strong>tambi\u00e9n trabaja con EKI.<\/p>\n\n\n\n<h4 class=\"wp-block-heading\"><mark style=\"background-color:rgba(0, 0, 0, 0);color:#a91836\" class=\"has-inline-color\">\u00ab<strong>A trav\u00e9s de Ikaskide, la Ikastola impulsa los valores cooperativos. En el \u00faltimo ciclo de Educaci\u00f3n Primaria se trabaja con EKI.<\/strong>\u00ab<\/mark><\/h4>\n\n\n\n<p>Se\u00f1alar a su vez que el desarrollo de la <strong>competencia digital<\/strong> se ha introducido en todas las unidades did\u00e1cticas de la <strong>Ikastola<\/strong>. Las <strong>TIC se han puesto al servicio de la educaci\u00f3n<\/strong> y se han fortalecido los beneficios pedag\u00f3gicos.<\/p>\n\n\n\n<p>Adem\u00e1s de ello, la <strong>Ikastola cuenta con programas y planes dirigidos a alumnas y alumnos con necesidades espec\u00edficas y concretas<\/strong>. <strong>Orereta Ikastola<\/strong> ha empezado a recorrer en Primaria y Secundaria el camino del programa ONKI, programa de tutor\u00eda que tiene como objetivo el bienestar, la solidez interna y el desarrollo integral de la persona.<\/p>\n\n\n\n<p><strong>Orereta Ikastola <\/strong>tambi\u00e9n cuenta con un <strong>plan de tutor\u00eda elaborado y s\u00f3lido<\/strong> para poder ofrecer tanto al alumnado como a las familias un trato lo m\u00e1s personalizado posible.<\/p>\n\n\n\n<p>El hecho de que la<strong> Ikastola<\/strong> est\u00e9 ubicada en un entorno verde, en plena naturaleza, tambi\u00e9n ayuda a desarrollar las competencias fuera del aula, de aprender en y de la naturaleza. Las y los alumnos de Educaci\u00f3n Primaria disfrutan, sobre todo, de las zonas verdes que est\u00e1n alrededor de su edificio, <strong>del parque de juegos de suelo, de la huerta y de la escuela-bosque de la Ikastola<\/strong>.<\/p>\n\n\n<div class=\"ap_block bg-light-gray fullwidth\">\n\n  <div class=\"fullwidth fix-2-up bg-yellow\" style=\"background-image: url('');background-size: cover;background-blend-mode:soft-light;background-position:center center;\">\n    <div class=\"grid-x grid-margin-x fix-2-down\">\n      <div class=\"cell medium-6\">\n                      <h1 class=\"\">\n            <a class=\"museo-b cl-black\" href=\"https:\/\/oreretaikastola.eus\/es\/avances\/\">Avances<\/a>\n            <\/h1>\n\n            <h4 class=\"cl-black\">Si la educaci\u00f3n es una herramienta imprescindible para construir la sociedad actual y del futuro, la educaci\u00f3n debe responder a las necesidades de la sociedad actual y del futuro.<\/h4>\n                <\/div>\n\n      <div class=\"cell medium-6\">\n        <div class=\"ap_video\">\n          <iframe loading=\"lazy\" width=\"560\" height=\"315\" src=\"https:\/\/www.youtube.com\/embed\/NYbJoyXwJro\" title=\"YouTube video player\" frameborder=\"0\" allow=\"accelerometer; autoplay; clipboard-write; encrypted-media; gyroscope; picture-in-picture\" allowfullscreen><\/iframe>\n        <\/div>\n      <\/div>\n    <\/div>\n  <\/div>\n\n  <div class=\"grid-x ap_txt grid-margin-x large-up-3 fullwidth fix-2-both\">\n    <div class=\"cell\">\n      <h3>Un d\u00eda en LH<\/h3>\n\n      \n      \n    <\/div>\n\n    <div class=\"cell\">\n      <h3>Modelo de Persona<\/h3>\n\n              <img decoding=\"async\" src=\"\/app\/uploads\/2020\/11\/Orereta-Ikastola_perfil-de-salida-alumnado-1.png\" alt=\"\" \/>\n      \n      \n    <\/div>\n\n    <div class=\"cell\">\n      <h3>Informaci\u00f3n pr\u00e1ctica<\/h3>\n\n              <div\n        class=\"orbit\"\n        role=\"region\"\n        aria-label=\"\"\n        data-orbit\n        data-options=\"pauseOnHover:true; animInFromLeft:fade-in; animInFromRight:fade-in; animOutToLeft:fade-out; animOutToRight:fade-out;\"\n        data-auto-play=\"true\"\n        data-use-m-u-i=\"true\">\n          <div class=\"orbit-wrapper\">\n            <div class=\"orbit-controls\">\n              <button class=\"orbit-previous\"><span class=\"show-for-sr\">Previous Slide<\/span> &#9664;&#xFE0E;<\/button>\n              <button class=\"orbit-next\"><span class=\"show-for-sr\">Next Slide<\/span> &#9654;&#xFE0E;<\/button>\n            <\/div>\n            <ul class=\"orbit-container\">\n                              <li class=\"orbit-slide is-active\">\n                  <figure class=\"orbit-figure\">\n                    <img decoding=\"async\" class=\"orbit-image\" src=\"\/app\/uploads\/2025\/07\/Orereta-Ikastola-HH-LH-eskola-egutegia_25-26-eleb-1.jpg\" alt=\"Irudia\" \/>\n                  <\/figure>\n                <\/li>\n                          <\/ul>\n          <\/div>\n        <\/div>\n      \n              <ul class=\"no-bullet\">\n                      <li class=\"doc\">\n              <a href=\"\/app\/uploads\/2025\/07\/Orereta-Ikastola-HH-LH-eskola-egutegia_25-26-eleb-1.pdf\" target=\"_blank\">\n                <span>\n                  <img decoding=\"async\" src=\"\/app\/themes\/ikaswp\/dist\/images\/docwp.png\" width=\"13\" alt=\"\" \/>\n                <\/span>\n\n                <span class=\"doc-title\">Calendario escolar<\/span>\n              <\/a>\n            <\/li>\n                  <\/ul>\n      \n      <p><hr \/>\n<h6><strong>HORARIO<\/strong><\/h6>\n<hr \/>\n<h6>09:00-13:00 \/ 15:00-16:30<br \/>\nTxoko de custodia: 07:30-09:00. El servicio se ofrece tanto en A\u00f1abitarte como en Lino.<\/h6>\n<hr \/>\n<h6><strong>\u00bfQUIERES SER PARTE DE LA IKASTOLA?<\/strong><\/h6>\n<hr \/>\n<h6>Si te gustan el Modelo Ikastola y el proyecto de Orereta Ikastola, <a href=\"mailto:idazkaritza@oreretaikastola.eus\">ponte en contacto con nosotros<\/a> para informarte. Te adelantamos que el objetivo de Orereta Ikastola es estar a disposici\u00f3n de todo aquel o aquella que as\u00ed lo desee.<\/h6>\n<\/p>\n\n    <\/div>\n  <\/div>\n\n<\/div>\n\n\n<div class=\"post-block fullwidth\" data-equalizer=\"post-block\" data-equalize-on=\"medium\">\n      <h2 class=\"ikastitle\">\n      <a href=\"https:\/\/oreretaikastola.eus\/es\/noticias\/\">Noticias<\/a>\n    <\/h2>\n  \n  <div class=\"grid-x grid-margin-x large-up-4 medium-up-2\">\n          <div class=\"cell bg-light-gray post-wrapper\" data-equalizer-watch=\"post-block\">\n  <a class=\"post-title\" href=\"https:\/\/oreretaikastola.eus\/es\/2026\/01\/08\/matriculacion-2026-27-ven-a-la-ikastola\/\">\n    <div class=\"post-img\" style=\"background-image: url(\/app\/uploads\/2024\/01\/burukoa-orereta-1-1024x491.jpg)\">\n              <div class=\"post-category\" style=\"background-color: \">\n                    Ikastola\n        <\/div>\n          <\/div>\n  <\/a>\n\n  <div class=\"post-content\">\n    <label class=\"post-date\">2026-01-08<\/label>\n    <a class=\"post-title\" href=\"https:\/\/oreretaikastola.eus\/es\/2026\/01\/08\/matriculacion-2026-27-ven-a-la-ikastola\/\">\n      <h4>Matriculaci\u00f3n 2026-27: \u00a1ven a la Ikastola!<\/h4>\n    <\/a>\n  <\/div>\n<\/div>\n          <div class=\"cell bg-light-gray post-wrapper\" data-equalizer-watch=\"post-block\">\n  <a class=\"post-title\" href=\"https:\/\/oreretaikastola.eus\/es\/2025\/12\/17\/elkartasun-kutxa-el-tesoro-de-las-ikastolas-2026\/\">\n    <div class=\"post-img\" style=\"background-image: url(\/app\/uploads\/2025\/12\/Ikastolak-Elkartasun-kutxa-2026-1024x683.jpg)\">\n              <div class=\"post-category\" style=\"background-color: \">\n                    Ikastola\n        <\/div>\n          <\/div>\n  <\/a>\n\n  <div class=\"post-content\">\n    <label class=\"post-date\">2025-12-17<\/label>\n    <a class=\"post-title\" href=\"https:\/\/oreretaikastola.eus\/es\/2025\/12\/17\/elkartasun-kutxa-el-tesoro-de-las-ikastolas-2026\/\">\n      <h4>&quot;Elkartasun Kutxa&quot;, el tesoro de las Ikastolas<\/h4>\n    <\/a>\n  <\/div>\n<\/div>\n          <div class=\"cell bg-light-gray post-wrapper\" data-equalizer-watch=\"post-block\">\n  <a class=\"post-title\" href=\"https:\/\/oreretaikastola.eus\/es\/2025\/11\/26\/mari-domingiren-errepublika-magikoa-2025-del-6-al-22-de-diciembre\/\">\n    <div class=\"post-img\" style=\"background-image: url(\/app\/uploads\/2022\/11\/Mari-Domingiren-Errepublika-Magikoa-Orereta-Ikastola-1-1024x731.jpg)\">\n              <div class=\"post-category\" style=\"background-color: \">\n                    Ikastola\n        <\/div>\n          <\/div>\n  <\/a>\n\n  <div class=\"post-content\">\n    <label class=\"post-date\">2025-11-26<\/label>\n    <a class=\"post-title\" href=\"https:\/\/oreretaikastola.eus\/es\/2025\/11\/26\/mari-domingiren-errepublika-magikoa-2025-del-6-al-22-de-diciembre\/\">\n      <h4>Mari Domingiren Errepublika Magikoa, del 6 al 22 de diciembre<\/h4>\n    <\/a>\n  <\/div>\n<\/div>\n          <div class=\"cell bg-light-gray post-wrapper\" data-equalizer-watch=\"post-block\">\n  <a class=\"post-title\" href=\"https:\/\/oreretaikastola.eus\/es\/2025\/11\/20\/hemos-escrito-con-clarion-20-de-noviembre-dia-internacional-de-los-derechos-de-la-infancia\/\">\n    <div class=\"post-img\" style=\"background-image: url(\/app\/uploads\/2025\/11\/Klera-liburua-elkar-kukai.jpg)\">\n              <div class=\"post-category\" style=\"background-color: #e3a51a\">\n                    LH\n        <\/div>\n          <\/div>\n  <\/a>\n\n  <div class=\"post-content\">\n    <label class=\"post-date\">2025-11-20<\/label>\n    <a class=\"post-title\" href=\"https:\/\/oreretaikastola.eus\/es\/2025\/11\/20\/hemos-escrito-con-clarion-20-de-noviembre-dia-internacional-de-los-derechos-de-la-infancia\/\">\n      <h4>Hemos escrito con clari\u00f3n &quot;20 de noviembre: D\u00eda Internacional de los Derechos de la Infancia&quot;<\/h4>\n    <\/a>\n  <\/div>\n<\/div>\n      <\/div>\n<\/div>\n\n\n<div class=\"fullwidth\">\n  \n  <div class=\"grid-x grid-margin-x\">\n    <div class=\"cell large-3 medium-6 small-12 bg-pink hezkuntza-block\">\n      <a href=\"https:\/\/oreretaikastola.eus\/es\/pedagogia-transformadora\/educacion-infantil\/\">\n        <h2 class=\"cl-white\">HH<\/h2>\n        <h3 class=\"cl-white\">SENDOTUZ<\/h3>\n        <h4 class=\"cl-white\">AURRERA!<\/h4>\n      <\/a>\n    <\/div>\n\n    <div class=\"cell large-3 medium-6 small-12 bg-yellow hezkuntza-block\">\n      <a href=\"https:\/\/oreretaikastola.eus\/es\/pedagogia-transformadora\/educacion-primaria\/\">\n        <h2 class=\"cl-white\">LH<\/h2>\n        <h3 class=\"cl-white\">JABETUZ<\/h3>\n        <h4 class=\"cl-white\">AURRERA!<\/h4>\n      <\/a>\n    <\/div>\n\n    <div class=\"cell large-3 medium-6 small-12 bg-turkey hezkuntza-block\">\n      <a href=\"https:\/\/oreretaikastola.eus\/es\/pedagogia-transformadora\/educacion-secundaria-obligatoria\/\">\n        <h2 class=\"cl-white\">DBH<\/h2>\n        <h3 class=\"cl-white\">ERABAKIZ<\/h3>\n        <h4 class=\"cl-white\">AURRERA!<\/h4>\n      <\/a>\n    <\/div>\n\n    <div class=\"cell large-3 medium-6 small-12 bg-dark-blue hezkuntza-block\">\n      <a href=\"https:\/\/www.oiartzoikastola.eus\/es\/\" target=\"_blank\">\n        <h2 class=\"cl-white\">BATX<\/h2>\n        <h3 class=\"cl-white\">LORTUZ<\/h3>\n        <h4 class=\"cl-white\">AURRERA!<\/h4>\n      <\/a>\n    <\/div>\n\n  <\/div>\n<\/div>\n","protected":false},"excerpt":{"rendered":"<p>En Orereta Ikastola se trabaja bas\u00e1ndose en las competencias. Se ha dado el salto del paradigma del saber al paradigma del hacer, al paradigma de la pr\u00e1ctica. Porque la funci\u00f3n de la Ikastola no es s\u00f3lo ense\u00f1ar, sino preocuparse del desarrollo \u00edntegro de la persona. En la Ikastola se tiene en cuenta el aspecto f\u00edsico, &hellip; <a href=\"https:\/\/oreretaikastola.eus\/es\/pedagogia-transformadora\/educacion-primaria\/\">Continued<\/a><\/p>\n","protected":false},"author":2,"featured_media":0,"parent":2487,"menu_order":1,"comment_status":"closed","ping_status":"closed","template":"","meta":[],"acf":[],"_links":{"self":[{"href":"https:\/\/oreretaikastola.eus\/es\/wp-json\/wp\/v2\/pages\/2538"}],"collection":[{"href":"https:\/\/oreretaikastola.eus\/es\/wp-json\/wp\/v2\/pages"}],"about":[{"href":"https:\/\/oreretaikastola.eus\/es\/wp-json\/wp\/v2\/types\/page"}],"author":[{"embeddable":true,"href":"https:\/\/oreretaikastola.eus\/es\/wp-json\/wp\/v2\/users\/2"}],"replies":[{"embeddable":true,"href":"https:\/\/oreretaikastola.eus\/es\/wp-json\/wp\/v2\/comments?post=2538"}],"version-history":[{"count":76,"href":"https:\/\/oreretaikastola.eus\/es\/wp-json\/wp\/v2\/pages\/2538\/revisions"}],"predecessor-version":[{"id":77332,"href":"https:\/\/oreretaikastola.eus\/es\/wp-json\/wp\/v2\/pages\/2538\/revisions\/77332"}],"up":[{"embeddable":true,"href":"https:\/\/oreretaikastola.eus\/es\/wp-json\/wp\/v2\/pages\/2487"}],"wp:attachment":[{"href":"https:\/\/oreretaikastola.eus\/es\/wp-json\/wp\/v2\/media?parent=2538"}],"curies":[{"name":"wp","href":"https:\/\/api.w.org\/{rel}","templated":true}]}}