{"id":2530,"date":"2020-07-09T09:51:36","date_gmt":"2020-07-09T09:51:36","guid":{"rendered":"https:\/\/oreretaikastola.eus\/pedagogia-transformadora\/haur-hezkuntza\/"},"modified":"2025-09-04T14:23:34","modified_gmt":"2025-09-04T13:23:34","slug":"educacion-infantil","status":"publish","type":"page","link":"https:\/\/oreretaikastola.eus\/es\/pedagogia-transformadora\/educacion-infantil\/","title":{"rendered":"Educaci\u00f3n Infantil"},"content":{"rendered":"<div\nclass=\"orbit\"\nrole=\"region\"\naria-label=\"\"\ndata-orbit\ndata-options=\"pauseOnHover:false; animInFromLeft:fade-in; animInFromRight:fade-in; animOutToLeft:fade-out; animOutToRight:fade-out;\"\ndata-auto-play=\"true\"\ndata-use-m-u-i=\"true\"\n>\n\n  <div class=\"orbit-wrapper\">\n    <ul class=\"orbit-container slider-header fullwidth\">\n      <li class=\"is-active orbit-slide\" style=\"background-image:url(\/app\/uploads\/2020\/07\/ORERETA-IKASTOLA-ESMALTERIA-18-scaled.jpg);\">\n        <figcaption class=\"orbit-caption\">\n           <h1>Educaci\u00f3n Infantil (0-6 a\u00f1os)<\/h1>            <h4>S\u00f3lidos cimientos\u2026 para avanzar<\/h4>         <\/figcaption>\n      <\/li>\n    <\/ul>\n  <\/div>\n\n<\/div>\n\n\n\n<p><strong>Los primeros a\u00f1os son los m\u00e1s importantes en el desarrollo de la ni\u00f1a o ni\u00f1o. Esa es la mayor premisa de Orereta Ikastola<\/strong>. Es en esta etapa cuando las ni\u00f1as y ni\u00f1os comienzan a desarrollar sus capacidades mentales, su personalidad, sus facultades f\u00edsicas, y las bases tanto para la socializaci\u00f3n como para las relaciones humanas, entre otros factores. Tienen que construir cimientos s\u00f3lidos para poder edificar sobre ellos sus vidas, para poder avanzar.<\/p>\n\n\n\n<figure class=\"wp-block-gallery has-nested-images columns-default is-cropped wp-block-gallery-1 is-layout-flex wp-block-gallery-is-layout-flex\">\n<figure data-tanit-img-width=\"2560\" data-tanit-img-height=\"1707\" class=\"wp-block-image size-large\"><img decoding=\"async\" loading=\"lazy\" width=\"1024\" height=\"683\" data-id=\"253\" src=\"\/app\/uploads\/2020\/07\/ORERETA-IKASTOLA-ESMALTERIA-4-1024x683.jpg\" alt=\"\" class=\"wp-image-253\" srcset=\"\/app\/uploads\/2020\/07\/ORERETA-IKASTOLA-ESMALTERIA-4-1024x683.jpg 1024w, \/app\/uploads\/2020\/07\/ORERETA-IKASTOLA-ESMALTERIA-4-300x200.jpg 300w, \/app\/uploads\/2020\/07\/ORERETA-IKASTOLA-ESMALTERIA-4-768x512.jpg 768w, \/app\/uploads\/2020\/07\/ORERETA-IKASTOLA-ESMALTERIA-4-1536x1024.jpg 1536w, \/app\/uploads\/2020\/07\/ORERETA-IKASTOLA-ESMALTERIA-4-2048x1365.jpg 2048w, \/app\/uploads\/2020\/07\/ORERETA-IKASTOLA-ESMALTERIA-4-1568x1045.jpg 1568w\" sizes=\"(max-width: 1024px) 100vw, 1024px\" \/><\/figure>\n\n\n\n<figure data-tanit-img-width=\"2560\" data-tanit-img-height=\"1707\" class=\"wp-block-image size-large\"><img decoding=\"async\" loading=\"lazy\" width=\"1024\" height=\"683\" data-id=\"260\" src=\"\/app\/uploads\/2020\/07\/ORERETA-IKASTOLA-ESMALTERIA-11-1024x683.jpg\" alt=\"\" class=\"wp-image-260\" srcset=\"\/app\/uploads\/2020\/07\/ORERETA-IKASTOLA-ESMALTERIA-11-1024x683.jpg 1024w, \/app\/uploads\/2020\/07\/ORERETA-IKASTOLA-ESMALTERIA-11-300x200.jpg 300w, \/app\/uploads\/2020\/07\/ORERETA-IKASTOLA-ESMALTERIA-11-768x512.jpg 768w, \/app\/uploads\/2020\/07\/ORERETA-IKASTOLA-ESMALTERIA-11-1536x1024.jpg 1536w, \/app\/uploads\/2020\/07\/ORERETA-IKASTOLA-ESMALTERIA-11-2048x1365.jpg 2048w, \/app\/uploads\/2020\/07\/ORERETA-IKASTOLA-ESMALTERIA-11-1568x1045.jpg 1568w\" sizes=\"(max-width: 1024px) 100vw, 1024px\" \/><\/figure>\n\n\n\n<figure data-tanit-img-width=\"2560\" data-tanit-img-height=\"1707\" class=\"wp-block-image size-large\"><img decoding=\"async\" loading=\"lazy\" width=\"1024\" height=\"683\" data-id=\"259\" src=\"\/app\/uploads\/2020\/07\/ORERETA-IKASTOLA-ESMALTERIA-10-1024x683.jpg\" alt=\"\" class=\"wp-image-259\" srcset=\"\/app\/uploads\/2020\/07\/ORERETA-IKASTOLA-ESMALTERIA-10-1024x683.jpg 1024w, \/app\/uploads\/2020\/07\/ORERETA-IKASTOLA-ESMALTERIA-10-300x200.jpg 300w, \/app\/uploads\/2020\/07\/ORERETA-IKASTOLA-ESMALTERIA-10-768x512.jpg 768w, \/app\/uploads\/2020\/07\/ORERETA-IKASTOLA-ESMALTERIA-10-1536x1024.jpg 1536w, \/app\/uploads\/2020\/07\/ORERETA-IKASTOLA-ESMALTERIA-10-2048x1365.jpg 2048w, \/app\/uploads\/2020\/07\/ORERETA-IKASTOLA-ESMALTERIA-10-1568x1045.jpg 1568w\" sizes=\"(max-width: 1024px) 100vw, 1024px\" \/><\/figure>\n\n\n\n<figure data-tanit-img-width=\"2560\" data-tanit-img-height=\"1707\" class=\"wp-block-image size-large\"><img decoding=\"async\" loading=\"lazy\" width=\"1024\" height=\"683\" data-id=\"256\" src=\"\/app\/uploads\/2020\/07\/ORERETA-IKASTOLA-ESMALTERIA-7-1024x683.jpg\" alt=\"\" class=\"wp-image-256\" srcset=\"\/app\/uploads\/2020\/07\/ORERETA-IKASTOLA-ESMALTERIA-7-1024x683.jpg 1024w, \/app\/uploads\/2020\/07\/ORERETA-IKASTOLA-ESMALTERIA-7-300x200.jpg 300w, \/app\/uploads\/2020\/07\/ORERETA-IKASTOLA-ESMALTERIA-7-768x512.jpg 768w, \/app\/uploads\/2020\/07\/ORERETA-IKASTOLA-ESMALTERIA-7-1536x1024.jpg 1536w, \/app\/uploads\/2020\/07\/ORERETA-IKASTOLA-ESMALTERIA-7-2048x1365.jpg 2048w, \/app\/uploads\/2020\/07\/ORERETA-IKASTOLA-ESMALTERIA-7-1568x1045.jpg 1568w\" sizes=\"(max-width: 1024px) 100vw, 1024px\" \/><\/figure>\n<\/figure>\n\n\n\n<p><strong>Orereta Ikastola ofrece tanto servicio de escuela infantil como aulas de Educaci\u00f3n Infantil a partir de dos a\u00f1os<\/strong>. En ambos se trabaja partiendo de las necesidades, los deseos, los gustos y la curiosidad del alumnado. Al fin y al cabo, <strong>partiendo del instinto y del ritmo del menor: ellas y ellos son los protagonistas de su viaje, la Ikastola es su compa\u00f1era de viaje<\/strong>. Tomando como punto de partida la pedagog\u00eda de la confianza y la integraci\u00f3n, y considerando tambi\u00e9n otras corrientes educativas, el objetivo de<strong> Orereta Ikastola<\/strong> es situar a la ni\u00f1a o ni\u00f1o en el centro del proyecto y del proceso.<\/p>\n\n\n\n<h4 class=\"wp-block-heading has-text-color\" style=\"color:#a91836\">\u00ab<strong>Los primeros a\u00f1os son los m\u00e1s importantes en el desarrollo de la ni\u00f1a o ni\u00f1o. Esa es la mayor premisa de Orereta Ikastola<\/strong>.\u00bb<\/h4>\n\n\n\n<p>Adem\u00e1s de la formaci\u00f3n continua de las y los profesionales, los espacios tambi\u00e9n est\u00e1n preparados para responder a ese reto: <strong>para la circulaci\u00f3n libre, para desarrollar relaciones, para fomentar la autonom\u00eda, para abrir camino a lo que dicta el instinto de cada ni\u00f1a o ni\u00f1o\u2026 Los espacios de la Ikastola est\u00e1n totalmente renovados y\/o adaptados<\/strong>. <strong>La Ikastola es el primer centro educativo en dar ese paso en Orereta-Errenteria.<\/strong><\/p>\n\n\n\n<figure class=\"wp-block-embed is-type-video is-provider-youtube wp-block-embed-youtube wp-embed-aspect-16-9 wp-has-aspect-ratio\"><div class=\"wp-block-embed__wrapper\">\n<div class=\"youtube-embed responsive-embed widescreen\"><iframe loading=\"lazy\" title=\"Egun bat HHn\" width=\"500\" height=\"281\" src=\"https:\/\/www.youtube.com\/embed\/p8atLW7a8e8?feature=oembed\" frameborder=\"0\" allow=\"accelerometer; autoplay; clipboard-write; encrypted-media; gyroscope; picture-in-picture; web-share\" referrerpolicy=\"strict-origin-when-cross-origin\" allowfullscreen><\/iframe><\/div>\n<\/div><\/figure>\n\n\n\n<figure class=\"wp-block-embed is-type-video is-provider-youtube wp-block-embed-youtube wp-embed-aspect-16-9 wp-has-aspect-ratio\"><div class=\"wp-block-embed__wrapper\">\n<div class=\"youtube-embed responsive-embed widescreen\"><iframe loading=\"lazy\" title=\"Esmalteria (HH2-HH3): tour birtuala\" width=\"500\" height=\"281\" src=\"https:\/\/www.youtube.com\/embed\/vSEfoj9cZvg?feature=oembed\" frameborder=\"0\" allow=\"accelerometer; autoplay; clipboard-write; encrypted-media; gyroscope; picture-in-picture; web-share\" referrerpolicy=\"strict-origin-when-cross-origin\" allowfullscreen><\/iframe><\/div>\n<\/div><\/figure>\n\n\n\n<figure class=\"wp-block-embed is-type-video is-provider-youtube wp-block-embed-youtube wp-embed-aspect-16-9 wp-has-aspect-ratio\"><div class=\"wp-block-embed__wrapper\">\n<div class=\"youtube-embed responsive-embed widescreen\"><iframe loading=\"lazy\" title=\"Lino Berria (HH4-HH5): tour birtuala\" width=\"500\" height=\"281\" src=\"https:\/\/www.youtube.com\/embed\/lYBVW6E1fAM?feature=oembed\" frameborder=\"0\" allow=\"accelerometer; autoplay; clipboard-write; encrypted-media; gyroscope; picture-in-picture; web-share\" referrerpolicy=\"strict-origin-when-cross-origin\" allowfullscreen><\/iframe><\/div>\n<\/div><\/figure>\n\n\n\n<p><strong>Orereta Ikastola ofrece un horario de entrada flexible<\/strong> en Educaci\u00f3n Infantil, al objeto de respetar m\u00e1s los ritmos y las necesidades de los menores y de las familias. En ese sentido, la Ikastola tambi\u00e9n cuenta con un <strong><a href=\"https:\/\/oreretaikastola.eus\/es\/avances\/\">plan de tutor\u00eda elaborado y s\u00f3lido<\/a><\/strong> para poder ofrecer tanto al alumnado como a las familias un trato lo m\u00e1s personalizado posible.<\/p>\n\n\n\n<h4 class=\"wp-block-heading has-text-color\" style=\"color:#a91836\"><strong>\u00ab<span style=\"color:#a91836\" class=\"has-inline-color\">Las y los ni\u00f1os son los protagonistas de su viaje, la Ikastola es su compa\u00f1era de viaje. Los espacios tambi\u00e9n est\u00e1n renovados o adaptados para afrontar ese reto.\u00bb <\/span><\/strong><\/h4>\n\n\n\n<p>El hecho de que la<strong> Ikastola<\/strong> est\u00e9 ubicada en un entorno verde, en plena naturaleza, tambi\u00e9n ayuda a desarrollar las competencias fuera del aula, de aprender en y de la naturaleza. Las y los alumnos m\u00e1s mayores de Educaci\u00f3n Infantil tambi\u00e9n acuden a A\u00f1abitarte, sobre todo, a la <a href=\"https:\/\/oreretaikastola.eus\/es\/avances\/\"><strong>escuela-bosque de la Ikastola<\/strong>.<\/a><\/p>\n\n\n<div class=\"ap_block bg-light-gray fullwidth\">\n\n  <div class=\"fullwidth fix-2-up bg-pink\" style=\"background-image: url('');background-size: cover;background-blend-mode:soft-light;background-position:center center;\">\n    <div class=\"grid-x grid-margin-x fix-2-down\">\n      <div class=\"cell medium-6\">\n                      <h1 class=\"\">\n            <a class=\"museo-b cl-white\" href=\"https:\/\/oreretaikastola.eus\/es\/avances\/\">Avances<\/a>\n            <\/h1>\n\n            <h4 class=\"cl-white\">Si la educaci\u00f3n es una herramienta imprescindible para construir la sociedad actual y del futuro, la educaci\u00f3n debe responder a las necesidades de la sociedad actual y del futuro.<\/h4>\n                <\/div>\n\n      <div class=\"cell medium-6\">\n        <div class=\"ap_video\">\n          <iframe loading=\"lazy\" width=\"560\" height=\"315\" src=\"https:\/\/www.youtube.com\/embed\/p8atLW7a8e8?si=0xeysO8gmceyC3cv\" title=\"YouTube video player\" frameborder=\"0\" allow=\"accelerometer; autoplay; clipboard-write; encrypted-media; gyroscope; picture-in-picture; web-share\" referrerpolicy=\"strict-origin-when-cross-origin\" allowfullscreen><\/iframe>\n        <\/div>\n      <\/div>\n    <\/div>\n  <\/div>\n\n  <div class=\"grid-x ap_txt grid-margin-x large-up-3 fullwidth fix-2-both\">\n    <div class=\"cell\">\n      <h3>Un d\u00eda en HH<\/h3>\n\n              <div\n        class=\"orbit\"\n        role=\"region\"\n        aria-label=\"\"\n        data-orbit\n        data-options=\"pauseOnHover:false; animInFromLeft:fade-in; animInFromRight:fade-in; animOutToLeft:fade-out; animOutToRight:fade-out;\"\n        data-use-m-u-i=\"true\">\n        <div class=\"orbit-controls\">\n          <button class=\"orbit-previous\"><span class=\"show-for-sr\">Previous Slide<\/span> &#9664;&#xFE0E;<\/button>\n          <button class=\"orbit-next\"><span class=\"show-for-sr\">Next Slide<\/span> &#9654;&#xFE0E;<\/button>\n        <\/div>\n        <ul class=\"orbit-container\">\n                      <li class=\"orbit-slide is-active\">\n              <figure class=\"orbit-figure\">\n                <img decoding=\"async\" class=\"orbit-image\" src=\"\/app\/uploads\/2020\/07\/ORERETA-IKASTOLA-ESMALTERIA-18-scaled.jpg\" alt=\"Irudia\">\n              <\/figure>\n            <\/li>\n                      <li class=\"orbit-slide is-active\">\n              <figure class=\"orbit-figure\">\n                <img decoding=\"async\" class=\"orbit-image\" src=\"\/app\/uploads\/2020\/07\/ORERETA-IKASTOLA-ESMALTERIA-11-scaled.jpg\" alt=\"Irudia\">\n              <\/figure>\n            <\/li>\n                      <li class=\"orbit-slide is-active\">\n              <figure class=\"orbit-figure\">\n                <img decoding=\"async\" class=\"orbit-image\" src=\"\/app\/uploads\/2020\/07\/ORERETA-IKASTOLA-ESMALTERIA-13-scaled.jpg\" alt=\"Irudia\">\n              <\/figure>\n            <\/li>\n                      <li class=\"orbit-slide is-active\">\n              <figure class=\"orbit-figure\">\n                <img decoding=\"async\" class=\"orbit-image\" src=\"\/app\/uploads\/2020\/07\/ORERETA-IKASTOLA-ESMALTERIA-14-scaled.jpg\" alt=\"Irudia\">\n              <\/figure>\n            <\/li>\n                      <li class=\"orbit-slide is-active\">\n              <figure class=\"orbit-figure\">\n                <img decoding=\"async\" class=\"orbit-image\" src=\"\/app\/uploads\/2020\/07\/ORERETA-IKASTOLA-ESMALTERIA-10-scaled.jpg\" alt=\"Irudia\">\n              <\/figure>\n            <\/li>\n                      <li class=\"orbit-slide is-active\">\n              <figure class=\"orbit-figure\">\n                <img decoding=\"async\" class=\"orbit-image\" src=\"\/app\/uploads\/2020\/07\/ORERETA-IKASTOLA-ESMALTERIA-8-scaled.jpg\" alt=\"Irudia\">\n              <\/figure>\n            <\/li>\n                      <li class=\"orbit-slide is-active\">\n              <figure class=\"orbit-figure\">\n                <img decoding=\"async\" class=\"orbit-image\" src=\"\/app\/uploads\/2020\/07\/ORERETA-IKASTOLA-ESMALTERIA-4-scaled.jpg\" alt=\"Irudia\">\n              <\/figure>\n            <\/li>\n                      <li class=\"orbit-slide is-active\">\n              <figure class=\"orbit-figure\">\n                <img decoding=\"async\" class=\"orbit-image\" src=\"\/app\/uploads\/2020\/07\/ORERETA-IKASTOLA-ESMALTERIA-1-scaled.jpg\" alt=\"Irudia\">\n              <\/figure>\n            <\/li>\n                      <li class=\"orbit-slide is-active\">\n              <figure class=\"orbit-figure\">\n                <img decoding=\"async\" class=\"orbit-image\" src=\"\/app\/uploads\/2020\/07\/ORERETA-IKASTOLA-ESMALTERIA-15-scaled.jpg\" alt=\"Irudia\">\n              <\/figure>\n            <\/li>\n                      <li class=\"orbit-slide is-active\">\n              <figure class=\"orbit-figure\">\n                <img decoding=\"async\" class=\"orbit-image\" src=\"\/app\/uploads\/2020\/07\/ORERETA-IKASTOLA-ESMALTERIA-17-scaled.jpg\" alt=\"Irudia\">\n              <\/figure>\n            <\/li>\n                  <\/ul>\n      <\/div>\n      \n      \n    <\/div>\n\n    <div class=\"cell\">\n      <h3>Modelo de Persona<\/h3>\n\n              <img decoding=\"async\" src=\"\/app\/uploads\/2020\/11\/Orereta-Ikastola_perfil-de-salida-alumnado-1.png\" alt=\"\" \/>\n      \n      \n    <\/div>\n\n    <div class=\"cell\">\n      <h3>Informaci\u00f3n pr\u00e1ctica<\/h3>\n\n              <div\n        class=\"orbit\"\n        role=\"region\"\n        aria-label=\"\"\n        data-orbit\n        data-options=\"pauseOnHover:true; animInFromLeft:fade-in; animInFromRight:fade-in; animOutToLeft:fade-out; animOutToRight:fade-out;\"\n        data-auto-play=\"true\"\n        data-use-m-u-i=\"true\">\n          <div class=\"orbit-wrapper\">\n            <div class=\"orbit-controls\">\n              <button class=\"orbit-previous\"><span class=\"show-for-sr\">Previous Slide<\/span> &#9664;&#xFE0E;<\/button>\n              <button class=\"orbit-next\"><span class=\"show-for-sr\">Next Slide<\/span> &#9654;&#xFE0E;<\/button>\n            <\/div>\n            <ul class=\"orbit-container\">\n                              <li class=\"orbit-slide is-active\">\n                  <figure class=\"orbit-figure\">\n                    <img decoding=\"async\" class=\"orbit-image\" src=\"\/app\/uploads\/2025\/07\/Orereta-Ikastola-haur-eskola-eskola-egutegia_25-26-eleb-1.jpg\" alt=\"Irudia\" \/>\n                  <\/figure>\n                <\/li>\n                              <li class=\"orbit-slide is-active\">\n                  <figure class=\"orbit-figure\">\n                    <img decoding=\"async\" class=\"orbit-image\" src=\"\/app\/uploads\/2025\/07\/Orereta-Ikastola-HH-LH-eskola-egutegia_25-26-eleb-1.jpg\" alt=\"Irudia\" \/>\n                  <\/figure>\n                <\/li>\n                          <\/ul>\n          <\/div>\n        <\/div>\n      \n              <ul class=\"no-bullet\">\n                      <li class=\"doc\">\n              <a href=\"\/app\/uploads\/2025\/07\/Orereta-Ikastola-haur-eskola-eskola-egutegia_25-26-eleb-1.pdf\" target=\"_blank\">\n                <span>\n                  <img decoding=\"async\" src=\"\/app\/themes\/ikaswp\/dist\/images\/docwp.png\" width=\"13\" alt=\"\" \/>\n                <\/span>\n\n                <span class=\"doc-title\">Calendario (Haur Eskola)<\/span>\n              <\/a>\n            <\/li>\n                      <li class=\"doc\">\n              <a href=\"\/app\/uploads\/2025\/07\/Orereta-Ikastola-HH-LH-eskola-egutegia_25-26-eleb-1.pdf\" target=\"_blank\">\n                <span>\n                  <img decoding=\"async\" src=\"\/app\/themes\/ikaswp\/dist\/images\/docwp.png\" width=\"13\" alt=\"\" \/>\n                <\/span>\n\n                <span class=\"doc-title\">Calendario (HH)<\/span>\n              <\/a>\n            <\/li>\n                  <\/ul>\n      \n      <p><hr \/>\n<h6><strong>HORARIO<\/strong><\/h6>\n<hr \/>\n<h6>HAUR ESKOLA<\/h6>\n<h6 style=\"padding-left: 40px;\">\u00b7 Hora de entrada: ma\u00f1ana &gt; 07:30-09:00 \/\/ antes de comer: 11:00 \/\/ despu\u00e9s de comer: 12:30<br \/>\n\u00b7 Hora de salida: antes de comer: 11:30 \/\/ despu\u00e9s de comer: 13:00-13:15 \/\/ Despu\u00e9s de la siesta: 14:30-15:30 \/\/ Despu\u00e9s de la merienda: 16:15-17:00<\/h6>\n<h6>HH<\/h6>\n<h6 style=\"padding-left: 40px;\">\u00b7 Esmalteria (HH2 y HH3): 09:00-12:15 \/ 14:45-16:30<br \/>\n\u00b7 Lino (HH4 y HH5): 09:00-12:30 \/ 14:45-16:15<\/h6>\n<h6 style=\"padding-left: 40px;\">\u00b7 Txoko de custodia: 07:30-09:00<br \/>\n\u00b7 Entrada flexible: 09:00-09:30 y 14:45-15:00<br \/>\n\u00b7 A las y los ni\u00f1os de HH2 se les puede recoger despu\u00e9s de comer (13:45-14:00) o tras la siesta (15:15-16:30). Al alumnado de HH3, despu\u00e9s de comer (14:30-15:00).<\/h6>\n<hr \/>\n<h6><strong>\u00bfQUIERES SER PARTE DE LA IKASTOLA?<\/strong><\/h6>\n<hr \/>\n<h6>Si te gustan el Modelo Ikastola y el proyecto de Orereta Ikastola, <a href=\"mailto:idazkaritza@oreretaikastola.eus\">ponte en contacto con nosotros<\/a> para informarte. Te adelantamos que el objetivo de Orereta Ikastola es estar a disposici\u00f3n de todo aquel o aquella que as\u00ed lo desee.<\/h6>\n<\/p>\n\n    <\/div>\n  <\/div>\n\n<\/div>\n\n\n\n<p><\/p>\n\n\n<div class=\"post-block fullwidth\" data-equalizer=\"post-block\" data-equalize-on=\"medium\">\n      <h2 class=\"ikastitle\">\n      <a href=\"https:\/\/oreretaikastola.eus\/es\/noticias\/\">Noticias<\/a>\n    <\/h2>\n  \n  <div class=\"grid-x grid-margin-x large-up-4 medium-up-2\">\n          <div class=\"cell bg-light-gray post-wrapper\" data-equalizer-watch=\"post-block\">\n  <a class=\"post-title\" href=\"https:\/\/oreretaikastola.eus\/es\/2026\/01\/08\/matriculacion-2026-27-ven-a-la-ikastola\/\">\n    <div class=\"post-img\" style=\"background-image: url(\/app\/uploads\/2024\/01\/burukoa-orereta-1-1024x491.jpg)\">\n              <div class=\"post-category\" style=\"background-color: \">\n                    Ikastola\n        <\/div>\n          <\/div>\n  <\/a>\n\n  <div class=\"post-content\">\n    <label class=\"post-date\">2026-01-08<\/label>\n    <a class=\"post-title\" href=\"https:\/\/oreretaikastola.eus\/es\/2026\/01\/08\/matriculacion-2026-27-ven-a-la-ikastola\/\">\n      <h4>Matriculaci\u00f3n 2026-27: \u00a1ven a la Ikastola!<\/h4>\n    <\/a>\n  <\/div>\n<\/div>\n          <div class=\"cell bg-light-gray post-wrapper\" data-equalizer-watch=\"post-block\">\n  <a class=\"post-title\" href=\"https:\/\/oreretaikastola.eus\/es\/2025\/12\/17\/elkartasun-kutxa-el-tesoro-de-las-ikastolas-2026\/\">\n    <div class=\"post-img\" style=\"background-image: url(\/app\/uploads\/2025\/12\/Ikastolak-Elkartasun-kutxa-2026-1024x683.jpg)\">\n              <div class=\"post-category\" style=\"background-color: \">\n                    Ikastola\n        <\/div>\n          <\/div>\n  <\/a>\n\n  <div class=\"post-content\">\n    <label class=\"post-date\">2025-12-17<\/label>\n    <a class=\"post-title\" href=\"https:\/\/oreretaikastola.eus\/es\/2025\/12\/17\/elkartasun-kutxa-el-tesoro-de-las-ikastolas-2026\/\">\n      <h4>&quot;Elkartasun Kutxa&quot;, el tesoro de las Ikastolas<\/h4>\n    <\/a>\n  <\/div>\n<\/div>\n          <div class=\"cell bg-light-gray post-wrapper\" data-equalizer-watch=\"post-block\">\n  <a class=\"post-title\" href=\"https:\/\/oreretaikastola.eus\/es\/2025\/11\/26\/mari-domingiren-errepublika-magikoa-2025-del-6-al-22-de-diciembre\/\">\n    <div class=\"post-img\" style=\"background-image: url(\/app\/uploads\/2022\/11\/Mari-Domingiren-Errepublika-Magikoa-Orereta-Ikastola-1-1024x731.jpg)\">\n              <div class=\"post-category\" style=\"background-color: \">\n                    Ikastola\n        <\/div>\n          <\/div>\n  <\/a>\n\n  <div class=\"post-content\">\n    <label class=\"post-date\">2025-11-26<\/label>\n    <a class=\"post-title\" href=\"https:\/\/oreretaikastola.eus\/es\/2025\/11\/26\/mari-domingiren-errepublika-magikoa-2025-del-6-al-22-de-diciembre\/\">\n      <h4>Mari Domingiren Errepublika Magikoa, del 6 al 22 de diciembre<\/h4>\n    <\/a>\n  <\/div>\n<\/div>\n          <div class=\"cell bg-light-gray post-wrapper\" data-equalizer-watch=\"post-block\">\n  <a class=\"post-title\" href=\"https:\/\/oreretaikastola.eus\/es\/2025\/11\/19\/negulekuak-del-22-de-diciembre-al-2-de-enero\/\">\n    <div class=\"post-img\" style=\"background-image: url(\/app\/uploads\/2022\/11\/Negulekuak-2022-1.jpg)\">\n              <div class=\"post-category\" style=\"background-color: \">\n                    Ikastola\n        <\/div>\n          <\/div>\n  <\/a>\n\n  <div class=\"post-content\">\n    <label class=\"post-date\">2025-11-19<\/label>\n    <a class=\"post-title\" href=\"https:\/\/oreretaikastola.eus\/es\/2025\/11\/19\/negulekuak-del-22-de-diciembre-al-2-de-enero\/\">\n      <h4>Negulekuak, del 22 de diciembre al 2 de enero<\/h4>\n    <\/a>\n  <\/div>\n<\/div>\n      <\/div>\n<\/div>\n\n\n<div class=\"fullwidth\">\n  \n  <div class=\"grid-x grid-margin-x\">\n    <div class=\"cell large-3 medium-6 small-12 bg-pink hezkuntza-block\">\n      <a href=\"https:\/\/oreretaikastola.eus\/es\/pedagogia-transformadora\/educacion-infantil\/\">\n        <h2 class=\"cl-white\">HH<\/h2>\n        <h3 class=\"cl-white\">SENDOTUZ<\/h3>\n        <h4 class=\"cl-white\">AURRERA!<\/h4>\n      <\/a>\n    <\/div>\n\n    <div class=\"cell large-3 medium-6 small-12 bg-yellow hezkuntza-block\">\n      <a href=\"https:\/\/oreretaikastola.eus\/es\/pedagogia-transformadora\/educacion-primaria\/\">\n        <h2 class=\"cl-white\">LH<\/h2>\n        <h3 class=\"cl-white\">JABETUZ<\/h3>\n        <h4 class=\"cl-white\">AURRERA!<\/h4>\n      <\/a>\n    <\/div>\n\n    <div class=\"cell large-3 medium-6 small-12 bg-turkey hezkuntza-block\">\n      <a href=\"https:\/\/oreretaikastola.eus\/es\/pedagogia-transformadora\/educacion-secundaria-obligatoria\/\">\n        <h2 class=\"cl-white\">DBH<\/h2>\n        <h3 class=\"cl-white\">ERABAKIZ<\/h3>\n        <h4 class=\"cl-white\">AURRERA!<\/h4>\n      <\/a>\n    <\/div>\n\n    <div class=\"cell large-3 medium-6 small-12 bg-dark-blue hezkuntza-block\">\n      <a href=\"https:\/\/www.oiartzoikastola.eus\/es\/\" target=\"_blank\">\n        <h2 class=\"cl-white\">BATX<\/h2>\n        <h3 class=\"cl-white\">LORTUZ<\/h3>\n        <h4 class=\"cl-white\">AURRERA!<\/h4>\n      <\/a>\n    <\/div>\n\n  <\/div>\n<\/div>\n","protected":false},"excerpt":{"rendered":"<p>Los primeros a\u00f1os son los m\u00e1s importantes en el desarrollo de la ni\u00f1a o ni\u00f1o. Esa es la mayor premisa de Orereta Ikastola. Es en esta etapa cuando las ni\u00f1as y ni\u00f1os comienzan a desarrollar sus capacidades mentales, su personalidad, sus facultades f\u00edsicas, y las bases tanto para la socializaci\u00f3n como para las relaciones humanas, &hellip; <a href=\"https:\/\/oreretaikastola.eus\/es\/pedagogia-transformadora\/educacion-infantil\/\">Continued<\/a><\/p>\n","protected":false},"author":1,"featured_media":0,"parent":2487,"menu_order":0,"comment_status":"closed","ping_status":"closed","template":"","meta":[],"acf":[],"_links":{"self":[{"href":"https:\/\/oreretaikastola.eus\/es\/wp-json\/wp\/v2\/pages\/2530"}],"collection":[{"href":"https:\/\/oreretaikastola.eus\/es\/wp-json\/wp\/v2\/pages"}],"about":[{"href":"https:\/\/oreretaikastola.eus\/es\/wp-json\/wp\/v2\/types\/page"}],"author":[{"embeddable":true,"href":"https:\/\/oreretaikastola.eus\/es\/wp-json\/wp\/v2\/users\/1"}],"replies":[{"embeddable":true,"href":"https:\/\/oreretaikastola.eus\/es\/wp-json\/wp\/v2\/comments?post=2530"}],"version-history":[{"count":139,"href":"https:\/\/oreretaikastola.eus\/es\/wp-json\/wp\/v2\/pages\/2530\/revisions"}],"predecessor-version":[{"id":74443,"href":"https:\/\/oreretaikastola.eus\/es\/wp-json\/wp\/v2\/pages\/2530\/revisions\/74443"}],"up":[{"embeddable":true,"href":"https:\/\/oreretaikastola.eus\/es\/wp-json\/wp\/v2\/pages\/2487"}],"wp:attachment":[{"href":"https:\/\/oreretaikastola.eus\/es\/wp-json\/wp\/v2\/media?parent=2530"}],"curies":[{"name":"wp","href":"https:\/\/api.w.org\/{rel}","templated":true}]}}