{"id":2522,"date":"2020-10-22T13:58:11","date_gmt":"2020-10-22T13:58:11","guid":{"rendered":"https:\/\/oreretaikastola.eus\/ekimen-herritarrak\/"},"modified":"2025-10-28T10:16:02","modified_gmt":"2025-10-28T09:16:02","slug":"iniciativas-populares","status":"publish","type":"page","link":"https:\/\/oreretaikastola.eus\/es\/iniciativas-populares\/","title":{"rendered":"Iniciativas populares"},"content":{"rendered":"<div\nclass=\"orbit\"\nrole=\"region\"\naria-label=\"\"\ndata-orbit\ndata-options=\"pauseOnHover:false; animInFromLeft:fade-in; animInFromRight:fade-in; animOutToLeft:fade-out; animOutToRight:fade-out;\"\ndata-auto-play=\"true\"\ndata-use-m-u-i=\"true\"\n>\n\n  <div class=\"orbit-wrapper\">\n    <ul class=\"orbit-container slider-header fullwidth\">\n      <li class=\"is-active orbit-slide\" style=\"background-image:url(\/app\/uploads\/2023\/11\/Orereta-Ikastola-Gau-Beltza2023-36-scaled.jpg);\">\n        <figcaption class=\"orbit-caption\">\n           <h1>Iniciativas populares<\/h1>            <h4>Quien ha nacido del pueblo debe aportar al pueblo<\/h4>         <\/figcaption>\n      <\/li>\n    <\/ul>\n  <\/div>\n\n<\/div>\n\n\n<div class=\"grid-x grid-margin-x fix-4-down\">\n  <div class=\"cell medium-3 sticky-container show-for-medium\" data-sticky-container>\n    <div class=\"sticky\" data-sticky data-anchor=\"vertical-content\" data-check-every=\"1\" data-resize data-margin-top=\"6\">\n      <ul class=\"menu vertical text-left\" data-offset=\"130\" data-smooth-scroll>\n                  <li class=\"\">\n            <a class=\"v-content-menu-link\" href=\"#0\">Zubiak Eraikiz<\/a>\n          <\/li>\n                  <li class=\"\">\n            <a class=\"v-content-menu-link\" href=\"#1\">Fiesta de bienvenida al curso<\/a>\n          <\/li>\n                  <li class=\"\">\n            <a class=\"v-content-menu-link\" href=\"#2\">Esmalteriako Ostiralak<\/a>\n          <\/li>\n                  <li class=\"\">\n            <a class=\"v-content-menu-link\" href=\"#3\">Gau Beltza<\/a>\n          <\/li>\n                  <li class=\"\">\n            <a class=\"v-content-menu-link\" href=\"#4\">Semana del Euskera<\/a>\n          <\/li>\n                  <li class=\"\">\n            <a class=\"v-content-menu-link\" href=\"#5\">Mari Domingiren Errepublika Magikoa<\/a>\n          <\/li>\n                  <li class=\"\">\n            <a class=\"v-content-menu-link\" href=\"#6\">Kalejira navide\u00f1a<\/a>\n          <\/li>\n                  <li class=\"\">\n            <a class=\"v-content-menu-link\" href=\"#7\">Semana de la Educaci\u00f3n<\/a>\n          <\/li>\n                  <li class=\"\">\n            <a class=\"v-content-menu-link\" href=\"#8\">Carnaval<\/a>\n          <\/li>\n                  <li class=\"\">\n            <a class=\"v-content-menu-link\" href=\"#9\">MoreretaON<\/a>\n          <\/li>\n                  <li class=\"\">\n            <a class=\"v-content-menu-link\" href=\"#10\">Ikastola Eguna<\/a>\n          <\/li>\n                  <li class=\"\">\n            <a class=\"v-content-menu-link\" href=\"#11\">Colonias<\/a>\n          <\/li>\n                  <li class=\"\">\n            <a class=\"v-content-menu-link\" href=\"#12\">Erriola Gunea<\/a>\n          <\/li>\n                  <li class=\"\">\n            <a class=\"v-content-menu-link\" href=\"#13\">Certificado B2 de ingl\u00e9s<\/a>\n          <\/li>\n                  <li class=\"\">\n            <a class=\"v-content-menu-link\" href=\"#14\">T\u00edtulo de monitor de tiempo libre<\/a>\n          <\/li>\n                  <li class=\"\">\n            <a class=\"v-content-menu-link\" href=\"#15\">Formaci\u00f3n de primeros auxilios<\/a>\n          <\/li>\n              <\/ul>\n    <\/div>\n  <\/div>\n\n  <div id=\"vertical-content\" class=\"cell medium-9 sections\">\n          <div class=\"v-content fix-2-down\" id=\"0\" data-magellan-target=\"0\">\n        <h3 class=\"museo-b\">Zubiak Eraikiz<\/h3>\n        <p><p><!-- wp:paragraph --><\/p>\n<p>Aunque Euskal Herria est\u00e9 dividido en tres \u00e1mbitos administrativos, m\u00e1s all\u00e1 de dichas fronteras, <strong>el proyecto de las Ikastolas es nacional y trabajamos juntos y de manera conjunta.<\/strong><\/p>\n<p>Zubiak Eraikiz es un proyecto creado y desarrollado conjuntamente por las Ikastolas de Biriatu, <a href=\"https:\/\/www.gureikastola.eus\/\" target=\"_blank\" rel=\"noopener\">Hendaia<\/a>, <a href=\"https:\/\/kaskarotenea.eus\/\">Kaskarotenea<\/a> y <a href=\"https:\/\/www.larzabalkolegioa.net\/eh\/\">Piarres Larzabal<\/a> de Ziburu, <a href=\"https:\/\/es.labiagaikastola.eus\/\" target=\"_blank\" rel=\"noopener\">Labiaga de Bera<\/a>, <a href=\"https:\/\/www.tantirumairuikastola.com\/\" target=\"_blank\" rel=\"noopener\">Tantirumairu de Lesaka<\/a>, <a href=\"https:\/\/www.baztanikastola.eu\/index.php\/en\/\">Baztan de Elizondo<\/a> y <strong>Orereta-Oiartzo<\/strong>.<\/p>\n<div class=\"youtube-embed responsive-embed widescreen\"><iframe loading=\"lazy\" title=\"Zubiak Eraikiz erreportajea\" width=\"500\" height=\"281\" src=\"https:\/\/www.youtube.com\/embed\/c0sMF4hbx0E?feature=oembed\" frameborder=\"0\" allow=\"accelerometer; autoplay; clipboard-write; encrypted-media; gyroscope; picture-in-picture; web-share\" referrerpolicy=\"strict-origin-when-cross-origin\" allowfullscreen><\/iframe><\/div>\n<p><!-- \/wp:paragraph --><\/p>\n<\/p>\n      <\/div>\n          <div class=\"v-content fix-2-down\" id=\"1\" data-magellan-target=\"1\">\n        <h3 class=\"museo-b\">Fiesta de bienvenida al curso<\/h3>\n        <p><p>Organizada entre trabajadores y familias que participan en varias comisiones de la Ikastola, se da la bienvenida al curso el 12 de octubre por la tarde con varias actividades alrededor del baserri de A\u00f1abitarte.<\/p>\n<p><img decoding=\"async\" loading=\"lazy\" class=\"aligncenter wp-image-30879 size-full\" src=\"\/app\/uploads\/2022\/10\/Orereta-Ikastola-ongietorri-festa-2022-23-zinema-aire-librea.jpg\" alt=\"\" width=\"1024\" height=\"1024\" srcset=\"\/app\/uploads\/2022\/10\/Orereta-Ikastola-ongietorri-festa-2022-23-zinema-aire-librea.jpg 1024w, \/app\/uploads\/2022\/10\/Orereta-Ikastola-ongietorri-festa-2022-23-zinema-aire-librea-300x300.jpg 300w, \/app\/uploads\/2022\/10\/Orereta-Ikastola-ongietorri-festa-2022-23-zinema-aire-librea-150x150.jpg 150w, \/app\/uploads\/2022\/10\/Orereta-Ikastola-ongietorri-festa-2022-23-zinema-aire-librea-768x768.jpg 768w\" sizes=\"(max-width: 1024px) 100vw, 1024px\" \/><\/p>\n<\/p>\n      <\/div>\n          <div class=\"v-content fix-2-down\" id=\"2\" data-magellan-target=\"2\">\n        <h3 class=\"museo-b\">Esmalteriako Ostiralak<\/h3>\n        <p><p>Con el objetivo de <strong>completar la oferta de ocio en euskera de la localidad para ni\u00f1os y ni\u00f1as de 0 a 6 a\u00f1os y sus familias<\/strong>, Orereta Ikastola organiza una vez al mes actividades bajo el nombre \u00ab<strong>Esmalteriako Ostiralak<\/strong>\u00ab.<\/p>\n<p><img decoding=\"async\" loading=\"lazy\" class=\"aligncenter wp-image-56187 size-full\" src=\"\/app\/uploads\/2024\/05\/Orereta-ikastola-esmalteriako-ostiralak.jpeg\" alt=\"\" width=\"1023\" height=\"1022\" srcset=\"\/app\/uploads\/2024\/05\/Orereta-ikastola-esmalteriako-ostiralak.jpeg 1023w, \/app\/uploads\/2024\/05\/Orereta-ikastola-esmalteriako-ostiralak-300x300.jpeg 300w, \/app\/uploads\/2024\/05\/Orereta-ikastola-esmalteriako-ostiralak-150x150.jpeg 150w, \/app\/uploads\/2024\/05\/Orereta-ikastola-esmalteriako-ostiralak-768x767.jpeg 768w\" sizes=\"(max-width: 1023px) 100vw, 1023px\" \/><\/p>\n<\/p>\n      <\/div>\n          <div class=\"v-content fix-2-down\" id=\"3\" data-magellan-target=\"3\">\n        <h3 class=\"museo-b\">Gau Beltza<\/h3>\n        <p><p><!-- wp:paragraph --><\/p>\n<p>La <strong>Ikastola, en colaboraci\u00f3n con diferentes agentes de Orereta-Errenteria<\/strong>, organiza la Gau Beltza el d\u00eda 31 de octubre.<\/p>\n<p><strong>Partiendo de nuestros propios relatos, el objetivo es recrear esta fiesta<\/strong>, tomando como pilares el pueblo, la comunidad, la diversidad, la igualdad, la identidad y el euskera.<\/p>\n<p><!-- \/wp:paragraph --><\/p>\n<div class=\"youtube-embed responsive-embed widescreen\"><iframe loading=\"lazy\" title=\"\ud83c\udf83 Gau Beltza 2023\" width=\"500\" height=\"281\" src=\"https:\/\/www.youtube.com\/embed\/Yc-P88kpTCY?feature=oembed\" frameborder=\"0\" allow=\"accelerometer; autoplay; clipboard-write; encrypted-media; gyroscope; picture-in-picture; web-share\" referrerpolicy=\"strict-origin-when-cross-origin\" allowfullscreen><\/iframe><\/div>\n<\/p>\n      <\/div>\n          <div class=\"v-content fix-2-down\" id=\"4\" data-magellan-target=\"4\">\n        <h3 class=\"museo-b\">Semana del Euskera<\/h3>\n        <p><p>En el marco del D\u00eda del Euskera, <strong>Orereta Ikastola<\/strong> organiza la <strong>Semana del Euskera \u00ab(h)arian\u00bb<\/strong> con el objetivo de completar las propuestas de otros agentes de Orereta-Errenteria.<\/p>\n<\/p>\n      <\/div>\n          <div class=\"v-content fix-2-down\" id=\"5\" data-magellan-target=\"5\">\n        <h3 class=\"museo-b\">Mari Domingiren Errepublika Magikoa<\/h3>\n        <p><p><a href=\"https:\/\/maridomingi.eus\/\">Mari Domingiren Errepublika Magikoa<\/a>\u00a0es una experiencia hechicera que combina las tradiciones de anta\u00f1o de Euskal Herria con el car\u00e1cter, los deseos y los retos de la sociedad actual.<\/p>\n<p>En diciembre, el caser\u00edo A\u00f1abitarte se convierte en la casa de Mari Domingi y los prados de su alrededor se llenan de encanto, duendes y herbolarias. Las y los visitantes entran a la casa de Mari Domingi; charlan con ella, le entregan la carta y toman un caldo caliente.<\/p>\n<div class=\"youtube-embed responsive-embed widescreen\"><iframe loading=\"lazy\" title=\"Mari Domingiren Errepublika Magikoa 2023\" width=\"500\" height=\"281\" src=\"https:\/\/www.youtube.com\/embed\/0J3mAkSvh0o?feature=oembed\" frameborder=\"0\" allow=\"accelerometer; autoplay; clipboard-write; encrypted-media; gyroscope; picture-in-picture; web-share\" referrerpolicy=\"strict-origin-when-cross-origin\" allowfullscreen><\/iframe><\/div>\n<\/p>\n      <\/div>\n          <div class=\"v-content fix-2-down\" id=\"6\" data-magellan-target=\"6\">\n        <h3 class=\"museo-b\">Kalejira navide\u00f1a<\/h3>\n        <p><p>La v\u00edspera de Navidad las y los <strong>alumnos, familias y trabajadores de la Ikastola salen a alegrar las calles del Orereta-Errenteria en pasacalles con Olentzero y m\u00fasicos<\/strong>.<\/p>\n<\/p>\n      <\/div>\n          <div class=\"v-content fix-2-down\" id=\"7\" data-magellan-target=\"7\">\n        <h3 class=\"museo-b\">Semana de la Educaci\u00f3n<\/h3>\n        <p><p>El 24 de enero es el D\u00eda Internacional de la Educaci\u00f3n. En este sentido, <strong>Orereta Ikastola<\/strong> organiza la Semana de la Educaci\u00f3n dirigida a toda la ciudadan\u00eda.<\/p>\n<p><img decoding=\"async\" loading=\"lazy\" class=\"aligncenter wp-image-1060 size-full\" src=\"\/app\/uploads\/2020\/09\/trakamatraka3.jpg\" alt=\"\" width=\"1024\" height=\"768\" srcset=\"\/app\/uploads\/2020\/09\/trakamatraka3.jpg 1024w, \/app\/uploads\/2020\/09\/trakamatraka3-300x225.jpg 300w, \/app\/uploads\/2020\/09\/trakamatraka3-768x576.jpg 768w\" sizes=\"(max-width: 1024px) 100vw, 1024px\" \/><\/p>\n<\/p>\n      <\/div>\n          <div class=\"v-content fix-2-down\" id=\"8\" data-magellan-target=\"8\">\n        <h3 class=\"museo-b\">Carnaval<\/h3>\n        <p><p><strong>Orereta Ikastola celebra los carnavales en A\u00f1abitarte y en el centro urbano, recorriendo las calles del pueblo.<\/strong><br \/>\n<img decoding=\"async\" loading=\"lazy\" class=\"aligncenter wp-image-2237 size-large\" src=\"\/app\/uploads\/2020\/10\/Orereta-Ikastola_euskal-inauteriak-2019-1024x768.jpg\" alt=\"\" width=\"1024\" height=\"768\" srcset=\"\/app\/uploads\/2020\/10\/Orereta-Ikastola_euskal-inauteriak-2019-1024x768.jpg 1024w, \/app\/uploads\/2020\/10\/Orereta-Ikastola_euskal-inauteriak-2019-300x225.jpg 300w, \/app\/uploads\/2020\/10\/Orereta-Ikastola_euskal-inauteriak-2019-768x576.jpg 768w, \/app\/uploads\/2020\/10\/Orereta-Ikastola_euskal-inauteriak-2019-1536x1152.jpg 1536w, \/app\/uploads\/2020\/10\/Orereta-Ikastola_euskal-inauteriak-2019-1320x990.jpg 1320w, \/app\/uploads\/2020\/10\/Orereta-Ikastola_euskal-inauteriak-2019.jpg 1600w\" sizes=\"(max-width: 1024px) 100vw, 1024px\" \/><\/p>\n<\/p>\n      <\/div>\n          <div class=\"v-content fix-2-down\" id=\"9\" data-magellan-target=\"9\">\n        <h3 class=\"museo-b\">MoreretaON<\/h3>\n        <p><p><strong>MoreretaON<\/strong>\u00a0naci\u00f3 ligado al D\u00eda Internacional de la Mujer, es una <strong>reivindicaci\u00f3n por la igualdad<\/strong>. La comunidad de Orereta y Oiartzo Ikastolak, representantes de varias asociaciones del pueblo, y todos los ciudadanos y ciudadanas que as\u00ed lo deseen, pasando el testigo de mano en mano, realizan una carrera continua e ininterrumpida de 8:00 a 16:30 horas.<\/p>\n<div class=\"youtube-embed responsive-embed widescreen\"><iframe loading=\"lazy\" title=\"MOreretaOn laburbilduma\" width=\"500\" height=\"281\" src=\"https:\/\/www.youtube.com\/embed\/YQ9Xd3LeZx8?start=7&#038;feature=oembed\" frameborder=\"0\" allow=\"accelerometer; autoplay; clipboard-write; encrypted-media; gyroscope; picture-in-picture; web-share\" referrerpolicy=\"strict-origin-when-cross-origin\" allowfullscreen><\/iframe><\/div>\n<\/p>\n      <\/div>\n          <div class=\"v-content fix-2-down\" id=\"10\" data-magellan-target=\"10\">\n        <h3 class=\"museo-b\">Ikastola Eguna<\/h3>\n        <p><p>El primer s\u00e1bado de junio se celebra la <strong>Ikastola Eguna para reunir a toda la comunidad<\/strong> y despedir el curso.<img decoding=\"async\" loading=\"lazy\" class=\"aligncenter wp-image-2254 size-large\" src=\"\/app\/uploads\/2020\/10\/Ikastola-Eguna-2019_113-1024x678.jpg\" alt=\"\" width=\"1024\" height=\"678\" srcset=\"\/app\/uploads\/2020\/10\/Ikastola-Eguna-2019_113-1024x678.jpg 1024w, \/app\/uploads\/2020\/10\/Ikastola-Eguna-2019_113-300x199.jpg 300w, \/app\/uploads\/2020\/10\/Ikastola-Eguna-2019_113-768x509.jpg 768w, \/app\/uploads\/2020\/10\/Ikastola-Eguna-2019_113-1536x1017.jpg 1536w, \/app\/uploads\/2020\/10\/Ikastola-Eguna-2019_113-2048x1356.jpg 2048w, \/app\/uploads\/2020\/10\/Ikastola-Eguna-2019_113-1320x874.jpg 1320w\" sizes=\"(max-width: 1024px) 100vw, 1024px\" \/><\/p>\n<\/p>\n      <\/div>\n          <div class=\"v-content fix-2-down\" id=\"11\" data-magellan-target=\"11\">\n        <h3 class=\"museo-b\">Colonias<\/h3>\n        <p><p>El objetivo de las colonias de invierno, primavera y verano (Negulekuak, Bedatselekuak y Udalekuak) de <strong>Orereta Ikastola<\/strong> es ofrecer una <strong>opci\u00f3n de ocio euskaldun tambi\u00e9n durante las \u00e9pocas vacacionales<\/strong>. Se trata de una actividad dirigida a ni\u00f1as y ni\u00f1os de entre 2 y 12 a\u00f1os (Udalekuak) o de entre 3 y 9 a\u00f1os (Negulekuak y Bedatselekuak) y est\u00e1 totalmente relacionada con el proyecto educativo de la <strong>Ikastola<\/strong>. La oferta de colonias de verano de la <strong>Ikastola<\/strong> para ni\u00f1os y ni\u00f1as de 2 a\u00f1os es \u00fanica en <strong>Orereta-Errenteria<\/strong>.<img decoding=\"async\" loading=\"lazy\" class=\"aligncenter wp-image-1068 size-large\" src=\"\/app\/uploads\/2020\/09\/Orereta-Ikastola_Udalekuak-2018-1024x768.jpg\" alt=\"\" width=\"1024\" height=\"768\" srcset=\"\/app\/uploads\/2020\/09\/Orereta-Ikastola_Udalekuak-2018-1024x768.jpg 1024w, \/app\/uploads\/2020\/09\/Orereta-Ikastola_Udalekuak-2018-300x225.jpg 300w, \/app\/uploads\/2020\/09\/Orereta-Ikastola_Udalekuak-2018-768x576.jpg 768w, \/app\/uploads\/2020\/09\/Orereta-Ikastola_Udalekuak-2018-1536x1152.jpg 1536w, \/app\/uploads\/2020\/09\/Orereta-Ikastola_Udalekuak-2018-1320x990.jpg 1320w, \/app\/uploads\/2020\/09\/Orereta-Ikastola_Udalekuak-2018.jpg 1600w\" sizes=\"(max-width: 1024px) 100vw, 1024px\" \/><\/p>\n<\/p>\n      <\/div>\n          <div class=\"v-content fix-2-down\" id=\"12\" data-magellan-target=\"12\">\n        <h3 class=\"museo-b\">Erriola Gunea<\/h3>\n        <p><p><strong>Durante las fiestas patronales, Orereta Ikastola organiza una txosna en la plaza Koldo Mitxelena, con el objetivo de ofrecer un punto de encuentro a la ciudadan\u00eda<\/strong>. Erriola Gunea ofrece actividad cultural y gastron\u00f3mica. El dinero recaudado se destina, normalmente, a ayudar el proyecto Zubiak Eraikiz.<\/p>\n<p><img decoding=\"async\" loading=\"lazy\" class=\"aligncenter wp-image-56159 size-large\" src=\"\/app\/uploads\/2024\/05\/orereta-ikastola-erriola-gunea-4-1024x382.jpg\" alt=\"\" width=\"1024\" height=\"382\" srcset=\"\/app\/uploads\/2024\/05\/orereta-ikastola-erriola-gunea-4-1024x382.jpg 1024w, \/app\/uploads\/2024\/05\/orereta-ikastola-erriola-gunea-4-300x112.jpg 300w, \/app\/uploads\/2024\/05\/orereta-ikastola-erriola-gunea-4-768x287.jpg 768w, \/app\/uploads\/2024\/05\/orereta-ikastola-erriola-gunea-4-1320x492.jpg 1320w, \/app\/uploads\/2024\/05\/orereta-ikastola-erriola-gunea-4.jpg 1536w\" sizes=\"(max-width: 1024px) 100vw, 1024px\" \/><\/p>\n<\/p>\n      <\/div>\n          <div class=\"v-content fix-2-down\" id=\"13\" data-magellan-target=\"13\">\n        <h3 class=\"museo-b\">Certificado B2 de ingl\u00e9s<\/h3>\n        <p><p><strong>Orereta Ikastola<\/strong> <strong>ofrece a quien as\u00ed lo desee<\/strong> la posibilidad de obtener el certificado oficial hasta nivel B2 de ingl\u00e9s a trav\u00e9s de Oxford.<\/p>\n<\/p>\n      <\/div>\n          <div class=\"v-content fix-2-down\" id=\"14\" data-magellan-target=\"14\">\n        <h3 class=\"museo-b\">T\u00edtulo de monitor de tiempo libre<\/h3>\n        <p><p>La Ikastola ofrece la posibilidad de obtener el t\u00edtulo de dinamizador de actividades de ocio infantil y juvenil a trav\u00e9s de la <a href=\"http:\/\/www.aisiola.eus\/\" target=\"_blank\" rel=\"noopener\">escuela de tiempo libre Aisiola<\/a>. Se trata de un t\u00edtulo homologado por Lanbide. El curso est\u00e1 <strong>dirigido a toda persona mayor de diecis\u00e9is a\u00f1os que as\u00ed lo desee<\/strong>.<\/p>\n<\/p>\n      <\/div>\n          <div class=\"v-content fix-2-down\" id=\"15\" data-magellan-target=\"15\">\n        <h3 class=\"museo-b\">Formaci\u00f3n de primeros auxilios<\/h3>\n        <p><p>Oiartzo-Orereta Ikastola integr\u00f3 la atenci\u00f3n de primeros auxilios al curr\u00edculum acad\u00e9mico en 2019. Las y los trabajadores y el alumnado de DBH y bachillerato realizan sesiones de formaci\u00f3n cada dos a\u00f1os. Teniendo como base el conocimiento que brindan esas sesiones de formaci\u00f3n bianuales, con la ayuda del profesor o profesora, en la actualidad, son los propios alumnos y alumnas quienes lideran las sesiones formativas en varios centros escolares e Ikastolas de la comarca y del Pa\u00eds Vasco (ofreciendo formaci\u00f3n a sus hom\u00f3nimos), y en asociaciones deportivas de nuestro municipio (ofreciendo formaci\u00f3n a equipos directivos y t\u00e9cnicos).<\/p>\n<div class=\"youtube-embed responsive-embed widescreen\"><iframe loading=\"lazy\" title=\"Lehen sorospenerako arreta - formazioa: kirol elkarteak\" width=\"500\" height=\"281\" src=\"https:\/\/www.youtube.com\/embed\/79oEkZXhLF4?feature=oembed\" frameborder=\"0\" allow=\"accelerometer; autoplay; clipboard-write; encrypted-media; gyroscope; picture-in-picture; web-share\" referrerpolicy=\"strict-origin-when-cross-origin\" allowfullscreen><\/iframe><\/div>\n<\/p>\n      <\/div>\n      <\/div>\n<\/div>\n\n","protected":false},"excerpt":{"rendered":"","protected":false},"author":2,"featured_media":0,"parent":0,"menu_order":0,"comment_status":"closed","ping_status":"closed","template":"","meta":[],"acf":[],"_links":{"self":[{"href":"https:\/\/oreretaikastola.eus\/es\/wp-json\/wp\/v2\/pages\/2522"}],"collection":[{"href":"https:\/\/oreretaikastola.eus\/es\/wp-json\/wp\/v2\/pages"}],"about":[{"href":"https:\/\/oreretaikastola.eus\/es\/wp-json\/wp\/v2\/types\/page"}],"author":[{"embeddable":true,"href":"https:\/\/oreretaikastola.eus\/es\/wp-json\/wp\/v2\/users\/2"}],"replies":[{"embeddable":true,"href":"https:\/\/oreretaikastola.eus\/es\/wp-json\/wp\/v2\/comments?post=2522"}],"version-history":[{"count":70,"href":"https:\/\/oreretaikastola.eus\/es\/wp-json\/wp\/v2\/pages\/2522\/revisions"}],"predecessor-version":[{"id":75621,"href":"https:\/\/oreretaikastola.eus\/es\/wp-json\/wp\/v2\/pages\/2522\/revisions\/75621"}],"wp:attachment":[{"href":"https:\/\/oreretaikastola.eus\/es\/wp-json\/wp\/v2\/media?parent=2522"}],"curies":[{"name":"wp","href":"https:\/\/api.w.org\/{rel}","templated":true}]}}