{"id":2487,"date":"2020-07-09T09:50:47","date_gmt":"2020-07-09T09:50:47","guid":{"rendered":"https:\/\/oreretaikastola.eus\/pedagogia-eraldatzailea\/"},"modified":"2025-01-18T18:42:12","modified_gmt":"2025-01-18T17:42:12","slug":"pedagogia-transformadora","status":"publish","type":"page","link":"https:\/\/oreretaikastola.eus\/es\/pedagogia-transformadora\/","title":{"rendered":"Pedagog\u00eda transformadora"},"content":{"rendered":"<div\nclass=\"orbit\"\nrole=\"region\"\naria-label=\"\"\ndata-orbit\ndata-options=\"pauseOnHover:false; animInFromLeft:fade-in; animInFromRight:fade-in; animOutToLeft:fade-out; animOutToRight:fade-out;\"\ndata-auto-play=\"true\"\ndata-use-m-u-i=\"true\"\n>\n\n  <div class=\"orbit-wrapper\">\n    <ul class=\"orbit-container slider-header fullwidth\">\n      <li class=\"is-active orbit-slide\" style=\"background-image:url(\/app\/uploads\/2020\/07\/ORERETA-IKASTOLA-ESMALTERIA-14-scaled.jpg);\">\n        <figcaption class=\"orbit-caption\">\n           <h1>Pedagog\u00eda transformadora<\/h1>            <h4>Proyecto educativo 0-18 propio, innovador y transformador<\/h4>         <\/figcaption>\n      <\/li>\n    <\/ul>\n  <\/div>\n\n<\/div>\n\n\n\n<div style=\"height:50px\" aria-hidden=\"true\" class=\"wp-block-spacer\"><\/div>\n\n\n\n<div class=\"wp-block-cover is-light\" style=\"min-height:50px\"><span aria-hidden=\"true\" class=\"wp-block-cover__background has-background-dim-100 has-background-dim\" style=\"background-color:#e0e0e0\"><\/span><div class=\"wp-block-cover__inner-container is-layout-constrained wp-block-cover-is-layout-constrained\">\n<div class=\"wp-block-columns is-layout-flex wp-container-4 wp-block-columns-is-layout-flex\">\n<div class=\"wp-block-column is-layout-flow wp-block-column-is-layout-flow\" style=\"flex-basis:66.66%\">\n<h4 class=\"wp-block-heading\"><strong>\u00bfQuieres conocer la Ikastola desde dentro?<\/strong><\/h4>\n<\/div>\n\n\n\n<div class=\"wp-block-column is-layout-flow wp-block-column-is-layout-flow\" style=\"flex-basis:33.33%\">\n<div class=\"wp-block-buttons is-content-justification-center is-layout-flex wp-container-2 wp-block-buttons-is-layout-flex\">\n<div class=\"wp-block-button\"><a class=\"wp-block-button__link has-white-color has-text-color has-background wp-element-button\" href=\"https:\/\/oreretaikastola.eus\/es\/cita-para-conocer-la-ikastola\/\" style=\"border-radius:0px;background-color:#a91836\"><strong>Pide cita<\/strong><\/a><\/div>\n<\/div>\n<\/div>\n<\/div>\n<\/div><\/div>\n\n\n\n<div style=\"height:25px\" aria-hidden=\"true\" class=\"wp-block-spacer\"><\/div>\n\n\n\n<p>La educaci\u00f3n es una herramienta imprescindible para construir la sociedad actual y del futuro. <strong>El proyecto educativo innovador y transformador de Orereta Ikastola<\/strong> es fruto del esfuerzo constante de analizar, reflexionar y adaptar a sus necesidades y realidades las corrientes pedag\u00f3gicas m\u00e1s innovadoras, y de trabajar con los materiales did\u00e1cticos propios de la Federaci\u00f3n de Ikastolas. Se trata de un proyecto propio basado en el bienestar de las y los alumnos, y que tiene como objetivo su autonom\u00eda como personas.<\/p>\n\n\n\n<p><strong>El proyecto educativo de Orereta Ikastola es euskaldun, propio, de visi\u00f3n nacional y de calidad, dirigido a la franja de edad de 0 a 18 a\u00f1os<\/strong>, basado en el euskera y en la cultura vasca, y abierto a otras lenguas y culturas. Son tres los pilares de dicho proyecto innovador y transformador:<\/p>\n\n\n\n<div style=\"height:50px\" aria-hidden=\"true\" class=\"wp-block-spacer\"><\/div>\n\n\n\n<div class=\"wp-block-cover is-position-center-center\" style=\"min-height:151px\"><span aria-hidden=\"true\" class=\"wp-block-cover__background has-background-dim-100 has-background-dim\" style=\"background-color:#c8317e\"><\/span><div class=\"wp-block-cover__inner-container is-layout-flow wp-block-cover-is-layout-flow\">\n<p class=\"has-text-align-left has-large-font-size\">Proyecto hIZAN<\/p>\n\n\n\n<p class=\"has-text-align-left\">(Educaci\u00f3n Infantil- Educaci\u00f3n Primaria)<\/p>\n<\/div><\/div>\n\n\n<div class=\"wp-block-image\">\n<figure data-tanit-img-width=\"2560\" data-tanit-img-height=\"1707\" class=\"aligncenter size-large\"><img decoding=\"async\" loading=\"lazy\" width=\"1024\" height=\"683\" src=\"\/app\/uploads\/2020\/07\/ORERETA-IKASTOLA-ESMALTERIA-10-1024x683.jpg\" alt=\"\" class=\"wp-image-259\" srcset=\"\/app\/uploads\/2020\/07\/ORERETA-IKASTOLA-ESMALTERIA-10-1024x683.jpg 1024w, \/app\/uploads\/2020\/07\/ORERETA-IKASTOLA-ESMALTERIA-10-300x200.jpg 300w, \/app\/uploads\/2020\/07\/ORERETA-IKASTOLA-ESMALTERIA-10-768x512.jpg 768w, \/app\/uploads\/2020\/07\/ORERETA-IKASTOLA-ESMALTERIA-10-1536x1024.jpg 1536w, \/app\/uploads\/2020\/07\/ORERETA-IKASTOLA-ESMALTERIA-10-2048x1365.jpg 2048w, \/app\/uploads\/2020\/07\/ORERETA-IKASTOLA-ESMALTERIA-10-1568x1045.jpg 1568w\" sizes=\"(max-width: 1024px) 100vw, 1024px\" \/><\/figure><\/div>\n\n\n<p><strong>En Orereta Ikastola se trabaja partiendo de las necesidades, los deseos, los gustos y la curiosidad de la ni\u00f1a o ni\u00f1o<\/strong>. Al fin y al cabo, partiendo de su instinto y de su ritmo: ellas y ellos son los protagonistas de su viaje, la Ikastola es&nbsp; su compa\u00f1ero de viaje. Tomando como punto de partida la pedagog\u00eda de la confianza y la integraci\u00f3n, y considerando tambi\u00e9n otras corrientes educativas, el objetivo de la <strong>Ikastola <\/strong>es situar a la ni\u00f1a o ni\u00f1o en el centro del proyecto y del proceso. <\/p>\n\n\n\n<div style=\"height:50px\" aria-hidden=\"true\" class=\"wp-block-spacer\"><\/div>\n\n\n\n<div class=\"wp-block-cover is-light\" style=\"min-height:121px\"><span aria-hidden=\"true\" class=\"wp-block-cover__background has-background-dim-100 has-background-dim\" style=\"background-color:#f6d74d\"><\/span><div class=\"wp-block-cover__inner-container is-layout-flow wp-block-cover-is-layout-flow\">\n<p class=\"has-text-align-left has-white-color has-text-color has-large-font-size\">Proyectos Hazten y Heltzen<\/p>\n\n\n\n<p class=\"has-text-align-left has-white-color has-text-color\">(Educaci\u00f3n Primaria)<\/p>\n<\/div><\/div>\n\n\n<div class=\"wp-block-image\">\n<figure data-tanit-img-width=\"2560\" data-tanit-img-height=\"1707\" class=\"aligncenter size-large\"><img decoding=\"async\" loading=\"lazy\" width=\"1024\" height=\"683\" src=\"\/app\/uploads\/2020\/07\/ORERETA-KATALOGOA-7-1024x683.jpg\" alt=\"Orereta Ikastola_lehen hezkuntza\" class=\"wp-image-167\" srcset=\"\/app\/uploads\/2020\/07\/ORERETA-KATALOGOA-7-1024x683.jpg 1024w, \/app\/uploads\/2020\/07\/ORERETA-KATALOGOA-7-300x200.jpg 300w, \/app\/uploads\/2020\/07\/ORERETA-KATALOGOA-7-768x512.jpg 768w, \/app\/uploads\/2020\/07\/ORERETA-KATALOGOA-7-1536x1024.jpg 1536w, \/app\/uploads\/2020\/07\/ORERETA-KATALOGOA-7-2048x1365.jpg 2048w, \/app\/uploads\/2020\/07\/ORERETA-KATALOGOA-7-1568x1045.jpg 1568w\" sizes=\"(max-width: 1024px) 100vw, 1024px\" \/><\/figure><\/div>\n\n\n<p><strong>En Orereta Ikastola se trabaja bas\u00e1ndose en las competencias<\/strong>. <strong>Se ha dado el salto del paradigma del saber al paradigma del hacer, al paradigma de la pr\u00e1ctica<\/strong>. Porque la funci\u00f3n de la <strong>Ikastola<\/strong> no es s\u00f3lo ense\u00f1ar, sino preocuparse del desarrollo \u00edntegro de la persona. En la <strong>Ikastola<\/strong> se tiene en cuenta el aspecto f\u00edsico, cognitivo, comunicativo, social y afectivo de la ni\u00f1a o ni\u00f1o. Al fin y al cabo, se prepara a las y los j\u00f3venes para continuar aprendiendo durante toda la vida, para continuar avanzando.<\/p>\n\n\n\n<div style=\"height:50px\" aria-hidden=\"true\" class=\"wp-block-spacer\"><\/div>\n\n\n\n<div class=\"wp-block-group is-layout-flow wp-block-group-is-layout-flow\"><div class=\"wp-block-group__inner-container\">\n<div class=\"wp-block-cover is-light\" style=\"min-height:103px\"><span aria-hidden=\"true\" class=\"wp-block-cover__background has-background-dim-100 has-background-dim\" style=\"background-color:#7eb9b2\"><\/span><div class=\"wp-block-cover__inner-container is-layout-flow wp-block-cover-is-layout-flow\">\n<p class=\"has-text-align-left has-white-color has-text-color has-large-font-size\">Proyecto EKI<\/p>\n\n\n\n<p class=\"has-text-align-left has-white-color has-text-color\">(Educaci\u00f3n Primaria-Educaci\u00f3n Secundaria)<\/p>\n<\/div><\/div>\n<\/div><\/div>\n\n\n<div class=\"wp-block-image\">\n<figure data-tanit-img-width=\"2560\" data-tanit-img-height=\"1707\" class=\"aligncenter size-large\"><img decoding=\"async\" loading=\"lazy\" width=\"1024\" height=\"683\" src=\"\/app\/uploads\/2020\/12\/Orereta-Ikastola_matrikulazioa-2021-22-DBH-1024x683.jpg\" alt=\"\" class=\"wp-image-8018\" srcset=\"\/app\/uploads\/2020\/12\/Orereta-Ikastola_matrikulazioa-2021-22-DBH-1024x683.jpg 1024w, \/app\/uploads\/2020\/12\/Orereta-Ikastola_matrikulazioa-2021-22-DBH-300x200.jpg 300w, \/app\/uploads\/2020\/12\/Orereta-Ikastola_matrikulazioa-2021-22-DBH-768x512.jpg 768w, \/app\/uploads\/2020\/12\/Orereta-Ikastola_matrikulazioa-2021-22-DBH-1536x1024.jpg 1536w, \/app\/uploads\/2020\/12\/Orereta-Ikastola_matrikulazioa-2021-22-DBH-2048x1365.jpg 2048w, \/app\/uploads\/2020\/12\/Orereta-Ikastola_matrikulazioa-2021-22-DBH-1320x880.jpg 1320w\" sizes=\"(max-width: 1024px) 100vw, 1024px\" \/><\/figure><\/div>\n\n\n<p><strong>En Educaci\u00f3n Secundaria se trabaja bas\u00e1ndose en las competencias<\/strong>. Para eso, el trabajo de la <strong>Ikastola<\/strong> se basa en el proyecto innovador EKI. El proyecto EKI es un proyecto creado y desarrollado espec\u00edficamente por las<strong> Ikastolas<\/strong>, basado en las competencias y que desarrolla el Curr\u00edculum Vasco mediante la integraci\u00f3n. El proyecto EKI busca el desarrollo completo e integral de la persona. Ante situaciones reales, el alumnado debe habituarse a buscar y utilizar los recursos que necesita en esas situaciones, tanto de forma individual como en grupo, y emplear lo aprendido en nuevas situaciones.<\/p>\n\n\n\n<div style=\"height:50px\" aria-hidden=\"true\" class=\"wp-block-spacer\"><\/div>\n\n\n\n<div class=\"wp-block-cover\" style=\"min-height:125px\"><span aria-hidden=\"true\" class=\"wp-block-cover__background has-background-dim-100 has-background-dim\" style=\"background-color:#a91836\"><\/span><div class=\"wp-block-cover__inner-container is-layout-flow wp-block-cover-is-layout-flow\">\n<p class=\"has-text-align-left has-large-font-size\">Modelo de persona del alumnado<\/p>\n<\/div><\/div>\n\n\n\n<p>Orereta Ikastola quiere ser la compa\u00f1era de viaje de <strong>personas euskaldunes, comprometidas, libres y felices que ser\u00e1n capaces de afrontar cualquier situaci\u00f3n de la vida <\/strong>al finalizar la etapa de la Ikastola.<\/p>\n\n\n<div class=\"wp-block-image\">\n<figure data-tanit-img-width=\"1182\" data-tanit-img-height=\"1684\" class=\"aligncenter size-large\"><img decoding=\"async\" loading=\"lazy\" width=\"719\" height=\"1024\" src=\"\/app\/uploads\/2020\/11\/Orereta-Ikastola_perfil-de-salida-alumnado-1-719x1024.png\" alt=\"\" class=\"wp-image-7323\" srcset=\"\/app\/uploads\/2020\/11\/Orereta-Ikastola_perfil-de-salida-alumnado-1-719x1024.png 719w, \/app\/uploads\/2020\/11\/Orereta-Ikastola_perfil-de-salida-alumnado-1-211x300.png 211w, \/app\/uploads\/2020\/11\/Orereta-Ikastola_perfil-de-salida-alumnado-1-768x1094.png 768w, \/app\/uploads\/2020\/11\/Orereta-Ikastola_perfil-de-salida-alumnado-1-1078x1536.png 1078w, \/app\/uploads\/2020\/11\/Orereta-Ikastola_perfil-de-salida-alumnado-1.png 1182w\" sizes=\"(max-width: 719px) 100vw, 719px\" \/><\/figure><\/div>\n\n\n<div style=\"height:50px\" aria-hidden=\"true\" class=\"wp-block-spacer\"><\/div>\n\n\n<div class=\"fullwidth\">\n  \n  <div class=\"grid-x grid-margin-x\">\n    <div class=\"cell large-3 medium-6 small-12 bg-pink hezkuntza-block\">\n      <a href=\"https:\/\/oreretaikastola.eus\/es\/pedagogia-transformadora\/educacion-infantil\/\">\n        <h2 class=\"cl-white\">HH<\/h2>\n        <h3 class=\"cl-white\">SENDOTUZ<\/h3>\n        <h4 class=\"cl-white\">AURRERA!<\/h4>\n      <\/a>\n    <\/div>\n\n    <div class=\"cell large-3 medium-6 small-12 bg-yellow hezkuntza-block\">\n      <a href=\"https:\/\/oreretaikastola.eus\/es\/pedagogia-transformadora\/educacion-primaria\/\">\n        <h2 class=\"cl-white\">LH<\/h2>\n        <h3 class=\"cl-white\">JABETUZ<\/h3>\n        <h4 class=\"cl-white\">AURRERA!<\/h4>\n      <\/a>\n    <\/div>\n\n    <div class=\"cell large-3 medium-6 small-12 bg-turkey hezkuntza-block\">\n      <a href=\"https:\/\/oreretaikastola.eus\/es\/pedagogia-transformadora\/educacion-secundaria-obligatoria\/\">\n        <h2 class=\"cl-white\">DBH<\/h2>\n        <h3 class=\"cl-white\">ERABAKIZ<\/h3>\n        <h4 class=\"cl-white\">AURRERA!<\/h4>\n      <\/a>\n    <\/div>\n\n    <div class=\"cell large-3 medium-6 small-12 bg-dark-blue hezkuntza-block\">\n      <a href=\"https:\/\/www.oiartzoikastola.eus\/es\/\" target=\"_blank\">\n        <h2 class=\"cl-white\">BATX<\/h2>\n        <h3 class=\"cl-white\">LORTUZ<\/h3>\n        <h4 class=\"cl-white\">AURRERA!<\/h4>\n      <\/a>\n    <\/div>\n\n  <\/div>\n<\/div>\n\n\n<div class=\"estekak-block fullwidth\">\n      <h2 class=\"ikastitle\">\n      <a href=\"\">\u00bfQuieres saber m\u00e1s?<\/a>\n    <\/h2>\n  \n    <div class=\"grid-x grid-margin-x large-up-4 medium-up-2\" data-equalizer=\"estekak\">\n                      <a class=\"button-link cell\" href=\"https:\/\/oreretaikastola.eus\/es\/edificios-e-instalaciones\/\">\n          <div class=\"text-center button-link-wrapper\" data-equalizer-watch=\"estekak\">\n            <h3>Instalaciones<\/h3>\n          <\/div>\n        <\/a>\n                      <a class=\"button-link cell\" href=\"https:\/\/oreretaikastola.eus\/es\/servicios-complementarios\/\">\n          <div class=\"text-center button-link-wrapper\" data-equalizer-watch=\"estekak\">\n            <h3>Servicios<\/h3>\n          <\/div>\n        <\/a>\n                      <a class=\"button-link cell\" href=\"https:\/\/oreretaikastola.eus\/es\/actividades-extraescolares\/\">\n          <div class=\"text-center button-link-wrapper\" data-equalizer-watch=\"estekak\">\n            <h3>Extraescolares<\/h3>\n          <\/div>\n        <\/a>\n                      <a class=\"button-link cell\" href=\"https:\/\/oreretaikastola.eus\/es\/equipo-de-trabajo\/\">\n          <div class=\"text-center button-link-wrapper\" data-equalizer-watch=\"estekak\">\n            <h3>Equipo de trabajo<\/h3>\n          <\/div>\n        <\/a>\n          <\/div>\n\n<\/div>\n","protected":false},"excerpt":{"rendered":"<p>La educaci\u00f3n es una herramienta imprescindible para construir la sociedad actual y del futuro. El proyecto educativo innovador y transformador de Orereta Ikastola es fruto del esfuerzo constante de analizar, reflexionar y adaptar a sus necesidades y realidades las corrientes pedag\u00f3gicas m\u00e1s innovadoras, y de trabajar con los materiales did\u00e1cticos propios de la Federaci\u00f3n de &hellip; <a href=\"https:\/\/oreretaikastola.eus\/es\/pedagogia-transformadora\/\">Continued<\/a><\/p>\n","protected":false},"author":1,"featured_media":0,"parent":0,"menu_order":0,"comment_status":"closed","ping_status":"closed","template":"","meta":[],"acf":[],"_links":{"self":[{"href":"https:\/\/oreretaikastola.eus\/es\/wp-json\/wp\/v2\/pages\/2487"}],"collection":[{"href":"https:\/\/oreretaikastola.eus\/es\/wp-json\/wp\/v2\/pages"}],"about":[{"href":"https:\/\/oreretaikastola.eus\/es\/wp-json\/wp\/v2\/types\/page"}],"author":[{"embeddable":true,"href":"https:\/\/oreretaikastola.eus\/es\/wp-json\/wp\/v2\/users\/1"}],"replies":[{"embeddable":true,"href":"https:\/\/oreretaikastola.eus\/es\/wp-json\/wp\/v2\/comments?post=2487"}],"version-history":[{"count":33,"href":"https:\/\/oreretaikastola.eus\/es\/wp-json\/wp\/v2\/pages\/2487\/revisions"}],"predecessor-version":[{"id":68295,"href":"https:\/\/oreretaikastola.eus\/es\/wp-json\/wp\/v2\/pages\/2487\/revisions\/68295"}],"wp:attachment":[{"href":"https:\/\/oreretaikastola.eus\/es\/wp-json\/wp\/v2\/media?parent=2487"}],"curies":[{"name":"wp","href":"https:\/\/api.w.org\/{rel}","templated":true}]}}