{"id":23414,"date":"2022-03-31T14:26:54","date_gmt":"2022-03-31T13:26:54","guid":{"rendered":"https:\/\/oreretaikastola.eus\/?page_id=23414"},"modified":"2025-10-28T10:25:29","modified_gmt":"2025-10-28T09:25:29","slug":"participacion-de-los-padres-y-madres-en-la-organizacion-de-iniciativas-ciudadanas","status":"publish","type":"page","link":"https:\/\/oreretaikastola.eus\/es\/participacion-de-los-padres-y-madres-en-la-organizacion-de-iniciativas-ciudadanas\/","title":{"rendered":"Participaci\u00f3n de los padres y madres en la organizaci\u00f3n de iniciativas populares"},"content":{"rendered":"<div\nclass=\"orbit\"\nrole=\"region\"\naria-label=\"\"\ndata-orbit\ndata-options=\"pauseOnHover:false; animInFromLeft:fade-in; animInFromRight:fade-in; animOutToLeft:fade-out; animOutToRight:fade-out;\"\ndata-auto-play=\"true\"\ndata-use-m-u-i=\"true\"\n>\n\n  <div class=\"orbit-wrapper\">\n    <ul class=\"orbit-container slider-header fullwidth\">\n      <li class=\"is-active orbit-slide\" style=\"background-image:url(\/app\/uploads\/2023\/11\/Orereta-Ikastola-Gau-Beltza2023-36-scaled.jpg);\">\n        <figcaption class=\"orbit-caption\">\n           <h1>Participaci\u00f3n de los padres y madres en la organizaci\u00f3n de iniciativas ciudadanas<\/h1>                   <\/figcaption>\n      <\/li>\n    <\/ul>\n  <\/div>\n\n<\/div>\n\n\n\n<p>Nuestra Ikastola fue fundada en los a\u00f1os 60 por diferentes familias, convencidas de que era necesaria y posible una educaci\u00f3n de calidad basada en el euskera y la cultura vasca. Hicieron realidad su sue\u00f1o trabajando juntos y juntas.<\/p>\n\n\n\n<p>No podemos olvidar la iniciativa y el esfuerzo de aquellos padres y madres. Porque la Ikastola es fruto de la colaboraci\u00f3n de toda la comunidad educativa: el compromiso y el trabajo comunitario est\u00e1n en el centro de nuestra existencia.<\/p>\n\n\n\n<p>Por eso, si queremos que la Ikastola siga viva, a los padres y madres que matriculamos a nuestras hijas y hijos e hijas en ella se nos pide que dedicemos una peque\u00f1a parte de nuestro tiempo a este proyecto y que, junto con profesores, educadores, alumnos y alumnas y otros agentes del pueblo, colaboremos en las iniciativas que habitualmente organiza la Ikastola.<\/p>\n\n\n\n<p>Cualquiera puede colaborar en cualquier iniciativa, pero para organizarla mejor hemos asignado una\/s iniciativa\/s concreta\/s a los padres y madres de cada curso. La relaci\u00f3n es la siguiente:<\/p>\n\n\n\n<ul>\n<li><strong>HAUR HEZKUNTZA<\/strong>\n<ul>\n<li>Baso Eskola (ayudar en las excursiones; por las ma\u00f1anas): HH3, HH4 y HH5<\/li>\n\n\n\n<li>Carnavales (preparar disfraces, bailar, poner y quitar vallas, ayudar al alumnado a vestirse): HH3, HH4 y HH5<\/li>\n\n\n\n<li>Gau Beltza: HH3 y HH4<\/li>\n\n\n\n<li>D\u00eda de Santo Tom\u00e1s (Esmalteria y Lino): HH3 y HH4<\/li>\n\n\n\n<li>Kalejira de v\u00edspera de Navidad (llevar Olentzero y Mari Domingi): HH4<\/li>\n\n\n\n<li>Ikastolaren Eguna (organizaci\u00f3n general): HH5<\/li>\n<\/ul>\n<\/li>\n\n\n\n<li><strong>LEHEN HEZKUNTZA<\/strong> \n<ul>\n<li>Organizaci\u00f3n de la kalejira de v\u00edspera de Navidad: LH1<\/li>\n\n\n\n<li>Mari Domingiren Errepublika Magikoa (sobre todo, los fines de semana): LH2<\/li>\n\n\n\n<li>Ikastolaren Eguna: LH3<\/li>\n\n\n\n<li>D\u00eda de Santo Tom\u00e1s: LH4<\/li>\n\n\n\n<li>Madalenak &#8211; Erriola gunea: LH5<\/li>\n\n\n\n<li>Gau Beltza: LH6<\/li>\n<\/ul>\n<\/li>\n\n\n\n<li><strong>DERRIGORREZKO BIGARREN HEZKUNTZA<\/strong>\n<ul>\n<li>Gau Beltza: DBH1<\/li>\n\n\n\n<li>Ikastolaren Eguna: DBH2<\/li>\n\n\n\n<li>Madalenak &#8211; Erriola Gunea: DBH3<\/li>\n\n\n\n<li>Financiaci\u00f3n del viaje de fin de curso: DBH4<\/li>\n<\/ul>\n<\/li>\n<\/ul>\n\n\n\n<p>Los padres y madres representantes de cada etapa escolar ser\u00e1n los encargados de recordar estas tareas y formar grupos de trabajo en contacto con el grupo organizador de cada iniciativa.<\/p>\n","protected":false},"excerpt":{"rendered":"<p>Nuestra Ikastola fue fundada en los a\u00f1os 60 por diferentes familias, convencidas de que era necesaria y posible una educaci\u00f3n de calidad basada en el euskera y la cultura vasca. Hicieron realidad su sue\u00f1o trabajando juntos y juntas. No podemos olvidar la iniciativa y el esfuerzo de aquellos padres y madres. Porque la Ikastola es &hellip; <a href=\"https:\/\/oreretaikastola.eus\/es\/participacion-de-los-padres-y-madres-en-la-organizacion-de-iniciativas-ciudadanas\/\">Continued<\/a><\/p>\n","protected":false},"author":2,"featured_media":0,"parent":0,"menu_order":0,"comment_status":"closed","ping_status":"closed","template":"","meta":[],"acf":[],"_links":{"self":[{"href":"https:\/\/oreretaikastola.eus\/es\/wp-json\/wp\/v2\/pages\/23414"}],"collection":[{"href":"https:\/\/oreretaikastola.eus\/es\/wp-json\/wp\/v2\/pages"}],"about":[{"href":"https:\/\/oreretaikastola.eus\/es\/wp-json\/wp\/v2\/types\/page"}],"author":[{"embeddable":true,"href":"https:\/\/oreretaikastola.eus\/es\/wp-json\/wp\/v2\/users\/2"}],"replies":[{"embeddable":true,"href":"https:\/\/oreretaikastola.eus\/es\/wp-json\/wp\/v2\/comments?post=23414"}],"version-history":[{"count":20,"href":"https:\/\/oreretaikastola.eus\/es\/wp-json\/wp\/v2\/pages\/23414\/revisions"}],"predecessor-version":[{"id":75628,"href":"https:\/\/oreretaikastola.eus\/es\/wp-json\/wp\/v2\/pages\/23414\/revisions\/75628"}],"wp:attachment":[{"href":"https:\/\/oreretaikastola.eus\/es\/wp-json\/wp\/v2\/media?parent=23414"}],"curies":[{"name":"wp","href":"https:\/\/api.w.org\/{rel}","templated":true}]}}