{"id":21555,"date":"2022-01-13T13:15:21","date_gmt":"2022-01-13T12:15:21","guid":{"rendered":"https:\/\/oreretaikastola.eus\/?page_id=21555"},"modified":"2022-01-13T13:15:58","modified_gmt":"2022-01-13T12:15:58","slug":"revista-arihitzak","status":"publish","type":"page","link":"https:\/\/oreretaikastola.eus\/es\/revista-arihitzak\/","title":{"rendered":"Revista \u201cari(H)itzak\u201d"},"content":{"rendered":"\n<p>La revista que ten\u00e9is entre manos es la nueva revista \u201cari(H)itzak\u201d, la revista del alumnado de DBH de la Ikastola. En ella podr\u00e9is conocer las iniciativas y proyectos que se han llevado a cabo en la ikastola en los \u00faltimos meses. Pero no s\u00f3lo eso: ser\u00e1 una revista participativa y din\u00e1mica, y para ello, el alumnado va a tener su espacio. Sin ir m\u00e1s lejos, en la Ikastola, teinen mucho que contar. Publicaremos tres revistas al a\u00f1o, una por trimestre. Bienvenidos, por tanto, a este primer n\u00famero de la futura plaza de todos. <\/p>\n\n\n\n<p> Consulta la revista: <a href=\"https:\/\/issuu.com\/eetxeberria\/docs\/01.ari_h_itzak_\">https:\/\/issuu.com\/eetxeberria\/docs\/01.ari_h_itzak_<\/a>  <\/p>\n\n\n\n<figure data-tanit-img-width=\"729\" data-tanit-img-height=\"943\" class=\"wp-block-image size-full\"><img decoding=\"async\" loading=\"lazy\" width=\"729\" height=\"943\" src=\"\/app\/uploads\/2022\/01\/aldizkaria.jpg\" alt=\"\" class=\"wp-image-21546\" srcset=\"\/app\/uploads\/2022\/01\/aldizkaria.jpg 729w, \/app\/uploads\/2022\/01\/aldizkaria-232x300.jpg 232w\" sizes=\"(max-width: 729px) 100vw, 729px\" \/><\/figure>\n","protected":false},"excerpt":{"rendered":"<p>La revista que ten\u00e9is entre manos es la nueva revista \u201cari(H)itzak\u201d, la revista del alumnado de DBH de la Ikastola. En ella podr\u00e9is conocer las iniciativas y proyectos que se han llevado a cabo en la ikastola en los \u00faltimos meses. Pero no s\u00f3lo eso: ser\u00e1 una revista participativa y din\u00e1mica, y para ello, el &hellip; <a href=\"https:\/\/oreretaikastola.eus\/es\/revista-arihitzak\/\">Continued<\/a><\/p>\n","protected":false},"author":2,"featured_media":0,"parent":0,"menu_order":0,"comment_status":"closed","ping_status":"closed","template":"","meta":[],"acf":[],"_links":{"self":[{"href":"https:\/\/oreretaikastola.eus\/es\/wp-json\/wp\/v2\/pages\/21555"}],"collection":[{"href":"https:\/\/oreretaikastola.eus\/es\/wp-json\/wp\/v2\/pages"}],"about":[{"href":"https:\/\/oreretaikastola.eus\/es\/wp-json\/wp\/v2\/types\/page"}],"author":[{"embeddable":true,"href":"https:\/\/oreretaikastola.eus\/es\/wp-json\/wp\/v2\/users\/2"}],"replies":[{"embeddable":true,"href":"https:\/\/oreretaikastola.eus\/es\/wp-json\/wp\/v2\/comments?post=21555"}],"version-history":[{"count":2,"href":"https:\/\/oreretaikastola.eus\/es\/wp-json\/wp\/v2\/pages\/21555\/revisions"}],"predecessor-version":[{"id":21557,"href":"https:\/\/oreretaikastola.eus\/es\/wp-json\/wp\/v2\/pages\/21555\/revisions\/21557"}],"wp:attachment":[{"href":"https:\/\/oreretaikastola.eus\/es\/wp-json\/wp\/v2\/media?parent=21555"}],"curies":[{"name":"wp","href":"https:\/\/api.w.org\/{rel}","templated":true}]}}