{"id":17793,"date":"2021-09-09T08:46:58","date_gmt":"2021-09-09T07:46:58","guid":{"rendered":"https:\/\/oreretaikastola.eus\/?page_id=17793"},"modified":"2021-09-09T08:47:15","modified_gmt":"2021-09-09T07:47:15","slug":"darse-de-baja-de-socio-o-socia","status":"publish","type":"page","link":"https:\/\/oreretaikastola.eus\/es\/darse-de-baja-de-socio-o-socia\/","title":{"rendered":"Darse de baja de socio o socia"},"content":{"rendered":"<script type=\"text\/javascript\">if(!gform){document.addEventListener(\"gform_main_scripts_loaded\",function(){gform.scriptsLoaded=!0}),window.addEventListener(\"DOMContentLoaded\",function(){gform.domLoaded=!0});var gform={domLoaded:!1,scriptsLoaded:!1,initializeOnLoaded:function(o){gform.domLoaded&&gform.scriptsLoaded?o():!gform.domLoaded&&gform.scriptsLoaded?window.addEventListener(\"DOMContentLoaded\",o):document.addEventListener(\"gform_main_scripts_loaded\",o)},hooks:{action:{},filter:{}},addAction:function(o,n,r,t){gform.addHook(\"action\",o,n,r,t)},addFilter:function(o,n,r,t){gform.addHook(\"filter\",o,n,r,t)},doAction:function(o){gform.doHook(\"action\",o,arguments)},applyFilters:function(o){return gform.doHook(\"filter\",o,arguments)},removeAction:function(o,n){gform.removeHook(\"action\",o,n)},removeFilter:function(o,n,r){gform.removeHook(\"filter\",o,n,r)},addHook:function(o,n,r,t,i){null==gform.hooks[o][n]&&(gform.hooks[o][n]=[]);var e=gform.hooks[o][n];null==i&&(i=n+\"_\"+e.length),null==t&&(t=10),gform.hooks[o][n].push({tag:i,callable:r,priority:t})},doHook:function(o,n,r){if(r=Array.prototype.slice.call(r,1),null!=gform.hooks[o][n]){var t,i=gform.hooks[o][n];i.sort(function(o,n){return o.priority-n.priority});for(var e=0;e<i.length;e++)\"function\"!=typeof(t=i[e].callable)&#038;&#038;(t=window[t]),\"action\"==o?t.apply(null,r):r[0]=t.apply(null,r)}if(\"filter\"==o)return r[0]},removeHook:function(o,n,r,t){if(null!=gform.hooks[o][n])for(var i=gform.hooks[o][n],e=i.length-1;0<=e;e--)null!=t&#038;&#038;t!=i[e].tag||null!=r&#038;&#038;r!=i[e].priority||i.splice(e,1)}}}<\/script>\n                <div class='gf_browser_gecko gform_wrapper gform_legacy_markup_wrapper' id='gform_wrapper_91' >\n                        <div class='gform_heading'>\n                            <h3 class=\"gform_title\">Darse de baja de ser socio o socia<\/h3>\n                            <span class='gform_description'><\/span>\n                        <\/div><form method='post' enctype='multipart\/form-data'  id='gform_91'  action='\/es\/wp-json\/wp\/v2\/pages\/17793' >\n                        <div class='gform_body gform-body'><ul id='gform_fields_91' class='gform_fields top_label form_sublabel_below description_below'><li id=\"field_91_1\" class=\"gfield gfield_contains_required field_sublabel_below field_description_below gfield_visibility_visible\" ><label class='gfield_label gfield_label_before_complex'  >Nombre y apellidos<span class=\"gfield_required\"><span class=\"gfield_required gfield_required_asterisk\">*<\/span><\/span><\/label><div class='ginput_complex ginput_container no_prefix has_first_name no_middle_name has_last_name no_suffix gf_name_has_2 ginput_container_name' id='input_91_1'>\n                            \n                            <span id='input_91_1_3_container' class='name_first' >\n                                                    <input type='text' name='input_1.3' id='input_91_1_3' value='' aria-label='First name'   aria-required='true'     \/>\n                                                    <label for='input_91_1_3' >Nombre<\/label>\n                                                <\/span>\n                            \n                            <span id='input_91_1_6_container' class='name_last' >\n                                                    <input type='text' name='input_1.6' id='input_91_1_6' value='' aria-label='Last name'   aria-required='true'     \/>\n                                                    <label for='input_91_1_6' >Apellidos<\/label>\n                                                <\/span>\n                            \n                        <\/div><\/li><li id=\"field_91_2\" class=\"gfield field_sublabel_below field_description_below gfield_visibility_visible\" ><label class='gfield_label' for='input_91_2' >Correo electr\u00f3nico<\/label><div class='ginput_container ginput_container_email'>\n                            <input name='input_2' id='input_91_2' type='text' value='' class='medium'     aria-invalid=\"false\"  \/>\n                        <\/div><\/li><li id=\"field_91_9\" class=\"gfield gfield_contains_required field_sublabel_below field_description_below gfield_visibility_visible\" ><label class='gfield_label' for='input_91_9' >N\u00famero de tel\u00e9fono<span class=\"gfield_required\"><span class=\"gfield_required gfield_required_asterisk\">*<\/span><\/span><\/label><div class='ginput_container ginput_container_phone'><input name='input_9' id='input_91_9' type='text' value='' class='medium'   aria-required=\"true\" aria-invalid=\"false\"   \/><\/div><\/li><li id=\"field_91_7\" class=\"gfield gfield_contains_required field_sublabel_below field_description_below gfield_visibility_visible\" ><label class='gfield_label' for='input_91_7' >N\u00famero y letra de DNI<span class=\"gfield_required\"><span class=\"gfield_required gfield_required_asterisk\">*<\/span><\/span><\/label><div class='ginput_container ginput_container_text'><input name='input_7' id='input_91_7' type='text' value='' class='medium' maxlength='9'    aria-required=\"true\" aria-invalid=\"false\"   \/> <\/div><\/li><li id=\"field_91_6\" class=\"gfield gfield_contains_required field_sublabel_below field_description_below gfield_visibility_visible\" ><label class='gfield_label gfield_label_before_complex'  >Pol\u00edtica de privacidad<span class=\"gfield_required\"><span class=\"gfield_required gfield_required_asterisk\">*<\/span><\/span><\/label><div class='ginput_container ginput_container_checkbox'><ul class='gfield_checkbox' id='input_91_6'><li class='gchoice gchoice_91_6_1'>\n\t\t\t\t\t\t\t\t<input class='gfield-choice-input' name='input_6.1' type='checkbox'  value='He le\u00eddo y acepto la pol\u00edtica de privacidad.'  id='choice_91_6_1'   aria-describedby=\"gfield_description_91_6\"\/>\n\t\t\t\t\t\t\t\t<label for='choice_91_6_1' id='label_91_6_1'>He le\u00eddo y acepto la pol\u00edtica de privacidad.<\/label>\n\t\t\t\t\t\t\t<\/li><\/ul><\/div><div class='gfield_description' id='gfield_description_91_6'>Los datos facilitados ser\u00e1n tratados por ORERETA IKASTOLA como responsable del\ntratamiento para la gesti\u00f3n de la relaci\u00f3n entre los\/as socios\/as, incluyendo la gesti\u00f3n de la\nadmisi\u00f3n, baja y expulsi\u00f3n de socios, la gesti\u00f3n disciplinaria, la gesti\u00f3n econ\u00f3mica de las\naportaciones al capital social, la llevanza del libro-registro de socios y dem\u00e1s libros obligatorios,\nel env\u00edo de convocatorias para las Asambleas Generales y el normal funcionamiento de las\nmismas. Le informamos que los datos que se faciliten en el proceso de inscripci\u00f3n y que se\nrecogan en el futuro podr\u00e1n ser comunicados a las siguientes entidades: administraciones\np\u00fablicas con competencia en las materias afectadas como Hacienda, etc.; a la federaci\u00f3n de\ncooperativas; a los auditores de cuentas para la prestaci\u00f3n de sus servicios y al resto de socios\nde la organizaci\u00f3n. Puede acceder, rectificar y suprimir sus datos, as\u00ed como ejercer otros\nderechos en la direcci\u00f3n idazkaritza@oreretaikastola.eus, como se explica junto a informaci\u00f3n\nadicional de protecci\u00f3n de datos en nuestra p\u00e1gina web. Si desea informaci\u00f3n adicional, puede\nleer la <a href=\"https:\/\/oreretaikastola.eus\/es\/politica-de-privacidad\/\"> pol\u00edtica de privacidad <\/a>y\/o dirigirse a la direcci\u00f3n de correo de la Ikastola.<\/div><\/li><li id=\"field_91_10\" class=\"gfield gform_validation_container field_sublabel_below field_description_below gfield_visibility_visible\" ><label class='gfield_label' for='input_91_10' >Email<\/label><div class='ginput_container'><input name='input_10' id='input_91_10' type='text' value='' \/><\/div><div class='gfield_description' id='gfield_description_91_10'>This field is for validation purposes and should be left unchanged.<\/div><\/li><\/ul><\/div>\n        <div class='gform_footer top_label'> <input type='submit' id='gform_submit_button_91' class='gform_button button' value='Bidali'  onclick='if(window[\"gf_submitting_91\"]){return false;}  window[\"gf_submitting_91\"]=true;  ' onkeypress='if( event.keyCode == 13 ){ if(window[\"gf_submitting_91\"]){return false;} window[\"gf_submitting_91\"]=true;  jQuery(\"#gform_91\").trigger(\"submit\",[true]); }' \/> \n            <input type='hidden' class='gform_hidden' name='is_submit_91' value='1' \/>\n            <input type='hidden' class='gform_hidden' name='gform_submit' value='91' \/>\n            \n            <input type='hidden' class='gform_hidden' name='gform_unique_id' value='' \/>\n            <input type='hidden' class='gform_hidden' name='state_91' value='WyJbXSIsIjUzZTE5Y2M1YWRkNGVlMTgzMjI0ODUwNGFmNzBlMTg2Il0=' \/>\n            <input type='hidden' class='gform_hidden' name='gform_target_page_number_91' id='gform_target_page_number_91' value='0' \/>\n            <input type='hidden' class='gform_hidden' name='gform_source_page_number_91' id='gform_source_page_number_91' value='1' \/>\n            <input type='hidden' name='gform_field_values' value='' \/>\n            \n        <\/div>\n                        <\/form>\n                        <\/div>","protected":false},"excerpt":{"rendered":"","protected":false},"author":2,"featured_media":0,"parent":0,"menu_order":0,"comment_status":"closed","ping_status":"closed","template":"","meta":[],"acf":[],"_links":{"self":[{"href":"https:\/\/oreretaikastola.eus\/es\/wp-json\/wp\/v2\/pages\/17793"}],"collection":[{"href":"https:\/\/oreretaikastola.eus\/es\/wp-json\/wp\/v2\/pages"}],"about":[{"href":"https:\/\/oreretaikastola.eus\/es\/wp-json\/wp\/v2\/types\/page"}],"author":[{"embeddable":true,"href":"https:\/\/oreretaikastola.eus\/es\/wp-json\/wp\/v2\/users\/2"}],"replies":[{"embeddable":true,"href":"https:\/\/oreretaikastola.eus\/es\/wp-json\/wp\/v2\/comments?post=17793"}],"version-history":[{"count":2,"href":"https:\/\/oreretaikastola.eus\/es\/wp-json\/wp\/v2\/pages\/17793\/revisions"}],"predecessor-version":[{"id":17795,"href":"https:\/\/oreretaikastola.eus\/es\/wp-json\/wp\/v2\/pages\/17793\/revisions\/17795"}],"wp:attachment":[{"href":"https:\/\/oreretaikastola.eus\/es\/wp-json\/wp\/v2\/media?parent=17793"}],"curies":[{"name":"wp","href":"https:\/\/api.w.org\/{rel}","templated":true}]}}