{"id":16595,"date":"2021-06-27T12:32:22","date_gmt":"2021-06-27T11:32:22","guid":{"rendered":"https:\/\/oreretaikastola.eus\/socios\/baserria-lantaldera-batzea\/"},"modified":"2021-06-28T10:15:13","modified_gmt":"2021-06-28T09:15:13","slug":"baserri-unirse-al-grupo-gestor","status":"publish","type":"page","link":"https:\/\/oreretaikastola.eus\/es\/socios\/baserri-unirse-al-grupo-gestor\/","title":{"rendered":"Baserri: unirse al grupo gestor"},"content":{"rendered":"\n<p>El equipo de gesti\u00f3n de A\u00f1abitarte Baserria est\u00e1 formado por varios miembros voluntarios de la Ikastola. El dinero obtenido de la utilizaci\u00f3n de la sociedad gastron\u00f3mica se invierte en su mantenimiento y mejora. <strong>T\u00fa necesitas Baserria y Baserria te necesita. \u00a1An\u00edmate!<\/strong><\/p>\n\n\n<script type=\"text\/javascript\">if(!gform){document.addEventListener(\"gform_main_scripts_loaded\",function(){gform.scriptsLoaded=!0}),window.addEventListener(\"DOMContentLoaded\",function(){gform.domLoaded=!0});var gform={domLoaded:!1,scriptsLoaded:!1,initializeOnLoaded:function(o){gform.domLoaded&&gform.scriptsLoaded?o():!gform.domLoaded&&gform.scriptsLoaded?window.addEventListener(\"DOMContentLoaded\",o):document.addEventListener(\"gform_main_scripts_loaded\",o)},hooks:{action:{},filter:{}},addAction:function(o,n,r,t){gform.addHook(\"action\",o,n,r,t)},addFilter:function(o,n,r,t){gform.addHook(\"filter\",o,n,r,t)},doAction:function(o){gform.doHook(\"action\",o,arguments)},applyFilters:function(o){return gform.doHook(\"filter\",o,arguments)},removeAction:function(o,n){gform.removeHook(\"action\",o,n)},removeFilter:function(o,n,r){gform.removeHook(\"filter\",o,n,r)},addHook:function(o,n,r,t,i){null==gform.hooks[o][n]&&(gform.hooks[o][n]=[]);var e=gform.hooks[o][n];null==i&&(i=n+\"_\"+e.length),null==t&&(t=10),gform.hooks[o][n].push({tag:i,callable:r,priority:t})},doHook:function(o,n,r){if(r=Array.prototype.slice.call(r,1),null!=gform.hooks[o][n]){var t,i=gform.hooks[o][n];i.sort(function(o,n){return o.priority-n.priority});for(var e=0;e<i.length;e++)\"function\"!=typeof(t=i[e].callable)&#038;&#038;(t=window[t]),\"action\"==o?t.apply(null,r):r[0]=t.apply(null,r)}if(\"filter\"==o)return r[0]},removeHook:function(o,n,r,t){if(null!=gform.hooks[o][n])for(var i=gform.hooks[o][n],e=i.length-1;0<=e;e--)null!=t&#038;&#038;t!=i[e].tag||null!=r&#038;&#038;r!=i[e].priority||i.splice(e,1)}}}<\/script>\n                <div class='gf_browser_gecko gform_wrapper gform_legacy_markup_wrapper' id='gform_wrapper_54' >\n                        <div class='gform_heading'>\n                            <span class='gform_description'><\/span>\n                        <\/div><form method='post' enctype='multipart\/form-data'  id='gform_54'  action='\/es\/wp-json\/wp\/v2\/pages\/16595' >\n                        <div class='gform_body gform-body'><ul id='gform_fields_54' class='gform_fields top_label form_sublabel_below description_above'><li id=\"field_54_1\" class=\"gfield gfield_contains_required field_sublabel_below field_description_above gfield_visibility_visible\" ><label class='gfield_label gfield_label_before_complex'  >Izen-abizenak \/ Nombre y apellidos<span class=\"gfield_required\"><span class=\"gfield_required gfield_required_asterisk\">*<\/span><\/span><\/label><div class='ginput_complex ginput_container no_prefix has_first_name no_middle_name has_last_name no_suffix gf_name_has_2 ginput_container_name' id='input_54_1'>\n                            \n                            <span id='input_54_1_3_container' class='name_first' >\n                                                    <input type='text' name='input_1.3' id='input_54_1_3' value='' aria-label='First name'   aria-required='true'     \/>\n                                                    <label for='input_54_1_3' >Izena \/ Nombre<\/label>\n                                                <\/span>\n                            \n                            <span id='input_54_1_6_container' class='name_last' >\n                                                    <input type='text' name='input_1.6' id='input_54_1_6' value='' aria-label='Last name'   aria-required='true'     \/>\n                                                    <label for='input_54_1_6' >Abizenak \/ Apellidos<\/label>\n                                                <\/span>\n                            \n                        <\/div><\/li><li id=\"field_54_20\" class=\"gfield gfield_contains_required field_sublabel_below field_description_above gfield_visibility_visible\" ><label class='gfield_label' for='input_54_20' >Helbide elektronikoa \/ Correo electr\u00f3nico<span class=\"gfield_required\"><span class=\"gfield_required gfield_required_asterisk\">*<\/span><\/span><\/label><div class='ginput_container ginput_container_email'>\n                            <input name='input_20' id='input_54_20' type='text' value='' class='medium'    aria-required=\"true\" aria-invalid=\"false\"  \/>\n                        <\/div><\/li><li id=\"field_54_3\" class=\"gfield gfield_contains_required field_sublabel_below field_description_above gfield_visibility_visible\" ><label class='gfield_label' for='input_54_3' >Telefono-zenbakia \/ N\u00famero de tel\u00e9fono<span class=\"gfield_required\"><span class=\"gfield_required gfield_required_asterisk\">*<\/span><\/span><\/label><div class='ginput_container ginput_container_phone'><input name='input_3' id='input_54_3' type='text' value='' class='medium'   aria-required=\"true\" aria-invalid=\"false\"   \/><\/div><\/li><li id=\"field_54_14\" class=\"gfield gfield_contains_required field_sublabel_below field_description_above gfield_visibility_visible\" ><label class='gfield_label gfield_label_before_complex'  >Pribatutasun politika \/ Pol\u00edtica de privacidad<span class=\"gfield_required\"><span class=\"gfield_required gfield_required_asterisk\">*<\/span><\/span><\/label><div class='ginput_container ginput_container_checkbox'><ul class='gfield_checkbox' id='input_54_14'><li class='gchoice gchoice_54_14_1'>\n\t\t\t\t\t\t\t\t<input class='gfield-choice-input' name='input_14.1' type='checkbox'  value='&lt;a href=&quot;https:\/\/oreretaikastola.eus\/pribatutasun-politika\/&quot; target=&quot;_blank&quot;&gt;Pribatutasun politika&lt;\/a&gt; irakurri eta onartzen dut.'  id='choice_54_14_1'   \/>\n\t\t\t\t\t\t\t\t<label for='choice_54_14_1' id='label_54_14_1'><a href=\"https:\/\/oreretaikastola.eus\/pribatutasun-politika\/\" target=\"_blank\">Pribatutasun politika<\/a> irakurri eta onartzen dut.<\/label>\n\t\t\t\t\t\t\t<\/li><\/ul><\/div><\/li><\/ul><\/div>\n        <div class='gform_footer top_label'> <input type='submit' id='gform_submit_button_54' class='gform_button button' value='Bidali eskaera'  onclick='if(window[\"gf_submitting_54\"]){return false;}  window[\"gf_submitting_54\"]=true;  ' onkeypress='if( event.keyCode == 13 ){ if(window[\"gf_submitting_54\"]){return false;} window[\"gf_submitting_54\"]=true;  jQuery(\"#gform_54\").trigger(\"submit\",[true]); }' \/> \n            <input type='hidden' class='gform_hidden' name='is_submit_54' value='1' \/>\n            <input type='hidden' class='gform_hidden' name='gform_submit' value='54' \/>\n            \n            <input type='hidden' class='gform_hidden' name='gform_unique_id' value='' \/>\n            <input type='hidden' class='gform_hidden' name='state_54' value='WyJbXSIsIjUzZTE5Y2M1YWRkNGVlMTgzMjI0ODUwNGFmNzBlMTg2Il0=' \/>\n            <input type='hidden' class='gform_hidden' name='gform_target_page_number_54' id='gform_target_page_number_54' value='0' \/>\n            <input type='hidden' class='gform_hidden' name='gform_source_page_number_54' id='gform_source_page_number_54' value='1' \/>\n            <input type='hidden' name='gform_field_values' value='' \/>\n            \n        <\/div>\n                        <\/form>\n                        <\/div>","protected":false},"excerpt":{"rendered":"<p>El equipo de gesti\u00f3n de A\u00f1abitarte Baserria est\u00e1 formado por varios miembros voluntarios de la Ikastola. El dinero obtenido de la utilizaci\u00f3n de la sociedad gastron\u00f3mica se invierte en su mantenimiento y mejora. T\u00fa necesitas Baserria y Baserria te necesita. \u00a1An\u00edmate!<\/p>\n","protected":false},"author":2,"featured_media":0,"parent":16566,"menu_order":0,"comment_status":"closed","ping_status":"closed","template":"","meta":[],"acf":[],"_links":{"self":[{"href":"https:\/\/oreretaikastola.eus\/es\/wp-json\/wp\/v2\/pages\/16595"}],"collection":[{"href":"https:\/\/oreretaikastola.eus\/es\/wp-json\/wp\/v2\/pages"}],"about":[{"href":"https:\/\/oreretaikastola.eus\/es\/wp-json\/wp\/v2\/types\/page"}],"author":[{"embeddable":true,"href":"https:\/\/oreretaikastola.eus\/es\/wp-json\/wp\/v2\/users\/2"}],"replies":[{"embeddable":true,"href":"https:\/\/oreretaikastola.eus\/es\/wp-json\/wp\/v2\/comments?post=16595"}],"version-history":[{"count":2,"href":"https:\/\/oreretaikastola.eus\/es\/wp-json\/wp\/v2\/pages\/16595\/revisions"}],"predecessor-version":[{"id":16752,"href":"https:\/\/oreretaikastola.eus\/es\/wp-json\/wp\/v2\/pages\/16595\/revisions\/16752"}],"up":[{"embeddable":true,"href":"https:\/\/oreretaikastola.eus\/es\/wp-json\/wp\/v2\/pages\/16566"}],"wp:attachment":[{"href":"https:\/\/oreretaikastola.eus\/es\/wp-json\/wp\/v2\/media?parent=16595"}],"curies":[{"name":"wp","href":"https:\/\/api.w.org\/{rel}","templated":true}]}}