{"id":16566,"date":"2021-06-27T07:51:40","date_gmt":"2021-06-27T06:51:40","guid":{"rendered":"https:\/\/oreretaikastola.eus\/bazkideak\/"},"modified":"2026-02-19T10:06:06","modified_gmt":"2026-02-19T09:06:06","slug":"socios","status":"publish","type":"page","link":"https:\/\/oreretaikastola.eus\/es\/socios\/","title":{"rendered":"Socios"},"content":{"rendered":"<div\n  class=\"orbit\"\n  role=\"region\"\n  aria-label=\"\"\n  data-orbit\n  data-options=\"pauseOnHover:false; animInFromLeft:fade-in; animInFromRight:fade-in; animOutToLeft:fade-out; animOutToRight:fade-out;\"\n  data-auto-play=\"true\"\n  data-use-m-u-i=\"true\"\n  >\n\n    <div class=\"orbit-wrapper\">\n      <div class=\"orbit-controls\">\n       <button class=\"orbit-previous\"><span class=\"show-for-sr\">Previous Slide<\/span>&#9664;&#xFE0E;<\/button>\n       <button class=\"orbit-next\"><span class=\"show-for-sr\">Next Slide<\/span>&#9654;&#xFE0E;<\/button>\n     <\/div>\n      <ul class=\"orbit-container fp-slider\">\n                  <li class=\"is-active orbit-slide\" style=\"background-image:url(\/app\/uploads\/2021\/06\/Orereta-Ikastola_anabitarte-baserria-3.jpg);\">\n            <figure class=\"orbit-figure\">\n              \n            <\/figure>\n\n            <figcaption class=\"orbit-caption\">\n               <h1>Socios y socias<\/h1>                                         <\/figcaption>\n          <\/li>\n              <\/ul>\n    <\/div>\n\n  <\/div>\n\n\n\n<div style=\"height:50px\" aria-hidden=\"true\" class=\"wp-block-spacer\"><\/div>\n\n\n\n<hr class=\"wp-block-separator has-alpha-channel-opacity\"\/>\n\n\n\n<h2 class=\"wp-block-heading has-text-align-center\"><strong>DOCUMENTACI\u00d3N PARA LA ASAMBLEA<\/strong><\/h2>\n\n\n\n<hr class=\"wp-block-separator has-alpha-channel-opacity\"\/>\n\n\n\n<p class=\"has-text-align-center\">Esta es la documentaci\u00f3n que se ha preparado para la Asamblea General Ordinaria Anual.<\/p>\n\n\n\n<div class=\"wp-block-group is-content-justification-center is-layout-flex wp-container-2 wp-block-group-is-layout-flex\">\n<div class=\"wp-block-buttons is-content-justification-center is-layout-flex wp-container-1 wp-block-buttons-is-layout-flex\">\n<div class=\"wp-block-button has-custom-font-size is-style-outline has-medium-font-size\"><a class=\"wp-block-button__link has-background wp-element-button\" href=\"https:\/\/oreretaikastola.eus\/es\/socios\/asamblea-general-2026\/\" style=\"border-radius:10px;background-color:#f0e8ea\">Leer la documentaci\u00f3n<\/a><\/div>\n<\/div>\n<\/div>\n\n\n\n<div style=\"height:50px\" aria-hidden=\"true\" class=\"wp-block-spacer\"><\/div>\n\n\n\n<hr class=\"wp-block-separator has-alpha-channel-opacity\"\/>\n\n\n\n<h2 class=\"wp-block-heading has-text-align-center\"><strong>Batzar Nagusia<\/strong><\/h2>\n\n\n\n<hr class=\"wp-block-separator has-alpha-channel-opacity\"\/>\n\n\n\n<p class=\"has-text-align-center\">Urteko Ohiko Batzar Nagusirako izen eman ezazu ondorengo galdetegia beteta. <\/p>\n\n\n\n\n\n<div style=\"height:50px\" aria-hidden=\"true\" class=\"wp-block-spacer\"><\/div>\n\n\n\n<hr class=\"wp-block-separator has-css-opacity\"\/>\n\n\n\n<hr class=\"wp-block-separator has-alpha-channel-opacity\"\/>\n\n\n\n<h2 class=\"wp-block-heading has-text-align-center\"><strong>BASERRIA: SOCIEDAD GASTRON\u00d3MICA<\/strong><\/h2>\n\n\n\n<hr class=\"wp-block-separator has-css-opacity\"\/>\n\n\n\n<p class=\"has-text-align-center\">Las y los socios de Orereta Ikastola pueden disfrutar de la sociedad gastron\u00f3mica del Baserri de A\u00f1abitarte.<br>\u00bfVas a venir?<\/p>\n\n\n\n<div class=\"wp-block-group is-vertical is-content-justification-center is-layout-flex wp-container-5 wp-block-group-is-layout-flex\">\n<div class=\"wp-block-buttons is-content-justification-center is-layout-flex wp-container-3 wp-block-buttons-is-layout-flex\">\n<div class=\"wp-block-button has-custom-font-size is-style-outline has-medium-font-size\"><a class=\"wp-block-button__link has-background wp-element-button\" href=\"https:\/\/oreretaikastola.eus\/es\/socios\/baserri-solicitudes-de-reserva\/\" style=\"border-radius:10px;background-color:#f0e8ea\">Realizar una reserva<\/a><\/div>\n<\/div>\n\n\n\n<div class=\"wp-block-buttons is-content-justification-center is-layout-flex wp-container-4 wp-block-buttons-is-layout-flex\">\n<div class=\"wp-block-button has-custom-font-size is-style-outline has-medium-font-size\"><a class=\"wp-block-button__link has-background wp-element-button\" href=\"https:\/\/oreretaikastola.eus\/es\/socios\/baserri-normativa-general-de-uso\/\" style=\"border-radius:10px;background-color:#f0e8ea\">Ver normativa de uso<\/a><\/div>\n\n\n\n<div class=\"wp-block-button has-custom-font-size is-style-outline has-medium-font-size\"><a class=\"wp-block-button__link has-background wp-element-button\" href=\"https:\/\/oreretaikastola.eus\/es\/baserria-condiciones-y-procedimientos\/\" style=\"border-radius:10px;background-color:#f0e8ea\">Conocer condiciones y procedimientos<\/a><\/div>\n\n\n\n<div class=\"wp-block-button has-custom-font-size is-style-outline has-medium-font-size\"><a class=\"wp-block-button__link has-background wp-element-button\" href=\"https:\/\/oreretaikastola.eus\/es\/socios\/baserri-unirse-al-grupo-gestor\/\" style=\"border-radius:10px;background-color:#f0e8ea\">Unirse al grupo gestor<\/a><\/div>\n\n\n\n<div class=\"wp-block-button has-custom-font-size is-style-outline has-medium-font-size\"><a class=\"wp-block-button__link has-background wp-element-button\" href=\"https:\/\/oreretaikastola.eus\/es\/socios\/baserria-condiciones-y-procedimientos\/\" style=\"border-radius:10px;background-color:#f0e8ea\">Ser usuario del Baserri<\/a><\/div>\n<\/div>\n<\/div>\n\n\n\n<div style=\"height:25px\" aria-hidden=\"true\" class=\"wp-block-spacer\"><\/div>\n\n\n\n<p class=\"has-text-align-center\" style=\"font-size:15px\">* Para dejar de ser usuario del Baserri acudir a la oficina de Esmalteria o A\u00f1abitarte a entregar la llave.<\/p>\n\n\n\n<div style=\"height:50px\" aria-hidden=\"true\" class=\"wp-block-spacer\"><\/div>\n\n\n\n<hr class=\"wp-block-separator has-css-opacity\"\/>\n\n\n\n<h2 class=\"wp-block-heading has-text-align-center\"><strong>ALTAS Y BAJAS<\/strong><\/h2>\n\n\n\n<hr class=\"wp-block-separator has-css-opacity\"\/>\n\n\n\n<p class=\"has-text-align-center\">La Ikastola la forman sus socias y socios, y son ellas y ellos los que trazan su trayectoria. Toda socia o socio tiene la opci\u00f3n de participar en ello. <br>La Asamblea General Ordinaria Anual es el \u00f3rgano de decisi\u00f3n supremo de cualquier cooperativa, ya que re\u00fane a todas sus socias y socios. <br>Las y los socios tambi\u00e9n pueden participar en otros \u00f3rganos de la Ikastola.<\/p>\n\n\n\n<div class=\"wp-block-group is-content-justification-center is-nowrap is-layout-flex wp-container-7 wp-block-group-is-layout-flex\">\n<div class=\"wp-block-buttons is-content-justification-center is-layout-flex wp-container-6 wp-block-buttons-is-layout-flex\">\n<div class=\"wp-block-button has-custom-font-size is-style-outline has-medium-font-size\"><a class=\"wp-block-button__link has-background wp-element-button\" href=\"tel:943520397\" style=\"border-radius:10px;background-color:#f0e8ea\">Ser socio de la Ikastola<\/a><\/div>\n\n\n\n<div class=\"wp-block-button has-custom-font-size is-style-outline has-medium-font-size\"><a class=\"wp-block-button__link has-background wp-element-button\" href=\"https:\/\/oreretaikastola.eus\/es\/darse-de-baja-de-socio-o-socia\/\" style=\"border-radius:10px;background-color:#f0e8ea\">Dejar de ser socio de la Ikastola<\/a><\/div>\n<\/div>\n<\/div>\n\n\n\n<div style=\"height:50px\" aria-hidden=\"true\" class=\"wp-block-spacer\"><\/div>\n\n\n\n<hr class=\"wp-block-separator has-alpha-channel-opacity\"\/>\n\n\n\n<h2 class=\"wp-block-heading has-text-align-center\"><strong>ESTATUTOS<\/strong><\/h2>\n\n\n\n<hr class=\"wp-block-separator has-alpha-channel-opacity\"\/>\n\n\n\n<p class=\"has-text-align-center\">Los estatutos&nbsp;crean un marco de referencia para el funcionamiento de la organizaci\u00f3n y <br>ayudan a poner orden en sus procedimientos y toma de decisiones.<\/p>\n\n\n\n<div class=\"wp-block-group is-content-justification-center is-nowrap is-layout-flex wp-container-9 wp-block-group-is-layout-flex\">\n<div class=\"wp-block-buttons is-layout-flex wp-block-buttons-is-layout-flex\">\n<div class=\"wp-block-button has-custom-font-size is-style-outline has-medium-font-size\"><a class=\"wp-block-button__link has-background wp-element-button\" href=\"https:\/\/oreretaikastola.eus\/es\/socios\/estatutos-sociales-de-orereta-ikastola-koop-e-de-iniciativa-social\/\" style=\"border-radius:10px;background-color:#f0e8ea\">Leer los estatutos de Orereta Ikastola Koop. E.<\/a><\/div>\n<\/div>\n<\/div>\n","protected":false},"excerpt":{"rendered":"<p>DOCUMENTACI\u00d3N PARA LA ASAMBLEA Esta es la documentaci\u00f3n que se ha preparado para la Asamblea General Ordinaria Anual. Batzar Nagusia Urteko Ohiko Batzar Nagusirako izen eman ezazu ondorengo galdetegia beteta. BASERRIA: SOCIEDAD GASTRON\u00d3MICA Las y los socios de Orereta Ikastola pueden disfrutar de la sociedad gastron\u00f3mica del Baserri de A\u00f1abitarte.\u00bfVas a venir? * Para dejar &hellip; <a href=\"https:\/\/oreretaikastola.eus\/es\/socios\/\">Continued<\/a><\/p>\n","protected":false},"author":2,"featured_media":0,"parent":0,"menu_order":0,"comment_status":"closed","ping_status":"closed","template":"","meta":[],"acf":[],"_links":{"self":[{"href":"https:\/\/oreretaikastola.eus\/es\/wp-json\/wp\/v2\/pages\/16566"}],"collection":[{"href":"https:\/\/oreretaikastola.eus\/es\/wp-json\/wp\/v2\/pages"}],"about":[{"href":"https:\/\/oreretaikastola.eus\/es\/wp-json\/wp\/v2\/types\/page"}],"author":[{"embeddable":true,"href":"https:\/\/oreretaikastola.eus\/es\/wp-json\/wp\/v2\/users\/2"}],"replies":[{"embeddable":true,"href":"https:\/\/oreretaikastola.eus\/es\/wp-json\/wp\/v2\/comments?post=16566"}],"version-history":[{"count":80,"href":"https:\/\/oreretaikastola.eus\/es\/wp-json\/wp\/v2\/pages\/16566\/revisions"}],"predecessor-version":[{"id":77968,"href":"https:\/\/oreretaikastola.eus\/es\/wp-json\/wp\/v2\/pages\/16566\/revisions\/77968"}],"wp:attachment":[{"href":"https:\/\/oreretaikastola.eus\/es\/wp-json\/wp\/v2\/media?parent=16566"}],"curies":[{"name":"wp","href":"https:\/\/api.w.org\/{rel}","templated":true}]}}