{"id":16554,"date":"2021-06-27T19:58:37","date_gmt":"2021-06-27T18:58:37","guid":{"rendered":"https:\/\/oreretaikastola.eus\/bazkidetza-eskaerak\/"},"modified":"2024-08-27T13:51:17","modified_gmt":"2024-08-27T12:51:17","slug":"solicitud-de-socio","status":"publish","type":"page","link":"https:\/\/oreretaikastola.eus\/es\/solicitud-de-socio\/","title":{"rendered":"Solicitud de socio o socia"},"content":{"rendered":"\n<p>Si quieres hacerte socio o socia de la Ikastola, env\u00eda un <a href=\"mailto:jagirreurreta@oreretaikastola.eus\">email<\/a> o llama <a href=\"tel:943520397\">por tel\u00e9fono<\/a>.<\/p>\n\n\n\n<hr class=\"wp-block-separator has-css-opacity\"\/>\n\n\n\n<p><strong>Nota importante: adem\u00e1s de la cuota anual (41,30\u20ac), al hacerse socia o socio se realiza una aportaci\u00f3n al capital de Orereta Ikastola Koop. E. (60\u20ac).<\/strong><\/p>\n\n\n\n<hr class=\"wp-block-separator has-css-opacity\"\/>\n","protected":false},"excerpt":{"rendered":"<p>Si quieres hacerte socio o socia de la Ikastola, env\u00eda un email o llama por tel\u00e9fono. Nota importante: adem\u00e1s de la cuota anual (41,30\u20ac), al hacerse socia o socio se realiza una aportaci\u00f3n al capital de Orereta Ikastola Koop. E. (60\u20ac).<\/p>\n","protected":false},"author":2,"featured_media":0,"parent":0,"menu_order":0,"comment_status":"closed","ping_status":"closed","template":"","meta":[],"acf":[],"_links":{"self":[{"href":"https:\/\/oreretaikastola.eus\/es\/wp-json\/wp\/v2\/pages\/16554"}],"collection":[{"href":"https:\/\/oreretaikastola.eus\/es\/wp-json\/wp\/v2\/pages"}],"about":[{"href":"https:\/\/oreretaikastola.eus\/es\/wp-json\/wp\/v2\/types\/page"}],"author":[{"embeddable":true,"href":"https:\/\/oreretaikastola.eus\/es\/wp-json\/wp\/v2\/users\/2"}],"replies":[{"embeddable":true,"href":"https:\/\/oreretaikastola.eus\/es\/wp-json\/wp\/v2\/comments?post=16554"}],"version-history":[{"count":5,"href":"https:\/\/oreretaikastola.eus\/es\/wp-json\/wp\/v2\/pages\/16554\/revisions"}],"predecessor-version":[{"id":61697,"href":"https:\/\/oreretaikastola.eus\/es\/wp-json\/wp\/v2\/pages\/16554\/revisions\/61697"}],"wp:attachment":[{"href":"https:\/\/oreretaikastola.eus\/es\/wp-json\/wp\/v2\/media?parent=16554"}],"curies":[{"name":"wp","href":"https:\/\/api.w.org\/{rel}","templated":true}]}}